{"id":7482,"date":"2026-02-27T22:57:36","date_gmt":"2026-02-27T11:57:36","guid":{"rendered":"https:\/\/minetek.com\/en-us\/wssd-soundproofing-industrial-equipment\/"},"modified":"2026-02-27T22:57:36","modified_gmt":"2026-02-27T11:57:36","slug":"wssd-soundproofing-industrial-equipment","status":"publish","type":"page","link":"https:\/\/minetek.com\/pt-br\/wssd-soundproofing-industrial-equipment\/","title":{"rendered":"Soundproofing Industrial Equipment"},"content":{"rendered":"","protected":false},"excerpt":{"rendered":"","protected":false},"author":16,"featured_media":0,"parent":0,"menu_order":0,"comment_status":"closed","ping_status":"closed","template":"template-cmax-sound.php","meta":{"_acf_changed":false,"footnotes":""},"class_list":["post-7482","page","type-page","status-publish","hentry"],"acf":[],"yoast_head":"<!-- This site is optimized with the Yoast SEO plugin v27.3 - https:\/\/yoast.com\/product\/yoast-seo-wordpress\/ -->\n<title>Soundproofing Industrial Equipment<\/title>\n<meta name=\"description\" content=\"Soundproofing Industrial Equipment - Reduce site noise with Minetek\u2019s sound attenuation technology. Sound attenuation solutions since 1984. Enquire Online Now\" \/>\n<meta name=\"robots\" content=\"index, follow, max-snippet:-1, max-image-preview:large, max-video-preview:-1\" \/>\n<link rel=\"canonical\" href=\"https:\/\/minetek.com\/pt-br\/wssd-soundproofing-industrial-equipment\/\" \/>\n<meta property=\"og:locale\" content=\"pt_BR\" \/>\n<meta property=\"og:type\" content=\"article\" \/>\n<meta property=\"og:title\" content=\"Soundproofing Industrial Equipment\" \/>\n<meta property=\"og:description\" content=\"Soundproofing Industrial Equipment - Reduce site noise with Minetek\u2019s sound attenuation technology. Sound attenuation solutions since 1984. Enquire Online Now\" \/>\n<meta property=\"og:url\" content=\"https:\/\/minetek.com\/pt-br\/wssd-soundproofing-industrial-equipment\/\" \/>\n<meta property=\"og:site_name\" content=\"Minetek\" \/>\n<meta property=\"article:publisher\" content=\"https:\/\/www.facebook.com\/mineteksolutions\/\" \/>\n<meta name=\"twitter:card\" content=\"summary_large_image\" \/>\n<script type=\"application\/ld+json\" class=\"yoast-schema-graph\">{\"@context\":\"https:\\\/\\\/schema.org\",\"@graph\":[{\"@type\":\"WebPage\",\"@id\":\"https:\\\/\\\/minetek.com\\\/en-us\\\/wssd-soundproofing-industrial-equipment\\\/\",\"url\":\"https:\\\/\\\/minetek.com\\\/en-us\\\/wssd-soundproofing-industrial-equipment\\\/\",\"name\":\"Soundproofing Industrial Equipment\",\"isPartOf\":{\"@id\":\"https:\\\/\\\/minetek.com\\\/#website\"},\"datePublished\":\"2026-02-27T11:57:36+00:00\",\"description\":\"Soundproofing Industrial Equipment - Reduce site noise with Minetek\u2019s sound attenuation technology. Sound attenuation solutions since 1984. Enquire Online Now\",\"breadcrumb\":{\"@id\":\"https:\\\/\\\/minetek.com\\\/en-us\\\/wssd-soundproofing-industrial-equipment\\\/#breadcrumb\"},\"inLanguage\":\"pt-BR\",\"potentialAction\":[{\"@type\":\"ReadAction\",\"target\":[\"https:\\\/\\\/minetek.com\\\/en-us\\\/wssd-soundproofing-industrial-equipment\\\/\"]}]},{\"@type\":\"BreadcrumbList\",\"@id\":\"https:\\\/\\\/minetek.com\\\/en-us\\\/wssd-soundproofing-industrial-equipment\\\/#breadcrumb\",\"itemListElement\":[{\"@type\":\"ListItem\",\"position\":1,\"name\":\"Home\",\"item\":\"https:\\\/\\\/minetek.com\\\/\"},{\"@type\":\"ListItem\",\"position\":2,\"name\":\"Soundproofing Industrial Equipment\"}]},{\"@type\":\"WebSite\",\"@id\":\"https:\\\/\\\/minetek.com\\\/#website\",\"url\":\"https:\\\/\\\/minetek.com\\\/\",\"name\":\"Minetek\",\"description\":\"World-class water evaporation, underground ventilation, sound reduction solutions for mining and industry.\",\"publisher\":{\"@id\":\"https:\\\/\\\/minetek.com\\\/#organization\"},\"potentialAction\":[{\"@type\":\"SearchAction\",\"target\":{\"@type\":\"EntryPoint\",\"urlTemplate\":\"https:\\\/\\\/minetek.com\\\/?s={search_term_string}\"},\"query-input\":{\"@type\":\"PropertyValueSpecification\",\"valueRequired\":true,\"valueName\":\"search_term_string\"}}],\"inLanguage\":\"pt-BR\"},{\"@type\":\"Organization\",\"@id\":\"https:\\\/\\\/minetek.com\\\/#organization\",\"name\":\"Minetek\",\"url\":\"https:\\\/\\\/minetek.com\\\/\",\"logo\":{\"@type\":\"ImageObject\",\"inLanguage\":\"pt-BR\",\"@id\":\"https:\\\/\\\/minetek.com\\\/#\\\/schema\\\/logo\\\/image\\\/\",\"url\":\"https:\\\/\\\/minetek.com\\\/wp-content\\\/uploads\\\/2025\\\/02\\\/13.png\",\"contentUrl\":\"https:\\\/\\\/minetek.com\\\/wp-content\\\/uploads\\\/2025\\\/02\\\/13.png\",\"width\":600,\"height\":600,\"caption\":\"Minetek\"},\"image\":{\"@id\":\"https:\\\/\\\/minetek.com\\\/#\\\/schema\\\/logo\\\/image\\\/\"},\"sameAs\":[\"https:\\\/\\\/www.facebook.com\\\/mineteksolutions\\\/\",\"https:\\\/\\\/www.linkedin.com\\\/company\\\/minetek\\\/\"]}]}<\/script>\n<!-- \/ Yoast SEO plugin. -->","yoast_head_json":{"title":"Soundproofing Industrial Equipment","description":"Soundproofing Industrial Equipment - Reduce site noise with Minetek\u2019s sound attenuation technology. Sound attenuation solutions since 1984. Enquire Online Now","robots":{"index":"index","follow":"follow","max-snippet":"max-snippet:-1","max-image-preview":"max-image-preview:large","max-video-preview":"max-video-preview:-1"},"canonical":"https:\/\/minetek.com\/pt-br\/wssd-soundproofing-industrial-equipment\/","og_locale":"pt_BR","og_type":"article","og_title":"Soundproofing Industrial Equipment","og_description":"Soundproofing Industrial Equipment - Reduce site noise with Minetek\u2019s sound attenuation technology. Sound attenuation solutions since 1984. Enquire Online Now","og_url":"https:\/\/minetek.com\/pt-br\/wssd-soundproofing-industrial-equipment\/","og_site_name":"Minetek","article_publisher":"https:\/\/www.facebook.com\/mineteksolutions\/","twitter_card":"summary_large_image","schema":{"@context":"https:\/\/schema.org","@graph":[{"@type":"WebPage","@id":"https:\/\/minetek.com\/en-us\/wssd-soundproofing-industrial-equipment\/","url":"https:\/\/minetek.com\/en-us\/wssd-soundproofing-industrial-equipment\/","name":"Soundproofing Industrial Equipment","isPartOf":{"@id":"https:\/\/minetek.com\/#website"},"datePublished":"2026-02-27T11:57:36+00:00","description":"Soundproofing Industrial Equipment - Reduce site noise with Minetek\u2019s sound attenuation technology. Sound attenuation solutions since 1984. Enquire Online Now","breadcrumb":{"@id":"https:\/\/minetek.com\/en-us\/wssd-soundproofing-industrial-equipment\/#breadcrumb"},"inLanguage":"pt-BR","potentialAction":[{"@type":"ReadAction","target":["https:\/\/minetek.com\/en-us\/wssd-soundproofing-industrial-equipment\/"]}]},{"@type":"BreadcrumbList","@id":"https:\/\/minetek.com\/en-us\/wssd-soundproofing-industrial-equipment\/#breadcrumb","itemListElement":[{"@type":"ListItem","position":1,"name":"Home","item":"https:\/\/minetek.com\/"},{"@type":"ListItem","position":2,"name":"Soundproofing Industrial Equipment"}]},{"@type":"WebSite","@id":"https:\/\/minetek.com\/#website","url":"https:\/\/minetek.com\/","name":"Minetek","description":"Solu\u00e7\u00f5es de classe mundial em evapora\u00e7\u00e3o de \u00e1gua, ventila\u00e7\u00e3o subterr\u00e2nea e redu\u00e7\u00e3o de ru\u00eddo para minera\u00e7\u00e3o e ind\u00fastria.","publisher":{"@id":"https:\/\/minetek.com\/#organization"},"potentialAction":[{"@type":"SearchAction","target":{"@type":"EntryPoint","urlTemplate":"https:\/\/minetek.com\/?s={search_term_string}"},"query-input":{"@type":"PropertyValueSpecification","valueRequired":true,"valueName":"search_term_string"}}],"inLanguage":"pt-BR"},{"@type":"Organization","@id":"https:\/\/minetek.com\/#organization","name":"Minetek","url":"https:\/\/minetek.com\/","logo":{"@type":"ImageObject","inLanguage":"pt-BR","@id":"https:\/\/minetek.com\/#\/schema\/logo\/image\/","url":"https:\/\/minetek.com\/wp-content\/uploads\/2025\/02\/13.png","contentUrl":"https:\/\/minetek.com\/wp-content\/uploads\/2025\/02\/13.png","width":600,"height":600,"caption":"Minetek"},"image":{"@id":"https:\/\/minetek.com\/#\/schema\/logo\/image\/"},"sameAs":["https:\/\/www.facebook.com\/mineteksolutions\/","https:\/\/www.linkedin.com\/company\/minetek\/"]}]}},"_links":{"self":[{"href":"https:\/\/minetek.com\/pt-br\/wp-json\/wp\/v2\/pages\/7482","targetHints":{"allow":["GET"]}}],"collection":[{"href":"https:\/\/minetek.com\/pt-br\/wp-json\/wp\/v2\/pages"}],"about":[{"href":"https:\/\/minetek.com\/pt-br\/wp-json\/wp\/v2\/types\/page"}],"author":[{"embeddable":true,"href":"https:\/\/minetek.com\/pt-br\/wp-json\/wp\/v2\/users\/16"}],"replies":[{"embeddable":true,"href":"https:\/\/minetek.com\/pt-br\/wp-json\/wp\/v2\/comments?post=7482"}],"version-history":[{"count":0,"href":"https:\/\/minetek.com\/pt-br\/wp-json\/wp\/v2\/pages\/7482\/revisions"}],"wp:attachment":[{"href":"https:\/\/minetek.com\/pt-br\/wp-json\/wp\/v2\/media?parent=7482"}],"curies":[{"name":"wp","href":"https:\/\/api.w.org\/{rel}","templated":true}]}}