{"id":4778,"date":"2025-03-21T15:32:09","date_gmt":"2025-03-21T04:32:09","guid":{"rendered":"https:\/\/minetek.com\/?page_id=4778"},"modified":"2026-03-03T15:09:42","modified_gmt":"2026-03-03T04:09:42","slug":"wastewater-treatment-process","status":"publish","type":"page","link":"https:\/\/minetek.com\/pt-br\/wastewater-treatment-process\/","title":{"rendered":"Processo de tratamento de \u00e1guas residuais"},"content":{"rendered":"<div class=\"c-cms-content\"><h1>Como os evaporadores podem ser <strong>alternativas eficientes<\/strong> para o processo de tratamento de \u00e1guas residuais<\/h1>\n<p><span style=\"font-weight: 400;\">Usinas de energia, empresas de minera\u00e7\u00e3o e outras opera\u00e7\u00f5es geralmente dependem exclusivamente do processo de tratamento de \u00e1guas residuais para gerenciar contaminantes e atender a normas ambientais rigorosas. No entanto, muitas delas enfrentam inefici\u00eancias que aumentam os custos e representam riscos de conformidade, especialmente ao lidar com metais pesados e res\u00edduos qu\u00edmicos.\u00a0<\/span><\/p>\n<p><span style=\"font-weight: 400;\">Para piorar a situa\u00e7\u00e3o, <\/span><a href=\"https:\/\/minetek.com\/pt-br\/wastewater-management-treatment\/\"><span style=\"font-weight: 400;\">tratamento de gerenciamento de \u00e1guas residuais<\/span><\/a><span style=\"font-weight: 400;\"> Os processos de gerenciamento de riscos geralmente ficam aqu\u00e9m do esperado, sobrecarregando as empresas com m\u00e9todos caros e que consomem muita energia.<\/span><\/p>\n<p><span style=\"font-weight: 400;\">Felizmente, a Minetek oferece solu\u00e7\u00f5es sob medida para setores como minera\u00e7\u00e3o, petr\u00f3leo e g\u00e1s. Garantir a conformidade e mitigar os riscos ambientais n\u00e3o \u00e9 pouca coisa, mas com a nossa tecnologia de evapora\u00e7\u00e3o de \u00e1gua, as empresas podem obter uma maneira sustent\u00e1vel, eficiente e econ\u00f4mica de processar grandes volumes de \u00e1gua em vez de depender apenas do processo de tratamento de \u00e1guas residuais.<\/span><\/p>\n<p>&nbsp;<\/p>\n<h2><span style=\"font-weight: 400;\">As maiores inefici\u00eancias do processo de tratamento de \u00e1guas residuais<\/span><\/h2>\n<p><span style=\"font-weight: 400;\">Um sistema de tratamento de \u00e1guas residuais industriais deve ser capaz de lidar com grandes volumes de forma eficiente para controlar os custos de armazenamento e manter a conformidade. Muitos m\u00e9todos convencionais s\u00e3o caros, consomem muita energia e s\u00e3o ineficazes para atender \u00e0s r\u00edgidas normas ambientais.<\/span><\/p>\n<p><span style=\"font-weight: 400;\">Os locais que gerenciam volumes maiores de \u00e1gua com contaminantes como metais pesados, s\u00f3lidos dissolvidos totais (TDS) e res\u00edduos qu\u00edmicos precisam de mais solu\u00e7\u00f5es que possam complementar ou at\u00e9 mesmo substituir seus sistemas de gest\u00e3o de \u00e1gua. <\/span><a href=\"https:\/\/minetek.com\/pt-br\/wastewater-treatment\/\"><span style=\"font-weight: 400;\">tratamento de \u00e1guas residuais<\/span><\/a><span style=\"font-weight: 400;\"> processo.<\/span><\/p>\n<h3><\/h3>\n<h2><span style=\"font-weight: 400;\">Como a evapora\u00e7\u00e3o mecanicamente aprimorada pode processar \u00e1guas residuais<\/span><\/h2>\n<p><span style=\"font-weight: 400;\">Os sistemas de evapora\u00e7\u00e3o utilizam a tecnologia para transformar volumes substanciais de \u00e1guas residuais em vapor, reduzindo assim ou at\u00e9 mesmo eliminando completamente o l\u00edquido restante que precisa de tratamento ou armazenamento adicional. Isso diminui significativamente - e \u00e0s vezes at\u00e9 elimina - a necessidade de instala\u00e7\u00f5es extensas de armazenamento e descarte, que s\u00e3o caras e consomem muitos recursos no processo de tratamento de \u00e1guas residuais.<\/span><\/p>\n<p><span style=\"font-weight: 400;\">De modo geral, a evapora\u00e7\u00e3o mecanicamente aprimorada \u00e9 uma maneira vi\u00e1vel de os setores reduzirem sua depend\u00eancia de tanques e \u00e1reas de conten\u00e7\u00e3o em grande escala, permitindo que eles aloquem melhor os recursos de terra. Essa solu\u00e7\u00e3o \u00e9 particularmente ben\u00e9fica para setores como o de minera\u00e7\u00e3o, em que o espa\u00e7o e o gerenciamento de recursos s\u00e3o desafios cont\u00ednuos.<\/span><\/p>\n<p><span style=\"font-weight: 400;\">Al\u00e9m disso, quando comparada aos m\u00e9todos tradicionais de tratamento, a evapora\u00e7\u00e3o mec\u00e2nica exige muito menos manuten\u00e7\u00e3o. Os custos operacionais associados aos m\u00e9todos tradicionais geralmente disparam devido \u00e0 necessidade de manuten\u00e7\u00e3o frequente e \u00e0 necessidade de m\u00e3o de obra especializada. Mec\u00e2nica <\/span><a href=\"https:\/\/minetek.com\/pt-br\/water-evaporation\/\"><span style=\"font-weight: 400;\">evapora\u00e7\u00e3o da \u00e1gua<\/span><\/a><span style=\"font-weight: 400;\"> Os processos, por outro lado, agilizam a opera\u00e7\u00e3o e reduzem o tempo de inatividade, o que otimiza os gastos ao longo do tempo.\u00a0<\/span><\/p>\n<h3><span style=\"font-weight: 400;\">Na Minetek, ajudamos voc\u00ea a gerenciar \u00e1guas residuais com alto teor de TDS com mais efici\u00eancia.<\/span><\/h3>\n<p><span style=\"font-weight: 400;\">Os sistemas mec\u00e2nicos de evapora\u00e7\u00e3o de \u00e1gua da Minetek podem at\u00e9 mesmo gerenciar com efici\u00eancia \u00e1guas residuais com alto teor de TDS.\u00a0<\/span><\/p>\n<p><span style=\"font-weight: 400;\">As opera\u00e7\u00f5es de minera\u00e7\u00e3o, os produtores de energia e as empresas de petr\u00f3leo e g\u00e1s geralmente lidam com \u00e1guas residuais com alto teor de TDS, o que representa um desafio de tratamento devido \u00e0 presen\u00e7a de s\u00f3lidos e impurezas. Nossa tecnologia de evapora\u00e7\u00e3o de \u00e1gua com alto TDS utiliza um design avan\u00e7ado e materiais robustos para suportar a natureza corrosiva das \u00e1guas residuais, garantindo durabilidade e desempenho a longo prazo.\u00a0<\/span><\/p>\n<p><span style=\"font-weight: 400;\">Dessa forma, nossas ofertas s\u00e3o excelentes para os setores que normalmente lutam com sistemas tradicionais ineficientes ao lidar com o processo de tratamento de \u00e1guas residuais. As solu\u00e7\u00f5es da Minetek permitem que os setores enfrentem esses desafios diretamente, melhorando a conformidade e reduzindo o impacto ambiental.<\/span><\/p>\n<p>&nbsp;<\/p>\n<h2><span style=\"font-weight: 400;\">Nossos evaporadores podem ajudar na conformidade ambiental<\/span><\/h2>\n<p><span style=\"font-weight: 400;\">O tratamento de \u00e1gua industrial deve atender a normas rigorosas para evitar multas e danos ambientais. Uma maneira de fazer isso \u00e9 com um <\/span><a href=\"https:\/\/minetek.com\/pt-br\/solucoes\/water\/land-based-evaporators\/\"><span style=\"font-weight: 400;\">evaporador de \u00e1gua<\/span><\/a><span style=\"font-weight: 400;\">que reduz o volume de \u00e1guas residuais armazenadas e minimiza o risco de transbordamentos de barragens, inunda\u00e7\u00f5es e contamina\u00e7\u00e3o, de modo que n\u00e3o h\u00e1 necessidade de buscar solu\u00e7\u00f5es de conformidade para o tratamento de \u00e1guas residuais.<\/span><\/p>\n<h3><span style=\"font-weight: 400;\">A Minetek oferece solu\u00e7\u00f5es escalon\u00e1veis que ajudam os setores a cumprir as regulamenta\u00e7\u00f5es.\u00a0<\/span><\/h3>\n<p><span style=\"font-weight: 400;\">Nossos evaporadores flutuantes e terrestres s\u00e3o projetados para serem ajust\u00e1veis e eficientes, adaptando o gerenciamento de \u00e1gua \u00e0s necessidades espec\u00edficas de cada local. Mesmo que voc\u00ea tenha uma opera\u00e7\u00e3o em grande escala, oferecemos solu\u00e7\u00f5es sob medida e altamente m\u00f3veis para garantir que a mitiga\u00e7\u00e3o de riscos e a ades\u00e3o \u00e0s normas permane\u00e7am consistentes, independentemente da escala.<\/span><\/p>\n<p>&nbsp;<\/p>\n<h2><span style=\"font-weight: 400;\">Os evaporadores podem reduzir os custos operacionais<\/span><\/h2>\n<p><span style=\"font-weight: 400;\">O gerenciamento tradicional de \u00e1guas residuais pode se tornar um \u00f4nus financeiro para muitas instala\u00e7\u00f5es industriais.\u00a0<\/span><\/p>\n<p><span style=\"font-weight: 400;\">Os altos custos de tratamento, aliados \u00e0s despesas cont\u00ednuas de manuten\u00e7\u00e3o, tornam a manuten\u00e7\u00e3o dos sistemas tradicionais um desafio. Esses sistemas geralmente exigem o uso extensivo de produtos qu\u00edmicos e energia, o que leva a custos de manuten\u00e7\u00e3o crescentes e complexidades operacionais<\/span><\/p>\n<p><span style=\"font-weight: 400;\">Ao longo do tempo, <\/span><a href=\"https:\/\/minetek.com\/pt-br\/water-management\/\"><span style=\"font-weight: 400;\">gerenciamento de \u00e1gua<\/span><\/a><span style=\"font-weight: 400;\"> que se baseia apenas em processos de tratamento e armazenamento de alta infraestrutura, em vez de integrar solu\u00e7\u00f5es para reduzir o volume que precisa de processamento adicional na fonte, pode prejudicar significativamente os or\u00e7amentos. Isso pode desviar fundos de outras opera\u00e7\u00f5es comerciais essenciais e pressionar a conformidade e a efici\u00eancia.\u00a0<\/span><\/p>\n<h3><span style=\"font-weight: 400;\">As solu\u00e7\u00f5es de evapora\u00e7\u00e3o da Minetek podem ajudar a reduzir os custos.<\/span><\/h3>\n<p><span style=\"font-weight: 400;\">As solu\u00e7\u00f5es de evapora\u00e7\u00e3o da Minetek oferecem uma alternativa pr\u00e1tica e econ\u00f4mica ao processo convencional de tratamento de \u00e1guas residuais. Nossos evaporadores oferecem baixa infraestrutura, r\u00e1pida implanta\u00e7\u00e3o e alta mobilidade e ajudam a eliminar processos com uso intensivo de produtos qu\u00edmicos e energia, permitindo que os setores simplifiquem suas opera\u00e7\u00f5es e, ao mesmo tempo, garantam a conformidade e minimizem o impacto ambiental.<\/span><\/p>\n<p>&nbsp;<\/p>\n<h2><span style=\"font-weight: 400;\">Perguntas frequentes (FAQ)<\/span><\/h2>\n<h2><span style=\"font-weight: 400;\">O que torna os sistemas de evapora\u00e7\u00e3o de \u00e1guas residuais da Minetek diferentes de outras solu\u00e7\u00f5es?<\/span><\/h2>\n<p><span style=\"font-weight: 400;\">Minetek\u2019s wastewater evaporation systems excel at treating things like high-TDS industrial wastewater or tailings dam water at speeds of over 135m\u00b3<\/span><span style=\"font-weight: 400;\">\/hora. Esses sistemas gerenciam com efici\u00eancia o total de s\u00f3lidos dissolvidos, reduzindo os custos de manuten\u00e7\u00e3o e as falhas do sistema.\u00a0<\/span><\/p>\n<p><span style=\"font-weight: 400;\">Tamb\u00e9m oferecemos evaporadores flutuantes, que s\u00e3o adequados para locais com terrenos limitados, pois podem reduzir o volume de \u00e1gua armazenada no local usando evapora\u00e7\u00e3o mecanicamente aprimorada, ao contr\u00e1rio de outros <\/span><a href=\"https:\/\/minetek.com\/pt-br\/water-utilities-management\/\"><span style=\"font-weight: 400;\">gerenciamento de servi\u00e7os p\u00fablicos de \u00e1gua<\/span><\/a><span style=\"font-weight: 400;\"> solu\u00e7\u00f5es.<\/span><\/p>\n<p>&nbsp;<\/p>\n<h2><span style=\"font-weight: 400;\">Como a evapora\u00e7\u00e3o da \u00e1gua ajuda a obter descarga zero de l\u00edquidos?<\/span><\/h2>\n<p><span style=\"font-weight: 400;\">A evapora\u00e7\u00e3o da \u00e1gua em um sistema de Zero Liquid Discharge (ZLD) remove a \u00e1gua de \u00e1guas residuais industriais injetando-a em um fluxo de ar de alta velocidade. O bico de fraturamento de \u00e1gua patenteado pela Minetek reduz o tamanho das gotas para uma evapora\u00e7\u00e3o eficiente. Esse processo devolve a \u00e1gua ao ciclo natural, garantindo o ZLD e reduzindo os custos de descarte em compara\u00e7\u00e3o com o processo de tratamento de \u00e1guas residuais.<\/span><\/p>\n<p>&nbsp;<\/p>\n<h2><span style=\"font-weight: 400;\">Quais s\u00e3o as considera\u00e7\u00f5es de custo ao implementar um sistema de evapora\u00e7\u00e3o?<\/span><\/h2>\n<p><span style=\"font-weight: 400;\">O custo de implementa\u00e7\u00e3o de um sistema de evapora\u00e7\u00e3o inclui a instala\u00e7\u00e3o inicial, as despesas operacionais e a manuten\u00e7\u00e3o. Voc\u00ea pode saber mais sobre as poss\u00edveis despesas ao entrar em contato com nossa equipe da Minetek hoje.<\/span><\/p>\n<h3><span style=\"font-weight: 400;\">A conformidade encontra a inova\u00e7\u00e3o com as solu\u00e7\u00f5es da Minetek.<\/span><\/h3>\n<p><span style=\"font-weight: 400;\">O gerenciamento de \u00e1gua exige precis\u00e3o e resultados comprovados.<\/span><span style=\"font-weight: 400;\"><br \/>\n<\/span><\/p>\n<p><span style=\"font-weight: 400;\">Na Minetek, somos especializados em solu\u00e7\u00f5es de evapora\u00e7\u00e3o mec\u00e2nica que reduzem significativamente os volumes de \u00e1guas residuais, garantindo a conformidade com as normas e a efici\u00eancia operacional. Nossa tecnologia \u00e9 particularmente eficaz no gerenciamento de problemas desafiadores de \u00e1gua, como <\/span><a href=\"https:\/\/minetek.com\/pt-br\/acid-mine-drainage\/\"><span style=\"font-weight: 400;\">drenagem \u00e1cida de minas<\/span><\/a><span style=\"font-weight: 400;\">ajudando os setores a atender aos r\u00edgidos padr\u00f5es ambientais.\u00a0<\/span><\/p>\n<p><span style=\"font-weight: 400;\">Com um hist\u00f3rico robusto de mais de 600 projetos em mais de 30 pa\u00edses, nossas solu\u00e7\u00f5es s\u00e3o respaldadas por 150 anos de experi\u00eancia combinada em engenharia e design.\u00a0<\/span><\/p>\n<p><span style=\"font-weight: 400;\"><br \/>\n<\/span><span style=\"font-weight: 400;\">Escolha a Minetek para garantir que suas opera\u00e7\u00f5es permane\u00e7am em conformidade e sejam eficientes. Fa\u00e7a uma consulta sobre nossas solu\u00e7\u00f5es de descarte de \u00e1guas residuais hoje mesmo.<\/span><\/p>\n<\/div>","protected":false},"excerpt":{"rendered":"<p>How evaporators can be efficient alternatives to the wastewater treatment process Power plants, mining companies and other operations typically rely solely on the wastewater treatment process to manage contaminants and meet strict environmental regulations. But many struggle with inefficiencies that drive up costs and pose compliance risks, especially when handling heavy metals and chemical waste.\u00a0 To make matters worse, wastewater management treatment processes often fall short, burdening companies with expensive, energy-draining methods. Fortunately, Minetek offers tailored solutions for industries such as mining and oil and gas. Securing compliance and mitigating environmental hazards is no small feat, but with our water [&hellip;]<\/p>\n","protected":false},"author":10,"featured_media":0,"parent":0,"menu_order":0,"comment_status":"closed","ping_status":"closed","template":"template-headshoulder.php","meta":{"_acf_changed":false,"footnotes":""},"class_list":["post-4778","page","type-page","status-publish","hentry"],"acf":[],"yoast_head":"<!-- This site is optimized with the Yoast SEO plugin v27.3 - https:\/\/yoast.com\/product\/yoast-seo-wordpress\/ -->\n<title>Wastewater Treatment Process | Minetek<\/title>\n<meta name=\"description\" content=\"Discover Minetek\u2019s evaporator technology instead of relying on the wastewater treatment process. Contact us to learn how to ensure compliance and reduce costs.\" \/>\n<meta name=\"robots\" content=\"index, follow, max-snippet:-1, max-image-preview:large, max-video-preview:-1\" \/>\n<link rel=\"canonical\" href=\"https:\/\/minetek.com\/pt-br\/wastewater-treatment-process\/\" \/>\n<meta property=\"og:locale\" content=\"pt_BR\" \/>\n<meta property=\"og:type\" content=\"article\" \/>\n<meta property=\"og:title\" content=\"Wastewater Treatment Process | Minetek\" \/>\n<meta property=\"og:description\" content=\"Discover Minetek\u2019s evaporator technology instead of relying on the wastewater treatment process. Contact us to learn how to ensure compliance and reduce costs.\" \/>\n<meta property=\"og:url\" content=\"https:\/\/minetek.com\/pt-br\/wastewater-treatment-process\/\" \/>\n<meta property=\"og:site_name\" content=\"Minetek\" \/>\n<meta property=\"article:publisher\" content=\"https:\/\/www.facebook.com\/mineteksolutions\/\" \/>\n<meta property=\"article:modified_time\" content=\"2026-03-03T04:09:42+00:00\" \/>\n<meta name=\"twitter:card\" content=\"summary_large_image\" \/>\n<meta name=\"twitter:label1\" content=\"Est. tempo de leitura\" \/>\n\t<meta name=\"twitter:data1\" content=\"5 minutos\" \/>\n<script type=\"application\/ld+json\" class=\"yoast-schema-graph\">{\"@context\":\"https:\\\/\\\/schema.org\",\"@graph\":[{\"@type\":\"WebPage\",\"@id\":\"https:\\\/\\\/minetek.com\\\/wastewater-treatment-process\\\/\",\"url\":\"https:\\\/\\\/minetek.com\\\/wastewater-treatment-process\\\/\",\"name\":\"Wastewater Treatment Process | Minetek\",\"isPartOf\":{\"@id\":\"https:\\\/\\\/minetek.com\\\/#website\"},\"datePublished\":\"2025-03-21T04:32:09+00:00\",\"dateModified\":\"2026-03-03T04:09:42+00:00\",\"description\":\"Discover Minetek\u2019s evaporator technology instead of relying on the wastewater treatment process. Contact us to learn how to ensure compliance and reduce costs.\",\"breadcrumb\":{\"@id\":\"https:\\\/\\\/minetek.com\\\/wastewater-treatment-process\\\/#breadcrumb\"},\"inLanguage\":\"pt-BR\",\"potentialAction\":[{\"@type\":\"ReadAction\",\"target\":[\"https:\\\/\\\/minetek.com\\\/wastewater-treatment-process\\\/\"]}]},{\"@type\":\"BreadcrumbList\",\"@id\":\"https:\\\/\\\/minetek.com\\\/wastewater-treatment-process\\\/#breadcrumb\",\"itemListElement\":[{\"@type\":\"ListItem\",\"position\":1,\"name\":\"Home\",\"item\":\"https:\\\/\\\/minetek.com\\\/\"},{\"@type\":\"ListItem\",\"position\":2,\"name\":\"Wastewater Treatment Process\"}]},{\"@type\":\"WebSite\",\"@id\":\"https:\\\/\\\/minetek.com\\\/#website\",\"url\":\"https:\\\/\\\/minetek.com\\\/\",\"name\":\"Minetek\",\"description\":\"World-class water evaporation, underground ventilation, sound reduction solutions for mining and industry.\",\"publisher\":{\"@id\":\"https:\\\/\\\/minetek.com\\\/#organization\"},\"potentialAction\":[{\"@type\":\"SearchAction\",\"target\":{\"@type\":\"EntryPoint\",\"urlTemplate\":\"https:\\\/\\\/minetek.com\\\/?s={search_term_string}\"},\"query-input\":{\"@type\":\"PropertyValueSpecification\",\"valueRequired\":true,\"valueName\":\"search_term_string\"}}],\"inLanguage\":\"pt-BR\"},{\"@type\":\"Organization\",\"@id\":\"https:\\\/\\\/minetek.com\\\/#organization\",\"name\":\"Minetek\",\"url\":\"https:\\\/\\\/minetek.com\\\/\",\"logo\":{\"@type\":\"ImageObject\",\"inLanguage\":\"pt-BR\",\"@id\":\"https:\\\/\\\/minetek.com\\\/#\\\/schema\\\/logo\\\/image\\\/\",\"url\":\"https:\\\/\\\/minetek.com\\\/wp-content\\\/uploads\\\/2025\\\/02\\\/13.png\",\"contentUrl\":\"https:\\\/\\\/minetek.com\\\/wp-content\\\/uploads\\\/2025\\\/02\\\/13.png\",\"width\":600,\"height\":600,\"caption\":\"Minetek\"},\"image\":{\"@id\":\"https:\\\/\\\/minetek.com\\\/#\\\/schema\\\/logo\\\/image\\\/\"},\"sameAs\":[\"https:\\\/\\\/www.facebook.com\\\/mineteksolutions\\\/\",\"https:\\\/\\\/www.linkedin.com\\\/company\\\/minetek\\\/\"]}]}<\/script>\n<!-- \/ Yoast SEO plugin. -->","yoast_head_json":{"title":"Processo de tratamento de \u00e1guas residuais - Minetek","description":"Descubra a tecnologia de evaporador da Minetek em vez de depender do processo de tratamento de \u00e1guas residuais. Entre em contato conosco para saber como garantir a conformidade e reduzir os custos.","robots":{"index":"index","follow":"follow","max-snippet":"max-snippet:-1","max-image-preview":"max-image-preview:large","max-video-preview":"max-video-preview:-1"},"canonical":"https:\/\/minetek.com\/pt-br\/wastewater-treatment-process\/","og_locale":"pt_BR","og_type":"article","og_title":"Wastewater Treatment Process | Minetek","og_description":"Discover Minetek\u2019s evaporator technology instead of relying on the wastewater treatment process. Contact us to learn how to ensure compliance and reduce costs.","og_url":"https:\/\/minetek.com\/pt-br\/wastewater-treatment-process\/","og_site_name":"Minetek","article_publisher":"https:\/\/www.facebook.com\/mineteksolutions\/","article_modified_time":"2026-03-03T04:09:42+00:00","twitter_card":"summary_large_image","twitter_misc":{"Est. tempo de leitura":"5 minutos"},"schema":{"@context":"https:\/\/schema.org","@graph":[{"@type":"WebPage","@id":"https:\/\/minetek.com\/wastewater-treatment-process\/","url":"https:\/\/minetek.com\/wastewater-treatment-process\/","name":"Processo de tratamento de \u00e1guas residuais - Minetek","isPartOf":{"@id":"https:\/\/minetek.com\/#website"},"datePublished":"2025-03-21T04:32:09+00:00","dateModified":"2026-03-03T04:09:42+00:00","description":"Descubra a tecnologia de evaporador da Minetek em vez de depender do processo de tratamento de \u00e1guas residuais. Entre em contato conosco para saber como garantir a conformidade e reduzir os custos.","breadcrumb":{"@id":"https:\/\/minetek.com\/wastewater-treatment-process\/#breadcrumb"},"inLanguage":"pt-BR","potentialAction":[{"@type":"ReadAction","target":["https:\/\/minetek.com\/wastewater-treatment-process\/"]}]},{"@type":"BreadcrumbList","@id":"https:\/\/minetek.com\/wastewater-treatment-process\/#breadcrumb","itemListElement":[{"@type":"ListItem","position":1,"name":"Home","item":"https:\/\/minetek.com\/"},{"@type":"ListItem","position":2,"name":"Wastewater Treatment Process"}]},{"@type":"WebSite","@id":"https:\/\/minetek.com\/#website","url":"https:\/\/minetek.com\/","name":"Minetek","description":"Solu\u00e7\u00f5es de classe mundial em evapora\u00e7\u00e3o de \u00e1gua, ventila\u00e7\u00e3o subterr\u00e2nea e redu\u00e7\u00e3o de ru\u00eddo para minera\u00e7\u00e3o e ind\u00fastria.","publisher":{"@id":"https:\/\/minetek.com\/#organization"},"potentialAction":[{"@type":"SearchAction","target":{"@type":"EntryPoint","urlTemplate":"https:\/\/minetek.com\/?s={search_term_string}"},"query-input":{"@type":"PropertyValueSpecification","valueRequired":true,"valueName":"search_term_string"}}],"inLanguage":"pt-BR"},{"@type":"Organization","@id":"https:\/\/minetek.com\/#organization","name":"Minetek","url":"https:\/\/minetek.com\/","logo":{"@type":"ImageObject","inLanguage":"pt-BR","@id":"https:\/\/minetek.com\/#\/schema\/logo\/image\/","url":"https:\/\/minetek.com\/wp-content\/uploads\/2025\/02\/13.png","contentUrl":"https:\/\/minetek.com\/wp-content\/uploads\/2025\/02\/13.png","width":600,"height":600,"caption":"Minetek"},"image":{"@id":"https:\/\/minetek.com\/#\/schema\/logo\/image\/"},"sameAs":["https:\/\/www.facebook.com\/mineteksolutions\/","https:\/\/www.linkedin.com\/company\/minetek\/"]}]}},"_links":{"self":[{"href":"https:\/\/minetek.com\/pt-br\/wp-json\/wp\/v2\/pages\/4778","targetHints":{"allow":["GET"]}}],"collection":[{"href":"https:\/\/minetek.com\/pt-br\/wp-json\/wp\/v2\/pages"}],"about":[{"href":"https:\/\/minetek.com\/pt-br\/wp-json\/wp\/v2\/types\/page"}],"author":[{"embeddable":true,"href":"https:\/\/minetek.com\/pt-br\/wp-json\/wp\/v2\/users\/10"}],"replies":[{"embeddable":true,"href":"https:\/\/minetek.com\/pt-br\/wp-json\/wp\/v2\/comments?post=4778"}],"version-history":[{"count":0,"href":"https:\/\/minetek.com\/pt-br\/wp-json\/wp\/v2\/pages\/4778\/revisions"}],"wp:attachment":[{"href":"https:\/\/minetek.com\/pt-br\/wp-json\/wp\/v2\/media?parent=4778"}],"curies":[{"name":"wp","href":"https:\/\/api.w.org\/{rel}","templated":true}]}}