{"id":4768,"date":"2025-03-21T14:56:16","date_gmt":"2025-03-21T03:56:16","guid":{"rendered":"https:\/\/minetek.com\/?page_id=4768"},"modified":"2025-03-21T18:59:17","modified_gmt":"2025-03-21T07:59:17","slug":"treatment-of-wastewater","status":"publish","type":"page","link":"https:\/\/minetek.com\/pt-br\/treatment-of-wastewater\/","title":{"rendered":"Treatment Of Wastewater"},"content":{"rendered":"<div class=\"c-cms-content\"><h1>Precisa de uma alternativa para o <strong>tratamento de \u00e1guas residuais<\/strong>? Aqui est\u00e1 uma solu\u00e7\u00e3o melhor<\/h1>\n<p><span style=\"font-weight: 400;\">Para muitos setores, o <\/span><span style=\"font-weight: 400;\">tratamento de \u00e1guas residuais<\/span><span style=\"font-weight: 400;\"> est\u00e1 se tornando cada vez mais caro, complexo e dif\u00edcil de gerenciar. O aumento das exig\u00eancias de conformidade, os altos custos operacionais e os sistemas ineficientes fazem com que as empresas busquem uma alternativa mais inteligente.<\/span><\/p>\n<p><span style=\"font-weight: 400;\">A Minetek \u00e9 l\u00edder global em gerenciamento de \u00e1gua industrial, fornecendo solu\u00e7\u00f5es inovadoras de evapora\u00e7\u00e3o que ajudam as empresas a reduzir custos, manter a conformidade e reduzir ou at\u00e9 mesmo eliminar a necessidade de m\u00e9todos de tratamento com uso intensivo de produtos qu\u00edmicos.\u00a0<\/span><\/p>\n<p><span style=\"font-weight: 400;\">Continue lendo para saber como a tecnologia avan\u00e7ada da Minetek pode otimizar o gerenciamento de \u00e1guas residuais para seu setor.<\/span><\/p>\n<p>&nbsp;<\/p>\n<h2><span style=\"font-weight: 400;\">Quanto mais \u00e1gua houver para tratar, maiores ser\u00e3o os custos.\u00a0\u00a0<\/span><\/h2>\n<p><span style=\"font-weight: 400;\">Os setores que geram grandes volumes de \u00e1gua, inclusive os que lidam com \u00e1gua de bacias de rejeitos ou lixiviados, precisam investir muito em transporte ou infraestrutura, produtos qu\u00edmicos e m\u00e9todos de descarte quando se trata de <\/span><span style=\"font-weight: 400;\">tratamento de \u00e1guas residuais<\/span><span style=\"font-weight: 400;\">.<\/span><\/p>\n<p><span style=\"font-weight: 400;\">Quanto mais \u00e1gua precisar de tratamento, maior ser\u00e1 o \u00f4nus financeiro para as instala\u00e7\u00f5es industriais. Por exemplo, \u00e0 medida que as empresas de minera\u00e7\u00e3o aumentam de escala, elas precisariam tratar mais drenagem \u00e1cida de minas, o que poderia significar um investimento mais alto em um sistema de tratamento de \u00e1gua. <\/span><a href=\"https:\/\/minetek.com\/pt-br\/water-management-plant\/\"><span style=\"font-weight: 400;\">planta de gerenciamento de \u00e1gua<\/span><\/a><span style=\"font-weight: 400;\">.<\/span><\/p>\n<p><span style=\"font-weight: 400;\">Confiar apenas em <\/span><span style=\"font-weight: 400;\">tratamento de \u00e1guas residuais<\/span><span style=\"font-weight: 400;\"> tamb\u00e9m \u00e9 ineficiente. Muitos exigem manuten\u00e7\u00e3o cont\u00ednua, m\u00e3o de obra especializada e processos qu\u00edmicos ou de filtragem complexos que drenam recursos financeiros e operacionais.<\/span><\/p>\n<p><span style=\"font-weight: 400;\">Isso \u00e9 especialmente desafiador para os setores que lidam com altos n\u00edveis de s\u00f3lidos dissolvidos totais (TDS) e s\u00f3lidos suspensos totais (TSS), nos quais os requisitos de tratamento podem aumentar rapidamente.\u00a0<\/span><\/p>\n<p><span style=\"font-weight: 400;\">Al\u00e9m dos custos de tratamento, o armazenamento e o descarte de \u00e1guas residuais acrescentam desafios regulat\u00f3rios. As ind\u00fastrias que lidam com grandes volumes de \u00e1gua contaminada precisam atender aos requisitos de conformidade do processo de tratamento de \u00e1guas residuais. Qualquer passo em falso pode resultar em multas, interrup\u00e7\u00f5es operacionais ou responsabilidades ambientais de longo prazo.<\/span><\/p>\n<p><span style=\"font-weight: 400;\">Devido a esses desafios, muitas empresas de grande porte est\u00e3o reavaliando se devem confiar em seus atuais <\/span><a href=\"https:\/\/minetek.com\/pt-br\/water-treatment-plant\/\"><span style=\"font-weight: 400;\">esta\u00e7\u00e3o de tratamento de \u00e1gua<\/span><\/a><span style=\"font-weight: 400;\"> ou continuar com o tratamento no local \u00e9 a solu\u00e7\u00e3o mais eficiente e sustent\u00e1vel. Felizmente, com solu\u00e7\u00f5es confi\u00e1veis de evapora\u00e7\u00e3o de \u00e1guas residuais industriais, as empresas podem agora aproveitar uma abordagem inovadora para <\/span><span style=\"font-weight: 400;\">tratamento de \u00e1guas residuais<\/span><span style=\"font-weight: 400;\">.<\/span><\/p>\n<p>&nbsp;<\/p>\n<h2><span style=\"font-weight: 400;\">Reduza os custos de tratamento de \u00e1guas residuais escolhendo solu\u00e7\u00f5es de evapora\u00e7\u00e3o de \u00e1gua.<\/span><\/h2>\n<p><span style=\"font-weight: 400;\">A Minetek oferece uma alternativa mais inteligente \u00e0s solu\u00e7\u00f5es tradicionais de tratamento de \u00e1guas residuais. Nossos sistemas de evapora\u00e7\u00e3o de \u00e1gua reduzem - e, \u00e0s vezes, at\u00e9 eliminam - o volume de \u00e1guas residuais que precisam de tratamento e podem at\u00e9 eliminar totalmente a necessidade de m\u00e9todos de tratamento convencionais.<\/span><\/p>\n<p><span style=\"font-weight: 400;\">Como nossos sistemas reduzem efetivamente a \u00e1gua por meio de evapora\u00e7\u00e3o em vez de tratamento qu\u00edmico ou baseado em filtragem, as empresas podem reduzir custos, minimizar o risco de conformidade e melhorar os resultados ambientais, diminuindo a depend\u00eancia de sistemas de alta manuten\u00e7\u00e3o e quimicamente intensivos.<\/span><\/p>\n<p><span style=\"font-weight: 400;\">Al\u00e9m disso, os sistemas de evapora\u00e7\u00e3o de \u00e1guas residuais espec\u00edficos do local da Minetek s\u00e3o projetados para r\u00e1pida implanta\u00e7\u00e3o, baixos requisitos de infraestrutura e integra\u00e7\u00e3o perfeita \u00e0s opera\u00e7\u00f5es existentes. Quer sejam usados como complemento do sistema tradicional de <\/span><span style=\"font-weight: 400;\">tratamento de \u00e1guas residuais<\/span><span style=\"font-weight: 400;\"> ou uma substitui\u00e7\u00e3o completa, nossa \u00e1gua industrial <\/span><a href=\"https:\/\/minetek.com\/pt-br\/evaporation-systems\/\"><span style=\"font-weight: 400;\">sistemas de evapora\u00e7\u00e3o<\/span><\/a><span style=\"font-weight: 400;\"> oferecem uma solu\u00e7\u00e3o escal\u00e1vel e econ\u00f4mica.<\/span><\/p>\n<p><span style=\"font-weight: 400;\">A Minetek simplifica a implementa\u00e7\u00e3o com uma abordagem em tr\u00eas etapas:<\/span><\/p>\n<ul>\n<li style=\"font-weight: 400;\" aria-level=\"1\"><b>Etapa 1: <\/b><span style=\"font-weight: 400;\">A Minetek come\u00e7a avaliando as condi\u00e7\u00f5es espec\u00edficas de seu local, incluindo o volume de \u00e1guas residuais, os n\u00edveis de TDS\/TSS e os requisitos regulamentares, para selecionar um sistema de gerenciamento de \u00e1guas residuais que se alinhe \u00e0s suas necessidades.<\/span><\/li>\n<li style=\"font-weight: 400;\" aria-level=\"1\"><b>Etapa 2: <\/b><span style=\"font-weight: 400;\">Ap\u00f3s a avalia\u00e7\u00e3o, nossa equipe t\u00e9cnica elabora uma proposta detalhando as especifica\u00e7\u00f5es e a personaliza\u00e7\u00e3o do sistema, incluindo fatores como plataformas de seguran\u00e7a, requisitos de tens\u00e3o, \u00e2ngulos de descarga e muito mais.<\/span><\/li>\n<li style=\"font-weight: 400;\" aria-level=\"1\"><b>Etapa 3: <\/b><span style=\"font-weight: 400;\">Depois que a solu\u00e7\u00e3o \u00e9 finalizada, garantimos um processo de instala\u00e7\u00e3o suave e eficiente. Nossa equipe prioriza a implanta\u00e7\u00e3o r\u00e1pida, minimizando o tempo de inatividade e permitindo que as ind\u00fastrias comecem a reduzir o volume e a <\/span><span style=\"font-weight: 400;\">tratamento de \u00e1guas residuais<\/span><span style=\"font-weight: 400;\"> custos imediatamente.<\/span><\/li>\n<\/ul>\n<p>&nbsp;<\/p>\n<h2><span style=\"font-weight: 400;\">A Minetek \u00e9 l\u00edder global em solu\u00e7\u00f5es de evapora\u00e7\u00e3o de \u00e1guas residuais industriais.\u00a0<\/span><\/h2>\n<p><span style=\"font-weight: 400;\">Para aqueles que procuram complementos ou alternativas confi\u00e1veis para <\/span><span style=\"font-weight: 400;\">tratamento de \u00e1guas residuais<\/span><span style=\"font-weight: 400;\">A Minetek oferece solu\u00e7\u00f5es inovadoras <\/span><a href=\"https:\/\/minetek.com\/pt-br\/evaporator-systems\/\"><span style=\"font-weight: 400;\">sistemas de evaporadores<\/span><\/a><span style=\"font-weight: 400;\"> projetado para agilizar o processo para aplica\u00e7\u00f5es industriais em larga escala.\u00a0<\/span><\/p>\n<p><span style=\"font-weight: 400;\">Como uma empresa reconhecida mundialmente e especializada em solu\u00e7\u00f5es de \u00e1guas residuais com ar, som e sustentabilidade, a Minetek usa tecnologia avan\u00e7ada para evapora\u00e7\u00e3o de \u00e1guas residuais e fornece sistemas projetados para maximizar a efici\u00eancia e a sustentabilidade, garantindo a conformidade regulamentar.<\/span><\/p>\n<p><span style=\"font-weight: 400;\">Nossos evaporadores terrestres e flutuantes oferecem m\u00e9todos de descarte de \u00e1guas residuais adapt\u00e1veis e de alto desempenho.<\/span><\/p>\n<p><span style=\"font-weight: 400;\">O evaporador terrestre \u00e9 totalmente personaliz\u00e1vel e capaz de lidar com \u00e1gua com alto TDS e TSS com manuten\u00e7\u00e3o m\u00ednima. O evaporador flutuante, montado em um pont\u00e3o para servi\u00e7os pesados, \u00e9 ideal para reduzir os volumes de \u00e1gua armazenados em reservat\u00f3rios e lagoas de conten\u00e7\u00e3o.<\/span><\/p>\n<p><span style=\"font-weight: 400;\">Para aumentar a efici\u00eancia, o Sistema de Gerenciamento Ambiental (EMS) da Minetek automatiza as opera\u00e7\u00f5es, fornecendo monitoramento em tempo real e respostas adaptativas \u00e0s mudan\u00e7as nas condi\u00e7\u00f5es que muitas vezes s\u00e3o necess\u00e1rias. <\/span><a href=\"https:\/\/minetek.com\/pt-br\/waste-water-treatment\/\"><span style=\"font-weight: 400;\">tratamento de \u00e1guas residuais<\/span><\/a><span style=\"font-weight: 400;\"> solu\u00e7\u00f5es podem ser dif\u00edceis de acompanhar.<\/span><\/p>\n<p>&nbsp;<\/p>\n<h2><span style=\"font-weight: 400;\">Perguntas frequentes (FAQ)<\/span><\/h2>\n<h2><span style=\"font-weight: 400;\">Quais s\u00e3o as principais considera\u00e7\u00f5es para selecionar uma solu\u00e7\u00e3o de tratamento de \u00e1guas residuais?<\/span><\/h2>\n<p><span style=\"font-weight: 400;\">Escolhendo o caminho certo <\/span><span style=\"font-weight: 400;\">tratamento de \u00e1guas residuais<\/span><span style=\"font-weight: 400;\"> A solu\u00e7\u00e3o mais eficaz requer a avalia\u00e7\u00e3o de fatores-chave, como a composi\u00e7\u00e3o da \u00e1gua, as metas de tratamento, o volume de \u00e1guas residuais e os n\u00edveis de TDS e TSS. Por exemplo, quando se trata de como tratar a \u00e1gua da mina, os operadores devem considerar a alta acidez, as concentra\u00e7\u00f5es de metais pesados e a conformidade regulamentar para determinar a abordagem mais eficaz.<\/span><\/p>\n<p><span style=\"font-weight: 400;\">Os evaporadores avan\u00e7ados da Minetek oferecem uma solu\u00e7\u00e3o econ\u00f4mica e de baixa manuten\u00e7\u00e3o que complementa ou substitui a necessidade de tratamento. Criamos sistemas personalizados com base nos requisitos exclusivos de seu local, garantindo um desempenho ideal que se alinha \u00e0s suas necessidades e metas.<\/span><\/p>\n<p>&nbsp;<\/p>\n<h2><span style=\"font-weight: 400;\">Quais inova\u00e7\u00f5es est\u00e3o moldando o futuro do tratamento de \u00e1guas residuais?<\/span><\/h2>\n<p><span style=\"font-weight: 400;\">O <\/span><a href=\"https:\/\/minetek.com\/pt-br\/evaporator-water\/\"><span style=\"font-weight: 400;\">\u00e1gua do evaporador<\/span><\/a><span style=\"font-weight: 400;\"> est\u00e1 revolucionando o setor ao oferecer um complemento ou uma alternativa mais econ\u00f4mica, sustent\u00e1vel e de baixa manuten\u00e7\u00e3o aos tratamentos tradicionais.\u00a0<\/span><\/p>\n<p><span style=\"font-weight: 400;\">Nossas solu\u00e7\u00f5es podem reduzir ou eliminar a necessidade de processamento qu\u00edmico excessivo e filtragem mec\u00e2nica, reduzindo o volume de \u00e1guas residuais diretamente na fonte. Ao contr\u00e1rio das esta\u00e7\u00f5es de tratamento convencionais, que exigem dosagem cont\u00ednua de produtos qu\u00edmicos e filtragem com uso intensivo de energia, nossa tecnologia usa evapora\u00e7\u00e3o mecanicamente aprimorada.<\/span><\/p>\n<p>&nbsp;<\/p>\n<h2><span style=\"font-weight: 400;\">Como as solu\u00e7\u00f5es de tratamento de \u00e1guas residuais contribuem para o gerenciamento respons\u00e1vel da \u00e1gua?<\/span><\/h2>\n<p><span style=\"font-weight: 400;\">O tratamento de \u00e1guas residuais antes da descarga ajuda as ind\u00fastrias a proteger os ecossistemas locais, evitar a contamina\u00e7\u00e3o das fontes de \u00e1gua e minimizar os riscos de polui\u00e7\u00e3o. No entanto, com a tecnologia de evapora\u00e7\u00e3o de \u00e1guas residuais da Minetek, os setores podem eliminar ou reduzir os volumes de \u00e1guas residuais. Isso faz com que n\u00e3o seja necess\u00e1rio gastar tanto em armazenamento e tratamento antes da descarga.<\/span><\/p>\n<h3><span style=\"font-weight: 400;\">A Minetek desenvolve solu\u00e7\u00f5es mais inteligentes para opera\u00e7\u00f5es comerciais mais eficientes.<\/span><\/h3>\n<p><span style=\"font-weight: 400;\">Com mais de 150 anos de experi\u00eancia combinada, projetamos e implementamos tecnologias avan\u00e7adas que impulsionam a efici\u00eancia, a sustentabilidade e a conformidade. Nossos sistemas de evapora\u00e7\u00e3o de \u00e1guas residuais oferecem aos setores um complemento econ\u00f4mico ou uma alternativa para <\/span><span style=\"font-weight: 400;\">tratamento de \u00e1guas residuais<\/span><span style=\"font-weight: 400;\">reduzindo a depend\u00eancia de processos qu\u00edmicos pesados e um <\/span><a href=\"https:\/\/minetek.com\/pt-br\/wastewater-treatment-facility\/\"><span style=\"font-weight: 400;\">instala\u00e7\u00e3o de tratamento de \u00e1guas residuais<\/span><\/a><span style=\"font-weight: 400;\">.<\/span><\/p>\n<p><span style=\"font-weight: 400;\">Operando em mais de 30 pa\u00edses, a Minetek concluiu com \u00eaxito mais de 600 projetos, ajudando as empresas a superar desafios ambientais e operacionais complexos. Ultrapassamos os limites com engenharia de ponta, garantindo que nossos clientes atendam \u00e0s regulamenta\u00e7\u00f5es em evolu\u00e7\u00e3o e otimizem o desempenho.<\/span><\/p>\n<p><span style=\"font-weight: 400;\">Entre em contato conosco hoje mesmo.<\/span><\/p>\n<\/div>","protected":false},"excerpt":{"rendered":"<p>Need an alternative for the treatment of wastewater? Here\u2019s a better solution For many industries, the treatment of wastewater is becoming increasingly costly, complex and difficult to manage. Rising compliance demands, high operational costs and inefficient systems leave businesses searching for a smarter alternative. Minetek is a global leader in industrial water management, providing innovative evaporation solutions that help companies lower costs, remain compliant, and reduce or even eliminate the need for chemical-intensive treatment methods.\u00a0 Continue reading to learn how Minetek\u2019s advanced technology can optimize wastewater management for your industry. &nbsp; The more water there is to treat, the higher [&hellip;]<\/p>\n","protected":false},"author":10,"featured_media":0,"parent":0,"menu_order":0,"comment_status":"closed","ping_status":"closed","template":"template-headshoulder.php","meta":{"_acf_changed":false,"footnotes":""},"class_list":["post-4768","page","type-page","status-publish","hentry"],"acf":[],"yoast_head":"<!-- This site is optimized with the Yoast SEO plugin v27.3 - https:\/\/yoast.com\/product\/yoast-seo-wordpress\/ -->\n<title>Treatment Of Wastewater | Minetek<\/title>\n<meta name=\"description\" content=\"Minetek delivers innovative water evaporation solutions, providing a cost-effective alternative for the treatment of wastewater. Contact us to learn more.\" \/>\n<meta name=\"robots\" content=\"index, follow, max-snippet:-1, max-image-preview:large, max-video-preview:-1\" \/>\n<link rel=\"canonical\" href=\"https:\/\/minetek.com\/pt-br\/treatment-of-wastewater\/\" \/>\n<meta property=\"og:locale\" content=\"pt_BR\" \/>\n<meta property=\"og:type\" content=\"article\" \/>\n<meta property=\"og:title\" content=\"Treatment Of Wastewater | Minetek\" \/>\n<meta property=\"og:description\" content=\"Minetek delivers innovative water evaporation solutions, providing a cost-effective alternative for the treatment of wastewater. Contact us to learn more.\" \/>\n<meta property=\"og:url\" content=\"https:\/\/minetek.com\/pt-br\/treatment-of-wastewater\/\" \/>\n<meta property=\"og:site_name\" content=\"Minetek\" \/>\n<meta property=\"article:publisher\" content=\"https:\/\/www.facebook.com\/mineteksolutions\/\" \/>\n<meta property=\"article:modified_time\" content=\"2025-03-21T07:59:17+00:00\" \/>\n<meta name=\"twitter:card\" content=\"summary_large_image\" \/>\n<meta name=\"twitter:label1\" content=\"Est. tempo de leitura\" \/>\n\t<meta name=\"twitter:data1\" content=\"5 minutos\" \/>\n<script type=\"application\/ld+json\" class=\"yoast-schema-graph\">{\"@context\":\"https:\\\/\\\/schema.org\",\"@graph\":[{\"@type\":\"WebPage\",\"@id\":\"https:\\\/\\\/minetek.com\\\/treatment-of-wastewater\\\/\",\"url\":\"https:\\\/\\\/minetek.com\\\/treatment-of-wastewater\\\/\",\"name\":\"Treatment Of Wastewater | Minetek\",\"isPartOf\":{\"@id\":\"https:\\\/\\\/minetek.com\\\/#website\"},\"datePublished\":\"2025-03-21T03:56:16+00:00\",\"dateModified\":\"2025-03-21T07:59:17+00:00\",\"description\":\"Minetek delivers innovative water evaporation solutions, providing a cost-effective alternative for the treatment of wastewater. Contact us to learn more.\",\"breadcrumb\":{\"@id\":\"https:\\\/\\\/minetek.com\\\/treatment-of-wastewater\\\/#breadcrumb\"},\"inLanguage\":\"pt-BR\",\"potentialAction\":[{\"@type\":\"ReadAction\",\"target\":[\"https:\\\/\\\/minetek.com\\\/treatment-of-wastewater\\\/\"]}]},{\"@type\":\"BreadcrumbList\",\"@id\":\"https:\\\/\\\/minetek.com\\\/treatment-of-wastewater\\\/#breadcrumb\",\"itemListElement\":[{\"@type\":\"ListItem\",\"position\":1,\"name\":\"Home\",\"item\":\"https:\\\/\\\/minetek.com\\\/\"},{\"@type\":\"ListItem\",\"position\":2,\"name\":\"Treatment Of Wastewater\"}]},{\"@type\":\"WebSite\",\"@id\":\"https:\\\/\\\/minetek.com\\\/#website\",\"url\":\"https:\\\/\\\/minetek.com\\\/\",\"name\":\"Minetek\",\"description\":\"World-class water evaporation, underground ventilation, sound reduction solutions for mining and industry.\",\"publisher\":{\"@id\":\"https:\\\/\\\/minetek.com\\\/#organization\"},\"potentialAction\":[{\"@type\":\"SearchAction\",\"target\":{\"@type\":\"EntryPoint\",\"urlTemplate\":\"https:\\\/\\\/minetek.com\\\/?s={search_term_string}\"},\"query-input\":{\"@type\":\"PropertyValueSpecification\",\"valueRequired\":true,\"valueName\":\"search_term_string\"}}],\"inLanguage\":\"pt-BR\"},{\"@type\":\"Organization\",\"@id\":\"https:\\\/\\\/minetek.com\\\/#organization\",\"name\":\"Minetek\",\"url\":\"https:\\\/\\\/minetek.com\\\/\",\"logo\":{\"@type\":\"ImageObject\",\"inLanguage\":\"pt-BR\",\"@id\":\"https:\\\/\\\/minetek.com\\\/#\\\/schema\\\/logo\\\/image\\\/\",\"url\":\"https:\\\/\\\/minetek.com\\\/wp-content\\\/uploads\\\/2025\\\/02\\\/13.png\",\"contentUrl\":\"https:\\\/\\\/minetek.com\\\/wp-content\\\/uploads\\\/2025\\\/02\\\/13.png\",\"width\":600,\"height\":600,\"caption\":\"Minetek\"},\"image\":{\"@id\":\"https:\\\/\\\/minetek.com\\\/#\\\/schema\\\/logo\\\/image\\\/\"},\"sameAs\":[\"https:\\\/\\\/www.facebook.com\\\/mineteksolutions\\\/\",\"https:\\\/\\\/www.linkedin.com\\\/company\\\/minetek\\\/\"]}]}<\/script>\n<!-- \/ Yoast SEO plugin. -->","yoast_head_json":{"title":"Tratamento de \u00e1guas residuais - Minetek","description":"A Minetek oferece solu\u00e7\u00f5es inovadoras de evapora\u00e7\u00e3o de \u00e1gua, proporcionando uma alternativa econ\u00f4mica para o tratamento de \u00e1guas residuais. Entre em contato conosco para saber mais.","robots":{"index":"index","follow":"follow","max-snippet":"max-snippet:-1","max-image-preview":"max-image-preview:large","max-video-preview":"max-video-preview:-1"},"canonical":"https:\/\/minetek.com\/pt-br\/treatment-of-wastewater\/","og_locale":"pt_BR","og_type":"article","og_title":"Treatment Of Wastewater | Minetek","og_description":"Minetek delivers innovative water evaporation solutions, providing a cost-effective alternative for the treatment of wastewater. Contact us to learn more.","og_url":"https:\/\/minetek.com\/pt-br\/treatment-of-wastewater\/","og_site_name":"Minetek","article_publisher":"https:\/\/www.facebook.com\/mineteksolutions\/","article_modified_time":"2025-03-21T07:59:17+00:00","twitter_card":"summary_large_image","twitter_misc":{"Est. tempo de leitura":"5 minutos"},"schema":{"@context":"https:\/\/schema.org","@graph":[{"@type":"WebPage","@id":"https:\/\/minetek.com\/treatment-of-wastewater\/","url":"https:\/\/minetek.com\/treatment-of-wastewater\/","name":"Tratamento de \u00e1guas residuais - Minetek","isPartOf":{"@id":"https:\/\/minetek.com\/#website"},"datePublished":"2025-03-21T03:56:16+00:00","dateModified":"2025-03-21T07:59:17+00:00","description":"A Minetek oferece solu\u00e7\u00f5es inovadoras de evapora\u00e7\u00e3o de \u00e1gua, proporcionando uma alternativa econ\u00f4mica para o tratamento de \u00e1guas residuais. Entre em contato conosco para saber mais.","breadcrumb":{"@id":"https:\/\/minetek.com\/treatment-of-wastewater\/#breadcrumb"},"inLanguage":"pt-BR","potentialAction":[{"@type":"ReadAction","target":["https:\/\/minetek.com\/treatment-of-wastewater\/"]}]},{"@type":"BreadcrumbList","@id":"https:\/\/minetek.com\/treatment-of-wastewater\/#breadcrumb","itemListElement":[{"@type":"ListItem","position":1,"name":"Home","item":"https:\/\/minetek.com\/"},{"@type":"ListItem","position":2,"name":"Treatment Of Wastewater"}]},{"@type":"WebSite","@id":"https:\/\/minetek.com\/#website","url":"https:\/\/minetek.com\/","name":"Minetek","description":"Solu\u00e7\u00f5es de classe mundial em evapora\u00e7\u00e3o de \u00e1gua, ventila\u00e7\u00e3o subterr\u00e2nea e redu\u00e7\u00e3o de ru\u00eddo para minera\u00e7\u00e3o e ind\u00fastria.","publisher":{"@id":"https:\/\/minetek.com\/#organization"},"potentialAction":[{"@type":"SearchAction","target":{"@type":"EntryPoint","urlTemplate":"https:\/\/minetek.com\/?s={search_term_string}"},"query-input":{"@type":"PropertyValueSpecification","valueRequired":true,"valueName":"search_term_string"}}],"inLanguage":"pt-BR"},{"@type":"Organization","@id":"https:\/\/minetek.com\/#organization","name":"Minetek","url":"https:\/\/minetek.com\/","logo":{"@type":"ImageObject","inLanguage":"pt-BR","@id":"https:\/\/minetek.com\/#\/schema\/logo\/image\/","url":"https:\/\/minetek.com\/wp-content\/uploads\/2025\/02\/13.png","contentUrl":"https:\/\/minetek.com\/wp-content\/uploads\/2025\/02\/13.png","width":600,"height":600,"caption":"Minetek"},"image":{"@id":"https:\/\/minetek.com\/#\/schema\/logo\/image\/"},"sameAs":["https:\/\/www.facebook.com\/mineteksolutions\/","https:\/\/www.linkedin.com\/company\/minetek\/"]}]}},"_links":{"self":[{"href":"https:\/\/minetek.com\/pt-br\/wp-json\/wp\/v2\/pages\/4768","targetHints":{"allow":["GET"]}}],"collection":[{"href":"https:\/\/minetek.com\/pt-br\/wp-json\/wp\/v2\/pages"}],"about":[{"href":"https:\/\/minetek.com\/pt-br\/wp-json\/wp\/v2\/types\/page"}],"author":[{"embeddable":true,"href":"https:\/\/minetek.com\/pt-br\/wp-json\/wp\/v2\/users\/10"}],"replies":[{"embeddable":true,"href":"https:\/\/minetek.com\/pt-br\/wp-json\/wp\/v2\/comments?post=4768"}],"version-history":[{"count":0,"href":"https:\/\/minetek.com\/pt-br\/wp-json\/wp\/v2\/pages\/4768\/revisions"}],"wp:attachment":[{"href":"https:\/\/minetek.com\/pt-br\/wp-json\/wp\/v2\/media?parent=4768"}],"curies":[{"name":"wp","href":"https:\/\/api.w.org\/{rel}","templated":true}]}}