{"id":4763,"date":"2025-03-21T14:41:44","date_gmt":"2025-03-21T03:41:44","guid":{"rendered":"https:\/\/minetek.com\/?page_id=4763"},"modified":"2025-03-21T19:02:55","modified_gmt":"2025-03-21T08:02:55","slug":"water-management-plant","status":"publish","type":"page","link":"https:\/\/minetek.com\/pt-br\/water-management-plant\/","title":{"rendered":"Water Management Plant"},"content":{"rendered":"<div class=\"c-cms-content\"><h1>Need alternatives to a <strong>gerenciamento de \u00e1gua<\/strong> plant? What you need to know<\/h1>\n<p><span style=\"font-weight: 400;\">Going through the intricate processes of a water management plant can be daunting, especially when your operation hinges on environmental compliance due to excess water concerns. In industries like mining &amp; metals, oil &amp; gas and more, businesses need an alternative to <\/span><a href=\"https:\/\/minetek.com\/pt-br\/waste-water-treatment\/\"><span style=\"font-weight: 400;\">tratamento de \u00e1guas residuais<\/span><\/a><span style=\"font-weight: 400;\">.<\/span><\/p>\n<p><span style=\"font-weight: 400;\">At Minetek, our wastewater management systems are ideal substitutes for water management plants as they have low-infrastructure requirements, can be rapidly deployed, and are a highly mobile solution.<\/span><\/p>\n<p>&nbsp;<\/p>\n<h2><span style=\"font-weight: 400;\">Insight #1: Minetek Water Evaporators can process large quantities of water with varying pH levels or water quality.<\/span><\/h2>\n<p><span style=\"font-weight: 400;\">Effective industrial water management is critical for many businesses today. In many sectors, excess water is a problem that can cause environmental damage, trigger hefty fines and disrupt operations. While there are cost-effective industrial water treatment facilities, modern and sustainable solutions are essential to managing these challenges effectively.\u00a0<\/span><\/p>\n<h3><span style=\"font-weight: 400;\">Minetek has developed custom-designed water evaporation technology.<\/span><\/h3>\n<p><span style=\"font-weight: 400;\">Helping industries handle pressing issues with confidence and efficiency, our solutions help with water risk mitigation while ensuring regulatory compliance.<\/span><\/p>\n<p><span style=\"font-weight: 400;\">Compared to a water management plant, we offer bespoke land-based and floating water evaporators with a focus on site-specific needs and varied water conditions. These systems are designed to handle almost any type of water quality, as an <\/span><a href=\"https:\/\/minetek.com\/pt-br\/evaporator-water\/\"><span style=\"font-weight: 400;\">\u00e1gua do evaporador<\/span><\/a><span style=\"font-weight: 400;\"> solution focuses on reducing the volume itself and generally doesn\u2019t get affected by the contents.\u00a0<\/span><\/p>\n<p><span style=\"font-weight: 400;\">Currently, Minetek has operational units around the globe and effectively evaporates water across a wide pH range, from pH 1.0 to pH 14+. We also successfully handle acid water, caustic water and water with high Total Dissolved Solids (TDS) and Total Suspended Solids (TSS).\u00a0<\/span><\/p>\n<p><span style=\"font-weight: 400;\">At Minetek, our compliance water solutions are powered by an efficient electric motor and leverage our globally patented technology, facilitating the mechanically enhanced evaporation of large water volumes per minute.<\/span><\/p>\n<p>&nbsp;<\/p>\n<h2><span style=\"font-weight: 400;\">Insight #2: Minetek\u2019s Water Evaporator Systems are supported by advanced technology that adapts to changing conditions.<\/span><\/h2>\n<p><span style=\"font-weight: 400;\">Our mechanical water evaporation for compliance is enhanced by our Environmental Management System (EMS). As opposed to time-consuming back-and-forths with a <\/span><a href=\"https:\/\/minetek.com\/pt-br\/water-and-wastewater-treatment-plant\/\"><span style=\"font-weight: 400;\">esta\u00e7\u00e3o de tratamento de \u00e1gua e esgoto<\/span><\/a><span style=\"font-weight: 400;\">, this addition helps ensure optimal system performance by providing real-time monitoring and responsive adjustments to environmental changes.\u00a0<\/span><\/p>\n<h3><span style=\"font-weight: 400;\">The EMS&#8217;s strength lies in its intelligent management of key system parameters.\u00a0<\/span><\/h3>\n<p><span style=\"font-weight: 400;\">Since the technology integrates data from weather stations and other environmental sensors, it precisely controls factors such as water flow, pressure and operational schedules. This ability to adjust quickly keeps the system running optimally, reducing the likelihood of downtime or suboptimal performance.<\/span><\/p>\n<p><span style=\"font-weight: 400;\">On top of this, wireless communication and remote Programmable Logic Controller (PLC) connectivity are some of the other pivotal features. These offer operators access to data and performance metrics from anywhere, at any time, allowing for informed decision-making and timely interventions. Staff can also monitor the status of <\/span><a href=\"https:\/\/minetek.com\/pt-br\/evaporation-systems\/\"><span style=\"font-weight: 400;\">sistemas de evapora\u00e7\u00e3o<\/span><\/a><span style=\"font-weight: 400;\"> without needing to be physically present on-site.\u00a0<\/span><\/p>\n<p>&nbsp;<\/p>\n<h2><span style=\"font-weight: 400;\">Insight #3: Our floating water evaporator systems facilitate compact, highly mobile and efficient processes.<\/span><\/h2>\n<p><span style=\"font-weight: 400;\">Remote locations often pose challenges due to limited space, unstable terrain or the necessity to operate directly on water. With this, Minetek floating water evaporators are specifically engineered to manage excess volumes in places that don\u2019t have conventional infrastructure, regardless of whether it\u2019s unique tailings dam water or mine water evaporation.<\/span><\/p>\n<p><span style=\"font-weight: 400;\">Aside from being powered by an electric motor and a submersible pump, our mechanical evaporator boasts features like low-fouling nozzles that facilitate efficient water evaporation and reduce maintenance as well. Since the <\/span><a href=\"https:\/\/minetek.com\/pt-br\/wastewater-management-process\/\"><span style=\"font-weight: 400;\">processo de gerenciamento de \u00e1guas residuais<\/span><\/a><span style=\"font-weight: 400;\"> can be continuous, the evaporator also has an isolation box for added protection and long-term reliability.\u00a0<\/span><\/p>\n<p><span style=\"font-weight: 400;\">Without the need for constant care or a water management plant, these systems add an extra layer of convenience and allow teams to focus on other critical aspects of their operations.<\/span><\/p>\n<p><span style=\"font-weight: 400;\">Additionally, heavy-duty construction paired with skid mobility makes for straightforward transportation and deployment in remote or complex environments. Compared to a water management plant, our system even has a compact design that can be modified to meet site demands.<\/span><\/p>\n<p>&nbsp;<\/p>\n<h2><span style=\"font-weight: 400;\">Perguntas frequentes (FAQ)<\/span><\/h2>\n<h2><span style=\"font-weight: 400;\">How do evaporation systems perform in different climate conditions?<\/span><\/h2>\n<p><span style=\"font-weight: 400;\">Climate conditions significantly influence the effectiveness of evaporation systems. For instance, high temperatures in arid regions naturally enhance evaporation, allowing evaporation systems to operate with maximum efficiency.\u00a0\u00a0<\/span><\/p>\n<p><span style=\"font-weight: 400;\">Conversely, in humid regions with higher moisture levels, evaporation slows down. However, this is not a limitation for Minetek\u2019s solutions, as our evaporation systems are designed to perform effectively across diverse climates.\u00a0<\/span><\/p>\n<p><span style=\"font-weight: 400;\">What\u2019s more, you don\u2019t have to build a <\/span><a href=\"https:\/\/minetek.com\/pt-br\/water-management-plant\/\"><span style=\"font-weight: 400;\">planta de gerenciamento de \u00e1guas residuais<\/span><\/a><span style=\"font-weight: 400;\"> tailored to your needs. We can assess the performance of our evaporators in your unique operating climate through a tailored site analysis. Our modeling is driven by precise data inputs specific to your location.<\/span><\/p>\n<p>&nbsp;<\/p>\n<h2><span style=\"font-weight: 400;\">What are the primary concerns when managing water in tailings storage?<\/span><\/h2>\n<p><span style=\"font-weight: 400;\">When it comes to mining tailings dam water management, storage often contains dangerous chemicals and metals that can cause environmental contamination if they seep into nearby ecosystems. As such, rigorous regulations require companies to maintain compliance or risk severe legal penalties, emphasizing the need for effective management practices.\u00a0<\/span><\/p>\n<p><span style=\"font-weight: 400;\">Minetek\u2019s solutions offer strategies to mitigate these concerns, as our systems help reduce operational risks, ensure compliance and protect the environment from potential hazards. This way, there\u2019s no need for a water management plant.\u00a0<\/span><\/p>\n<p>&nbsp;<\/p>\n<h2><span style=\"font-weight: 400;\">How can floating water evaporators improve site water management?<\/span><\/h2>\n<p><span style=\"font-weight: 400;\">Designed for deployment on water bodies, these evaporators are mounted on a sturdy pontoon structure complete with floats and pipework, all making the system ideal for areas with limited space. By reducing excess water volume, they aid in preventing overflow issues for facilities like tailings ponds, mine pits or any area needing <\/span><a href=\"https:\/\/minetek.com\/pt-br\/storm-water-management\/\"><span style=\"font-weight: 400;\">gerenciamento de \u00e1guas pluviais<\/span><\/a><span style=\"font-weight: 400;\">.\u00a0<\/span><\/p>\n<h3><span style=\"font-weight: 400;\">Secure an efficient water solution that meets compliance needs<\/span><\/h3>\n<p><span style=\"font-weight: 400;\">Our mechanical evaporation technology at Minetek offers an alternative to a traditional water management plant that focuses on water disposal and storage. With over 2,800 successful projects, our solutions are specifically designed to tackle the challenges of heavy industry wastewater volumes and help ensure compliance with stringent environmental regulations.\u00a0<\/span><\/p>\n<p><span style=\"font-weight: 400;\">Our team of experts, leveraging over 150 years of combined experience, meticulously plans and executes each project, providing results that are both cost-effective and environmentally sustainable.<\/span><\/p>\n<p><span style=\"font-weight: 400;\">If you want to know how to manage industrial wastewater, book a call today.<\/span><\/p>\n<\/div>","protected":false},"excerpt":{"rendered":"<p>Need alternatives to a water management plant? What you need to know Going through the intricate processes of a water management plant can be daunting, especially when your operation hinges on environmental compliance due to excess water concerns. In industries like mining &amp; metals, oil &amp; gas and more, businesses need an alternative to waste water treatment. At Minetek, our wastewater management systems are ideal substitutes for water management plants as they have low-infrastructure requirements, can be rapidly deployed, and are a highly mobile solution. &nbsp; Insight #1: Minetek Water Evaporators can process large quantities of water with varying pH [&hellip;]<\/p>\n","protected":false},"author":10,"featured_media":0,"parent":0,"menu_order":0,"comment_status":"closed","ping_status":"closed","template":"template-headshoulder.php","meta":{"_acf_changed":false,"footnotes":""},"class_list":["post-4763","page","type-page","status-publish","hentry"],"acf":[],"yoast_head":"<!-- This site is optimized with the Yoast SEO plugin v27.4 - https:\/\/yoast.com\/product\/yoast-seo-wordpress\/ -->\n<title>Water Management Plant | Minetek<\/title>\n<meta name=\"description\" content=\"Minetek offers innovative alternatives to a traditional water management plant. Learn about our efficient and custom land-based and floating evaporator systems.\" \/>\n<meta name=\"robots\" content=\"index, follow, max-snippet:-1, max-image-preview:large, max-video-preview:-1\" \/>\n<link rel=\"canonical\" href=\"https:\/\/minetek.com\/pt-br\/water-management-plant\/\" \/>\n<meta property=\"og:locale\" content=\"pt_BR\" \/>\n<meta property=\"og:type\" content=\"article\" \/>\n<meta property=\"og:title\" content=\"Water Management Plant | Minetek\" \/>\n<meta property=\"og:description\" content=\"Minetek offers innovative alternatives to a traditional water management plant. Learn about our efficient and custom land-based and floating evaporator systems.\" \/>\n<meta property=\"og:url\" content=\"https:\/\/minetek.com\/pt-br\/water-management-plant\/\" \/>\n<meta property=\"og:site_name\" content=\"Minetek\" \/>\n<meta property=\"article:publisher\" content=\"https:\/\/www.facebook.com\/mineteksolutions\/\" \/>\n<meta property=\"article:modified_time\" content=\"2025-03-21T08:02:55+00:00\" \/>\n<meta name=\"twitter:card\" content=\"summary_large_image\" \/>\n<meta name=\"twitter:label1\" content=\"Est. tempo de leitura\" \/>\n\t<meta name=\"twitter:data1\" content=\"5 minutos\" \/>\n<script type=\"application\/ld+json\" class=\"yoast-schema-graph\">{\"@context\":\"https:\\\/\\\/schema.org\",\"@graph\":[{\"@type\":\"WebPage\",\"@id\":\"https:\\\/\\\/minetek.com\\\/water-management-plant\\\/\",\"url\":\"https:\\\/\\\/minetek.com\\\/water-management-plant\\\/\",\"name\":\"Water Management Plant | Minetek\",\"isPartOf\":{\"@id\":\"https:\\\/\\\/minetek.com\\\/#website\"},\"datePublished\":\"2025-03-21T03:41:44+00:00\",\"dateModified\":\"2025-03-21T08:02:55+00:00\",\"description\":\"Minetek offers innovative alternatives to a traditional water management plant. Learn about our efficient and custom land-based and floating evaporator systems.\",\"breadcrumb\":{\"@id\":\"https:\\\/\\\/minetek.com\\\/water-management-plant\\\/#breadcrumb\"},\"inLanguage\":\"pt-BR\",\"potentialAction\":[{\"@type\":\"ReadAction\",\"target\":[\"https:\\\/\\\/minetek.com\\\/water-management-plant\\\/\"]}]},{\"@type\":\"BreadcrumbList\",\"@id\":\"https:\\\/\\\/minetek.com\\\/water-management-plant\\\/#breadcrumb\",\"itemListElement\":[{\"@type\":\"ListItem\",\"position\":1,\"name\":\"Home\",\"item\":\"https:\\\/\\\/minetek.com\\\/\"},{\"@type\":\"ListItem\",\"position\":2,\"name\":\"Water Management Plant\"}]},{\"@type\":\"WebSite\",\"@id\":\"https:\\\/\\\/minetek.com\\\/#website\",\"url\":\"https:\\\/\\\/minetek.com\\\/\",\"name\":\"Minetek\",\"description\":\"World-class water evaporation, underground ventilation, sound reduction solutions for mining and industry.\",\"publisher\":{\"@id\":\"https:\\\/\\\/minetek.com\\\/#organization\"},\"potentialAction\":[{\"@type\":\"SearchAction\",\"target\":{\"@type\":\"EntryPoint\",\"urlTemplate\":\"https:\\\/\\\/minetek.com\\\/?s={search_term_string}\"},\"query-input\":{\"@type\":\"PropertyValueSpecification\",\"valueRequired\":true,\"valueName\":\"search_term_string\"}}],\"inLanguage\":\"pt-BR\"},{\"@type\":\"Organization\",\"@id\":\"https:\\\/\\\/minetek.com\\\/#organization\",\"name\":\"Minetek\",\"url\":\"https:\\\/\\\/minetek.com\\\/\",\"logo\":{\"@type\":\"ImageObject\",\"inLanguage\":\"pt-BR\",\"@id\":\"https:\\\/\\\/minetek.com\\\/#\\\/schema\\\/logo\\\/image\\\/\",\"url\":\"https:\\\/\\\/minetek.com\\\/wp-content\\\/uploads\\\/2025\\\/02\\\/13.png\",\"contentUrl\":\"https:\\\/\\\/minetek.com\\\/wp-content\\\/uploads\\\/2025\\\/02\\\/13.png\",\"width\":600,\"height\":600,\"caption\":\"Minetek\"},\"image\":{\"@id\":\"https:\\\/\\\/minetek.com\\\/#\\\/schema\\\/logo\\\/image\\\/\"},\"sameAs\":[\"https:\\\/\\\/www.facebook.com\\\/mineteksolutions\\\/\",\"https:\\\/\\\/www.linkedin.com\\\/company\\\/minetek\\\/\"]}]}<\/script>\n<!-- \/ Yoast SEO plugin. -->","yoast_head_json":{"title":"Water Management Plant | Minetek","description":"Minetek offers innovative alternatives to a traditional water management plant. Learn about our efficient and custom land-based and floating evaporator systems.","robots":{"index":"index","follow":"follow","max-snippet":"max-snippet:-1","max-image-preview":"max-image-preview:large","max-video-preview":"max-video-preview:-1"},"canonical":"https:\/\/minetek.com\/pt-br\/water-management-plant\/","og_locale":"pt_BR","og_type":"article","og_title":"Water Management Plant | Minetek","og_description":"Minetek offers innovative alternatives to a traditional water management plant. Learn about our efficient and custom land-based and floating evaporator systems.","og_url":"https:\/\/minetek.com\/pt-br\/water-management-plant\/","og_site_name":"Minetek","article_publisher":"https:\/\/www.facebook.com\/mineteksolutions\/","article_modified_time":"2025-03-21T08:02:55+00:00","twitter_card":"summary_large_image","twitter_misc":{"Est. tempo de leitura":"5 minutos"},"schema":{"@context":"https:\/\/schema.org","@graph":[{"@type":"WebPage","@id":"https:\/\/minetek.com\/water-management-plant\/","url":"https:\/\/minetek.com\/water-management-plant\/","name":"Water Management Plant | Minetek","isPartOf":{"@id":"https:\/\/minetek.com\/#website"},"datePublished":"2025-03-21T03:41:44+00:00","dateModified":"2025-03-21T08:02:55+00:00","description":"Minetek offers innovative alternatives to a traditional water management plant. Learn about our efficient and custom land-based and floating evaporator systems.","breadcrumb":{"@id":"https:\/\/minetek.com\/water-management-plant\/#breadcrumb"},"inLanguage":"pt-BR","potentialAction":[{"@type":"ReadAction","target":["https:\/\/minetek.com\/water-management-plant\/"]}]},{"@type":"BreadcrumbList","@id":"https:\/\/minetek.com\/water-management-plant\/#breadcrumb","itemListElement":[{"@type":"ListItem","position":1,"name":"Home","item":"https:\/\/minetek.com\/"},{"@type":"ListItem","position":2,"name":"Water Management Plant"}]},{"@type":"WebSite","@id":"https:\/\/minetek.com\/#website","url":"https:\/\/minetek.com\/","name":"Minetek","description":"Solu\u00e7\u00f5es de classe mundial em evapora\u00e7\u00e3o de \u00e1gua, ventila\u00e7\u00e3o subterr\u00e2nea e redu\u00e7\u00e3o de ru\u00eddo para minera\u00e7\u00e3o e ind\u00fastria.","publisher":{"@id":"https:\/\/minetek.com\/#organization"},"potentialAction":[{"@type":"SearchAction","target":{"@type":"EntryPoint","urlTemplate":"https:\/\/minetek.com\/?s={search_term_string}"},"query-input":{"@type":"PropertyValueSpecification","valueRequired":true,"valueName":"search_term_string"}}],"inLanguage":"pt-BR"},{"@type":"Organization","@id":"https:\/\/minetek.com\/#organization","name":"Minetek","url":"https:\/\/minetek.com\/","logo":{"@type":"ImageObject","inLanguage":"pt-BR","@id":"https:\/\/minetek.com\/#\/schema\/logo\/image\/","url":"https:\/\/minetek.com\/wp-content\/uploads\/2025\/02\/13.png","contentUrl":"https:\/\/minetek.com\/wp-content\/uploads\/2025\/02\/13.png","width":600,"height":600,"caption":"Minetek"},"image":{"@id":"https:\/\/minetek.com\/#\/schema\/logo\/image\/"},"sameAs":["https:\/\/www.facebook.com\/mineteksolutions\/","https:\/\/www.linkedin.com\/company\/minetek\/"]}]}},"_links":{"self":[{"href":"https:\/\/minetek.com\/pt-br\/wp-json\/wp\/v2\/pages\/4763","targetHints":{"allow":["GET"]}}],"collection":[{"href":"https:\/\/minetek.com\/pt-br\/wp-json\/wp\/v2\/pages"}],"about":[{"href":"https:\/\/minetek.com\/pt-br\/wp-json\/wp\/v2\/types\/page"}],"author":[{"embeddable":true,"href":"https:\/\/minetek.com\/pt-br\/wp-json\/wp\/v2\/users\/10"}],"replies":[{"embeddable":true,"href":"https:\/\/minetek.com\/pt-br\/wp-json\/wp\/v2\/comments?post=4763"}],"version-history":[{"count":0,"href":"https:\/\/minetek.com\/pt-br\/wp-json\/wp\/v2\/pages\/4763\/revisions"}],"wp:attachment":[{"href":"https:\/\/minetek.com\/pt-br\/wp-json\/wp\/v2\/media?parent=4763"}],"curies":[{"name":"wp","href":"https:\/\/api.w.org\/{rel}","templated":true}]}}