{"id":4758,"date":"2025-03-21T14:31:59","date_gmt":"2025-03-21T03:31:59","guid":{"rendered":"https:\/\/minetek.com\/?page_id=4758"},"modified":"2025-03-21T19:05:12","modified_gmt":"2025-03-21T08:05:12","slug":"water-treatment-plant","status":"publish","type":"page","link":"https:\/\/minetek.com\/pt-br\/water-treatment-plant\/","title":{"rendered":"Esta\u00e7\u00e3o de tratamento de \u00e1gua"},"content":{"rendered":"<div class=\"c-cms-content\"><h1>Uma esta\u00e7\u00e3o de tratamento de \u00e1gua \u00e9 uma <strong>boa redu\u00e7\u00e3o de custos<\/strong> estrat\u00e9gia?<\/h1>\n<p><span style=\"font-weight: 400;\">Uma esta\u00e7\u00e3o de tratamento de \u00e1gua tradicional \u00e9 a solu\u00e7\u00e3o certa para sua empresa? Se a sua empresa est\u00e1 considerando uma <\/span><a href=\"https:\/\/minetek.com\/pt-br\/water-and-wastewater-treatment-plant\/\"><span style=\"font-weight: 400;\">esta\u00e7\u00e3o de tratamento de \u00e1gua e esgoto<\/span><\/a><span style=\"font-weight: 400;\">Mas, se voc\u00ea n\u00e3o sabe o que \u00e9, pode haver uma alternativa mais vi\u00e1vel para o gerenciamento de \u00e1gua industrial aqui na Minetek. Saiba por que abaixo.\u00a0<\/span><\/p>\n<p>&nbsp;<\/p>\n<h2><span style=\"font-weight: 400;\">Resposta r\u00e1pida: Uma esta\u00e7\u00e3o de tratamento de \u00e1gua tradicional requer altos investimentos e despesas cont\u00ednuas.<\/span><\/h2>\n<h3><span style=\"font-weight: 400;\">Os custos operacionais e de m\u00e3o de obra tornam a manuten\u00e7\u00e3o de uma esta\u00e7\u00e3o de tratamento de \u00e1gua cara.<\/span><\/h3>\n<p><span style=\"font-weight: 400;\">S\u00e3o necess\u00e1rios trabalhadores qualificados para o monitoramento ininterrupto, o que significa custos de pessoal mais altos que se acumulam rapidamente. Al\u00e9m da necessidade de supervis\u00e3o constante, essas instala\u00e7\u00f5es geralmente exigem uma equipe com experi\u00eancia em testes e conformidade, o que pesa ainda mais nos or\u00e7amentos operacionais.\u00a0<\/span><\/p>\n<h3><span style=\"font-weight: 400;\">A manuten\u00e7\u00e3o da infraestrutura e dos equipamentos aumenta os encargos financeiros de longo prazo.<\/span><\/h3>\n<p><span style=\"font-weight: 400;\">Bombas, sistemas de filtragem e equipamentos de dosagem de produtos qu\u00edmicos n\u00e3o s\u00e3o apenas caros para serem adquiridos inicialmente, mas tamb\u00e9m exigem manuten\u00e7\u00e3o regular para permanecerem operacionais. Com o passar do tempo, as pe\u00e7as podem precisar ser substitu\u00eddas e os sistemas inteiros podem precisar de atualiza\u00e7\u00f5es, o que resulta em custos de manuten\u00e7\u00e3o significativos.\u00a0<\/span><\/p>\n<h3><span style=\"font-weight: 400;\">A conformidade com as normas ambientais acrescenta requisitos onerosos de licenciamento e monitoramento.<\/span><\/h3>\n<p><span style=\"font-weight: 400;\">Ao entender o <\/span><a href=\"https:\/\/minetek.com\/pt-br\/wastewater-management-process\/\"><span style=\"font-weight: 400;\">processo de gerenciamento de \u00e1guas residuais<\/span><\/a><span style=\"font-weight: 400;\">Na maioria dos casos, os setores precisam efetivamente passar por regulamenta\u00e7\u00f5es para garantir a conformidade, o que normalmente aumenta o custo do tratamento de \u00e1gua industrial. Por exemplo, o cumprimento das normas regulat\u00f3rias exige monitoramento, documenta\u00e7\u00e3o e relat\u00f3rios rigorosos. As licen\u00e7as tamb\u00e9m aumentam o custo, e o processo de obt\u00ea-las pode envolver uma grande aloca\u00e7\u00e3o de recursos.<\/span><\/p>\n<h3><span style=\"font-weight: 400;\">O descarte de res\u00edduos e o gerenciamento de lodo geram despesas adicionais para as instala\u00e7\u00f5es de tratamento.<\/span><\/h3>\n<p><span style=\"font-weight: 400;\">Os subprodutos dos processos tradicionais de tratamento de \u00e1gua, especialmente o lodo, apresentam desafios significativos de descarte. As instala\u00e7\u00f5es precisam de mecanismos adequados para manusear, transportar e tratar esses materiais residuais, o que acarreta custos adicionais.\u00a0<\/span><\/p>\n<p>&nbsp;<\/p>\n<h2><span style=\"font-weight: 400;\">A evapora\u00e7\u00e3o mec\u00e2nica da \u00e1gua da Minetek \u00e9 um substituto econ\u00f4mico para o tratamento tradicional da \u00e1gua.\u00a0<\/span><\/h2>\n<h3><span style=\"font-weight: 400;\">O descarte evaporativo de \u00e1gua reduz o volume de \u00e1gua e minimiza os custos de eletricidade e combust\u00edvel.<\/span><\/h3>\n<p><span style=\"font-weight: 400;\">Com fluxo de ar e efici\u00eancia t\u00e9rmica otimizados, <\/span><a href=\"https:\/\/minetek.com\/pt-br\/evaporator-systems\/\"><span style=\"font-weight: 400;\">sistemas de evaporadores<\/span><\/a><span style=\"font-weight: 400;\"> reduzir o conjunto de \u00e1guas residuais que requer tratamento. Essa abordagem eficiente reduz o volume total de \u00e1gua, mas o faz sem o \u00f4nus dos altos custos de eletricidade e combust\u00edvel geralmente associados \u00e0s solu\u00e7\u00f5es tradicionais de tratamento de \u00e1gua.\u00a0<\/span><\/p>\n<h3><span style=\"font-weight: 400;\">A elimina\u00e7\u00e3o de tratamentos qu\u00edmicos reduz os custos de aquisi\u00e7\u00e3o e de descarte de res\u00edduos perigosos.<\/span><\/h3>\n<p><span style=\"font-weight: 400;\">Uma esta\u00e7\u00e3o de tratamento de \u00e1gua tradicional geralmente gera res\u00edduos ricos em produtos qu\u00edmicos que podem exigir descarte especializado e custos adicionais. Os sistemas de evapora\u00e7\u00e3o mec\u00e2nica evitam o uso extensivo de produtos qu\u00edmicos no tratamento de \u00e1guas residuais industriais e abrem caminho para a redu\u00e7\u00e3o de custos.\u00a0<\/span><\/p>\n<h3><span style=\"font-weight: 400;\">Os requisitos m\u00ednimos de manuten\u00e7\u00e3o reduzem as despesas com m\u00e3o de obra e o tempo de inatividade do equipamento.<\/span><\/h3>\n<p><span style=\"font-weight: 400;\">Uma caracter\u00edstica marcante de um sistema de evapora\u00e7\u00e3o de \u00e1gua para uso industrial \u00e9 sua simplicidade em compara\u00e7\u00e3o com as tecnologias de tratamento de \u00e1gua. Seja para evapora\u00e7\u00e3o de \u00e1gua de mina ou para m\u00e9todos de descarte de salmoura e \u00e1gua salina, nossas solu\u00e7\u00f5es na Minetek geralmente t\u00eam menos pe\u00e7as m\u00f3veis. Isso se traduz em menor necessidade de manuten\u00e7\u00e3o e interrup\u00e7\u00f5es operacionais menos frequentes em compara\u00e7\u00e3o com as tecnologias de tratamento de \u00e1gua. <\/span><a href=\"https:\/\/minetek.com\/pt-br\/treatment-of-wastewater\/\"><span style=\"font-weight: 400;\">tratamento de \u00e1guas residuais<\/span><\/a><span style=\"font-weight: 400;\">.\u00a0<\/span><\/p>\n<p>&nbsp;<\/p>\n<h2><span style=\"font-weight: 400;\">A conformidade regulat\u00f3ria pode ser alcan\u00e7ada sem uma esta\u00e7\u00e3o de tratamento de \u00e1gua tradicional.<\/span><\/h2>\n<p><span style=\"font-weight: 400;\">A tecnologia de evapora\u00e7\u00e3o permite a conformidade com a descarga ambiental e o gerenciamento eficiente.<\/span><\/p>\n<p><span style=\"font-weight: 400;\">Como a quantidade de \u00e1gua a ser descartada \u00e9 reduzida, as ind\u00fastrias podem aderir melhor \u00e0s rigorosas normas de descarga e diminuir seu impacto ambiental. Os m\u00e9todos de evapora\u00e7\u00e3o n\u00e3o t\u00f3xicos tamb\u00e9m ajudam a evitar problemas de gerenciamento de subprodutos perigosos. A evapora\u00e7\u00e3o mec\u00e2nica opera sem a necessidade de tratamentos qu\u00edmicos, o que significa que o lodo ou os res\u00edduos t\u00f3xicos geralmente n\u00e3o s\u00e3o uma preocupa\u00e7\u00e3o.\u00a0<\/span><\/p>\n<h3><span style=\"font-weight: 400;\">As solu\u00e7\u00f5es escalon\u00e1veis de conformidade de efluentes permitem que os setores se adaptem a volumes vari\u00e1veis.<\/span><\/h3>\n<p><span style=\"font-weight: 400;\">A evapora\u00e7\u00e3o pode ser ajustada para acomodar flutua\u00e7\u00f5es sazonais no volume de \u00e1gua, altera\u00e7\u00f5es na produ\u00e7\u00e3o ou mudan\u00e7as nos requisitos regulamentares. \u00c0 medida que os setores evoluem, um sistema adapt\u00e1vel ajuda a garantir que as opera\u00e7\u00f5es permane\u00e7am tranquilas e em conformidade, sem a necessidade de um <\/span><a href=\"https:\/\/minetek.com\/pt-br\/wastewater-treatment-facility\/\"><span style=\"font-weight: 400;\">instala\u00e7\u00e3o de tratamento de \u00e1guas residuais<\/span><\/a><span style=\"font-weight: 400;\">.\u00a0<\/span><\/p>\n<p><span style=\"font-weight: 400;\">Por fim, muitos setores, incluindo minera\u00e7\u00e3o, petr\u00f3leo e g\u00e1s e gera\u00e7\u00e3o de energia, integraram com sucesso solu\u00e7\u00f5es de evapora\u00e7\u00e3o para atender aos requisitos de conformidade e reduzir os custos.<\/span><\/p>\n<p>&nbsp;<\/p>\n<h2><span style=\"font-weight: 400;\">Perguntas frequentes (FAQ)<\/span><\/h2>\n<h2><span style=\"font-weight: 400;\">As solu\u00e7\u00f5es de evapora\u00e7\u00e3o podem lidar com \u00e1gua com alto TDS e alto TSS?<\/span><\/h2>\n<p><span style=\"font-weight: 400;\">Sim, as solu\u00e7\u00f5es de evapora\u00e7\u00e3o de \u00e1gua podem lidar com \u00e1gua com alto teor de s\u00f3lidos dissolvidos totais (TDS) e s\u00f3lidos suspensos totais (TSS).\u00a0<\/span><\/p>\n<p><span style=\"font-weight: 400;\">Os sistemas da Minetek s\u00e3o projetados para gerenciar a \u00e1gua com faixas extremas de TDS e TSS, juntamente com n\u00edveis de pH que variam de 1,8 a 14+. Isso permite que as empresas lidem efetivamente com a \u00e1gua da mina, controlem as \u00e1guas residuais industriais e a \u00e1gua de processo sem a necessidade de uma esta\u00e7\u00e3o de tratamento de \u00e1gua.\u00a0<\/span><\/p>\n<p>&nbsp;<\/p>\n<h2><span style=\"font-weight: 400;\">Quais s\u00e3o os benef\u00edcios ambientais do uso de sistemas de evapora\u00e7\u00e3o de \u00e1gua?<\/span><\/h2>\n<p><span style=\"font-weight: 400;\">Em primeiro lugar, nosso evaporador elimina a necessidade de transportar o excesso de \u00e1gua ou a \u00e1gua contaminada para um local de armazenamento. <\/span><a href=\"https:\/\/minetek.com\/pt-br\/waste-water-treatment-plant\/\"><span style=\"font-weight: 400;\">Esta\u00e7\u00e3o de tratamento de \u00e1guas residuais<\/span><\/a><span style=\"font-weight: 400;\">Assim, minimizamos o risco de derramamentos e reduzimos a pegada ambiental associada \u00e0 log\u00edstica da \u00e1gua.\u00a0<\/span><\/p>\n<p><span style=\"font-weight: 400;\">Nossos sistemas tamb\u00e9m ajudam a conservar recursos, aliviando a press\u00e3o sobre a infraestrutura de armazenamento e descarte de \u00e1gua. Para ajudar a garantir a manuten\u00e7\u00e3o da conformidade regulamentar, oferecemos at\u00e9 mesmo um Sistema de Gest\u00e3o Ambiental (EMS) que ajusta as opera\u00e7\u00f5es dinamicamente em resposta \u00e0s condi\u00e7\u00f5es ambientais, como vento, umidade e chuva.<\/span><\/p>\n<p>&nbsp;<\/p>\n<h2><span style=\"font-weight: 400;\">Como as usinas de energia podem melhorar o gerenciamento de \u00e1guas residuais?<\/span><\/h2>\n<p><span style=\"font-weight: 400;\">As usinas de energia podem implementar v\u00e1rios m\u00e9todos, como tratamento qu\u00edmico e filtragem, para otimizar a reutiliza\u00e7\u00e3o da \u00e1gua e remover contaminantes para melhorar o gerenciamento de \u00e1guas residuais.\u00a0<\/span><\/p>\n<p><span style=\"font-weight: 400;\">No entanto, as solu\u00e7\u00f5es de evapora\u00e7\u00e3o da Minetek oferecem uma alternativa econ\u00f4mica, reduzindo efetivamente os volumes de \u00e1guas residuais no local, eliminando ou cortando o uso de produtos qu\u00edmicos e reduzindo os custos de descarte. Com controles ambientais automatizados, esses sistemas ajudam a garantir a conformidade com uma abordagem simplificada.<\/span><\/p>\n<h3><span style=\"font-weight: 400;\">Revolucione seu gerenciamento de \u00e1guas residuais com as solu\u00e7\u00f5es de ponta da Minetek.\u00a0<\/span><\/h3>\n<p><span style=\"font-weight: 400;\">Se sua empresa estiver procurando por \"<\/span><a href=\"https:\/\/minetek.com\/pt-br\/waste-water-treatment-plant-near-me\/\"><span style=\"font-weight: 400;\">Esta\u00e7\u00e3o de tratamento de \u00e1guas residuais perto de mim<\/span><\/a><span style=\"font-weight: 400;\">Lembre-se de que fornecemos solu\u00e7\u00f5es confi\u00e1veis de evapora\u00e7\u00e3o de \u00e1gua como alternativa.\u00a0<\/span><\/p>\n<p><span style=\"font-weight: 400;\">Nossa equipe \u00e9 especializada no desenvolvimento de processos inovadores e econ\u00f4micos que atendem aos padr\u00f5es do setor e \u00e0s expectativas dos clientes. Nossa tecnologia de evapora\u00e7\u00e3o de \u00e1gua \u00e9 projetada para lidar com condi\u00e7\u00f5es desafiadoras e otimizar o gerenciamento da \u00e1gua, eliminando a necessidade de m\u00e9todos de tratamento convencionais.\u00a0<\/span><\/p>\n<p><span style=\"font-weight: 400;\">Confie na Minetek para elevar os processos de gerenciamento de \u00e1gua de sua instala\u00e7\u00e3o com solu\u00e7\u00f5es inovadoras que geram resultados tang\u00edveis e pr\u00e1ticas sustent\u00e1veis. Entre em contato conosco e fa\u00e7a uma consulta hoje mesmo.\u00a0<\/span><\/p>\n<\/div>","protected":false},"excerpt":{"rendered":"<p>Is a water treatment plant a good cost-reduction strategy? Is a traditional water treatment plant the right solution for your business? If your business is considering a water and wastewater treatment plant, there may be a more viable alternative for industrial water management here at Minetek. Find out why below.\u00a0 &nbsp; Quick answer: A traditional water treatment plant requires high investment and ongoing expenses. Labor and operational costs make a water treatment plant expensive to maintain. Skilled workers are needed for round-the-clock monitoring, which means higher personnel costs that add up quickly. Beyond the need for constant supervision, these facilities [&hellip;]<\/p>\n","protected":false},"author":10,"featured_media":0,"parent":0,"menu_order":0,"comment_status":"closed","ping_status":"closed","template":"template-headshoulder.php","meta":{"_acf_changed":false,"footnotes":""},"class_list":["post-4758","page","type-page","status-publish","hentry"],"acf":[],"yoast_head":"<!-- This site is optimized with the Yoast SEO plugin v27.4 - https:\/\/yoast.com\/product\/yoast-seo-wordpress\/ -->\n<title>Water Treatment Plant | Minetek<\/title>\n<meta name=\"description\" content=\"Minetek helps you understand whether a water treatment plant offers a viable cost-reduction strategy. Here, we have mechanical evaporation as an alternative\" \/>\n<meta name=\"robots\" content=\"index, follow, max-snippet:-1, max-image-preview:large, max-video-preview:-1\" \/>\n<link rel=\"canonical\" href=\"https:\/\/minetek.com\/pt-br\/water-treatment-plant\/\" \/>\n<meta property=\"og:locale\" content=\"pt_BR\" \/>\n<meta property=\"og:type\" content=\"article\" \/>\n<meta property=\"og:title\" content=\"Water Treatment Plant | Minetek\" \/>\n<meta property=\"og:description\" content=\"Minetek helps you understand whether a water treatment plant offers a viable cost-reduction strategy. Here, we have mechanical evaporation as an alternative\" \/>\n<meta property=\"og:url\" content=\"https:\/\/minetek.com\/pt-br\/water-treatment-plant\/\" \/>\n<meta property=\"og:site_name\" content=\"Minetek\" \/>\n<meta property=\"article:publisher\" content=\"https:\/\/www.facebook.com\/mineteksolutions\/\" \/>\n<meta property=\"article:modified_time\" content=\"2025-03-21T08:05:12+00:00\" \/>\n<meta name=\"twitter:card\" content=\"summary_large_image\" \/>\n<meta name=\"twitter:label1\" content=\"Est. tempo de leitura\" \/>\n\t<meta name=\"twitter:data1\" content=\"5 minutos\" \/>\n<script type=\"application\/ld+json\" class=\"yoast-schema-graph\">{\"@context\":\"https:\\\/\\\/schema.org\",\"@graph\":[{\"@type\":\"WebPage\",\"@id\":\"https:\\\/\\\/minetek.com\\\/water-treatment-plant\\\/\",\"url\":\"https:\\\/\\\/minetek.com\\\/water-treatment-plant\\\/\",\"name\":\"Water Treatment Plant | Minetek\",\"isPartOf\":{\"@id\":\"https:\\\/\\\/minetek.com\\\/#website\"},\"datePublished\":\"2025-03-21T03:31:59+00:00\",\"dateModified\":\"2025-03-21T08:05:12+00:00\",\"description\":\"Minetek helps you understand whether a water treatment plant offers a viable cost-reduction strategy. Here, we have mechanical evaporation as an alternative\",\"breadcrumb\":{\"@id\":\"https:\\\/\\\/minetek.com\\\/water-treatment-plant\\\/#breadcrumb\"},\"inLanguage\":\"pt-BR\",\"potentialAction\":[{\"@type\":\"ReadAction\",\"target\":[\"https:\\\/\\\/minetek.com\\\/water-treatment-plant\\\/\"]}]},{\"@type\":\"BreadcrumbList\",\"@id\":\"https:\\\/\\\/minetek.com\\\/water-treatment-plant\\\/#breadcrumb\",\"itemListElement\":[{\"@type\":\"ListItem\",\"position\":1,\"name\":\"Home\",\"item\":\"https:\\\/\\\/minetek.com\\\/\"},{\"@type\":\"ListItem\",\"position\":2,\"name\":\"Water Treatment Plant\"}]},{\"@type\":\"WebSite\",\"@id\":\"https:\\\/\\\/minetek.com\\\/#website\",\"url\":\"https:\\\/\\\/minetek.com\\\/\",\"name\":\"Minetek\",\"description\":\"World-class water evaporation, underground ventilation, sound reduction solutions for mining and industry.\",\"publisher\":{\"@id\":\"https:\\\/\\\/minetek.com\\\/#organization\"},\"potentialAction\":[{\"@type\":\"SearchAction\",\"target\":{\"@type\":\"EntryPoint\",\"urlTemplate\":\"https:\\\/\\\/minetek.com\\\/?s={search_term_string}\"},\"query-input\":{\"@type\":\"PropertyValueSpecification\",\"valueRequired\":true,\"valueName\":\"search_term_string\"}}],\"inLanguage\":\"pt-BR\"},{\"@type\":\"Organization\",\"@id\":\"https:\\\/\\\/minetek.com\\\/#organization\",\"name\":\"Minetek\",\"url\":\"https:\\\/\\\/minetek.com\\\/\",\"logo\":{\"@type\":\"ImageObject\",\"inLanguage\":\"pt-BR\",\"@id\":\"https:\\\/\\\/minetek.com\\\/#\\\/schema\\\/logo\\\/image\\\/\",\"url\":\"https:\\\/\\\/minetek.com\\\/wp-content\\\/uploads\\\/2025\\\/02\\\/13.png\",\"contentUrl\":\"https:\\\/\\\/minetek.com\\\/wp-content\\\/uploads\\\/2025\\\/02\\\/13.png\",\"width\":600,\"height\":600,\"caption\":\"Minetek\"},\"image\":{\"@id\":\"https:\\\/\\\/minetek.com\\\/#\\\/schema\\\/logo\\\/image\\\/\"},\"sameAs\":[\"https:\\\/\\\/www.facebook.com\\\/mineteksolutions\\\/\",\"https:\\\/\\\/www.linkedin.com\\\/company\\\/minetek\\\/\"]}]}<\/script>\n<!-- \/ Yoast SEO plugin. -->","yoast_head_json":{"title":"Esta\u00e7\u00e3o de tratamento de \u00e1gua - Minetek","description":"A Minetek o ajuda a entender se uma esta\u00e7\u00e3o de tratamento de \u00e1gua oferece uma estrat\u00e9gia vi\u00e1vel de redu\u00e7\u00e3o de custos. Aqui, temos a evapora\u00e7\u00e3o mec\u00e2nica como uma alternativa","robots":{"index":"index","follow":"follow","max-snippet":"max-snippet:-1","max-image-preview":"max-image-preview:large","max-video-preview":"max-video-preview:-1"},"canonical":"https:\/\/minetek.com\/pt-br\/water-treatment-plant\/","og_locale":"pt_BR","og_type":"article","og_title":"Water Treatment Plant | Minetek","og_description":"Minetek helps you understand whether a water treatment plant offers a viable cost-reduction strategy. Here, we have mechanical evaporation as an alternative","og_url":"https:\/\/minetek.com\/pt-br\/water-treatment-plant\/","og_site_name":"Minetek","article_publisher":"https:\/\/www.facebook.com\/mineteksolutions\/","article_modified_time":"2025-03-21T08:05:12+00:00","twitter_card":"summary_large_image","twitter_misc":{"Est. tempo de leitura":"5 minutos"},"schema":{"@context":"https:\/\/schema.org","@graph":[{"@type":"WebPage","@id":"https:\/\/minetek.com\/water-treatment-plant\/","url":"https:\/\/minetek.com\/water-treatment-plant\/","name":"Esta\u00e7\u00e3o de tratamento de \u00e1gua - Minetek","isPartOf":{"@id":"https:\/\/minetek.com\/#website"},"datePublished":"2025-03-21T03:31:59+00:00","dateModified":"2025-03-21T08:05:12+00:00","description":"A Minetek o ajuda a entender se uma esta\u00e7\u00e3o de tratamento de \u00e1gua oferece uma estrat\u00e9gia vi\u00e1vel de redu\u00e7\u00e3o de custos. Aqui, temos a evapora\u00e7\u00e3o mec\u00e2nica como uma alternativa","breadcrumb":{"@id":"https:\/\/minetek.com\/water-treatment-plant\/#breadcrumb"},"inLanguage":"pt-BR","potentialAction":[{"@type":"ReadAction","target":["https:\/\/minetek.com\/water-treatment-plant\/"]}]},{"@type":"BreadcrumbList","@id":"https:\/\/minetek.com\/water-treatment-plant\/#breadcrumb","itemListElement":[{"@type":"ListItem","position":1,"name":"Home","item":"https:\/\/minetek.com\/"},{"@type":"ListItem","position":2,"name":"Water Treatment Plant"}]},{"@type":"WebSite","@id":"https:\/\/minetek.com\/#website","url":"https:\/\/minetek.com\/","name":"Minetek","description":"Solu\u00e7\u00f5es de classe mundial em evapora\u00e7\u00e3o de \u00e1gua, ventila\u00e7\u00e3o subterr\u00e2nea e redu\u00e7\u00e3o de ru\u00eddo para minera\u00e7\u00e3o e ind\u00fastria.","publisher":{"@id":"https:\/\/minetek.com\/#organization"},"potentialAction":[{"@type":"SearchAction","target":{"@type":"EntryPoint","urlTemplate":"https:\/\/minetek.com\/?s={search_term_string}"},"query-input":{"@type":"PropertyValueSpecification","valueRequired":true,"valueName":"search_term_string"}}],"inLanguage":"pt-BR"},{"@type":"Organization","@id":"https:\/\/minetek.com\/#organization","name":"Minetek","url":"https:\/\/minetek.com\/","logo":{"@type":"ImageObject","inLanguage":"pt-BR","@id":"https:\/\/minetek.com\/#\/schema\/logo\/image\/","url":"https:\/\/minetek.com\/wp-content\/uploads\/2025\/02\/13.png","contentUrl":"https:\/\/minetek.com\/wp-content\/uploads\/2025\/02\/13.png","width":600,"height":600,"caption":"Minetek"},"image":{"@id":"https:\/\/minetek.com\/#\/schema\/logo\/image\/"},"sameAs":["https:\/\/www.facebook.com\/mineteksolutions\/","https:\/\/www.linkedin.com\/company\/minetek\/"]}]}},"_links":{"self":[{"href":"https:\/\/minetek.com\/pt-br\/wp-json\/wp\/v2\/pages\/4758","targetHints":{"allow":["GET"]}}],"collection":[{"href":"https:\/\/minetek.com\/pt-br\/wp-json\/wp\/v2\/pages"}],"about":[{"href":"https:\/\/minetek.com\/pt-br\/wp-json\/wp\/v2\/types\/page"}],"author":[{"embeddable":true,"href":"https:\/\/minetek.com\/pt-br\/wp-json\/wp\/v2\/users\/10"}],"replies":[{"embeddable":true,"href":"https:\/\/minetek.com\/pt-br\/wp-json\/wp\/v2\/comments?post=4758"}],"version-history":[{"count":0,"href":"https:\/\/minetek.com\/pt-br\/wp-json\/wp\/v2\/pages\/4758\/revisions"}],"wp:attachment":[{"href":"https:\/\/minetek.com\/pt-br\/wp-json\/wp\/v2\/media?parent=4758"}],"curies":[{"name":"wp","href":"https:\/\/api.w.org\/{rel}","templated":true}]}}