{"id":4747,"date":"2025-03-20T18:12:25","date_gmt":"2025-03-20T07:12:25","guid":{"rendered":"https:\/\/minetek.com\/?page_id=4747"},"modified":"2025-03-21T17:37:47","modified_gmt":"2025-03-21T06:37:47","slug":"waste-water-treatment-plant","status":"publish","type":"page","link":"https:\/\/minetek.com\/pt-br\/waste-water-treatment-plant\/","title":{"rendered":"Waste Water Treatment Plant"},"content":{"rendered":"<div class=\"c-cms-content\"><h1>Como o <strong>Compara\u00e7\u00e3o da Minetek<\/strong> para uma esta\u00e7\u00e3o de tratamento de \u00e1guas residuais?<\/h1>\n<p><span style=\"font-weight: 400;\">O gerenciamento de \u00e1guas residuais industriais \u00e9 um desafio crescente, com normas ambientais rigorosas e altos custos de tratamento pressionando muitos setores. A m\u00e9dia de <\/span><span style=\"font-weight: 400;\">Esta\u00e7\u00e3o de tratamento de \u00e1guas residuais<\/span><span style=\"font-weight: 400;\"> depende de processos de filtragem em v\u00e1rias etapas que exigem infraestrutura significativa e manuten\u00e7\u00e3o cont\u00ednua.\u00a0<\/span><\/p>\n<p><span style=\"font-weight: 400;\">Para as empresas que buscam uma alternativa econ\u00f4mica e compat\u00edvel com uma <\/span><a href=\"https:\/\/minetek.com\/pt-br\/wastewater-management-plant\/\"><span style=\"font-weight: 400;\">planta de gerenciamento de \u00e1guas residuais<\/span><\/a><span style=\"font-weight: 400;\">, A tecnologia de evapora\u00e7\u00e3o mec\u00e2nica da Minetek \u00e9 uma op\u00e7\u00e3o ideal, pois simplifica o gerenciamento de \u00e1guas residuais ao reduzir o volume de \u00e1gua sem a necessidade de filtragem extensiva ou tratamento qu\u00edmico.<\/span><\/p>\n<p><span style=\"font-weight: 400;\">Para saber mais sobre como nossas solu\u00e7\u00f5es se comparam \u00e0s esta\u00e7\u00f5es de tratamento, continue lendo.<\/span><\/p>\n<p>&nbsp;<\/p>\n<h2><span style=\"font-weight: 400;\">As esta\u00e7\u00f5es de tratamento de \u00e1guas residuais dependem de filtragem complexa, enquanto a Minetek oferece uma solu\u00e7\u00e3o mais simples.<\/span><\/h2>\n<h3><span style=\"font-weight: 400;\">O tratamento tradicional de \u00e1guas residuais \u00e9 complexo, exigindo v\u00e1rias etapas e muita manuten\u00e7\u00e3o.<\/span><\/h3>\n<p><span style=\"font-weight: 400;\">Um tradicional <\/span><span style=\"font-weight: 400;\">Esta\u00e7\u00e3o de tratamento de \u00e1guas residuais<\/span><span style=\"font-weight: 400;\"> requer infraestrutura significativa, uso de produtos qu\u00edmicos e manuten\u00e7\u00e3o cont\u00ednua para atender aos padr\u00f5es regulat\u00f3rios. Ele usa um processo de v\u00e1rias etapas para remover os contaminantes, que normalmente inclui sedimenta\u00e7\u00e3o para separar os s\u00f3lidos, tratamento biol\u00f3gico para decompor a mat\u00e9ria org\u00e2nica e filtragem qu\u00edmica para neutralizar as subst\u00e2ncias nocivas.\u00a0<\/span><\/p>\n<h3><span style=\"font-weight: 400;\">A Minetek oferece uma alternativa mais simples e eficiente com nossa tecnologia de evapora\u00e7\u00e3o de \u00e1gua.<\/span><\/h3>\n<p><span style=\"font-weight: 400;\">Em vez de depender de uma filtragem extensiva em um <\/span><a href=\"https:\/\/minetek.com\/pt-br\/wastewater-treatment-facility\/\"><span style=\"font-weight: 400;\">instala\u00e7\u00e3o de tratamento de \u00e1guas residuais<\/span><\/a><span style=\"font-weight: 400;\">, Com o nosso sistema econ\u00f4mico de evapora\u00e7\u00e3o de \u00e1gua, transformamos os efluentes em got\u00edculas finas, acelerando a evapora\u00e7\u00e3o natural e deixando para tr\u00e1s contaminantes como s\u00f3lidos e metais pesados. Isso reduz significativamente o volume de \u00e1guas residuais sem a necessidade de processos caros de pr\u00e9-tratamento ou filtragem.\u00a0<\/span><\/p>\n<p><span style=\"font-weight: 400;\">Nossa tecnologia \u00e9 particularmente eficaz para os setores que gerenciam \u00e1guas residuais com alto teor de s\u00f3lidos dissolvidos totais (TDS) e alto teor de s\u00f3lidos suspensos totais (TSS), bem como n\u00edveis de pH que variam de 1,8 a mais de 14. Ao reduzir a necessidade de armazenamento e descarte de \u00e1gua em larga escala e oferecer alternativas para <\/span><span style=\"font-weight: 400;\">op\u00e7\u00f5es de plantas de tratamento de \u00e1guas residuais<\/span><span style=\"font-weight: 400;\">, A Minetek ajuda as empresas a reduzir os custos operacionais, mitigar os riscos ambientais e manter a conformidade com normas rigorosas.\u00a0<\/span><\/p>\n<p>&nbsp;<\/p>\n<h2><span style=\"font-weight: 400;\">Oferecemos diferentes solu\u00e7\u00f5es para proporcionar um gerenciamento flex\u00edvel e eficaz de \u00e1guas residuais.<\/span><\/h2>\n<h3><span style=\"font-weight: 400;\">Nossos evaporadores de \u00e1gua baseados em terra oferecem evapora\u00e7\u00e3o dur\u00e1vel e de alto desempenho.<\/span><\/h3>\n<p><span style=\"font-weight: 400;\">Nossa \u00e1gua terrestre <\/span><a href=\"https:\/\/minetek.com\/pt-br\/evaporator-systems\/\"><span style=\"font-weight: 400;\">sistemas de evaporadores<\/span><\/a><span style=\"font-weight: 400;\"> s\u00e3o projetados para aplica\u00e7\u00f5es industriais pesadas, capazes de lidar com grandes quantidades de \u00e1gua por minuto. Esses sistemas de alto desempenho s\u00e3o ideais para desaguamento de minas, gerenciamento de rejeitos e descarte de \u00e1guas residuais industriais.<\/span><\/p>\n<p><span style=\"font-weight: 400;\">Com bicos especializados projetados para reduzir a incrusta\u00e7\u00e3o, mobilidade montada em skid para facilitar a implanta\u00e7\u00e3o e constru\u00e7\u00e3o robusta para suportar condi\u00e7\u00f5es ambientais adversas, eles funcionam com o m\u00ednimo de manuten\u00e7\u00e3o e proporcionam efici\u00eancia de evapora\u00e7\u00e3o ideal.<\/span><\/p>\n<h3><span style=\"font-weight: 400;\">Os evaporadores de \u00e1gua flutuantes maximizam a efici\u00eancia diretamente em corpos d'\u00e1gua.\u00a0<\/span><\/h3>\n<p><span style=\"font-weight: 400;\">Nossos evaporadores flutuantes s\u00e3o projetados para operar no meio do corpo d'\u00e1gua, montados em pont\u00f5es robustos com flutuadores e tubula\u00e7\u00f5es integrados. Diferentemente de um <\/span><span style=\"font-weight: 400;\">Esta\u00e7\u00e3o de tratamento de \u00e1guas residuais<\/span><span style=\"font-weight: 400;\">, Al\u00e9m disso, eles minimizam a necessidade de bombeamento adicional ao evaporar a \u00e1gua em sua fonte, melhorando significativamente a efici\u00eancia operacional.\u00a0<\/span><\/p>\n<p><span style=\"font-weight: 400;\">Equipados com um sistema de bomba submers\u00edvel e v\u00e1rias op\u00e7\u00f5es de configura\u00e7\u00e3o, esses evaporadores oferecem uma solu\u00e7\u00e3o flex\u00edvel para as necessidades din\u00e2micas de gerenciamento de \u00e1gua, especialmente em aplica\u00e7\u00f5es de minera\u00e7\u00e3o, gera\u00e7\u00e3o de energia e industriais.<\/span><\/p>\n<h3><span style=\"font-weight: 400;\">O Sistema de Gest\u00e3o Ambiental (EMS) aumenta a automa\u00e7\u00e3o e a efici\u00eancia.\u00a0<\/span><\/h3>\n<p><span style=\"font-weight: 400;\">Nosso Sistema de Gest\u00e3o Ambiental (EMS) aprimora a evapora\u00e7\u00e3o de \u00e1guas residuais por meio do monitoramento cont\u00ednuo e do ajuste inteligente a fatores ambientais, como umidade, velocidade do vento e temperatura.\u00a0<\/span><\/p>\n<p><span style=\"font-weight: 400;\">Voc\u00ea pode aumentar a efici\u00eancia, reduzir a supervis\u00e3o manual e cumprir as regulamenta\u00e7\u00f5es de gerenciamento de \u00e1gua por meio dessa abordagem mais inteligente e eficaz, em vez de depender de solu\u00e7\u00f5es de tratamento em um mercado de custo mais baixo. <\/span><a href=\"https:\/\/minetek.com\/pt-br\/water-management-plant\/\"><span style=\"font-weight: 400;\">planta de gerenciamento de \u00e1gua<\/span><\/a><span style=\"font-weight: 400;\">.<\/span><\/p>\n<p>&nbsp;<\/p>\n<h2><span style=\"font-weight: 400;\">Nossa tecnologia oferece benef\u00edcios que talvez voc\u00ea n\u00e3o encontre em uma esta\u00e7\u00e3o de tratamento de \u00e1guas residuais.<\/span><\/h2>\n<h3><span style=\"font-weight: 400;\">Reduzir custos por meio do gerenciamento eficiente de \u00e1guas residuais.<\/span><\/h3>\n<p><span style=\"font-weight: 400;\">A <\/span><span style=\"font-weight: 400;\">res\u00edduos <\/span><a href=\"https:\/\/minetek.com\/pt-br\/water-treatment-plant\/\"><span style=\"font-weight: 400;\">esta\u00e7\u00e3o de tratamento de \u00e1gua<\/span><\/a><span style=\"font-weight: 400;\"> requer aditivos qu\u00edmicos, infraestrutura extensa e manuten\u00e7\u00e3o cont\u00ednua, o que aumenta significativamente os custos operacionais e, muitas vezes, se estende por toda a cadeia de suprimentos.\u00a0<\/span><\/p>\n<p><span style=\"font-weight: 400;\">A tecnologia de evapora\u00e7\u00e3o da Minetek elimina a necessidade de pr\u00e9-tratamento e processamento qu\u00edmico dispendiosos, permitindo que as empresas gerenciem as \u00e1guas residuais com mais efici\u00eancia. Ao remover o excesso de \u00e1gua na fonte, nossa solu\u00e7\u00e3o minimiza a depend\u00eancia de servi\u00e7os caros de descarte fora do local e reduz os custos de longo prazo associados \u00e0 manuten\u00e7\u00e3o de instala\u00e7\u00f5es de tratamento em grande escala.\u00a0<\/span><\/p>\n<h3><span style=\"font-weight: 400;\">Minimizar o impacto ambiental com a redu\u00e7\u00e3o de res\u00edduos.\u00a0<\/span><\/h3>\n<p><span style=\"font-weight: 400;\">O processo de evapora\u00e7\u00e3o da Minetek elimina as \u00e1guas residuais sem gerar fluxos de res\u00edduos, evitando os riscos de contamina\u00e7\u00e3o associados ao armazenamento de l\u00edquidos a longo prazo e \u00e0 produ\u00e7\u00e3o de lixiviados.\u00a0<\/span><\/p>\n<p><span style=\"font-weight: 400;\">Ao contr\u00e1rio dos m\u00e9todos tradicionais de tratamento que podem produzir lodo ou subprodutos qu\u00edmicos, nossa solu\u00e7\u00e3o remove a \u00e1gua com seguran\u00e7a e efici\u00eancia, reduzindo o impacto ambiental do descarte de \u00e1guas residuais industriais.<\/span><\/p>\n<h3><span style=\"font-weight: 400;\">Dimensionar e adaptar os sistemas \u00e0s necessidades em constante mudan\u00e7a.\u00a0<\/span><\/h3>\n<p><span style=\"font-weight: 400;\">Nossa solu\u00e7\u00e3o m\u00f3vel e dimension\u00e1vel <\/span><a href=\"https:\/\/minetek.com\/pt-br\/evaporator-systems\/\"><span style=\"font-weight: 400;\">sistemas de evapora\u00e7\u00e3o<\/span><\/a><span style=\"font-weight: 400;\"> pode ser implantado para atender \u00e0s demandas operacionais em constante mudan\u00e7a. Independentemente de voc\u00ea precisar de solu\u00e7\u00f5es de gerenciamento de \u00e1guas residuais de curto prazo ou de integra\u00e7\u00e3o de infraestrutura de longo prazo, a tecnologia da Minetek se adapta \u00e0s condi\u00e7\u00f5es do local em evolu\u00e7\u00e3o e ao crescimento dos neg\u00f3cios sem exigir modifica\u00e7\u00f5es extensas.\u00a0<\/span><\/p>\n<h3><span style=\"font-weight: 400;\">Conformidade confi\u00e1vel com normas ambientais rigorosas.<\/span><\/h3>\n<p><span style=\"font-weight: 400;\">Os setores que operam sob normas ambientais rigorosas devem garantir o descarte respons\u00e1vel de \u00e1guas residuais. A tecnologia de evapora\u00e7\u00e3o de alta efici\u00eancia da Minetek ajuda as empresas a atender aos requisitos ambientais de conformidade com a \u00e1gua e, ao mesmo tempo, reduz a depend\u00eancia de medidas regulat\u00f3rias dispendiosas, fornecendo uma solu\u00e7\u00e3o de gerenciamento de \u00e1guas residuais preparada para o futuro.<\/span><\/p>\n<p>&nbsp;<\/p>\n<h2><span style=\"font-weight: 400;\">Perguntas frequentes (FAQ)<\/span><\/h2>\n<h2><span style=\"font-weight: 400;\">Como a evapora\u00e7\u00e3o mec\u00e2nica da \u00e1gua se compara a outros m\u00e9todos de descarte?<\/span><\/h2>\n<p><span style=\"font-weight: 400;\">A evapora\u00e7\u00e3o mec\u00e2nica da \u00e1gua \u00e9 uma alternativa econ\u00f4mica e eficiente \u00e0 evapora\u00e7\u00e3o tradicional. <\/span><span style=\"font-weight: 400;\">Esta\u00e7\u00e3o de tratamento de \u00e1guas residuais<\/span><span style=\"font-weight: 400;\"> m\u00e9todos de descarte, como tratamento qu\u00edmico, filtragem e transporte externo. Esses m\u00e9todos convencionais geralmente exigem infraestrutura extensa, manuten\u00e7\u00e3o cont\u00ednua e processamento externo, o que pode aumentar significativamente os custos.\u00a0<\/span><\/p>\n<p><span style=\"font-weight: 400;\">Um sistema de evapora\u00e7\u00e3o de \u00e1guas residuais reduz rapidamente o volume de \u00e1guas residuais no local, transformando a \u00e1gua em got\u00edculas finas que evaporam, deixando para tr\u00e1s s\u00f3lidos e contaminantes para facilitar o descarte. Ele elimina a necessidade de aditivos qu\u00edmicos caros, simplifica o processo de tratamento de efluentes industriais e reduz as despesas operacionais de longo prazo.<\/span><\/p>\n<p>&nbsp;<\/p>\n<h2><span style=\"font-weight: 400;\">Quais setores se beneficiam mais das solu\u00e7\u00f5es de evapora\u00e7\u00e3o de \u00e1guas residuais?<\/span><\/h2>\n<p><span style=\"font-weight: 400;\">Muitos setores recorrem a sistemas de evapora\u00e7\u00e3o de \u00e1guas residuais que se alinham com suas necessidades.\u00a0<\/span><\/p>\n<p><span style=\"font-weight: 400;\">Por exemplo, as opera\u00e7\u00f5es de minera\u00e7\u00e3o e metalurgia o utilizam para gerenciar rejeitos e excesso de \u00e1gua subterr\u00e2nea, enquanto as empresas de petr\u00f3leo e g\u00e1s dependem dele para o descarte de \u00e1gua produzida e salmoura. A gera\u00e7\u00e3o de energia, as areias petrol\u00edferas e as f\u00e1bricas de produtos qu\u00edmicos exigem uma redu\u00e7\u00e3o eficaz das \u00e1guas residuais para lidar com a \u00e1gua de resfriamento, a descarga industrial e os efluentes do processo.\u00a0<\/span><\/p>\n<p><span style=\"font-weight: 400;\">Aterros sanit\u00e1rios, empresas de processamento de alimentos e f\u00e1bricas de papel tamb\u00e9m podem se beneficiar das solu\u00e7\u00f5es de evapora\u00e7\u00e3o para minimizar o chorume, reduzir os custos de tratamento e manter a conformidade com as normas de descarte de \u00e1guas residuais.<\/span><\/p>\n<p>&nbsp;<\/p>\n<h2><span style=\"font-weight: 400;\">How can companies ensure compliance with water management regulations?<\/span><\/h2>\n<p><span style=\"font-weight: 400;\">Companies can ensure compliance in water management, whether in regards to the <\/span><a href=\"https:\/\/minetek.com\/pt-br\/treatment-of-wastewater\/\"><span style=\"font-weight: 400;\">tratamento de \u00e1guas residuais<\/span><\/a><span style=\"font-weight: 400;\">, water evaporation or something else, by working with a trusted provider.<\/span><\/p>\n<p><span style=\"font-weight: 400;\">When it comes to your water evaporation needs, the provider you\u2019re looking for is Minetek. You can count on us to be familiar and compliant with industry regulations. We provide expertise in navigating strict environmental standards, helping businesses meet or exceed compliance requirements while optimizing wastewater management.\u00a0<\/span><\/p>\n<h3><span style=\"font-weight: 400;\">Advancing water management for industries<\/span><\/h3>\n<p><span style=\"font-weight: 400;\">Minetek is redefining industrial water management with innovative, cost-effective solutions designed for the most demanding environments. Unlike a <\/span><span style=\"font-weight: 400;\">Esta\u00e7\u00e3o de tratamento de \u00e1guas residuais<\/span><span style=\"font-weight: 400;\">, our advanced water evaporation technology helps industries efficiently reduce wastewater volumes, lower operational costs and maintain compliance with strict environmental regulations.\u00a0<\/span><\/p>\n<p><span style=\"font-weight: 400;\">From power plant and mine water management to power generation and heavy industry, we deliver scalable solutions that streamline water disposal and mitigate storage risks. With over 150 years of combined experience and a global footprint spanning more than 30 countries, we engineer systems that are both practical and high-performing.<\/span><\/p>\n<p><span style=\"font-weight: 400;\">With Minetek, you won\u2019t have to worry about wastewater treatment plant problems. Contact us today to see how we can help you manage water smarter.<\/span><\/p>\n<\/div>","protected":false},"excerpt":{"rendered":"<p>How does Minetek compare to a waste water treatment plant? Managing industrial waste water is a growing challenge, with strict environmental regulations and high treatment costs placing pressure on many industries. The average waste water treatment plant relies on multi-step filtration processes that require significant infrastructure and ongoing maintenance.\u00a0 For businesses looking for a cost-effective and compliant alternative to a wastewater management plant, Minetek\u2019s mechanical evaporation technology is an ideal option since it simplifies wastewater management by reducing water volume without the need for extensive filtration or chemical treatment. To learn more about how our solutions compare to treatment plants, [&hellip;]<\/p>\n","protected":false},"author":10,"featured_media":0,"parent":0,"menu_order":0,"comment_status":"closed","ping_status":"closed","template":"template-headshoulder.php","meta":{"_acf_changed":false,"footnotes":""},"class_list":["post-4747","page","type-page","status-publish","hentry"],"acf":[],"yoast_head":"<!-- This site is optimized with the Yoast SEO plugin v27.3 - https:\/\/yoast.com\/product\/yoast-seo-wordpress\/ -->\n<title>Waste Water Treatment Plant | Minetek<\/title>\n<meta name=\"description\" content=\"Minetek provides a cost-effective alternative to waste water treatment plant options with water evaporation solutions, reducing costs and ensuring compliance.\" \/>\n<meta name=\"robots\" content=\"index, follow, max-snippet:-1, max-image-preview:large, max-video-preview:-1\" \/>\n<link rel=\"canonical\" href=\"https:\/\/minetek.com\/pt-br\/waste-water-treatment-plant\/\" \/>\n<meta property=\"og:locale\" content=\"pt_BR\" \/>\n<meta property=\"og:type\" content=\"article\" \/>\n<meta property=\"og:title\" content=\"Waste Water Treatment Plant | Minetek\" \/>\n<meta property=\"og:description\" content=\"Minetek provides a cost-effective alternative to waste water treatment plant options with water evaporation solutions, reducing costs and ensuring compliance.\" \/>\n<meta property=\"og:url\" content=\"https:\/\/minetek.com\/pt-br\/waste-water-treatment-plant\/\" \/>\n<meta property=\"og:site_name\" content=\"Minetek\" \/>\n<meta property=\"article:publisher\" content=\"https:\/\/www.facebook.com\/mineteksolutions\/\" \/>\n<meta property=\"article:modified_time\" content=\"2025-03-21T06:37:47+00:00\" \/>\n<meta name=\"twitter:card\" content=\"summary_large_image\" \/>\n<meta name=\"twitter:label1\" content=\"Est. tempo de leitura\" \/>\n\t<meta name=\"twitter:data1\" content=\"6 minutos\" \/>\n<script type=\"application\/ld+json\" class=\"yoast-schema-graph\">{\"@context\":\"https:\\\/\\\/schema.org\",\"@graph\":[{\"@type\":\"WebPage\",\"@id\":\"https:\\\/\\\/minetek.com\\\/waste-water-treatment-plant\\\/\",\"url\":\"https:\\\/\\\/minetek.com\\\/waste-water-treatment-plant\\\/\",\"name\":\"Waste Water Treatment Plant | Minetek\",\"isPartOf\":{\"@id\":\"https:\\\/\\\/minetek.com\\\/#website\"},\"datePublished\":\"2025-03-20T07:12:25+00:00\",\"dateModified\":\"2025-03-21T06:37:47+00:00\",\"description\":\"Minetek provides a cost-effective alternative to waste water treatment plant options with water evaporation solutions, reducing costs and ensuring compliance.\",\"breadcrumb\":{\"@id\":\"https:\\\/\\\/minetek.com\\\/waste-water-treatment-plant\\\/#breadcrumb\"},\"inLanguage\":\"pt-BR\",\"potentialAction\":[{\"@type\":\"ReadAction\",\"target\":[\"https:\\\/\\\/minetek.com\\\/waste-water-treatment-plant\\\/\"]}]},{\"@type\":\"BreadcrumbList\",\"@id\":\"https:\\\/\\\/minetek.com\\\/waste-water-treatment-plant\\\/#breadcrumb\",\"itemListElement\":[{\"@type\":\"ListItem\",\"position\":1,\"name\":\"Home\",\"item\":\"https:\\\/\\\/minetek.com\\\/\"},{\"@type\":\"ListItem\",\"position\":2,\"name\":\"Waste Water Treatment Plant\"}]},{\"@type\":\"WebSite\",\"@id\":\"https:\\\/\\\/minetek.com\\\/#website\",\"url\":\"https:\\\/\\\/minetek.com\\\/\",\"name\":\"Minetek\",\"description\":\"World-class water evaporation, underground ventilation, sound reduction solutions for mining and industry.\",\"publisher\":{\"@id\":\"https:\\\/\\\/minetek.com\\\/#organization\"},\"potentialAction\":[{\"@type\":\"SearchAction\",\"target\":{\"@type\":\"EntryPoint\",\"urlTemplate\":\"https:\\\/\\\/minetek.com\\\/?s={search_term_string}\"},\"query-input\":{\"@type\":\"PropertyValueSpecification\",\"valueRequired\":true,\"valueName\":\"search_term_string\"}}],\"inLanguage\":\"pt-BR\"},{\"@type\":\"Organization\",\"@id\":\"https:\\\/\\\/minetek.com\\\/#organization\",\"name\":\"Minetek\",\"url\":\"https:\\\/\\\/minetek.com\\\/\",\"logo\":{\"@type\":\"ImageObject\",\"inLanguage\":\"pt-BR\",\"@id\":\"https:\\\/\\\/minetek.com\\\/#\\\/schema\\\/logo\\\/image\\\/\",\"url\":\"https:\\\/\\\/minetek.com\\\/wp-content\\\/uploads\\\/2025\\\/02\\\/13.png\",\"contentUrl\":\"https:\\\/\\\/minetek.com\\\/wp-content\\\/uploads\\\/2025\\\/02\\\/13.png\",\"width\":600,\"height\":600,\"caption\":\"Minetek\"},\"image\":{\"@id\":\"https:\\\/\\\/minetek.com\\\/#\\\/schema\\\/logo\\\/image\\\/\"},\"sameAs\":[\"https:\\\/\\\/www.facebook.com\\\/mineteksolutions\\\/\",\"https:\\\/\\\/www.linkedin.com\\\/company\\\/minetek\\\/\"]}]}<\/script>\n<!-- \/ Yoast SEO plugin. -->","yoast_head_json":{"title":"Waste Water Treatment Plant | Minetek","description":"Minetek provides a cost-effective alternative to waste water treatment plant options with water evaporation solutions, reducing costs and ensuring compliance.","robots":{"index":"index","follow":"follow","max-snippet":"max-snippet:-1","max-image-preview":"max-image-preview:large","max-video-preview":"max-video-preview:-1"},"canonical":"https:\/\/minetek.com\/pt-br\/waste-water-treatment-plant\/","og_locale":"pt_BR","og_type":"article","og_title":"Waste Water Treatment Plant | Minetek","og_description":"Minetek provides a cost-effective alternative to waste water treatment plant options with water evaporation solutions, reducing costs and ensuring compliance.","og_url":"https:\/\/minetek.com\/pt-br\/waste-water-treatment-plant\/","og_site_name":"Minetek","article_publisher":"https:\/\/www.facebook.com\/mineteksolutions\/","article_modified_time":"2025-03-21T06:37:47+00:00","twitter_card":"summary_large_image","twitter_misc":{"Est. tempo de leitura":"6 minutos"},"schema":{"@context":"https:\/\/schema.org","@graph":[{"@type":"WebPage","@id":"https:\/\/minetek.com\/waste-water-treatment-plant\/","url":"https:\/\/minetek.com\/waste-water-treatment-plant\/","name":"Waste Water Treatment Plant | Minetek","isPartOf":{"@id":"https:\/\/minetek.com\/#website"},"datePublished":"2025-03-20T07:12:25+00:00","dateModified":"2025-03-21T06:37:47+00:00","description":"Minetek provides a cost-effective alternative to waste water treatment plant options with water evaporation solutions, reducing costs and ensuring compliance.","breadcrumb":{"@id":"https:\/\/minetek.com\/waste-water-treatment-plant\/#breadcrumb"},"inLanguage":"pt-BR","potentialAction":[{"@type":"ReadAction","target":["https:\/\/minetek.com\/waste-water-treatment-plant\/"]}]},{"@type":"BreadcrumbList","@id":"https:\/\/minetek.com\/waste-water-treatment-plant\/#breadcrumb","itemListElement":[{"@type":"ListItem","position":1,"name":"Home","item":"https:\/\/minetek.com\/"},{"@type":"ListItem","position":2,"name":"Waste Water Treatment Plant"}]},{"@type":"WebSite","@id":"https:\/\/minetek.com\/#website","url":"https:\/\/minetek.com\/","name":"Minetek","description":"Solu\u00e7\u00f5es de classe mundial em evapora\u00e7\u00e3o de \u00e1gua, ventila\u00e7\u00e3o subterr\u00e2nea e redu\u00e7\u00e3o de ru\u00eddo para minera\u00e7\u00e3o e ind\u00fastria.","publisher":{"@id":"https:\/\/minetek.com\/#organization"},"potentialAction":[{"@type":"SearchAction","target":{"@type":"EntryPoint","urlTemplate":"https:\/\/minetek.com\/?s={search_term_string}"},"query-input":{"@type":"PropertyValueSpecification","valueRequired":true,"valueName":"search_term_string"}}],"inLanguage":"pt-BR"},{"@type":"Organization","@id":"https:\/\/minetek.com\/#organization","name":"Minetek","url":"https:\/\/minetek.com\/","logo":{"@type":"ImageObject","inLanguage":"pt-BR","@id":"https:\/\/minetek.com\/#\/schema\/logo\/image\/","url":"https:\/\/minetek.com\/wp-content\/uploads\/2025\/02\/13.png","contentUrl":"https:\/\/minetek.com\/wp-content\/uploads\/2025\/02\/13.png","width":600,"height":600,"caption":"Minetek"},"image":{"@id":"https:\/\/minetek.com\/#\/schema\/logo\/image\/"},"sameAs":["https:\/\/www.facebook.com\/mineteksolutions\/","https:\/\/www.linkedin.com\/company\/minetek\/"]}]}},"_links":{"self":[{"href":"https:\/\/minetek.com\/pt-br\/wp-json\/wp\/v2\/pages\/4747","targetHints":{"allow":["GET"]}}],"collection":[{"href":"https:\/\/minetek.com\/pt-br\/wp-json\/wp\/v2\/pages"}],"about":[{"href":"https:\/\/minetek.com\/pt-br\/wp-json\/wp\/v2\/types\/page"}],"author":[{"embeddable":true,"href":"https:\/\/minetek.com\/pt-br\/wp-json\/wp\/v2\/users\/10"}],"replies":[{"embeddable":true,"href":"https:\/\/minetek.com\/pt-br\/wp-json\/wp\/v2\/comments?post=4747"}],"version-history":[{"count":0,"href":"https:\/\/minetek.com\/pt-br\/wp-json\/wp\/v2\/pages\/4747\/revisions"}],"wp:attachment":[{"href":"https:\/\/minetek.com\/pt-br\/wp-json\/wp\/v2\/media?parent=4747"}],"curies":[{"name":"wp","href":"https:\/\/api.w.org\/{rel}","templated":true}]}}