{"id":3,"date":"2024-04-08T00:32:40","date_gmt":"2024-04-08T00:32:40","guid":{"rendered":"http:\/\/minetek.test\/?page_id=3"},"modified":"2025-06-03T15:41:33","modified_gmt":"2025-06-03T05:41:33","slug":"privacy-policy","status":"publish","type":"page","link":"https:\/\/minetek.com\/pt-br\/privacy-policy\/","title":{"rendered":"Pol\u00edtica de privacidade"},"content":{"rendered":"<div class=\"c-cms-content\"><p>Na Minetek, acess\u00edvel a partir de\u00a0<strong>https:\/\/minetek.com\/<\/strong>Em nosso site, uma de nossas principais prioridades \u00e9 a privacidade de nossos visitantes. Este documento da Pol\u00edtica de Privacidade cont\u00e9m os tipos de informa\u00e7\u00f5es que s\u00e3o coletadas e registradas pela Minetek e como as utilizamos.<\/p>\n<p>Se tiver outras d\u00favidas ou precisar de mais informa\u00e7\u00f5es sobre nossa Pol\u00edtica de Privacidade, n\u00e3o hesite em entrar em contato conosco.<\/p>\n<p>Esta Pol\u00edtica de Privacidade aplica-se somente \u00e0s nossas atividades on-line e \u00e9 v\u00e1lida para os visitantes do nosso site com rela\u00e7\u00e3o \u00e0s informa\u00e7\u00f5es que eles compartilharam e\/ou coletaram na Minetek. Esta pol\u00edtica n\u00e3o se aplica a nenhuma informa\u00e7\u00e3o coletada off-line ou por outros canais que n\u00e3o este site.<\/p>\n<h6 id=\"h-consent\" class=\"wp-block-heading\">CONSENTIMENTO<\/h6>\n<p>Ao usar nosso site, voc\u00ea consente com nossa Pol\u00edtica de Privacidade e concorda com seus termos. Para conhecer nossos Termos e Condi\u00e7\u00f5es, visite o site\u00a0<a contenteditable=\"false\" href=\"https:\/\/minetek.com\/pt-br\/terms-and-conditions\/\">P\u00e1gina de Termos e Condi\u00e7\u00f5es<\/a>.<\/p>\n<h6 id=\"h-information-we-collect\" class=\"wp-block-heading\">INFORMA\u00c7\u00d5ES QUE COLETAMOS<\/h6>\n<p>As informa\u00e7\u00f5es pessoais que lhe s\u00e3o solicitadas e os motivos pelos quais lhe s\u00e3o solicitadas ser\u00e3o esclarecidos no momento em que solicitarmos que voc\u00ea forne\u00e7a suas informa\u00e7\u00f5es pessoais.<\/p>\n<p>Se voc\u00ea entrar em contato conosco diretamente, poderemos receber informa\u00e7\u00f5es adicionais sobre voc\u00ea, como seu nome, endere\u00e7o de e-mail, n\u00famero de telefone, o conte\u00fado da mensagem e\/ou anexos que voc\u00ea nos enviar e qualquer outra informa\u00e7\u00e3o que voc\u00ea decida fornecer.<\/p>\n<p>Quando voc\u00ea se registra em uma Conta, podemos solicitar suas informa\u00e7\u00f5es de contato, incluindo itens como nome, nome da empresa, endere\u00e7o, endere\u00e7o de e-mail e n\u00famero de telefone.<\/p>\n<h6 id=\"h-how-we-use-your-information\" class=\"wp-block-heading\">COMO USAMOS SUAS INFORMA\u00c7\u00d5ES<\/h6>\n<p>Usamos as informa\u00e7\u00f5es que coletamos de v\u00e1rias maneiras, inclusive:<\/p>\n<ul>\n<li>Fornecer, operar e manter nosso site,<\/li>\n<li>Melhorar, personalizar e expandir nosso site,<\/li>\n<li>Entender e analisar como voc\u00ea usa nosso site,<\/li>\n<li>Desenvolver novos produtos, servi\u00e7os, recursos e funcionalidades,<\/li>\n<li>Comunicar-nos com voc\u00ea, diretamente ou por meio de um de nossos parceiros, inclusive para atendimento ao cliente, para fornecer-lhe atualiza\u00e7\u00f5es e outras informa\u00e7\u00f5es relacionadas ao site e para fins de marketing e promo\u00e7\u00e3o,<\/li>\n<li>Enviar e-mails para voc\u00ea e<\/li>\n<li>Detectar e evitar fraudes.<\/li>\n<\/ul>\n<h6 id=\"h-log-files\" class=\"wp-block-heading\">ARQUIVOS DE REGISTRO<\/h6>\n<p>A Minetek segue um procedimento padr\u00e3o de uso de arquivos de registro. Esses arquivos registram os visitantes quando eles visitam sites. Todas as empresas de hospedagem fazem isso e s\u00e3o parte da an\u00e1lise dos servi\u00e7os de hospedagem. As informa\u00e7\u00f5es coletadas pelos arquivos de registro incluem endere\u00e7os de protocolo de Internet (IP), tipo de navegador, provedor de servi\u00e7os de Internet (ISP), carimbo de data e hora, p\u00e1ginas de refer\u00eancia\/sa\u00edda e, possivelmente, o n\u00famero de cliques. Essas informa\u00e7\u00f5es n\u00e3o est\u00e3o vinculadas a nenhuma informa\u00e7\u00e3o pessoalmente identific\u00e1vel. A finalidade das informa\u00e7\u00f5es \u00e9 analisar tend\u00eancias, administrar o site, acompanhar a movimenta\u00e7\u00e3o dos usu\u00e1rios no site e coletar informa\u00e7\u00f5es demogr\u00e1ficas.<\/p>\n<h6 id=\"h-cookies-and-web-beacons\" class=\"wp-block-heading\">COOKIES E WEB BEACONS<\/h6>\n<p>Como qualquer outro site, a Minetek usa \"cookies\". Esses cookies s\u00e3o usados para armazenar informa\u00e7\u00f5es, inclusive as prefer\u00eancias dos visitantes e as p\u00e1ginas do site que o visitante acessou ou visitou. As informa\u00e7\u00f5es s\u00e3o usadas para otimizar a experi\u00eancia dos usu\u00e1rios, personalizando o conte\u00fado de nossas p\u00e1ginas da Web com base no tipo de navegador dos visitantes e\/ou em outras informa\u00e7\u00f5es.<\/p>\n<p>Para obter mais informa\u00e7\u00f5es gerais sobre cookies, leia\u00a0<a contenteditable=\"false\" href=\"https:\/\/www.cookieconsent.com\/what-are-cookies\/\" target=\"_blank\" rel=\"noreferrer noopener\">\"O que s\u00e3o cookies\" do Cookie Consent<\/a>.<\/p>\n<h6 id=\"h-advertising-partners-privacy-policies\" class=\"wp-block-heading\">PARCEIROS DE PUBLICIDADE POL\u00cdTICAS DE PRIVACIDADE<\/h6>\n<p>Voc\u00ea pode consultar essa lista para encontrar a Pol\u00edtica de Privacidade de cada um dos parceiros de publicidade da Minetek.<\/p>\n<p>Servidores de an\u00fancios de terceiros ou redes de an\u00fancios usam tecnologias como cookies, JavaScript ou Web Beacons que s\u00e3o usados em seus respectivos an\u00fancios e links que aparecem na Minetek, os quais s\u00e3o enviados diretamente ao navegador do usu\u00e1rio. Eles recebem automaticamente seu endere\u00e7o IP quando isso ocorre. Essas tecnologias s\u00e3o usadas para medir a efic\u00e1cia de suas campanhas publicit\u00e1rias e\/ou para personalizar o conte\u00fado publicit\u00e1rio que voc\u00ea v\u00ea nos sites que visita.<\/p>\n<p>Observe que a Minetek n\u00e3o tem acesso ou controle sobre esses cookies que s\u00e3o usados por anunciantes de terceiros.<\/p>\n<h6 id=\"h-third-party-privacy-policies\" class=\"wp-block-heading\">POL\u00cdTICAS DE PRIVACIDADE DE TERCEIROS<\/h6>\n<p>A Pol\u00edtica de privacidade da Minetek n\u00e3o se aplica a outros anunciantes ou sites. Portanto, recomendamos que voc\u00ea consulte as respectivas Pol\u00edticas de Privacidade desses servidores de an\u00fancios de terceiros para obter informa\u00e7\u00f5es mais detalhadas. Elas podem incluir suas pr\u00e1ticas e instru\u00e7\u00f5es sobre como desativar determinadas op\u00e7\u00f5es.<\/p>\n<p>Voc\u00ea pode optar por desativar os cookies por meio das op\u00e7\u00f5es individuais do seu navegador. Para obter informa\u00e7\u00f5es mais detalhadas sobre o gerenciamento de cookies com navegadores da Web espec\u00edficos, consulte os respectivos sites dos navegadores.<\/p>\n<h6 id=\"h-ccpa-privacy-rights-do-not-sell-my-personal-information\" class=\"wp-block-heading\">DIREITOS DE PRIVACIDADE DA CCPA (N\u00c3O VENDER MINHAS INFORMA\u00c7\u00d5ES PESSOAIS)<\/h6>\n<p>De acordo com a CCPA, entre outros direitos, os consumidores da Calif\u00f3rnia t\u00eam o direito de:<\/p>\n<ul>\n<li>Solicitar que uma empresa que colete dados pessoais de um consumidor divulgue as categorias e partes espec\u00edficas de dados pessoais que a empresa coletou sobre os consumidores.<\/li>\n<li>Solicitar que uma empresa exclua quaisquer dados pessoais sobre o consumidor que a empresa tenha coletado.<\/li>\n<li>Solicitar que uma empresa que vende dados pessoais de um consumidor n\u00e3o venda os dados pessoais do consumidor.<\/li>\n<\/ul>\n<p>Se voc\u00ea fizer uma solicita\u00e7\u00e3o, n\u00f3s lhe responderemos dentro de um m\u00eas, a menos que haja \"for\u00e7a maior\".<\/p>\n<h6 id=\"h-gdpr-data-protection-rights\" class=\"wp-block-heading\">DIREITOS DE PROTE\u00c7\u00c3O DE DADOS DA GDPR<\/h6>\n<p>Gostar\u00edamos de garantir que voc\u00ea esteja totalmente ciente de todos os seus direitos de prote\u00e7\u00e3o de dados. Todo usu\u00e1rio tem direito ao seguinte:<\/p>\n<ul>\n<li>O direito de acesso - Voc\u00ea tem o direito de solicitar c\u00f3pias de seus dados pessoais. Podemos cobrar uma pequena taxa por esse servi\u00e7o.<\/li>\n<li>O direito de retifica\u00e7\u00e3o - Voc\u00ea tem o direito de solicitar a corre\u00e7\u00e3o de qualquer informa\u00e7\u00e3o que acredite estar incorreta. Voc\u00ea tamb\u00e9m tem o direito de solicitar que completemos as informa\u00e7\u00f5es que voc\u00ea acredita estarem incompletas.<\/li>\n<li>O direito de apagar - Voc\u00ea tem o direito de solicitar que apaguemos seus dados pessoais, sob certas condi\u00e7\u00f5es.<\/li>\n<li>O direito de restringir o processamento - Voc\u00ea tem o direito de solicitar que restrinjamos o processamento de seus dados pessoais, sob certas condi\u00e7\u00f5es.<\/li>\n<li>O direito de se opor ao processamento - Voc\u00ea tem o direito de se opor ao nosso processamento de seus dados pessoais, sob certas condi\u00e7\u00f5es.<\/li>\n<li>O direito \u00e0 portabilidade dos dados - Voc\u00ea tem o direito de solicitar a transfer\u00eancia dos dados que coletamos para outra organiza\u00e7\u00e3o ou diretamente para voc\u00ea, sob determinadas condi\u00e7\u00f5es.<\/li>\n<\/ul>\n<p>Se voc\u00ea fizer uma solicita\u00e7\u00e3o, responderemos dentro de um m\u00eas, a menos que haja \"for\u00e7a maior\". Se quiser exercer qualquer um desses direitos, entre em contato conosco.<\/p>\n<h6 id=\"h-children-s-information\" class=\"wp-block-heading\">INFORMA\u00c7\u00d5ES PARA CRIAN\u00c7AS<\/h6>\n<p>Outra parte de nossa prioridade \u00e9 adicionar prote\u00e7\u00e3o \u00e0s crian\u00e7as durante o uso da Internet. Incentivamos os pais e respons\u00e1veis a observar, participar e\/ou monitorar e orientar suas atividades on-line.<\/p>\n<p>A Minetek n\u00e3o coleta intencionalmente nenhuma informa\u00e7\u00e3o pessoal identific\u00e1vel de crian\u00e7as com menos de 13 anos de idade. Se voc\u00ea achar que seu filho forneceu esse tipo de informa\u00e7\u00e3o em nosso site, recomendamos enfaticamente que entre em contato conosco imediatamente e faremos o poss\u00edvel para remover imediatamente essas informa\u00e7\u00f5es de nossos registros.<\/p>\n<\/div>","protected":false},"excerpt":{"rendered":"<p>At Minetek, accessible from\u00a0https:\/\/minetek.com\/, one of our main priorities is the privacy of our visitors. This Privacy Policy document contains types of information that are collected and recorded by Minetek and how we use it. If you have additional questions or require more information about our Privacy Policy, do not hesitate to contact us. This Privacy Policy applies only to our online activities and is valid for visitors to our website with regards to the information that they shared and\/or collected in Minetek. This policy is not applicable to any information collected offline or via channels other than this website. [&hellip;]<\/p>\n","protected":false},"author":1,"featured_media":0,"parent":0,"menu_order":0,"comment_status":"closed","ping_status":"open","template":"","meta":{"_acf_changed":false,"footnotes":""},"class_list":["post-3","page","type-page","status-publish","hentry"],"acf":[],"yoast_head":"<!-- This site is optimized with the Yoast SEO plugin v27.4 - https:\/\/yoast.com\/product\/yoast-seo-wordpress\/ -->\n<title>Minetek Privacy Policy: Safeguarding Your Data<\/title>\n<meta name=\"description\" content=\"Explore Minetek&#039;s Privacy Policy. Learn how we safeguard your data while providing innovative mining solutions globally.\" \/>\n<meta name=\"robots\" content=\"index, follow, max-snippet:-1, max-image-preview:large, max-video-preview:-1\" \/>\n<link rel=\"canonical\" href=\"https:\/\/minetek.com\/pt-br\/privacy-policy\/\" \/>\n<meta property=\"og:locale\" content=\"pt_BR\" \/>\n<meta property=\"og:type\" content=\"article\" \/>\n<meta property=\"og:title\" content=\"Minetek Privacy Policy: Safeguarding Your Data\" \/>\n<meta property=\"og:description\" content=\"Explore Minetek&#039;s Privacy Policy. Learn how we safeguard your data while providing innovative mining solutions globally.\" \/>\n<meta property=\"og:url\" content=\"https:\/\/minetek.com\/pt-br\/privacy-policy\/\" \/>\n<meta property=\"og:site_name\" content=\"Minetek\" \/>\n<meta property=\"article:publisher\" content=\"https:\/\/www.facebook.com\/mineteksolutions\/\" \/>\n<meta property=\"article:modified_time\" content=\"2025-06-03T05:41:33+00:00\" \/>\n<meta name=\"twitter:card\" content=\"summary_large_image\" \/>\n<meta name=\"twitter:label1\" content=\"Est. tempo de leitura\" \/>\n\t<meta name=\"twitter:data1\" content=\"5 minutos\" \/>\n<script type=\"application\/ld+json\" class=\"yoast-schema-graph\">{\"@context\":\"https:\\\/\\\/schema.org\",\"@graph\":[{\"@type\":\"WebPage\",\"@id\":\"https:\\\/\\\/minetek.com\\\/privacy-policy\\\/\",\"url\":\"https:\\\/\\\/minetek.com\\\/privacy-policy\\\/\",\"name\":\"Minetek Privacy Policy: Safeguarding Your Data\",\"isPartOf\":{\"@id\":\"https:\\\/\\\/minetek.com\\\/#website\"},\"datePublished\":\"2024-04-08T00:32:40+00:00\",\"dateModified\":\"2025-06-03T05:41:33+00:00\",\"description\":\"Explore Minetek's Privacy Policy. Learn how we safeguard your data while providing innovative mining solutions globally.\",\"breadcrumb\":{\"@id\":\"https:\\\/\\\/minetek.com\\\/privacy-policy\\\/#breadcrumb\"},\"inLanguage\":\"pt-BR\",\"potentialAction\":[{\"@type\":\"ReadAction\",\"target\":[\"https:\\\/\\\/minetek.com\\\/privacy-policy\\\/\"]}]},{\"@type\":\"BreadcrumbList\",\"@id\":\"https:\\\/\\\/minetek.com\\\/privacy-policy\\\/#breadcrumb\",\"itemListElement\":[{\"@type\":\"ListItem\",\"position\":1,\"name\":\"Home\",\"item\":\"https:\\\/\\\/minetek.com\\\/\"},{\"@type\":\"ListItem\",\"position\":2,\"name\":\"Privacy Policy\"}]},{\"@type\":\"WebSite\",\"@id\":\"https:\\\/\\\/minetek.com\\\/#website\",\"url\":\"https:\\\/\\\/minetek.com\\\/\",\"name\":\"Minetek\",\"description\":\"World-class water evaporation, underground ventilation, sound reduction solutions for mining and industry.\",\"publisher\":{\"@id\":\"https:\\\/\\\/minetek.com\\\/#organization\"},\"potentialAction\":[{\"@type\":\"SearchAction\",\"target\":{\"@type\":\"EntryPoint\",\"urlTemplate\":\"https:\\\/\\\/minetek.com\\\/?s={search_term_string}\"},\"query-input\":{\"@type\":\"PropertyValueSpecification\",\"valueRequired\":true,\"valueName\":\"search_term_string\"}}],\"inLanguage\":\"pt-BR\"},{\"@type\":\"Organization\",\"@id\":\"https:\\\/\\\/minetek.com\\\/#organization\",\"name\":\"Minetek\",\"url\":\"https:\\\/\\\/minetek.com\\\/\",\"logo\":{\"@type\":\"ImageObject\",\"inLanguage\":\"pt-BR\",\"@id\":\"https:\\\/\\\/minetek.com\\\/#\\\/schema\\\/logo\\\/image\\\/\",\"url\":\"https:\\\/\\\/minetek.com\\\/wp-content\\\/uploads\\\/2025\\\/02\\\/13.png\",\"contentUrl\":\"https:\\\/\\\/minetek.com\\\/wp-content\\\/uploads\\\/2025\\\/02\\\/13.png\",\"width\":600,\"height\":600,\"caption\":\"Minetek\"},\"image\":{\"@id\":\"https:\\\/\\\/minetek.com\\\/#\\\/schema\\\/logo\\\/image\\\/\"},\"sameAs\":[\"https:\\\/\\\/www.facebook.com\\\/mineteksolutions\\\/\",\"https:\\\/\\\/www.linkedin.com\\\/company\\\/minetek\\\/\"]}]}<\/script>\n<!-- \/ Yoast SEO plugin. -->","yoast_head_json":{"title":"Pol\u00edtica de privacidade da Minetek: Prote\u00e7\u00e3o de seus dados","description":"Explore a Pol\u00edtica de Privacidade da Minetek. Saiba como protegemos seus dados enquanto fornecemos solu\u00e7\u00f5es inovadoras de minera\u00e7\u00e3o em todo o mundo.","robots":{"index":"index","follow":"follow","max-snippet":"max-snippet:-1","max-image-preview":"max-image-preview:large","max-video-preview":"max-video-preview:-1"},"canonical":"https:\/\/minetek.com\/pt-br\/privacy-policy\/","og_locale":"pt_BR","og_type":"article","og_title":"Minetek Privacy Policy: Safeguarding Your Data","og_description":"Explore Minetek's Privacy Policy. Learn how we safeguard your data while providing innovative mining solutions globally.","og_url":"https:\/\/minetek.com\/pt-br\/privacy-policy\/","og_site_name":"Minetek","article_publisher":"https:\/\/www.facebook.com\/mineteksolutions\/","article_modified_time":"2025-06-03T05:41:33+00:00","twitter_card":"summary_large_image","twitter_misc":{"Est. tempo de leitura":"5 minutos"},"schema":{"@context":"https:\/\/schema.org","@graph":[{"@type":"WebPage","@id":"https:\/\/minetek.com\/privacy-policy\/","url":"https:\/\/minetek.com\/privacy-policy\/","name":"Pol\u00edtica de privacidade da Minetek: Prote\u00e7\u00e3o de seus dados","isPartOf":{"@id":"https:\/\/minetek.com\/#website"},"datePublished":"2024-04-08T00:32:40+00:00","dateModified":"2025-06-03T05:41:33+00:00","description":"Explore a Pol\u00edtica de Privacidade da Minetek. Saiba como protegemos seus dados enquanto fornecemos solu\u00e7\u00f5es inovadoras de minera\u00e7\u00e3o em todo o mundo.","breadcrumb":{"@id":"https:\/\/minetek.com\/privacy-policy\/#breadcrumb"},"inLanguage":"pt-BR","potentialAction":[{"@type":"ReadAction","target":["https:\/\/minetek.com\/privacy-policy\/"]}]},{"@type":"BreadcrumbList","@id":"https:\/\/minetek.com\/privacy-policy\/#breadcrumb","itemListElement":[{"@type":"ListItem","position":1,"name":"Home","item":"https:\/\/minetek.com\/"},{"@type":"ListItem","position":2,"name":"Privacy Policy"}]},{"@type":"WebSite","@id":"https:\/\/minetek.com\/#website","url":"https:\/\/minetek.com\/","name":"Minetek","description":"Solu\u00e7\u00f5es de classe mundial em evapora\u00e7\u00e3o de \u00e1gua, ventila\u00e7\u00e3o subterr\u00e2nea e redu\u00e7\u00e3o de ru\u00eddo para minera\u00e7\u00e3o e ind\u00fastria.","publisher":{"@id":"https:\/\/minetek.com\/#organization"},"potentialAction":[{"@type":"SearchAction","target":{"@type":"EntryPoint","urlTemplate":"https:\/\/minetek.com\/?s={search_term_string}"},"query-input":{"@type":"PropertyValueSpecification","valueRequired":true,"valueName":"search_term_string"}}],"inLanguage":"pt-BR"},{"@type":"Organization","@id":"https:\/\/minetek.com\/#organization","name":"Minetek","url":"https:\/\/minetek.com\/","logo":{"@type":"ImageObject","inLanguage":"pt-BR","@id":"https:\/\/minetek.com\/#\/schema\/logo\/image\/","url":"https:\/\/minetek.com\/wp-content\/uploads\/2025\/02\/13.png","contentUrl":"https:\/\/minetek.com\/wp-content\/uploads\/2025\/02\/13.png","width":600,"height":600,"caption":"Minetek"},"image":{"@id":"https:\/\/minetek.com\/#\/schema\/logo\/image\/"},"sameAs":["https:\/\/www.facebook.com\/mineteksolutions\/","https:\/\/www.linkedin.com\/company\/minetek\/"]}]}},"_links":{"self":[{"href":"https:\/\/minetek.com\/pt-br\/wp-json\/wp\/v2\/pages\/3","targetHints":{"allow":["GET"]}}],"collection":[{"href":"https:\/\/minetek.com\/pt-br\/wp-json\/wp\/v2\/pages"}],"about":[{"href":"https:\/\/minetek.com\/pt-br\/wp-json\/wp\/v2\/types\/page"}],"author":[{"embeddable":true,"href":"https:\/\/minetek.com\/pt-br\/wp-json\/wp\/v2\/users\/1"}],"replies":[{"embeddable":true,"href":"https:\/\/minetek.com\/pt-br\/wp-json\/wp\/v2\/comments?post=3"}],"version-history":[{"count":0,"href":"https:\/\/minetek.com\/pt-br\/wp-json\/wp\/v2\/pages\/3\/revisions"}],"wp:attachment":[{"href":"https:\/\/minetek.com\/pt-br\/wp-json\/wp\/v2\/media?parent=3"}],"curies":[{"name":"wp","href":"https:\/\/api.w.org\/{rel}","templated":true}]}}