{"id":4785,"date":"2025-03-21T15:51:50","date_gmt":"2025-03-21T04:51:50","guid":{"rendered":"https:\/\/minetek.com\/?page_id=4785"},"modified":"2025-03-21T18:27:01","modified_gmt":"2025-03-21T07:27:01","slug":"water-management","status":"publish","type":"page","link":"https:\/\/minetek.com\/it\/water-management\/","title":{"rendered":"Gestione dell'acqua"},"content":{"rendered":"<div class=\"c-cms-content\"><h1>3 fattori importanti da considerare per <strong>gestione efficace dell'acqua<\/strong><\/h1>\n<p><span style=\"font-weight: 400;\">Gestione dell'acqua<\/span><span style=\"font-weight: 400;\"> \u00e8 la spina dorsale delle operazioni efficienti nelle industrie gravate da problemi di eccesso di acqua. Le soluzioni per la conformit\u00e0 idrica sono una parte fondamentale per mantenere le operazioni industriali senza intoppi, soprattutto quando si ha a che fare con l'acqua in eccesso dovuta a forti piogge o a rigide normative ambientali.\u00a0<\/span><\/p>\n<p><span style=\"font-weight: 400;\">Minetek, leader mondiale nella precisione ingegneristica, offre un approccio all'avanguardia con i suoi sistemi di evaporazione dell'acqua personalizzabili. Questi sistemi offrono una perfetta adattabilit\u00e0 a una miriade di terreni, garantendo conformit\u00e0 ed efficienza senza inutili complicazioni.<\/span><\/p>\n<p>&nbsp;<\/p>\n<h2><span style=\"font-weight: 400;\">#1: Trova un <\/span><span style=\"font-weight: 400;\">gestione dell'acqua<\/span><span style=\"font-weight: 400;\"> sistema personalizzato per il vostro sito.<\/span><\/h2>\n<p><span style=\"font-weight: 400;\">Non tutti <\/span><a href=\"https:\/\/minetek.com\/it\/wastewater-management-treatment\/\"><span style=\"font-weight: 400;\">trattamento delle acque reflue<\/span><\/a><span style=\"font-weight: 400;\"> sono costruiti per gestire le sfide uniche di ogni sito. Molte soluzioni sono progettate con un approccio unico, che presuppone condizioni idriche, dimensioni del sito e requisiti operativi uniformi. Ma in realt\u00e0 non esistono due siti esattamente uguali: ci\u00f2 che funziona per un'operazione potrebbe essere del tutto inefficace per un'altra.\u00a0<\/span><\/p>\n<p><span style=\"font-weight: 400;\">Con oltre 150 anni di esperienza globale, Minetek comprende queste sfide e ha progettato una gamma avanzata di soluzioni meccaniche per l'evaporazione dell'acqua. A differenza dei sistemi convenzionali di smaltimento delle acque reflue, le nostre unit\u00e0 di evaporazione su misura sono progettate per adattarsi alle diverse condizioni dell'acqua, comprese le fluttuazioni dei livelli di pH e della qualit\u00e0 dell'acqua.\u00a0<\/span><\/p>\n<p><span style=\"font-weight: 400;\">Sia che il vostro sito abbia a che fare con un'elevata salinit\u00e0, con metalli pesanti o con grandi volumi di acque reflue, i nostri sistemi scientificamente provati assicurano efficienza e conformit\u00e0. <\/span><span style=\"font-weight: 400;\">gestione dell'acqua<\/span><span style=\"font-weight: 400;\"> anche negli ambienti pi\u00f9 complessi.<\/span><\/p>\n<p><span style=\"font-weight: 400;\">Quando l'industria <\/span><span style=\"font-weight: 400;\">gestione dell'acqua<\/span><span style=\"font-weight: 400;\"> \u00e8 fondamentale per il successo del vostro sito, avete bisogno di una soluzione costruita su misura, non di una soluzione che costringa il vostro sito ad adattarsi. Lasciate che Minetek aiuti le vostre aziende a migliorare l'efficienza, a ridurre l'impatto ambientale e a rimanere al passo con i requisiti di conformit\u00e0.\u00a0<\/span><\/p>\n<p>&nbsp;<\/p>\n<h2><span style=\"font-weight: 400;\">#2: Cercare un <\/span><span style=\"font-weight: 400;\">gestione dell'acqua<\/span><span style=\"font-weight: 400;\"> sistema altamente mobile.<\/span><\/h2>\n<p><span style=\"font-weight: 400;\">Industrie come quella mineraria, della produzione di energia, del petrolio e del gas non operano in ambienti statici. Le condizioni cambiano, si presentano nuove sfide e <\/span><span style=\"font-weight: 400;\">gestione dell'acqua<\/span><span style=\"font-weight: 400;\"> deve cambiare.\u00a0<\/span><\/p>\n<p><span style=\"font-weight: 400;\">Una permanente <\/span><a href=\"https:\/\/minetek.com\/it\/wastewater-treatment\/\"><span style=\"font-weight: 400;\">trattamento delle acque reflue<\/span><\/a><span style=\"font-weight: 400;\"> pu\u00f2 essere costoso e poco pratico, soprattutto per i siti che necessitano di flessibilit\u00e0. La possibilit\u00e0 di riposizionare le apparecchiature in base all'evoluzione delle operazioni garantisce l'efficienza senza costi infrastrutturali inutili per i settori in cui la disposizione dei siti, i volumi d'acqua e le esigenze operative cambiano costantemente.<\/span><\/p>\n<p><span style=\"font-weight: 400;\">Ecco perch\u00e9 l'alta mobilit\u00e0 di Minetek <\/span><span style=\"font-weight: 400;\">gestione dell'acqua<\/span><span style=\"font-weight: 400;\"> Le soluzioni possono essere facilmente spostate da un luogo all'altro o addirittura trasferite in un sito completamente diverso. I nostri sistemi modulari sono costruiti per una rapida implementazione, consentendo alle aziende di adattare i loro <\/span><span style=\"font-weight: 400;\">gestione dell'acqua<\/span><span style=\"font-weight: 400;\"> senza ritardi o costose ricostruzioni.\u00a0<\/span><\/p>\n<p><span style=\"font-weight: 400;\">Oltre alla mobilit\u00e0, i nostri sistemi sono progettati per funzionare in modo efficiente con requisiti minimi di spazio ed energia. Ci\u00f2 significa che le aziende possono ottenere un servizio affidabile e su larga scala. <\/span><a href=\"https:\/\/minetek.com\/it\/resource-hub\/news\/water-treatment-vs-water-evaporation\/\"><span style=\"font-weight: 400;\">evaporazione dell'acqua<\/span><\/a><span style=\"font-weight: 400;\"> senza sovraccaricare i sistemi di alimentazione esistenti o senza richiedere installazioni estese come gli impianti di trattamento dell'acqua.\u00a0<\/span><\/p>\n<p><span style=\"font-weight: 400;\">Inoltre, grazie a comode possibilit\u00e0 di consegna e installazione, Minetek assicura che, ovunque si svolga la vostra attivit\u00e0, un sistema efficace di gestione dei rifiuti. <\/span><span style=\"font-weight: 400;\">gestione dell'acqua<\/span><span style=\"font-weight: 400;\"> soluzione pu\u00f2 venire con voi.<\/span><\/p>\n<p>&nbsp;<\/p>\n<h2><span style=\"font-weight: 400;\">#3: Ricerca di un <\/span><span style=\"font-weight: 400;\">gestione dell'acqua<\/span><span style=\"font-weight: 400;\"> sistema che pu\u00f2 essere monitorato e ottimizzato da remoto.<\/span><\/h2>\n<p><span style=\"font-weight: 400;\">W<\/span><span style=\"font-weight: 400;\">gestione dell'acqua<\/span><span style=\"font-weight: 400;\"> Le condizioni cambiano costantemente, dai cambiamenti meteorologici ai livelli d'acqua fluttuanti. Senza la possibilit\u00e0 di monitorare e ottimizzare il sistema da remoto, gli operatori sono costretti a reagire dopo l'insorgere dei problemi, anzich\u00e9 prevenirli fin dall'inizio.\u00a0<\/span><\/p>\n<p><span style=\"font-weight: 400;\">I ritardi nel rispondere ai cambiamenti ambientali possono portare a inefficienze, aumento dei costi e rischi di conformit\u00e0, <\/span><a href=\"https:\/\/minetek.com\/it\/water-mismanagement\/\"><span style=\"font-weight: 400;\">cattiva gestione dell'acqua<\/span><\/a><span style=\"font-weight: 400;\"> e potenziali danni ambientali.<\/span><\/p>\n<p><span style=\"font-weight: 400;\">Il Sistema di Gestione Ambientale (EMS) di Minetek fornisce un monitoraggio e un'ottimizzazione in tempo reale, consentendo agli operatori di adattarsi alle mutevoli condizioni. Il nostro sistema \u00e8 alimentato da una stazione meteorologica avanzata che tiene traccia dei principali fattori ambientali come umidit\u00e0, velocit\u00e0 e direzione del vento, temperatura, precipitazioni, flusso e pressione dell'acqua.\u00a0<\/span><\/p>\n<p><span style=\"font-weight: 400;\">Gli operatori possono anche configurare automazioni che richiedono agli evarporatori di regolarsi in base a dati precisi e in tempo reale, utilizzando condizioni ambientali e parametri operativi predefiniti.<\/span><\/p>\n<p><span style=\"font-weight: 400;\">Inoltre, il nostro EMS consente anche il controllo automatizzato degli orari di funzionamento dell'alba e del tramonto. Grazie al monitoraggio e all'automazione a distanza, gli operatori possono ridurre gli interventi manuali, minimizzare i tempi di inattivit\u00e0 e garantire la conformit\u00e0, il tutto senza dover essere presenti in loco.<\/span><\/p>\n<p>&nbsp;<\/p>\n<h2><span style=\"font-weight: 400;\">Domande frequenti (FAQ)<\/span><\/h2>\n<h2><span style=\"font-weight: 400;\">I sistemi Minetek sono in grado di gestire acque ad alto contenuto di TDS e TSS?<\/span><\/h2>\n<p><span style=\"font-weight: 400;\">S\u00ec. I sistemi di evaporazione Minetek sono gi\u00e0 in funzione in tutto il mondo e sono in grado di evaporare con successo acqua con livelli di pH estremi (da pH 1,0 a pH 14+), acqua acida, acqua caustica e acqua con elevati solidi totali disciolti (TDS) e solidi totali sospesi (TSS).<\/span><\/p>\n<p><span style=\"font-weight: 400;\">A differenza del <\/span><a href=\"https:\/\/minetek.com\/it\/wastewater-treatment-process\/\"><span style=\"font-weight: 400;\">processo di trattamento delle acque reflue<\/span><\/a><span style=\"font-weight: 400;\">I nostri evaporatori agiscono sull'acqua nel suo complesso e non sono quindi influenzati dalle variazioni della qualit\u00e0 dell'acqua. Ci\u00f2 garantisce un'evaporazione costante ed efficiente, indipendentemente dalla composizione dell'acqua.<\/span><\/p>\n<p>&nbsp;<\/p>\n<h2><span style=\"font-weight: 400;\">Quali sono le principali applicazioni della tecnologia di evaporazione dell'acqua?<\/span><\/h2>\n<p><span style=\"font-weight: 400;\">Economicamente vantaggioso <\/span><span style=\"font-weight: 400;\">gestione dell'acqua<\/span><span style=\"font-weight: 400;\"> per l'industria mineraria e altre industrie \u00e8 una sfida significativa, poich\u00e9 l'acqua in eccesso pu\u00f2 comportare rischi ambientali, sanzioni normative e interruzioni operative. La tecnologia di evaporazione di Minetek offre una soluzione efficace e sostenibile a questi problemi.<\/span><\/p>\n<p><span style=\"font-weight: 400;\">Per chi gestisce le acque sotterranee nei pozzi minerari, invece di affidarsi a costosi metodi di pompaggio o di trattamento, i sistemi Minetek <\/span><a href=\"https:\/\/minetek.com\/it\/soluzioni\/water\/land-based-evaporators\/\"><span style=\"font-weight: 400;\">evaporatore d'acqua<\/span><\/a><span style=\"font-weight: 400;\"> La tecnologia di questo sistema rimuove direttamente l'acqua in eccesso, riducendo le esigenze di smaltimento e l'impatto ambientale.<\/span><\/p>\n<p><span style=\"font-weight: 400;\">Se avete bisogno di stabilizzare una diga, l'acqua in eccesso nelle dighe di sterili pu\u00f2 compromettere l'integrit\u00e0 strutturale, aumentando il rischio di rotture. La nostra tecnologia riduce il volume dell'acqua attraverso l'evaporazione e aiuta ad alleggerire la pressione sulle strutture della diga, migliorando la sicurezza e la sostenibilit\u00e0 e riducendo al minimo il deflusso ambientale.<\/span><\/p>\n<p>&nbsp;<\/p>\n<h2><span style=\"font-weight: 400;\">Come faccio a sapere quale <\/span><span style=\"font-weight: 400;\">gestione dell'acqua<\/span><span style=\"font-weight: 400;\"> \u00e8 la soluzione giusta per il mio settore?<\/span><\/h2>\n<p><span style=\"font-weight: 400;\">Le condizioni dell'acqua, le normative ambientali e le esigenze operative variano notevolmente a seconda dei settori e delle localit\u00e0. Un approccio unico per tutti non sempre funziona.<\/span><\/p>\n<p><span style=\"font-weight: 400;\">Minetek offre un'analisi personalizzata del sito per valutare le vostre esigenze specifiche. Utilizzando dati reali, modelliamo le prestazioni dei nostri evaporatori a terra e galleggianti nel vostro ambiente, fornendo raccomandazioni di esperti per garantire la soluzione pi\u00f9 efficace ed efficiente per il vostro sito.<\/span><\/p>\n<h3><span style=\"font-weight: 400;\">Efficiente <\/span><span style=\"font-weight: 400;\">gestione dell'acqua<\/span><span style=\"font-weight: 400;\"> che supera le aspettative<\/span><\/h3>\n<p><span style=\"font-weight: 400;\">Le nostre soluzioni consentono alle industrie di gestire efficacemente le loro risorse idriche critiche.\u00a0<\/span><\/p>\n<p><span style=\"font-weight: 400;\">I moderni settori minerario, petrolifero e del gas si trovano ad affrontare sfide complesse per l'ottimizzazione delle risorse. <\/span><a href=\"https:\/\/minetek.com\/it\/water-wastewater-treatment\/\"><span style=\"font-weight: 400;\">trattamento delle acque reflue<\/span><\/a><span style=\"font-weight: 400;\"> e il rispetto degli standard ambientali. Le tecnologie avanzate di Minetek per l'evaporazione dell'acqua offrono soluzioni innovative e convenienti che stanno cambiando il settore.\u00a0<\/span><\/p>\n<p><span style=\"font-weight: 400;\">Con una presenza globale e un solido portafoglio di progetti di successo, soddisfiamo esigenze diverse superando le aspettative di conformit\u00e0. Il nostro impegno per l'innovazione significa spingersi costantemente oltre i limiti per fornire risultati tangibili che abbiano un impatto. Contattateci oggi stesso!<\/span><\/p>\n<\/div>","protected":false},"excerpt":{"rendered":"<p>3 important factors you need to consider for effective water management Water management is the backbone of efficient operations in industries burdened by excess water challenges. Water compliance solutions are a critical part of keeping industrial operations running smoothly, especially when dealing with excess water from heavy rainfall or strict environmental regulations.\u00a0 Minetek, a global leader in engineering precision, offers a cutting-edge approach with our customizable water evaporation systems. These systems offer seamless adaptability across myriad terrains, ensuring compliance and efficiency without unnecessary complications. &nbsp; #1: Find a water management system personalized for your site. Not all wastewater management treatment [&hellip;]<\/p>\n","protected":false},"author":10,"featured_media":0,"parent":0,"menu_order":0,"comment_status":"closed","ping_status":"closed","template":"template-headshoulder.php","meta":{"_acf_changed":false,"footnotes":""},"class_list":["post-4785","page","type-page","status-publish","hentry"],"acf":[],"yoast_head":"<!-- This site is optimized with the Yoast SEO plugin v27.4 - https:\/\/yoast.com\/product\/yoast-seo-wordpress\/ -->\n<title>Water Management | Minetek<\/title>\n<meta name=\"description\" content=\"Minetek offers innovative water management solutions, focusing on site-specific designs, mobility and remote monitoring to enhance your operational efficiency.\" \/>\n<meta name=\"robots\" content=\"index, follow, max-snippet:-1, max-image-preview:large, max-video-preview:-1\" \/>\n<link rel=\"canonical\" href=\"https:\/\/minetek.com\/it\/water-management\/\" \/>\n<meta property=\"og:locale\" content=\"it_IT\" \/>\n<meta property=\"og:type\" content=\"article\" \/>\n<meta property=\"og:title\" content=\"Water Management | Minetek\" \/>\n<meta property=\"og:description\" content=\"Minetek offers innovative water management solutions, focusing on site-specific designs, mobility and remote monitoring to enhance your operational efficiency.\" \/>\n<meta property=\"og:url\" content=\"https:\/\/minetek.com\/it\/water-management\/\" \/>\n<meta property=\"og:site_name\" content=\"Minetek\" \/>\n<meta property=\"article:publisher\" content=\"https:\/\/www.facebook.com\/mineteksolutions\/\" \/>\n<meta property=\"article:modified_time\" content=\"2025-03-21T07:27:01+00:00\" \/>\n<meta name=\"twitter:card\" content=\"summary_large_image\" \/>\n<meta name=\"twitter:label1\" content=\"Tempo di lettura stimato\" \/>\n\t<meta name=\"twitter:data1\" content=\"5 minuti\" \/>\n<script type=\"application\/ld+json\" class=\"yoast-schema-graph\">{\"@context\":\"https:\\\/\\\/schema.org\",\"@graph\":[{\"@type\":\"WebPage\",\"@id\":\"https:\\\/\\\/minetek.com\\\/water-management\\\/\",\"url\":\"https:\\\/\\\/minetek.com\\\/water-management\\\/\",\"name\":\"Water Management | Minetek\",\"isPartOf\":{\"@id\":\"https:\\\/\\\/minetek.com\\\/#website\"},\"datePublished\":\"2025-03-21T04:51:50+00:00\",\"dateModified\":\"2025-03-21T07:27:01+00:00\",\"description\":\"Minetek offers innovative water management solutions, focusing on site-specific designs, mobility and remote monitoring to enhance your operational efficiency.\",\"breadcrumb\":{\"@id\":\"https:\\\/\\\/minetek.com\\\/water-management\\\/#breadcrumb\"},\"inLanguage\":\"it-IT\",\"potentialAction\":[{\"@type\":\"ReadAction\",\"target\":[\"https:\\\/\\\/minetek.com\\\/water-management\\\/\"]}]},{\"@type\":\"BreadcrumbList\",\"@id\":\"https:\\\/\\\/minetek.com\\\/water-management\\\/#breadcrumb\",\"itemListElement\":[{\"@type\":\"ListItem\",\"position\":1,\"name\":\"Home\",\"item\":\"https:\\\/\\\/minetek.com\\\/\"},{\"@type\":\"ListItem\",\"position\":2,\"name\":\"Water Management\"}]},{\"@type\":\"WebSite\",\"@id\":\"https:\\\/\\\/minetek.com\\\/#website\",\"url\":\"https:\\\/\\\/minetek.com\\\/\",\"name\":\"Minetek\",\"description\":\"World-class water evaporation, underground ventilation, sound reduction solutions for mining and industry.\",\"publisher\":{\"@id\":\"https:\\\/\\\/minetek.com\\\/#organization\"},\"potentialAction\":[{\"@type\":\"SearchAction\",\"target\":{\"@type\":\"EntryPoint\",\"urlTemplate\":\"https:\\\/\\\/minetek.com\\\/?s={search_term_string}\"},\"query-input\":{\"@type\":\"PropertyValueSpecification\",\"valueRequired\":true,\"valueName\":\"search_term_string\"}}],\"inLanguage\":\"it-IT\"},{\"@type\":\"Organization\",\"@id\":\"https:\\\/\\\/minetek.com\\\/#organization\",\"name\":\"Minetek\",\"url\":\"https:\\\/\\\/minetek.com\\\/\",\"logo\":{\"@type\":\"ImageObject\",\"inLanguage\":\"it-IT\",\"@id\":\"https:\\\/\\\/minetek.com\\\/#\\\/schema\\\/logo\\\/image\\\/\",\"url\":\"https:\\\/\\\/minetek.com\\\/wp-content\\\/uploads\\\/2025\\\/02\\\/13.png\",\"contentUrl\":\"https:\\\/\\\/minetek.com\\\/wp-content\\\/uploads\\\/2025\\\/02\\\/13.png\",\"width\":600,\"height\":600,\"caption\":\"Minetek\"},\"image\":{\"@id\":\"https:\\\/\\\/minetek.com\\\/#\\\/schema\\\/logo\\\/image\\\/\"},\"sameAs\":[\"https:\\\/\\\/www.facebook.com\\\/mineteksolutions\\\/\",\"https:\\\/\\\/www.linkedin.com\\\/company\\\/minetek\\\/\"]}]}<\/script>\n<!-- \/ Yoast SEO plugin. -->","yoast_head_json":{"title":"Gestione dell'acqua | Minetek","description":"Minetek offre soluzioni innovative per la gestione dell'acqua, concentrandosi su progetti specifici per il sito, mobilit\u00e0 e monitoraggio remoto per migliorare l'efficienza operativa.","robots":{"index":"index","follow":"follow","max-snippet":"max-snippet:-1","max-image-preview":"max-image-preview:large","max-video-preview":"max-video-preview:-1"},"canonical":"https:\/\/minetek.com\/it\/water-management\/","og_locale":"it_IT","og_type":"article","og_title":"Water Management | Minetek","og_description":"Minetek offers innovative water management solutions, focusing on site-specific designs, mobility and remote monitoring to enhance your operational efficiency.","og_url":"https:\/\/minetek.com\/it\/water-management\/","og_site_name":"Minetek","article_publisher":"https:\/\/www.facebook.com\/mineteksolutions\/","article_modified_time":"2025-03-21T07:27:01+00:00","twitter_card":"summary_large_image","twitter_misc":{"Tempo di lettura stimato":"5 minuti"},"schema":{"@context":"https:\/\/schema.org","@graph":[{"@type":"WebPage","@id":"https:\/\/minetek.com\/water-management\/","url":"https:\/\/minetek.com\/water-management\/","name":"Gestione dell'acqua | Minetek","isPartOf":{"@id":"https:\/\/minetek.com\/#website"},"datePublished":"2025-03-21T04:51:50+00:00","dateModified":"2025-03-21T07:27:01+00:00","description":"Minetek offre soluzioni innovative per la gestione dell'acqua, concentrandosi su progetti specifici per il sito, mobilit\u00e0 e monitoraggio remoto per migliorare l'efficienza operativa.","breadcrumb":{"@id":"https:\/\/minetek.com\/water-management\/#breadcrumb"},"inLanguage":"it-IT","potentialAction":[{"@type":"ReadAction","target":["https:\/\/minetek.com\/water-management\/"]}]},{"@type":"BreadcrumbList","@id":"https:\/\/minetek.com\/water-management\/#breadcrumb","itemListElement":[{"@type":"ListItem","position":1,"name":"Home","item":"https:\/\/minetek.com\/"},{"@type":"ListItem","position":2,"name":"Water Management"}]},{"@type":"WebSite","@id":"https:\/\/minetek.com\/#website","url":"https:\/\/minetek.com\/","name":"Minetek","description":"Soluzioni di classe mondiale per l'evaporazione dell'acqua, la ventilazione sotterranea e la riduzione del rumore per il settore minerario e industriale.","publisher":{"@id":"https:\/\/minetek.com\/#organization"},"potentialAction":[{"@type":"SearchAction","target":{"@type":"EntryPoint","urlTemplate":"https:\/\/minetek.com\/?s={search_term_string}"},"query-input":{"@type":"PropertyValueSpecification","valueRequired":true,"valueName":"search_term_string"}}],"inLanguage":"it-IT"},{"@type":"Organization","@id":"https:\/\/minetek.com\/#organization","name":"Minetek","url":"https:\/\/minetek.com\/","logo":{"@type":"ImageObject","inLanguage":"it-IT","@id":"https:\/\/minetek.com\/#\/schema\/logo\/image\/","url":"https:\/\/minetek.com\/wp-content\/uploads\/2025\/02\/13.png","contentUrl":"https:\/\/minetek.com\/wp-content\/uploads\/2025\/02\/13.png","width":600,"height":600,"caption":"Minetek"},"image":{"@id":"https:\/\/minetek.com\/#\/schema\/logo\/image\/"},"sameAs":["https:\/\/www.facebook.com\/mineteksolutions\/","https:\/\/www.linkedin.com\/company\/minetek\/"]}]}},"_links":{"self":[{"href":"https:\/\/minetek.com\/it\/wp-json\/wp\/v2\/pages\/4785","targetHints":{"allow":["GET"]}}],"collection":[{"href":"https:\/\/minetek.com\/it\/wp-json\/wp\/v2\/pages"}],"about":[{"href":"https:\/\/minetek.com\/it\/wp-json\/wp\/v2\/types\/page"}],"author":[{"embeddable":true,"href":"https:\/\/minetek.com\/it\/wp-json\/wp\/v2\/users\/10"}],"replies":[{"embeddable":true,"href":"https:\/\/minetek.com\/it\/wp-json\/wp\/v2\/comments?post=4785"}],"version-history":[{"count":0,"href":"https:\/\/minetek.com\/it\/wp-json\/wp\/v2\/pages\/4785\/revisions"}],"wp:attachment":[{"href":"https:\/\/minetek.com\/it\/wp-json\/wp\/v2\/media?parent=4785"}],"curies":[{"name":"wp","href":"https:\/\/api.w.org\/{rel}","templated":true}]}}