{"id":4784,"date":"2025-03-21T15:49:38","date_gmt":"2025-03-21T04:49:38","guid":{"rendered":"https:\/\/minetek.com\/?page_id=4784"},"modified":"2025-03-21T18:27:57","modified_gmt":"2025-03-21T07:27:57","slug":"wastewater-evaporator","status":"publish","type":"page","link":"https:\/\/minetek.com\/it\/wastewater-evaporator\/","title":{"rendered":"Wastewater Evaporator"},"content":{"rendered":"<div class=\"c-cms-content\"><h1><strong>Evaporatore di acque reflue<\/strong> Guida agli investimenti: Evitare errori costosi<\/h1>\n<p><span style=\"font-weight: 400;\">A <\/span><span style=\"font-weight: 400;\">evaporatore di acque reflue<\/span><span style=\"font-weight: 400;\"> \u00e8 una svolta per le industrie che si occupano di rifiuti liquidi, ma l'investimento sbagliato pu\u00f2 portare a costi elevati e a un aumento dei costi di gestione. <\/span><a href=\"https:\/\/minetek.com\/it\/water-mismanagement\/\"><span style=\"font-weight: 400;\">cattiva gestione dell'acqua<\/span><\/a><span style=\"font-weight: 400;\">. Non tutti gli evaporatori sono costruiti allo stesso modo: la scelta del sistema giusto richiede un'attenta valutazione della composizione dell'acqua, delle condizioni del sito e dei costi operativi a lungo termine.\u00a0<\/span><\/p>\n<p><span style=\"font-weight: 400;\">Minetek fornisce soluzioni di evaporazione ad alte prestazioni progettate per garantire durata, conformit\u00e0 ed efficienza, aiutando le aziende a ridurre i volumi delle acque reflue nel rispetto delle normative. Evitate le insidie pi\u00f9 comuni che fanno lievitare i costi e limitano le prestazioni.\u00a0<\/span><\/p>\n<p><span style=\"font-weight: 400;\">Ecco cosa dovete sapere per fare un investimento intelligente ed evitare errori costosi.<\/span><\/p>\n<p>&nbsp;<\/p>\n<h2><span style=\"font-weight: 400;\">Che cos'\u00e8 un <\/span><span style=\"font-weight: 400;\">evaporatore di acque reflue<\/span><span style=\"font-weight: 400;\"> e come funziona?<\/span><\/h2>\n<h3><span style=\"font-weight: 400;\">Gli evaporatori di acque reflue rimuovono l'acqua dai flussi di rifiuti industriali.<\/span><\/h3>\n<p><span style=\"font-weight: 400;\">A <\/span><span style=\"font-weight: 400;\">evaporatore di acque reflue<\/span><span style=\"font-weight: 400;\"> aiuta le industrie a gestire i rifiuti liquidi convertendo l'acqua in eccesso in vapore. Questo processo riduce il volume delle acque reflue che devono essere stoccate o smaltite, rappresentando un'alternativa pi\u00f9 efficiente rispetto ai metodi tradizionali. Riducendo al minimo i rifiuti liquidi, le aziende possono ridurre i costi di trasporto e semplificare la conformit\u00e0 alle normative ambientali.<\/span><\/p>\n<h3><span style=\"font-weight: 400;\">L'evaporazione meccanica accelera la naturale perdita di acqua.<\/span><\/h3>\n<p><span style=\"font-weight: 400;\">A differenza dei bacini di evaporazione naturali, un <\/span><span style=\"font-weight: 400;\">evaporatore di acque reflue<\/span><span style=\"font-weight: 400;\"> accelera il processo aumentando l'esposizione della superficie e il flusso d'aria. I ventilatori e gli ugelli a spruzzo aiutano a disperdere l'acqua in modo efficiente, consentendo un'evaporazione controllata in spazi limitati.\u00a0<\/span><\/p>\n<p><span style=\"font-weight: 400;\">In alcuni settori, il <\/span><a href=\"https:\/\/minetek.com\/it\/water-treatment-process\/\"><span style=\"font-weight: 400;\">processo di trattamento delle acque<\/span><\/a><span style=\"font-weight: 400;\"> La gestione dell'acqua in eccesso richiede pi\u00f9 fasi, ma l'evaporazione meccanica offre un modo per ridurne o addirittura eliminarne completamente la necessit\u00e0.<\/span><\/p>\n<h3><span style=\"font-weight: 400;\">Una rimozione efficiente dell'acqua aiuta le aziende a rispettare gli standard di conformit\u00e0.<\/span><\/h3>\n<p><span style=\"font-weight: 400;\">Le industrie devono rispettare severi limiti di scarico, rendendo la gestione delle acque un aspetto critico della conformit\u00e0. Un impianto industriale ben progettato <\/span><span style=\"font-weight: 400;\">evaporatore di acque reflue<\/span><span style=\"font-weight: 400;\"> aiuta le aziende a ridurre le acque reflue stoccate, mantenendo i livelli entro i requisiti normativi.\u00a0<\/span><\/p>\n<p><span style=\"font-weight: 400;\">La combinazione dell'evaporazione con un sistema di filtrazione dell'acqua industriale pu\u00f2 migliorare ulteriormente le strategie di riutilizzo dell'acqua, migliorando l'efficienza complessiva. Il processo di evaporazione delle acque reflue semplifica lo smaltimento dell'acqua e favorisce una responsabilit\u00e0 ambientale a lungo termine.<\/span><\/p>\n<p>&nbsp;<\/p>\n<h2><span style=\"font-weight: 400;\">Quali sono gli errori pi\u00f9 comuni quando si acquista un <\/span><span style=\"font-weight: 400;\">evaporatore di acque reflue<\/span><span style=\"font-weight: 400;\">?<\/span><\/h2>\n<h3><span style=\"font-weight: 400;\">La mancata valutazione delle caratteristiche delle acque reflue prima dell'acquisto di un evaporatore pu\u00f2 causare inefficienze del sistema.<\/span><\/h3>\n<p><span style=\"font-weight: 400;\">Per funzionare in modo efficiente, un evaporatore deve essere compatibile con la composizione specifica delle acque reflue. Fattori come la salinit\u00e0, il potenziale di incrostazione e il contenuto di olio influiscono sulle prestazioni e la mancata valutazione di questi fattori pu\u00f2 causare blocchi del sistema, corrosione o riduzione della capacit\u00e0.\u00a0<\/span><\/p>\n<p><span style=\"font-weight: 400;\">Queste inefficienze possono far lievitare i costi di manutenzione dell'evaporatore e portare a tempi di fermo imprevisti. Mentre alcuni settori si affidano a <\/span><a href=\"https:\/\/minetek.com\/it\/wastewater-management-treatment\/\"><span style=\"font-weight: 400;\">trattamento delle acque reflue<\/span><\/a><span style=\"font-weight: 400;\"> L'evaporazione meccanica offre un approccio pi\u00f9 diretto, riducendo il volume dell'acqua alla fonte.<\/span><\/p>\n<h3><span style=\"font-weight: 400;\">Le opzioni a basso costo possono portare a spese pi\u00f9 elevate nel lungo periodo.<\/span><\/h3>\n<p><span style=\"font-weight: 400;\">Gli evaporatori a basso prezzo possono sembrare convenienti, ma nel tempo possono comportare costi operativi pi\u00f9 elevati. Alcuni modelli consumano troppa energia, richiedono una manutenzione frequente o si usurano pi\u00f9 rapidamente, aumentando le spese di manutenzione e sostituzione.\u00a0<\/span><\/p>\n<p><span style=\"font-weight: 400;\">Un confronto approfondito dei sistemi di evaporazione delle acque reflue aiuta le industrie a evitare costose sorprese. Tenere conto della qualit\u00e0, dell'efficienza energetica, delle esigenze di manutenzione e della durata di vita garantisce un investimento migliore a lungo termine.<\/span><\/p>\n<p><span style=\"font-weight: 400;\">Per essere certi di ottenere un buon rapporto qualit\u00e0-prezzo, rivolgetevi a un fornitore di soluzioni idriche chiavi in mano di fiducia come Minetek.\u00a0<\/span><\/p>\n<h3><span style=\"font-weight: 400;\">Una tecnologia non collaudata pu\u00f2 fallire in condizioni reali.<\/span><\/h3>\n<p><span style=\"font-weight: 400;\">Gli evaporatori devono resistere a condizioni difficili. Le tecnologie non verificate possono fallire in queste condizioni, causando guasti e inefficienze.\u00a0<\/span><\/p>\n<p><span style=\"font-weight: 400;\">Conoscere i pro e i contro degli evaporatori per acque reflue aiuta le aziende a scegliere sistemi affidabili e in linea con le loro esigenze operative. Allo stesso modo, il confronto tra i diversi evaporatori per acque reflue assicura che le strutture investano in soluzioni costruite per garantire prestazioni industriali e affidabilit\u00e0 a lungo termine.<\/span><\/p>\n<p>&nbsp;<\/p>\n<h2><span style=\"font-weight: 400;\">Un investimento di successo richiede un'attenta pianificazione e valutazione.<\/span><\/h2>\n<h3><span style=\"font-weight: 400;\">La composizione dell'acqua e le condizioni del sito determinano il sistema migliore.<\/span><\/h3>\n<p><span style=\"font-weight: 400;\">Scegliere il giusto <\/span><span style=\"font-weight: 400;\">evaporatore di acque reflue<\/span><span style=\"font-weight: 400;\"> richiede una valutazione approfondita delle caratteristiche dell'acqua e delle condizioni del sito. Fattori come i solidi totali disciolti (TDS), i solidi totali sospesi (TSS) e il clima locale possono influenzare l'efficienza e la durata del sistema.\u00a0<\/span><\/p>\n<p><span style=\"font-weight: 400;\">L'evaporatore deve essere progettato per gestire la specifica composizione chimica delle acque reflue e adattarsi alle sfide ambientali. Un sistema ben adattato migliora <\/span><a href=\"https:\/\/minetek.com\/it\/water-management\/\"><span style=\"font-weight: 400;\">gestione dell'acqua<\/span><\/a><span style=\"font-weight: 400;\">, migliora le prestazioni e prolunga la vita operativa.<\/span><\/p>\n<h3><span style=\"font-weight: 400;\">I costi operativi devono essere considerati nel ritorno sull'investimento.<\/span><\/h3>\n<p><span style=\"font-weight: 400;\">I costi iniziali non raccontano l'intera storia. Il consumo di energia, la frequenza di manutenzione e i requisiti di manodopera incidono sulle spese a lungo termine. Un evaporatore ad alta efficienza energetica riduce i costi operativi ottimizzando il consumo di energia e mantenendo alte le prestazioni.\u00a0<\/span><\/p>\n<h3><span style=\"font-weight: 400;\">La pianificazione della manutenzione a lungo termine garantisce prestazioni costanti.<\/span><\/h3>\n<p><span style=\"font-weight: 400;\">Senza un'adeguata manutenzione, le prestazioni del sistema diminuiscono, con conseguenti costose riparazioni o tempi di inattivit\u00e0. Investire in un sistema a scarico zero di liquidi con una manutenzione ben pianificata garantisce un'affidabilit\u00e0 a lungo termine, riduce al minimo l'impatto ambientale e favorisce la conformit\u00e0 alle normative industriali.<\/span><\/p>\n<p>&nbsp;<\/p>\n<h2><span style=\"font-weight: 400;\">Minetek fornisce soluzioni affidabili per l'evaporazione delle acque reflue.<\/span><\/h2>\n<h3><span style=\"font-weight: 400;\">La progettazione incentrata sulla conformit\u00e0 previene i rischi normativi.<\/span><\/h3>\n<p><span style=\"font-weight: 400;\">Gli evaporatori Minetek sono progettati per aiutare le industrie a rispettare le normative ambientali. Funzioni avanzate come i controlli di chiusura basati sulle condizioni atmosferiche e la gestione automatica della deriva degli spruzzi impediscono la contaminazione fuori sede, garantendo la conformit\u00e0 agli standard di qualit\u00e0 dell'aria e dell'acqua.\u00a0<\/span><\/p>\n<h3><span style=\"font-weight: 400;\">I sistemi durevoli e ad alte prestazioni sono in grado di gestire condizioni estreme.<\/span><\/h3>\n<p><span style=\"font-weight: 400;\">Gli ambienti difficili richiedono apparecchiature in grado di sopportare condizioni estreme. Gli evaporatori Minetek sono progettati con materiali resistenti alla corrosione e con la tecnologia del sistema di evaporazione sotto vuoto. Garantiscono prestazioni affidabili nelle applicazioni pi\u00f9 impegnative per le acque reflue, senza la complessit\u00e0 dei sistemi di evaporazione sottovuoto. <\/span><a href=\"https:\/\/minetek.com\/it\/wastewater-treatment-process\/\"><span style=\"font-weight: 400;\">processo di trattamento delle acque reflue<\/span><\/a><span style=\"font-weight: 400;\">.<\/span><\/p>\n<h3><span style=\"font-weight: 400;\">L'esperienza nel settore garantisce un supporto e un'assistenza affidabili.<\/span><\/h3>\n<p><span style=\"font-weight: 400;\">Con oltre 600 progetti completati in tutto il mondo, Minetek vanta una comprovata esperienza nell'evaporazione delle acque reflue. I clienti beneficiano di un'ingegneria specifica per il sito e di una consulenza esperta, adattata alle loro esigenze operative. L'assistenza reattiva assicura che qualsiasi problema venga affrontato rapidamente, aiutando le industrie a mantenere l'efficienza e a evitare interruzioni.\u00a0<\/span><\/p>\n<p>&nbsp;<\/p>\n<h2><span style=\"font-weight: 400;\">Domande frequenti (FAQ)<\/span><\/h2>\n<h2><span style=\"font-weight: 400;\">Come fa un <\/span><span style=\"font-weight: 400;\">evaporatore di acque reflue<\/span><span style=\"font-weight: 400;\"> rispetto all'osmosi inversa?<\/span><\/h2>\n<p><span style=\"font-weight: 400;\">Gli evaporatori per acque reflue e i sistemi a osmosi inversa hanno scopi diversi. L'osmosi inversa filtra l'acqua utilizzando membrane semipermeabili, producendo un effluente pulito e concentrando la salamoia. Gli evaporatori di acque reflue rimuovono completamente l'acqua, lasciando rifiuti solidi o salamoia. L'evaporazione \u00e8 ideale per le acque reflue ad alta salinit\u00e0 o in condizioni difficili.<\/span><\/p>\n<p>&nbsp;<\/p>\n<h2><span style=\"font-weight: 400;\">Qual \u00e8 il ritorno dell'investimento previsto per i sistemi di evaporazione delle acque reflue?<\/span><\/h2>\n<p><span style=\"font-weight: 400;\">Il ritorno sull'investimento previsto per i sistemi di evaporazione delle acque reflue \u00e8 determinato dai risparmi sui costi derivanti dalla riduzione del trasporto delle acque reflue, dalla conformit\u00e0 alle normative e dalla riduzione delle esigenze infrastrutturali. Gli utenti Minetek riferiscono un periodo di ammortamento da uno a 3 anni, con spese operative e di capitale fino a 5 volte inferiori rispetto alle alternative.\u00a0<\/span><\/p>\n<p>&nbsp;<\/p>\n<h2><span style=\"font-weight: 400;\">Quali tipi di acque reflue sono pi\u00f9 adatti al trattamento per evaporazione?<\/span><\/h2>\n<p><a href=\"https:\/\/minetek.com\/it\/wastewater-treatment\/\"><span style=\"font-weight: 400;\">Trattamento delle acque reflue<\/span><\/a><span style=\"font-weight: 400;\"> L'evaporazione \u00e8 un'alternativa efficace per le acque reflue ad alta salinit\u00e0 e ricche di minerali, come gli sterili minerari, il drenaggio acido delle miniere, il percolato delle discariche e l'acqua prodotta dai giacimenti petroliferi. Queste fonti <\/span><span style=\"font-weight: 400;\">tipicamente<\/span><span style=\"font-weight: 400;\"> hanno composizioni complesse che l'evaporazione gestisce in modo efficiente.<\/span><\/p>\n<h3><span style=\"font-weight: 400;\">Innovazione ed efficienza: Trasformare gli standard industriali con Minetek<\/span><\/h3>\n<p><span style=\"font-weight: 400;\">Minetek aiuta le industrie a lavorare in modo pi\u00f9 intelligente con soluzioni affidabili e convenienti. Con oltre 150 anni di esperienza, sappiamo cosa funziona. La nostra tecnologia avanzata migliora i sistemi di aria, acqua, suono ed energia, rendendo le operazioni pi\u00f9 efficienti e conformi.\u00a0<\/span><\/p>\n<p><span style=\"font-weight: 400;\">Andiamo oltre l'ingegneria standard per fornire risultati reali che aiutino le aziende a ridurre i costi e a rispettare le normative. Mentre <\/span><a href=\"https:\/\/minetek.com\/it\/water-supply-treatment\/\"><span style=\"font-weight: 400;\">trattamento dell'approvvigionamento idrico<\/span><\/a><span style=\"font-weight: 400;\"> Le nostre soluzioni di evaporazione offrono un modo efficiente per ridurre i volumi d'acqua in eccesso, sia nel settore minerario che in quello petrolifero e del gas o in altri settori.<\/span><\/p>\n<p><span style=\"font-weight: 400;\">Parliamo di come possiamo supportare le vostre attivit\u00e0. Prenotate una telefonata oggi stesso.<\/span><\/p>\n<\/div>","protected":false},"excerpt":{"rendered":"<p>Wastewater evaporator investment guide: Avoid costly mistakes now A wastewater evaporator is a game changer for industries dealing with liquid waste, but making the wrong investment can lead to high costs and water mismanagement. Not all evaporators are built the same\u2014choosing the right system requires careful evaluation of water composition, site conditions and long-term operating costs.\u00a0 At Minetek, we provide high-performance evaporation solutions designed for durability, compliance and efficiency, helping businesses reduce wastewater volumes while staying within regulations. Avoid common pitfalls that drive up costs and limit performance.\u00a0 Here\u2019s what you need to know to make a smart investment and [&hellip;]<\/p>\n","protected":false},"author":10,"featured_media":0,"parent":0,"menu_order":0,"comment_status":"closed","ping_status":"closed","template":"template-headshoulder.php","meta":{"_acf_changed":false,"footnotes":""},"class_list":["post-4784","page","type-page","status-publish","hentry"],"acf":[],"yoast_head":"<!-- This site is optimized with the Yoast SEO plugin v27.4 - https:\/\/yoast.com\/product\/yoast-seo-wordpress\/ -->\n<title>Wastewater Evaporator | Minetek<\/title>\n<meta name=\"description\" content=\"Choosing the wrong wastewater evaporator leads to high costs. Minetek provides durable, cost-effective evaporation solutions tailored for industrial needs.\" \/>\n<meta name=\"robots\" content=\"index, follow, max-snippet:-1, max-image-preview:large, max-video-preview:-1\" \/>\n<link rel=\"canonical\" href=\"https:\/\/minetek.com\/it\/wastewater-evaporator\/\" \/>\n<meta property=\"og:locale\" content=\"it_IT\" \/>\n<meta property=\"og:type\" content=\"article\" \/>\n<meta property=\"og:title\" content=\"Wastewater Evaporator | Minetek\" \/>\n<meta property=\"og:description\" content=\"Choosing the wrong wastewater evaporator leads to high costs. Minetek provides durable, cost-effective evaporation solutions tailored for industrial needs.\" \/>\n<meta property=\"og:url\" content=\"https:\/\/minetek.com\/it\/wastewater-evaporator\/\" \/>\n<meta property=\"og:site_name\" content=\"Minetek\" \/>\n<meta property=\"article:publisher\" content=\"https:\/\/www.facebook.com\/mineteksolutions\/\" \/>\n<meta property=\"article:modified_time\" content=\"2025-03-21T07:27:57+00:00\" \/>\n<meta name=\"twitter:card\" content=\"summary_large_image\" \/>\n<meta name=\"twitter:label1\" content=\"Tempo di lettura stimato\" \/>\n\t<meta name=\"twitter:data1\" content=\"5 minuti\" \/>\n<script type=\"application\/ld+json\" class=\"yoast-schema-graph\">{\"@context\":\"https:\\\/\\\/schema.org\",\"@graph\":[{\"@type\":\"WebPage\",\"@id\":\"https:\\\/\\\/minetek.com\\\/wastewater-evaporator\\\/\",\"url\":\"https:\\\/\\\/minetek.com\\\/wastewater-evaporator\\\/\",\"name\":\"Wastewater Evaporator | Minetek\",\"isPartOf\":{\"@id\":\"https:\\\/\\\/minetek.com\\\/#website\"},\"datePublished\":\"2025-03-21T04:49:38+00:00\",\"dateModified\":\"2025-03-21T07:27:57+00:00\",\"description\":\"Choosing the wrong wastewater evaporator leads to high costs. Minetek provides durable, cost-effective evaporation solutions tailored for industrial needs.\",\"breadcrumb\":{\"@id\":\"https:\\\/\\\/minetek.com\\\/wastewater-evaporator\\\/#breadcrumb\"},\"inLanguage\":\"it-IT\",\"potentialAction\":[{\"@type\":\"ReadAction\",\"target\":[\"https:\\\/\\\/minetek.com\\\/wastewater-evaporator\\\/\"]}]},{\"@type\":\"BreadcrumbList\",\"@id\":\"https:\\\/\\\/minetek.com\\\/wastewater-evaporator\\\/#breadcrumb\",\"itemListElement\":[{\"@type\":\"ListItem\",\"position\":1,\"name\":\"Home\",\"item\":\"https:\\\/\\\/minetek.com\\\/\"},{\"@type\":\"ListItem\",\"position\":2,\"name\":\"Wastewater Evaporator\"}]},{\"@type\":\"WebSite\",\"@id\":\"https:\\\/\\\/minetek.com\\\/#website\",\"url\":\"https:\\\/\\\/minetek.com\\\/\",\"name\":\"Minetek\",\"description\":\"World-class water evaporation, underground ventilation, sound reduction solutions for mining and industry.\",\"publisher\":{\"@id\":\"https:\\\/\\\/minetek.com\\\/#organization\"},\"potentialAction\":[{\"@type\":\"SearchAction\",\"target\":{\"@type\":\"EntryPoint\",\"urlTemplate\":\"https:\\\/\\\/minetek.com\\\/?s={search_term_string}\"},\"query-input\":{\"@type\":\"PropertyValueSpecification\",\"valueRequired\":true,\"valueName\":\"search_term_string\"}}],\"inLanguage\":\"it-IT\"},{\"@type\":\"Organization\",\"@id\":\"https:\\\/\\\/minetek.com\\\/#organization\",\"name\":\"Minetek\",\"url\":\"https:\\\/\\\/minetek.com\\\/\",\"logo\":{\"@type\":\"ImageObject\",\"inLanguage\":\"it-IT\",\"@id\":\"https:\\\/\\\/minetek.com\\\/#\\\/schema\\\/logo\\\/image\\\/\",\"url\":\"https:\\\/\\\/minetek.com\\\/wp-content\\\/uploads\\\/2025\\\/02\\\/13.png\",\"contentUrl\":\"https:\\\/\\\/minetek.com\\\/wp-content\\\/uploads\\\/2025\\\/02\\\/13.png\",\"width\":600,\"height\":600,\"caption\":\"Minetek\"},\"image\":{\"@id\":\"https:\\\/\\\/minetek.com\\\/#\\\/schema\\\/logo\\\/image\\\/\"},\"sameAs\":[\"https:\\\/\\\/www.facebook.com\\\/mineteksolutions\\\/\",\"https:\\\/\\\/www.linkedin.com\\\/company\\\/minetek\\\/\"]}]}<\/script>\n<!-- \/ Yoast SEO plugin. -->","yoast_head_json":{"title":"Evaporatore di acque reflue | Minetek","description":"La scelta di un evaporatore per acque reflue sbagliato comporta costi elevati. Minetek fornisce soluzioni di evaporazione durevoli e convenienti, adatte alle esigenze industriali.","robots":{"index":"index","follow":"follow","max-snippet":"max-snippet:-1","max-image-preview":"max-image-preview:large","max-video-preview":"max-video-preview:-1"},"canonical":"https:\/\/minetek.com\/it\/wastewater-evaporator\/","og_locale":"it_IT","og_type":"article","og_title":"Wastewater Evaporator | Minetek","og_description":"Choosing the wrong wastewater evaporator leads to high costs. Minetek provides durable, cost-effective evaporation solutions tailored for industrial needs.","og_url":"https:\/\/minetek.com\/it\/wastewater-evaporator\/","og_site_name":"Minetek","article_publisher":"https:\/\/www.facebook.com\/mineteksolutions\/","article_modified_time":"2025-03-21T07:27:57+00:00","twitter_card":"summary_large_image","twitter_misc":{"Tempo di lettura stimato":"5 minuti"},"schema":{"@context":"https:\/\/schema.org","@graph":[{"@type":"WebPage","@id":"https:\/\/minetek.com\/wastewater-evaporator\/","url":"https:\/\/minetek.com\/wastewater-evaporator\/","name":"Evaporatore di acque reflue | Minetek","isPartOf":{"@id":"https:\/\/minetek.com\/#website"},"datePublished":"2025-03-21T04:49:38+00:00","dateModified":"2025-03-21T07:27:57+00:00","description":"La scelta di un evaporatore per acque reflue sbagliato comporta costi elevati. Minetek fornisce soluzioni di evaporazione durevoli e convenienti, adatte alle esigenze industriali.","breadcrumb":{"@id":"https:\/\/minetek.com\/wastewater-evaporator\/#breadcrumb"},"inLanguage":"it-IT","potentialAction":[{"@type":"ReadAction","target":["https:\/\/minetek.com\/wastewater-evaporator\/"]}]},{"@type":"BreadcrumbList","@id":"https:\/\/minetek.com\/wastewater-evaporator\/#breadcrumb","itemListElement":[{"@type":"ListItem","position":1,"name":"Home","item":"https:\/\/minetek.com\/"},{"@type":"ListItem","position":2,"name":"Wastewater Evaporator"}]},{"@type":"WebSite","@id":"https:\/\/minetek.com\/#website","url":"https:\/\/minetek.com\/","name":"Minetek","description":"Soluzioni di classe mondiale per l'evaporazione dell'acqua, la ventilazione sotterranea e la riduzione del rumore per il settore minerario e industriale.","publisher":{"@id":"https:\/\/minetek.com\/#organization"},"potentialAction":[{"@type":"SearchAction","target":{"@type":"EntryPoint","urlTemplate":"https:\/\/minetek.com\/?s={search_term_string}"},"query-input":{"@type":"PropertyValueSpecification","valueRequired":true,"valueName":"search_term_string"}}],"inLanguage":"it-IT"},{"@type":"Organization","@id":"https:\/\/minetek.com\/#organization","name":"Minetek","url":"https:\/\/minetek.com\/","logo":{"@type":"ImageObject","inLanguage":"it-IT","@id":"https:\/\/minetek.com\/#\/schema\/logo\/image\/","url":"https:\/\/minetek.com\/wp-content\/uploads\/2025\/02\/13.png","contentUrl":"https:\/\/minetek.com\/wp-content\/uploads\/2025\/02\/13.png","width":600,"height":600,"caption":"Minetek"},"image":{"@id":"https:\/\/minetek.com\/#\/schema\/logo\/image\/"},"sameAs":["https:\/\/www.facebook.com\/mineteksolutions\/","https:\/\/www.linkedin.com\/company\/minetek\/"]}]}},"_links":{"self":[{"href":"https:\/\/minetek.com\/it\/wp-json\/wp\/v2\/pages\/4784","targetHints":{"allow":["GET"]}}],"collection":[{"href":"https:\/\/minetek.com\/it\/wp-json\/wp\/v2\/pages"}],"about":[{"href":"https:\/\/minetek.com\/it\/wp-json\/wp\/v2\/types\/page"}],"author":[{"embeddable":true,"href":"https:\/\/minetek.com\/it\/wp-json\/wp\/v2\/users\/10"}],"replies":[{"embeddable":true,"href":"https:\/\/minetek.com\/it\/wp-json\/wp\/v2\/comments?post=4784"}],"version-history":[{"count":0,"href":"https:\/\/minetek.com\/it\/wp-json\/wp\/v2\/pages\/4784\/revisions"}],"wp:attachment":[{"href":"https:\/\/minetek.com\/it\/wp-json\/wp\/v2\/media?parent=4784"}],"curies":[{"name":"wp","href":"https:\/\/api.w.org\/{rel}","templated":true}]}}