{"id":4776,"date":"2025-03-21T15:27:40","date_gmt":"2025-03-21T04:27:40","guid":{"rendered":"https:\/\/minetek.com\/?page_id=4776"},"modified":"2025-03-21T18:48:57","modified_gmt":"2025-03-21T07:48:57","slug":"water-evaporator","status":"publish","type":"page","link":"https:\/\/minetek.com\/it\/water-evaporator\/","title":{"rendered":"Evaporatore d'acqua"},"content":{"rendered":"<div class=\"c-cms-content\"><h1>Dovreste investire in un <strong>evaporatore d'acqua<\/strong>? Come fare la scelta giusta<\/h1>\n<p><span style=\"font-weight: 400;\">A <\/span><span style=\"font-weight: 400;\">evaporatore d'acqua<\/span><span style=\"font-weight: 400;\"> offre un modo pratico per ridurre i volumi delle acque reflue senza ricorrere a costosi metodi di smaltimento o trattamento. L'accumulo incontrollato di acque reflue pu\u00f2 portare a violazioni della conformit\u00e0, rischi ambientali e maggiori spese operative.\u00a0<\/span><\/p>\n<p><span style=\"font-weight: 400;\">I sistemi di evaporazione Minetek aiutano le industrie a gestire in modo efficiente l'acqua in eccesso, anche in condizioni difficili. Ma \u00e8 la soluzione migliore per il vostro sito? Con molteplici <\/span><a href=\"https:\/\/minetek.com\/it\/water-management\/\"><span style=\"font-weight: 400;\">gestione dell'acqua<\/span><\/a><span style=\"font-weight: 400;\"> La scelta della soluzione giusta richiede una chiara comprensione dei costi, delle normative e dell'impatto a lungo termine.\u00a0<\/span><\/p>\n<p><span style=\"font-weight: 400;\">Ecco come valutare le vostre esigenze e decidere se investire in un evaporatore \u00e8 la mossa giusta per la vostra attivit\u00e0.<\/span><\/p>\n<p>&nbsp;<\/p>\n<h2><span style=\"font-weight: 400;\">Fase #1: iniziare a identificare se lo stoccaggio delle acque reflue sta mettendo a rischio la vostra attivit\u00e0.<\/span><\/h2>\n<h3><span style=\"font-weight: 400;\">L'eccesso di capacit\u00e0 pu\u00f2 portare a problemi di conformit\u00e0.<\/span><\/h3>\n<p><span style=\"font-weight: 400;\">Il superamento dei limiti di stoccaggio delle acque reflue aumenta il rischio di perdite e tracimazioni. Ci\u00f2 pu\u00f2 comportare violazioni della conformit\u00e0 ambientale, poich\u00e9 l'acqua contaminata pu\u00f2 penetrare negli ecosistemi circostanti. Ignorare i limiti di stoccaggio pu\u00f2 portare a multe, cause legali e costosi interventi di bonifica.\u00a0<\/span><\/p>\n<h3><span style=\"font-weight: 400;\">La mancanza di soluzioni per lo smaltimento delle acque reflue pu\u00f2 causare l'inquinamento dei corsi d'acqua.\u00a0<\/span><\/h3>\n<p><span style=\"font-weight: 400;\">Le acque reflue industriali possono trasportare sostanze inquinanti che alterano gli ecosistemi e influiscono sulle forniture idriche. I contaminanti abbassano i livelli di ossigeno, danneggiano la vita acquatica e rendono l'acqua inadatta all'irrigazione o al consumo. Il pericolo si estende anche all'uomo, influenzando l'acqua potabile e causando potenzialmente problemi di salute pubblica.<\/span><\/p>\n<h3><span style=\"font-weight: 400;\">Le perdite causano la contaminazione del suolo e delle acque sotterranee.<\/span><\/h3>\n<p><span style=\"font-weight: 400;\">Le acque reflue che si infiltrano nel terreno possono ridurre la fertilit\u00e0 e inquinare le falde acquifere. Una volta che i contaminanti raggiungono le fonti d'acqua sotterranee, si diffondono oltre l'impianto, rendendo la bonifica difficile e costosa. L'evaporazione sostenibile dell'acqua con un sistema meccanico <\/span><a href=\"https:\/\/minetek.com\/it\/wastewater-evaporator\/\"><span style=\"font-weight: 400;\">evaporatore di acque reflue<\/span><\/a><span style=\"font-weight: 400;\"> \u00e8 possibile ridurre le acque reflue immagazzinate, diminuendo il rischio di contaminazione a lungo termine.<\/span><\/p>\n<p>&nbsp;<\/p>\n<h2><span style=\"font-weight: 400;\">Fase #2: confrontare i sistemi di evaporazione dell'acqua con altre soluzioni di gestione delle acque reflue.<\/span><\/h2>\n<h3><span style=\"font-weight: 400;\">I bacini di accumulo tradizionali possono diventare passivi nelle aree ad alta piovosit\u00e0.<\/span><\/h3>\n<p><span style=\"font-weight: 400;\">I bacini di stoccaggio tradizionali richiedono grandi quantit\u00e0 di terreno, che sono costose e poco pratiche nelle zone urbane o industriali.\u00a0<\/span><\/p>\n<p><span style=\"font-weight: 400;\">Inoltre, la dipendenza dall'evaporazione naturale li rende inefficaci per la gestione di grandi volumi di acque reflue, soprattutto in aree con clima imprevedibile. Le forti precipitazioni possono causare tracimazioni, aumentando il rischio di violazioni ambientali.\u00a0<\/span><\/p>\n<p><span style=\"font-weight: 400;\">Al contrario, le soluzioni di evaporazione dell'acqua personalizzate forniscono un approccio controllato, riducendo in modo efficiente le acque reflue immagazzinate in varie condizioni atmosferiche. Quindi, se state cercando un'alternativa ai bacini di evaporazione, siete nel posto giusto.<\/span><\/p>\n<h3><span style=\"font-weight: 400;\">I metodi di trattamento meccanico e chimico comportano costi elevati.<\/span><\/h3>\n<p><span style=\"font-weight: 400;\">Meccanico e chimico <\/span><a href=\"https:\/\/minetek.com\/it\/water-treatment-systems\/\"><span style=\"font-weight: 400;\">sistemi di trattamento dell'acqua<\/span><\/a><span style=\"font-weight: 400;\"> richiedono elevati investimenti di capitale e spese correnti. I sistemi meccanici consumano grandi quantit\u00e0 di energia e richiedono una manutenzione frequente, mentre i trattamenti chimici si basano su reagenti costosi. La fluttuazione dei prezzi dei prodotti chimici e i costi di manutenzione rendono questi metodi finanziariamente imprevedibili.<\/span><\/p>\n<p><span style=\"font-weight: 400;\">In confronto, un impianto industriale <\/span><span style=\"font-weight: 400;\">evaporatore d'acqua<\/span><span style=\"font-weight: 400;\"> offre un'alternativa economicamente vantaggiosa, riducendo i volumi delle acque reflue con costi inferiori e infrastrutture minime.<\/span><\/p>\n<h3><span style=\"font-weight: 400;\">Il trasporto delle acque reflue fuori sede potrebbe non essere una soluzione sostenibile a lungo termine.<\/span><\/h3>\n<p><span style=\"font-weight: 400;\">Il trasporto delle acque reflue richiede continuamente carburante, manodopera e conformit\u00e0 alle normative, aggiungendo oneri finanziari e logistici. I costi fluttuano con i prezzi del carburante e della manodopera, rendendola un'opzione instabile a lungo termine. Inoltre, il trasporto delle acque reflue non riduce il volume complessivo alla fonte.\u00a0<\/span><\/p>\n<p><span style=\"font-weight: 400;\">Fortunatamente, la mobilit\u00e0 e la rapidit\u00e0 di utilizzo dei nostri sistemi di evaporazione dell'acqua rappresentano un'efficace alternativa in loco, che vi evita gli ostacoli logistici che possono derivare dall'utilizzo dei sistemi di evaporazione dell'acqua. <\/span><a href=\"https:\/\/minetek.com\/it\/wastewater-treatment\/\"><span style=\"font-weight: 400;\">trattamento delle acque reflue<\/span><\/a><span style=\"font-weight: 400;\"> processo.\u00a0<\/span><\/p>\n<p>&nbsp;<\/p>\n<h2><span style=\"font-weight: 400;\">Fase #3: Considerare le normative ambientali e i fattori di conformit\u00e0.<\/span><\/h2>\n<h3><span style=\"font-weight: 400;\">Le normative specifiche del settore determinano i limiti di scarico delle acque reflue.<\/span><\/h3>\n<p><span style=\"font-weight: 400;\">Le severe normative sugli scarichi delle acque reflue stabilite da agenzie come l'EPA (Environmental Protection Agency) degli Stati Uniti controllano i livelli di inquinanti per proteggere la qualit\u00e0 dell'acqua e la salute pubblica. Le strutture devono rispettare i limiti specifici del settore, che possono variare a seconda dell'ubicazione e del tipo di inquinante.\u00a0<\/span><\/p>\n<p><span style=\"font-weight: 400;\">Alcune operazioni, in particolare quelle che hanno a che fare con l'evaporazione del drenaggio acido delle miniere, devono affrontare ulteriori sfide a causa delle elevate concentrazioni di contaminanti.\u00a0<\/span><\/p>\n<h3><span style=\"font-weight: 400;\">L'evaporazione pu\u00f2 essere uno strumento efficace per gestire i rischi di conformit\u00e0.<\/span><\/h3>\n<p><span style=\"font-weight: 400;\">Utilizzando un <\/span><span style=\"font-weight: 400;\">evaporatore d'acqua<\/span><span style=\"font-weight: 400;\"> contribuisce a ridurre il volume delle acque reflue, facilitando il rispetto dei limiti di scarico. Meno rifiuti liquidi significano un minor rischio di tracimazione o contaminazione, soprattutto nelle industrie che richiedono l'evaporazione dell'acqua di miniera. A differenza del trattamento chimico, i sistemi di evaporazione meccanica rimuovono l'acqua in modo efficiente senza generare ulteriori rifiuti.<\/span><\/p>\n<p>&nbsp;<\/p>\n<h2><span style=\"font-weight: 400;\">Minetek <\/span><span style=\"font-weight: 400;\">evaporatore d'acqua<\/span><span style=\"font-weight: 400;\"> sistemi di gestione della rete garantiscono l'efficienza in qualsiasi ambiente.<\/span><\/h2>\n<h3><span style=\"font-weight: 400;\">Vantiamo prestazioni comprovate in ambienti industriali estremi in tutto il mondo.<\/span><\/h3>\n<p><span style=\"font-weight: 400;\">Minetek <\/span><span style=\"font-weight: 400;\">evaporatore d'acqua<\/span><span style=\"font-weight: 400;\"> sono progettati per garantire prestazioni elevate indipendentemente dalle condizioni. Sia che si tratti di gestire un'elevata salinit\u00e0, temperature variabili o grandi volumi di acque reflue, questi sistemi funzionano in modo efficiente mantenendo la conformit\u00e0 alle normative ambientali.\u00a0<\/span><\/p>\n<p><span style=\"font-weight: 400;\">A differenza dei tradizionali <\/span><a href=\"https:\/\/minetek.com\/it\/wastewater-management-treatment\/\"><span style=\"font-weight: 400;\">trattamento delle acque reflue<\/span><\/a><span style=\"font-weight: 400;\"> Gli evaporatori di Minetek offrono un'alternativa sostenibile, riducendo il volume dell'acqua attraverso l'evaporazione. Un sistema di evaporatori galleggianti offre flessibilit\u00e0 per i corpi idrici, mentre gli evaporatori a terra garantiscono stabilit\u00e0 in luoghi fissi.<\/span><\/p>\n<h3><span style=\"font-weight: 400;\">La modellazione specifica del sito predice l'efficienza.<\/span><\/h3>\n<p><span style=\"font-weight: 400;\">La gestione delle acque reflue non \u00e8 una cosa unica. Minetek utilizza una modellazione dettagliata per prevedere <\/span><span style=\"font-weight: 400;\">evaporatore d'acqua<\/span><span style=\"font-weight: 400;\"> in base a diversi fattori, come l'umidit\u00e0, le precipitazioni, l'altitudine, l'evaporazione della pentola, i solidi totali disciolti (TDS) e la temperatura.<\/span><\/p>\n<p><span style=\"font-weight: 400;\">Questa analisi consente di prevedere con precisione i tassi di evaporazione su un periodo di 12 mesi, garantendo prestazioni costanti in climi diversi.\u00a0<\/span><\/p>\n<p>&nbsp;<\/p>\n<h2><span style=\"font-weight: 400;\">Domande frequenti (FAQ)<\/span><\/h2>\n<h2><span style=\"font-weight: 400;\">In che modo la tecnologia di Minetek gestisce le acque ad alto contenuto di TDS e TSS?<\/span><\/h2>\n<p><span style=\"font-weight: 400;\">Gli evaporatori di Minetek trattano in modo efficiente acque con elevati solidi totali disciolti (TDS) e solidi totali sospesi (TSS). I loro ugelli a bassa contaminazione gestiscono solidi fino a 4,0 mm, garantendo prestazioni ininterrotte. Progettati per funzionare in un'ampia gamma di pH, da 1,8 a 14+, rappresentano una soluzione affidabile per le acque reflue acide e contaminate negli ambienti industriali.<\/span><\/p>\n<p>&nbsp;<\/p>\n<h2><span style=\"font-weight: 400;\">Quali sono i costi operativi dell'utilizzo di un sistema di evaporazione meccanica?<\/span><\/h2>\n<p><span style=\"font-weight: 400;\">I costi di gestione dipendono dalle dimensioni del sistema e dall'utilizzo, ma i sistemi di evaporazione meccanica offrono un'alternativa economicamente vantaggiosa ai sistemi tradizionali. <\/span><a href=\"https:\/\/minetek.com\/it\/wastewater-treatment-process\/\"><span style=\"font-weight: 400;\">processo di trattamento delle acque reflue<\/span><\/a><span style=\"font-weight: 400;\">. Riducendo la dipendenza dai trattamenti chimici e i costi di trasporto e rendendo superflua la costruzione di impianti di trattamento, i nostri sistemi aiutano le strutture a ridurre le spese mantenendo la conformit\u00e0 e l'efficienza operativa.<\/span><\/p>\n<p>&nbsp;<\/p>\n<h2><span style=\"font-weight: 400;\">Gli evaporatori di Minetek possono essere personalizzati per le condizioni specifiche del sito?<\/span><\/h2>\n<p><span style=\"font-weight: 400;\">S\u00ec, Minetek progetta sistemi di evaporazione personalizzabili che tengono conto delle condizioni specifiche del sito, come umidit\u00e0, precipitazioni, altitudine e temperatura. Questo approccio garantisce tassi di evaporazione ottimali e prestazioni affidabili in ambienti diversi, consentendo alle industrie di gestire le acque reflue in modo efficiente adattandosi alle condizioni climatiche locali.<\/span><\/p>\n<h3><span style=\"font-weight: 400;\">Ingegneria innovativa per risultati eccezionali nella gestione dell'acqua<\/span><\/h3>\n<p><span style=\"font-weight: 400;\">Gli evaporatori d'acqua all'avanguardia di Minetek sono progettati per l'industria mineraria e per altre applicazioni industriali, per gestire efficacemente le acque reflue nel rispetto delle severe normative ambientali.\u00a0<\/span><\/p>\n<p><span style=\"font-weight: 400;\">Gli evaporatori di Minetek riducono il volume d'acqua in eccesso, aiutando una variet\u00e0 di industrie a mantenere la conformit\u00e0 e l'efficienza operativa. Con una presenza globale in oltre 30 paesi, forniamo soluzioni affidabili di cui le industrie si fidano. Quindi, se siete alla ricerca di un'alternativa a <\/span><a href=\"https:\/\/minetek.com\/it\/water-supply-treatment\/\"><span style=\"font-weight: 400;\">trattamento dell'approvvigionamento idrico<\/span><\/a><span style=\"font-weight: 400;\"> sistemi e impianti, Minetek vi copre.<\/span><\/p>\n<p><span style=\"font-weight: 400;\">Sostenuta da oltre 150 anni di esperienza ingegneristica combinata, la nostra tecnologia va oltre il rispetto degli standard del settore: alza l'asticella. Risolviamo insieme le vostre sfide pi\u00f9 difficili. Prenotate una telefonata oggi stesso.<\/span><\/p>\n<\/div>","protected":false},"excerpt":{"rendered":"<p>Should you invest in a water evaporator? How to make the right call A water evaporator offers a practical way to reduce wastewater volumes without relying on costly disposal or treatment methods. Uncontrolled wastewater buildup can lead to compliance violations, environmental risks and increased operational expenses.\u00a0 Minetek\u2019s evaporation systems help industries manage excess water efficiently, even in demanding conditions. But is it the best fit for your site? With multiple water management options available, choosing the right solution requires a clear understanding of costs, regulations and long-term impact.\u00a0 Here\u2019s how to evaluate your needs and decide if investing in an [&hellip;]<\/p>\n","protected":false},"author":10,"featured_media":0,"parent":0,"menu_order":0,"comment_status":"closed","ping_status":"closed","template":"template-headshoulder.php","meta":{"_acf_changed":false,"footnotes":""},"class_list":["post-4776","page","type-page","status-publish","hentry"],"acf":[],"yoast_head":"<!-- This site is optimized with the Yoast SEO plugin v27.3 - https:\/\/yoast.com\/product\/yoast-seo-wordpress\/ -->\n<title>Water Evaporator | Minetek<\/title>\n<meta name=\"description\" content=\"Managing excess wastewater is critical for compliance and cost control. Minetek\u2019s water evaporator systems offer a sustainable solution for industrial needs.\" \/>\n<meta name=\"robots\" content=\"index, follow, max-snippet:-1, max-image-preview:large, max-video-preview:-1\" \/>\n<link rel=\"canonical\" href=\"https:\/\/minetek.com\/it\/water-evaporator\/\" \/>\n<meta property=\"og:locale\" content=\"it_IT\" \/>\n<meta property=\"og:type\" content=\"article\" \/>\n<meta property=\"og:title\" content=\"Water Evaporator | Minetek\" \/>\n<meta property=\"og:description\" content=\"Managing excess wastewater is critical for compliance and cost control. Minetek\u2019s water evaporator systems offer a sustainable solution for industrial needs.\" \/>\n<meta property=\"og:url\" content=\"https:\/\/minetek.com\/it\/water-evaporator\/\" \/>\n<meta property=\"og:site_name\" content=\"Minetek\" \/>\n<meta property=\"article:publisher\" content=\"https:\/\/www.facebook.com\/mineteksolutions\/\" \/>\n<meta property=\"article:modified_time\" content=\"2025-03-21T07:48:57+00:00\" \/>\n<meta name=\"twitter:card\" content=\"summary_large_image\" \/>\n<meta name=\"twitter:label1\" content=\"Tempo di lettura stimato\" \/>\n\t<meta name=\"twitter:data1\" content=\"5 minuti\" \/>\n<script type=\"application\/ld+json\" class=\"yoast-schema-graph\">{\"@context\":\"https:\\\/\\\/schema.org\",\"@graph\":[{\"@type\":\"WebPage\",\"@id\":\"https:\\\/\\\/minetek.com\\\/water-evaporator\\\/\",\"url\":\"https:\\\/\\\/minetek.com\\\/water-evaporator\\\/\",\"name\":\"Water Evaporator | Minetek\",\"isPartOf\":{\"@id\":\"https:\\\/\\\/minetek.com\\\/#website\"},\"datePublished\":\"2025-03-21T04:27:40+00:00\",\"dateModified\":\"2025-03-21T07:48:57+00:00\",\"description\":\"Managing excess wastewater is critical for compliance and cost control. Minetek\u2019s water evaporator systems offer a sustainable solution for industrial needs.\",\"breadcrumb\":{\"@id\":\"https:\\\/\\\/minetek.com\\\/water-evaporator\\\/#breadcrumb\"},\"inLanguage\":\"it-IT\",\"potentialAction\":[{\"@type\":\"ReadAction\",\"target\":[\"https:\\\/\\\/minetek.com\\\/water-evaporator\\\/\"]}]},{\"@type\":\"BreadcrumbList\",\"@id\":\"https:\\\/\\\/minetek.com\\\/water-evaporator\\\/#breadcrumb\",\"itemListElement\":[{\"@type\":\"ListItem\",\"position\":1,\"name\":\"Home\",\"item\":\"https:\\\/\\\/minetek.com\\\/\"},{\"@type\":\"ListItem\",\"position\":2,\"name\":\"Water Evaporator\"}]},{\"@type\":\"WebSite\",\"@id\":\"https:\\\/\\\/minetek.com\\\/#website\",\"url\":\"https:\\\/\\\/minetek.com\\\/\",\"name\":\"Minetek\",\"description\":\"World-class water evaporation, underground ventilation, sound reduction solutions for mining and industry.\",\"publisher\":{\"@id\":\"https:\\\/\\\/minetek.com\\\/#organization\"},\"potentialAction\":[{\"@type\":\"SearchAction\",\"target\":{\"@type\":\"EntryPoint\",\"urlTemplate\":\"https:\\\/\\\/minetek.com\\\/?s={search_term_string}\"},\"query-input\":{\"@type\":\"PropertyValueSpecification\",\"valueRequired\":true,\"valueName\":\"search_term_string\"}}],\"inLanguage\":\"it-IT\"},{\"@type\":\"Organization\",\"@id\":\"https:\\\/\\\/minetek.com\\\/#organization\",\"name\":\"Minetek\",\"url\":\"https:\\\/\\\/minetek.com\\\/\",\"logo\":{\"@type\":\"ImageObject\",\"inLanguage\":\"it-IT\",\"@id\":\"https:\\\/\\\/minetek.com\\\/#\\\/schema\\\/logo\\\/image\\\/\",\"url\":\"https:\\\/\\\/minetek.com\\\/wp-content\\\/uploads\\\/2025\\\/02\\\/13.png\",\"contentUrl\":\"https:\\\/\\\/minetek.com\\\/wp-content\\\/uploads\\\/2025\\\/02\\\/13.png\",\"width\":600,\"height\":600,\"caption\":\"Minetek\"},\"image\":{\"@id\":\"https:\\\/\\\/minetek.com\\\/#\\\/schema\\\/logo\\\/image\\\/\"},\"sameAs\":[\"https:\\\/\\\/www.facebook.com\\\/mineteksolutions\\\/\",\"https:\\\/\\\/www.linkedin.com\\\/company\\\/minetek\\\/\"]}]}<\/script>\n<!-- \/ Yoast SEO plugin. -->","yoast_head_json":{"title":"Water Evaporator | Minetek","description":"Managing excess wastewater is critical for compliance and cost control. Minetek\u2019s water evaporator systems offer a sustainable solution for industrial needs.","robots":{"index":"index","follow":"follow","max-snippet":"max-snippet:-1","max-image-preview":"max-image-preview:large","max-video-preview":"max-video-preview:-1"},"canonical":"https:\/\/minetek.com\/it\/water-evaporator\/","og_locale":"it_IT","og_type":"article","og_title":"Water Evaporator | Minetek","og_description":"Managing excess wastewater is critical for compliance and cost control. Minetek\u2019s water evaporator systems offer a sustainable solution for industrial needs.","og_url":"https:\/\/minetek.com\/it\/water-evaporator\/","og_site_name":"Minetek","article_publisher":"https:\/\/www.facebook.com\/mineteksolutions\/","article_modified_time":"2025-03-21T07:48:57+00:00","twitter_card":"summary_large_image","twitter_misc":{"Tempo di lettura stimato":"5 minuti"},"schema":{"@context":"https:\/\/schema.org","@graph":[{"@type":"WebPage","@id":"https:\/\/minetek.com\/water-evaporator\/","url":"https:\/\/minetek.com\/water-evaporator\/","name":"Water Evaporator | Minetek","isPartOf":{"@id":"https:\/\/minetek.com\/#website"},"datePublished":"2025-03-21T04:27:40+00:00","dateModified":"2025-03-21T07:48:57+00:00","description":"Managing excess wastewater is critical for compliance and cost control. Minetek\u2019s water evaporator systems offer a sustainable solution for industrial needs.","breadcrumb":{"@id":"https:\/\/minetek.com\/water-evaporator\/#breadcrumb"},"inLanguage":"it-IT","potentialAction":[{"@type":"ReadAction","target":["https:\/\/minetek.com\/water-evaporator\/"]}]},{"@type":"BreadcrumbList","@id":"https:\/\/minetek.com\/water-evaporator\/#breadcrumb","itemListElement":[{"@type":"ListItem","position":1,"name":"Home","item":"https:\/\/minetek.com\/"},{"@type":"ListItem","position":2,"name":"Water Evaporator"}]},{"@type":"WebSite","@id":"https:\/\/minetek.com\/#website","url":"https:\/\/minetek.com\/","name":"Minetek","description":"Soluzioni di classe mondiale per l'evaporazione dell'acqua, la ventilazione sotterranea e la riduzione del rumore per il settore minerario e industriale.","publisher":{"@id":"https:\/\/minetek.com\/#organization"},"potentialAction":[{"@type":"SearchAction","target":{"@type":"EntryPoint","urlTemplate":"https:\/\/minetek.com\/?s={search_term_string}"},"query-input":{"@type":"PropertyValueSpecification","valueRequired":true,"valueName":"search_term_string"}}],"inLanguage":"it-IT"},{"@type":"Organization","@id":"https:\/\/minetek.com\/#organization","name":"Minetek","url":"https:\/\/minetek.com\/","logo":{"@type":"ImageObject","inLanguage":"it-IT","@id":"https:\/\/minetek.com\/#\/schema\/logo\/image\/","url":"https:\/\/minetek.com\/wp-content\/uploads\/2025\/02\/13.png","contentUrl":"https:\/\/minetek.com\/wp-content\/uploads\/2025\/02\/13.png","width":600,"height":600,"caption":"Minetek"},"image":{"@id":"https:\/\/minetek.com\/#\/schema\/logo\/image\/"},"sameAs":["https:\/\/www.facebook.com\/mineteksolutions\/","https:\/\/www.linkedin.com\/company\/minetek\/"]}]}},"_links":{"self":[{"href":"https:\/\/minetek.com\/it\/wp-json\/wp\/v2\/pages\/4776","targetHints":{"allow":["GET"]}}],"collection":[{"href":"https:\/\/minetek.com\/it\/wp-json\/wp\/v2\/pages"}],"about":[{"href":"https:\/\/minetek.com\/it\/wp-json\/wp\/v2\/types\/page"}],"author":[{"embeddable":true,"href":"https:\/\/minetek.com\/it\/wp-json\/wp\/v2\/users\/10"}],"replies":[{"embeddable":true,"href":"https:\/\/minetek.com\/it\/wp-json\/wp\/v2\/comments?post=4776"}],"version-history":[{"count":0,"href":"https:\/\/minetek.com\/it\/wp-json\/wp\/v2\/pages\/4776\/revisions"}],"wp:attachment":[{"href":"https:\/\/minetek.com\/it\/wp-json\/wp\/v2\/media?parent=4776"}],"curies":[{"name":"wp","href":"https:\/\/api.w.org\/{rel}","templated":true}]}}