{"id":4774,"date":"2025-03-21T15:21:19","date_gmt":"2025-03-21T04:21:19","guid":{"rendered":"https:\/\/minetek.com\/?page_id=4774"},"modified":"2025-03-25T19:03:30","modified_gmt":"2025-03-25T08:03:30","slug":"wastewater-treatment","status":"publish","type":"page","link":"https:\/\/minetek.com\/it\/wastewater-treatment\/","title":{"rendered":"Wastewater Treatment"},"content":{"rendered":"<div class=\"c-cms-content\"><h1>In che modo <strong>evaporazione meccanica<\/strong> rispetto al trattamento delle acque reflue?<\/h1>\n<p><span style=\"font-weight: 400;\">Il trattamento delle acque reflue \u00e8 una componente critica della gestione delle acque industriali, ma molte industrie lottano per bilanciare la conformit\u00e0 alle normative e l'efficacia dei costi.\u00a0<\/span><\/p>\n<p><span style=\"font-weight: 400;\">Immaginate quindi di trasformare l'intero approccio integrando l'evaporazione meccanica, una soluzione che riduce i rischi di stoccaggio e gli ostacoli normativi senza gli ingenti costi infrastrutturali tipicamente associati alle soluzioni tradizionali. <\/span><a href=\"https:\/\/minetek.com\/it\/wastewater-treatment-process\/\"><span style=\"font-weight: 400;\">processo di trattamento delle acque reflue<\/span><\/a><span style=\"font-weight: 400;\">.<\/span><\/p>\n<p><span style=\"font-weight: 400;\">Per Minetek, questo pu\u00f2 essere una realt\u00e0. In qualit\u00e0 di leader nel settore delle soluzioni idriche innovative, forniamo sistemi di evaporazione meccanica all'avanguardia progettati per affrontare queste sfide. Con oltre 600 progetti realizzati in tutto il mondo, la nostra esperienza offre un percorso migliore alle industrie che cercano di ottimizzare le loro strategie di gestione dell'acqua.\u00a0<\/span><\/p>\n<p><span style=\"font-weight: 400;\">Ma come si colloca esattamente l'evaporazione meccanica rispetto al trattamento tradizionale delle acque reflue? Entriamo nello specifico.<\/span><\/p>\n<p>&nbsp;<\/p>\n<h2><span style=\"font-weight: 400;\">L'evaporazione meccanica e il trattamento delle acque reflue hanno scopi diversi.<\/span><\/h2>\n<p><span style=\"font-weight: 400;\">Il trattamento delle acque reflue industriali e l'evaporazione meccanica rispondono a esigenze diverse nella gestione dell'acqua. Ecco le basi:<\/span><\/p>\n<ul>\n<li style=\"font-weight: 400;\" aria-level=\"1\"><b>Trattamento delle acque reflue: <\/b><span style=\"font-weight: 400;\">Il trattamento delle acque reflue consiste nel rendere l'acqua contaminata pi\u00f9 sicura o adatta al riutilizzo, rimuovendo le sostanze inquinanti.<\/span><\/li>\n<li style=\"font-weight: 400;\" aria-level=\"1\"><b>Evaporazione meccanica:<\/b><span style=\"font-weight: 400;\"> L'evaporazione si concentra sulla riduzione del volume dell'acqua. L'acqua viene convertita in vapore e, riducendo la quantit\u00e0 di acque reflue, le aziende possono ridurre o addirittura eliminare del tutto la necessit\u00e0 di un'ampia <\/span><a href=\"https:\/\/minetek.com\/it\/wastewater-management-treatment\/\"><span style=\"font-weight: 400;\">trattamento delle acque reflue<\/span><\/a><span style=\"font-weight: 400;\">.<\/span><\/li>\n<\/ul>\n<h3><span style=\"font-weight: 400;\">E le applicazioni e le normative del settore?<\/span><\/h3>\n<p><span style=\"font-weight: 400;\">Alcuni settori industriali sono soggetti a severe normative sugli scarichi che rendono inevitabile il trattamento delle acque reflue di petrolio e gas. Per questi settori, il rispetto degli standard legali e ambientali richiede un sistema affidabile per eliminare le sostanze nocive dall'acqua.\u00a0<\/span><\/p>\n<p><span style=\"font-weight: 400;\">Ma l'evaporazione meccanica offre un approccio alternativo, affrontando il volume dell'acqua alla fonte, evitando i trattamenti chimici e biologici associati agli impianti di trattamento tradizionali. Ci\u00f2 pu\u00f2 essere vantaggioso nei settori in cui il rispetto della conformit\u00e0 \u00e8 fondamentale, in quanto offre un modo semplificato per gestire l'acqua in eccesso, senza dover ricorrere a complessi processi di lavorazione.<\/span><\/p>\n<h3><span style=\"font-weight: 400;\">L'evaporazione meccanica pu\u00f2 funzionare in modo indipendente o integrarsi con i sistemi di trattamento delle acque reflue.<\/span><\/h3>\n<p><span style=\"font-weight: 400;\">In alcuni contesti, l'evaporazione meccanica \u00e8 il metodo principale per gestire gli sprechi d'acqua, soprattutto per la sua capacit\u00e0 di ridurre i volumi d'acqua senza bisogno di soluzioni ad alta infrastruttura. Tuttavia, pu\u00f2 anche integrare le soluzioni esistenti <\/span><a href=\"https:\/\/minetek.com\/it\/water-treatment-systems\/\"><span style=\"font-weight: 400;\">sistemi di trattamento dell'acqua<\/span><\/a><span style=\"font-weight: 400;\"> che avete gi\u00e0, migliorando l'efficienza complessiva.<\/span><\/p>\n<p>&nbsp;<\/p>\n<h2><span style=\"font-weight: 400;\">La tecnologia di evaporazione riduce i rischi di stoccaggio e le sfide normative.<\/span><\/h2>\n<p><span style=\"font-weight: 400;\">Le dighe per gli sterili, i bacini di evaporazione e gli impianti di stoccaggio delle acque reflue comportano rischi significativi per l'ambiente e la sicurezza.\u00a0<\/span><\/p>\n<p><span style=\"font-weight: 400;\">Queste contengono grandi volumi di acque reflue industriali che, se non gestite correttamente, possono causare cedimenti strutturali e rischi ambientali. L'evaporazione meccanica pu\u00f2 servire come misura proattiva per mitigare i rischi legati allo stoccaggio. Questi sistemi funzionano efficacemente riducendo il volume dell'acqua, riducendo cos\u00ec il carico su queste strutture e minimizzando le potenziali fuoriuscite e altri rischi.<\/span><\/p>\n<p><span style=\"font-weight: 400;\">Le inondazioni e le infiltrazioni dalle dighe di contenimento degli sterili, ad esempio, possono essere mitigate in modo significativo quando il volume d'acqua immagazzinato viene ridotto attraverso l'evaporazione.<\/span><\/p>\n<h3><span style=\"font-weight: 400;\">La gestione del volume d'acqua si rivela spesso superiore ai processi di trattamento.<\/span><\/h3>\n<p><span style=\"font-weight: 400;\">L'evaporazione meccanica si differenzia dal trattamento tradizionale delle acque reflue per la riduzione del volume delle stesse. A differenza dei processi di trattamento che preparano l'acqua per il riutilizzo o lo scarico, l'evaporazione meccanica si distingue per la riduzione del volume delle acque reflue. <\/span><a href=\"https:\/\/minetek.com\/it\/water-evaporation\/\"><span style=\"font-weight: 400;\">evaporazione dell'acqua<\/span><\/a><span style=\"font-weight: 400;\"> riduce il volume complessivo delle acque reflue che le aziende devono gestire.\u00a0<\/span><\/p>\n<p><span style=\"font-weight: 400;\">Questa diminuzione di volume riduce direttamente la necessit\u00e0 di stoccaggio, trasporto o trattamento ulteriore, tutti processi che richiedono molte risorse. Per le industrie che devono affrontare controlli normativi sui metodi di smaltimento delle acque di miniera e altre pratiche simili, la riduzione del volume delle acque reflue \u00e8 un passo pratico verso operazioni pi\u00f9 sostenibili ed efficienti.<\/span><\/p>\n<h3><span style=\"font-weight: 400;\">L'evaporazione supporta la conformit\u00e0 normativa aiutando le industrie a gestire l'acqua in modo responsabile.<\/span><\/h3>\n<p><span style=\"font-weight: 400;\">Industrie come quella mineraria, petrolifera e del gas, nonch\u00e9 altri settori industriali pesanti, sono spesso soggette a severe normative sulla gestione delle acque reflue. Queste normative impongono metodi efficienti di smaltimento delle acque di miniera, soprattutto quando sono coinvolti alti volumi di acqua potenzialmente pericolosa.\u00a0<\/span><\/p>\n<p><span style=\"font-weight: 400;\">Un sistema di evaporazione meccanica contribuisce a ridurre l'acqua in eccesso che deve essere gestita, allineando le operazioni agli standard ambientali e alleggerendo gli oneri di conformit\u00e0.\u00a0<\/span><\/p>\n<p>&nbsp;<\/p>\n<h2><span style=\"font-weight: 400;\">Anche l'evaporazione meccanica \u00e8 un'alternativa economicamente vantaggiosa.<\/span><\/h2>\n<p><span style=\"font-weight: 400;\">L'evaporazione meccanica comporta costi operativi inferiori rispetto a metodi come il trattamento delle acque acide. Dopo tutto, le industrie che gestiscono grandi quantit\u00e0 di acque reflue spesso devono affrontare il pesante onere finanziario di creare e mantenere un impianto di trattamento delle acque reflue tradizionale.\u00a0<\/span><\/p>\n<p><span style=\"font-weight: 400;\">Queste spese possono accumularsi rapidamente, creando tensioni finanziarie, soprattutto per le industrie che hanno a che fare con grandi volumi nei loro <\/span><a href=\"https:\/\/minetek.com\/it\/water-management\/\"><span style=\"font-weight: 400;\">gestione dell'acqua<\/span><\/a><span style=\"font-weight: 400;\"> processo.<\/span><\/p>\n<p><span style=\"font-weight: 400;\">L'evaporazione meccanica, tuttavia, semplifica questo aspetto, riducendo la necessit\u00e0 di infrastrutture e materiali di consumo estesi. Si tratta quindi di una soluzione pi\u00f9 efficiente dal punto di vista dei costi per le industrie che desiderano gestire le acque reflue in modo attento al budget.<\/span><\/p>\n<p>&nbsp;<\/p>\n<h2><span style=\"font-weight: 400;\">Domande frequenti (FAQ)<\/span><\/h2>\n<h2><span style=\"font-weight: 400;\">Come possono le centrali elettriche ridurre i volumi delle acque reflue in modo sostenibile?<\/span><\/h2>\n<p><span style=\"font-weight: 400;\">\u00c8 possibile ridurre i volumi delle acque reflue delle centrali elettriche utilizzando sistemi di evaporazione meccanica. Questi sistemi convertono l'acqua in eccesso in vapore, riducendo al minimo le esigenze di stoccaggio e di trattamento chimico. L'evaporazione ad alta efficienza energetica riduce i costi operativi e garantisce la conformit\u00e0 alle normative ambientali, migliorando la sostenibilit\u00e0 e l'efficacia dei costi nella gestione delle acque reflue.<\/span><\/p>\n<p>&nbsp;<\/p>\n<h2><span style=\"font-weight: 400;\">Come si colloca l'evaporazione delle acque reflue rispetto ai metodi di trattamento tradizionali?<\/span><\/h2>\n<p><span style=\"font-weight: 400;\">L'evaporazione delle acque reflue rimuove completamente l'acqua, mentre i metodi di trattamento tradizionali trattano i contaminanti per il riutilizzo o lo scarico sicuro.\u00a0<\/span><\/p>\n<p><span style=\"font-weight: 400;\">Se desiderate una soluzione a basso costo e non volete affrontare il complicato processo di trasporto dell'acqua verso un impianto di trattamento o la creazione di un proprio impianto di trattamento, il nostro <\/span><a href=\"https:\/\/minetek.com\/it\/wastewater-evaporator\/\"><span style=\"font-weight: 400;\">evaporatore di acque reflue<\/span><\/a><span style=\"font-weight: 400;\"> le soluzioni vincono.\u00a0<\/span><\/p>\n<p><span style=\"font-weight: 400;\">L'utilizzo dei nostri evaporatori mobili \u00e8 conveniente, richiede una manutenzione minima rispetto agli impianti di trattamento e funziona con un'infrastruttura pi\u00f9 semplice, offrendo un'alternativa snella ai metodi di trattamento convenzionali.<\/span><\/p>\n<p>&nbsp;<\/p>\n<h2><span style=\"font-weight: 400;\">Quali sono le considerazioni chiave per il trattamento delle acque reflue nel settore minerario?<\/span><\/h2>\n<p><span style=\"font-weight: 400;\">Le considerazioni chiave per il trattamento delle acque reflue nelle miniere includono la gestione di elevati solidi totali disciolti (TDS) e solidi totali sospesi (TSS). Nel frattempo, i sistemi di evaporazione meccanica di Minetek sono in grado di gestire contaminazioni estreme, trattando solidi fino a 4,0 mm di diametro e livelli di pH da 1,8 a 14+.\u00a0<\/span><\/p>\n<h3><span style=\"font-weight: 400;\">Le nostre soluzioni innovative favoriscono la conformit\u00e0 e l'efficienza.<\/span><\/h3>\n<p><span style=\"font-weight: 400;\">Minetek offre alle industrie soluzioni innovative per la gestione dell'aria, dell'acqua e del suono. Con una portata globale, abbiamo realizzato oltre 600 progetti in 30 Paesi che soddisfano gli standard normativi. La nostra esperienza unisce l'ingegneria pratica alla progettazione inventiva, fornendo soluzioni economicamente vantaggiose per affrontare le sfide ambientali contemporanee.<\/span><\/p>\n<p><span style=\"font-weight: 400;\">Che siate alla ricerca di un impianto di terra o di uno galleggiante <\/span><a href=\"https:\/\/minetek.com\/it\/soluzioni\/water\/land-based-evaporators\/\"><span style=\"font-weight: 400;\">evaporatore d'acqua<\/span><\/a><span style=\"font-weight: 400;\">, Potete affidarvi a Minetek per ottenere soluzioni di conformit\u00e0 idrica sostenibili e d'impatto che salvaguardino l'integrit\u00e0 ambientale e ottimizzino le risorse. Chiamateci ora.<\/span><\/p>\n<\/div>","protected":false},"excerpt":{"rendered":"<p>How does mechanical evaporation compare to wastewater treatment? Wastewater treatment is a critical component of industrial water management, yet many industries struggle to balance regulatory compliance and cost-effectiveness.\u00a0 So, imagine transforming your entire approach by integrating mechanical evaporation, a solution that cuts down on storage risks and regulatory hurdles without the hefty infrastructure costs typically associated with the traditional wastewater treatment process. At Minetek, that can be a reality. As an industry leader in innovative water solutions, we provide cutting-edge mechanical evaporation systems designed to tackle these challenges. With more than 600 projects delivered across the globe, our expertise offers [&hellip;]<\/p>\n","protected":false},"author":10,"featured_media":0,"parent":0,"menu_order":0,"comment_status":"closed","ping_status":"closed","template":"template-headshoulder.php","meta":{"_acf_changed":false,"footnotes":""},"class_list":["post-4774","page","type-page","status-publish","hentry"],"acf":[],"yoast_head":"<!-- This site is optimized with the Yoast SEO plugin v27.4 - https:\/\/yoast.com\/product\/yoast-seo-wordpress\/ -->\n<title>Wastewater Treatment | Minetek<\/title>\n<meta name=\"description\" content=\"Minetek\u2019s mechanical evaporation systems offer a cost-effective, high-efficiency alternative to industrial wastewater treatment solutions. Learn more here.\" \/>\n<meta name=\"robots\" content=\"index, follow, max-snippet:-1, max-image-preview:large, max-video-preview:-1\" \/>\n<link rel=\"canonical\" href=\"https:\/\/minetek.com\/it\/wastewater-treatment\/\" \/>\n<meta property=\"og:locale\" content=\"it_IT\" \/>\n<meta property=\"og:type\" content=\"article\" \/>\n<meta property=\"og:title\" content=\"Wastewater Treatment | Minetek\" \/>\n<meta property=\"og:description\" content=\"Minetek\u2019s mechanical evaporation systems offer a cost-effective, high-efficiency alternative to industrial wastewater treatment solutions. Learn more here.\" \/>\n<meta property=\"og:url\" content=\"https:\/\/minetek.com\/it\/wastewater-treatment\/\" \/>\n<meta property=\"og:site_name\" content=\"Minetek\" \/>\n<meta property=\"article:publisher\" content=\"https:\/\/www.facebook.com\/mineteksolutions\/\" \/>\n<meta property=\"article:modified_time\" content=\"2025-03-25T08:03:30+00:00\" \/>\n<meta name=\"twitter:card\" content=\"summary_large_image\" \/>\n<meta name=\"twitter:label1\" content=\"Tempo di lettura stimato\" \/>\n\t<meta name=\"twitter:data1\" content=\"5 minuti\" \/>\n<script type=\"application\/ld+json\" class=\"yoast-schema-graph\">{\"@context\":\"https:\\\/\\\/schema.org\",\"@graph\":[{\"@type\":\"WebPage\",\"@id\":\"https:\\\/\\\/minetek.com\\\/wastewater-treatment\\\/\",\"url\":\"https:\\\/\\\/minetek.com\\\/wastewater-treatment\\\/\",\"name\":\"Wastewater Treatment | Minetek\",\"isPartOf\":{\"@id\":\"https:\\\/\\\/minetek.com\\\/#website\"},\"datePublished\":\"2025-03-21T04:21:19+00:00\",\"dateModified\":\"2025-03-25T08:03:30+00:00\",\"description\":\"Minetek\u2019s mechanical evaporation systems offer a cost-effective, high-efficiency alternative to industrial wastewater treatment solutions. Learn more here.\",\"breadcrumb\":{\"@id\":\"https:\\\/\\\/minetek.com\\\/wastewater-treatment\\\/#breadcrumb\"},\"inLanguage\":\"it-IT\",\"potentialAction\":[{\"@type\":\"ReadAction\",\"target\":[\"https:\\\/\\\/minetek.com\\\/wastewater-treatment\\\/\"]}]},{\"@type\":\"BreadcrumbList\",\"@id\":\"https:\\\/\\\/minetek.com\\\/wastewater-treatment\\\/#breadcrumb\",\"itemListElement\":[{\"@type\":\"ListItem\",\"position\":1,\"name\":\"Home\",\"item\":\"https:\\\/\\\/minetek.com\\\/\"},{\"@type\":\"ListItem\",\"position\":2,\"name\":\"Wastewater Treatment\"}]},{\"@type\":\"WebSite\",\"@id\":\"https:\\\/\\\/minetek.com\\\/#website\",\"url\":\"https:\\\/\\\/minetek.com\\\/\",\"name\":\"Minetek\",\"description\":\"World-class water evaporation, underground ventilation, sound reduction solutions for mining and industry.\",\"publisher\":{\"@id\":\"https:\\\/\\\/minetek.com\\\/#organization\"},\"potentialAction\":[{\"@type\":\"SearchAction\",\"target\":{\"@type\":\"EntryPoint\",\"urlTemplate\":\"https:\\\/\\\/minetek.com\\\/?s={search_term_string}\"},\"query-input\":{\"@type\":\"PropertyValueSpecification\",\"valueRequired\":true,\"valueName\":\"search_term_string\"}}],\"inLanguage\":\"it-IT\"},{\"@type\":\"Organization\",\"@id\":\"https:\\\/\\\/minetek.com\\\/#organization\",\"name\":\"Minetek\",\"url\":\"https:\\\/\\\/minetek.com\\\/\",\"logo\":{\"@type\":\"ImageObject\",\"inLanguage\":\"it-IT\",\"@id\":\"https:\\\/\\\/minetek.com\\\/#\\\/schema\\\/logo\\\/image\\\/\",\"url\":\"https:\\\/\\\/minetek.com\\\/wp-content\\\/uploads\\\/2025\\\/02\\\/13.png\",\"contentUrl\":\"https:\\\/\\\/minetek.com\\\/wp-content\\\/uploads\\\/2025\\\/02\\\/13.png\",\"width\":600,\"height\":600,\"caption\":\"Minetek\"},\"image\":{\"@id\":\"https:\\\/\\\/minetek.com\\\/#\\\/schema\\\/logo\\\/image\\\/\"},\"sameAs\":[\"https:\\\/\\\/www.facebook.com\\\/mineteksolutions\\\/\",\"https:\\\/\\\/www.linkedin.com\\\/company\\\/minetek\\\/\"]}]}<\/script>\n<!-- \/ Yoast SEO plugin. -->","yoast_head_json":{"title":"Trattamento delle acque reflue | Minetek","description":"I sistemi di evaporazione meccanica di Minetek offrono un'alternativa economica e ad alta efficienza alle soluzioni di trattamento delle acque reflue industriali. Per saperne di pi\u00f9, cliccate qui.","robots":{"index":"index","follow":"follow","max-snippet":"max-snippet:-1","max-image-preview":"max-image-preview:large","max-video-preview":"max-video-preview:-1"},"canonical":"https:\/\/minetek.com\/it\/wastewater-treatment\/","og_locale":"it_IT","og_type":"article","og_title":"Wastewater Treatment | Minetek","og_description":"Minetek\u2019s mechanical evaporation systems offer a cost-effective, high-efficiency alternative to industrial wastewater treatment solutions. Learn more here.","og_url":"https:\/\/minetek.com\/it\/wastewater-treatment\/","og_site_name":"Minetek","article_publisher":"https:\/\/www.facebook.com\/mineteksolutions\/","article_modified_time":"2025-03-25T08:03:30+00:00","twitter_card":"summary_large_image","twitter_misc":{"Tempo di lettura stimato":"5 minuti"},"schema":{"@context":"https:\/\/schema.org","@graph":[{"@type":"WebPage","@id":"https:\/\/minetek.com\/wastewater-treatment\/","url":"https:\/\/minetek.com\/wastewater-treatment\/","name":"Trattamento delle acque reflue | Minetek","isPartOf":{"@id":"https:\/\/minetek.com\/#website"},"datePublished":"2025-03-21T04:21:19+00:00","dateModified":"2025-03-25T08:03:30+00:00","description":"I sistemi di evaporazione meccanica di Minetek offrono un'alternativa economica e ad alta efficienza alle soluzioni di trattamento delle acque reflue industriali. Per saperne di pi\u00f9, cliccate qui.","breadcrumb":{"@id":"https:\/\/minetek.com\/wastewater-treatment\/#breadcrumb"},"inLanguage":"it-IT","potentialAction":[{"@type":"ReadAction","target":["https:\/\/minetek.com\/wastewater-treatment\/"]}]},{"@type":"BreadcrumbList","@id":"https:\/\/minetek.com\/wastewater-treatment\/#breadcrumb","itemListElement":[{"@type":"ListItem","position":1,"name":"Home","item":"https:\/\/minetek.com\/"},{"@type":"ListItem","position":2,"name":"Wastewater Treatment"}]},{"@type":"WebSite","@id":"https:\/\/minetek.com\/#website","url":"https:\/\/minetek.com\/","name":"Minetek","description":"Soluzioni di classe mondiale per l'evaporazione dell'acqua, la ventilazione sotterranea e la riduzione del rumore per il settore minerario e industriale.","publisher":{"@id":"https:\/\/minetek.com\/#organization"},"potentialAction":[{"@type":"SearchAction","target":{"@type":"EntryPoint","urlTemplate":"https:\/\/minetek.com\/?s={search_term_string}"},"query-input":{"@type":"PropertyValueSpecification","valueRequired":true,"valueName":"search_term_string"}}],"inLanguage":"it-IT"},{"@type":"Organization","@id":"https:\/\/minetek.com\/#organization","name":"Minetek","url":"https:\/\/minetek.com\/","logo":{"@type":"ImageObject","inLanguage":"it-IT","@id":"https:\/\/minetek.com\/#\/schema\/logo\/image\/","url":"https:\/\/minetek.com\/wp-content\/uploads\/2025\/02\/13.png","contentUrl":"https:\/\/minetek.com\/wp-content\/uploads\/2025\/02\/13.png","width":600,"height":600,"caption":"Minetek"},"image":{"@id":"https:\/\/minetek.com\/#\/schema\/logo\/image\/"},"sameAs":["https:\/\/www.facebook.com\/mineteksolutions\/","https:\/\/www.linkedin.com\/company\/minetek\/"]}]}},"_links":{"self":[{"href":"https:\/\/minetek.com\/it\/wp-json\/wp\/v2\/pages\/4774","targetHints":{"allow":["GET"]}}],"collection":[{"href":"https:\/\/minetek.com\/it\/wp-json\/wp\/v2\/pages"}],"about":[{"href":"https:\/\/minetek.com\/it\/wp-json\/wp\/v2\/types\/page"}],"author":[{"embeddable":true,"href":"https:\/\/minetek.com\/it\/wp-json\/wp\/v2\/users\/10"}],"replies":[{"embeddable":true,"href":"https:\/\/minetek.com\/it\/wp-json\/wp\/v2\/comments?post=4774"}],"version-history":[{"count":0,"href":"https:\/\/minetek.com\/it\/wp-json\/wp\/v2\/pages\/4774\/revisions"}],"wp:attachment":[{"href":"https:\/\/minetek.com\/it\/wp-json\/wp\/v2\/media?parent=4774"}],"curies":[{"name":"wp","href":"https:\/\/api.w.org\/{rel}","templated":true}]}}