{"id":4767,"date":"2025-03-21T14:54:00","date_gmt":"2025-03-21T03:54:00","guid":{"rendered":"https:\/\/minetek.com\/?page_id=4767"},"modified":"2025-03-21T19:00:06","modified_gmt":"2025-03-21T08:00:06","slug":"water-and-wastewater-treatment-plant","status":"publish","type":"page","link":"https:\/\/minetek.com\/it\/water-and-wastewater-treatment-plant\/","title":{"rendered":"Water And Wastewater Treatment Plant"},"content":{"rendered":"<div class=\"c-cms-content\"><h1>Cos'\u00e8 un <strong>acqua eccellente<\/strong> e impianti di trattamento delle acque reflue alternativi?<\/h1>\n<p><span style=\"font-weight: 400;\">Quando si parla di soluzioni in <\/span><a href=\"https:\/\/minetek.com\/it\/waste-water-treatment\/\"><span style=\"font-weight: 400;\">trattamento delle acque reflue<\/span><\/a><span style=\"font-weight: 400;\">un impianto di trattamento delle acque e delle acque reflue \u00e8 spesso l'opzione pi\u00f9 scelta. Tuttavia, gli operatori del settore che decidono come gestire l'acqua delle miniere o l'acqua proveniente dal petrolio e dal gas, dalla produzione di energia e da altri settori industriali, possono voler gestire i volumi d'acqua senza processi pesanti dal punto di vista chimico o senza la complessit\u00e0 di affidarsi esclusivamente a metodi di trattamento.<\/span><\/p>\n<p><span style=\"font-weight: 400;\">\u00c8 qui che gli evaporatori meccanici per acque reflue industriali di Minetek possono fare la differenza, in quanto riducono i costi operativi e gestiscono efficacemente l'acqua in eccesso senza tempi di implementazione lenti o requisiti infrastrutturali elevati.\u00a0<\/span><\/p>\n<p><span style=\"font-weight: 400;\">Grazie alla progettazione di sistemi su misura, i sistemi di evaporazione galleggianti e terrestri di Minetek consentono alle industrie di gestire in modo efficiente l'acqua in applicazioni come la disidratazione dei pozzi, le dighe per gli sterili e altre applicazioni.<\/span><\/p>\n<p>&nbsp;<\/p>\n<h2><span style=\"font-weight: 400;\">L'evaporazione meccanica pu\u00f2 integrare o sostituire il trattamento dell'acqua.<\/span><\/h2>\n<h3><span style=\"font-weight: 400;\">Minetek riduce i volumi d'acqua senza processi ad alta intensit\u00e0 chimica.<\/span><\/h3>\n<p><span style=\"font-weight: 400;\">L'evaporazione meccanica non richiede alcun intervento chimico, a differenza dei tradizionali impianti di trattamento delle acque e delle acque reflue. Come soluzioni per lo smaltimento delle acque reflue industriali, gli impianti di trattamento si affidano spesso a metodi chimici per gestire i volumi d'acqua, che possono aggiungere complessit\u00e0 e costi operativi al sistema. <\/span><a href=\"https:\/\/minetek.com\/it\/wastewater-management-process\/\"><span style=\"font-weight: 400;\">processo di gestione delle acque reflue<\/span><\/a><span style=\"font-weight: 400;\">.\u00a0<\/span><\/p>\n<p><span style=\"font-weight: 400;\">Le soluzioni di evaporazione di Minetek utilizzano l'ingegneria dei ventilatori e il flusso d'aria, minimizzando l'impronta chimica e riducendo i problemi logistici legati alla gestione delle forniture chimiche. L'eliminazione dei flussi di rifiuti chimici elimina anche la necessit\u00e0 di sottoprodotti pericolosi che richiedono un ulteriore trattamento delle acque reflue minerarie.<\/span><\/p>\n<p><span style=\"font-weight: 400;\">Le nostre soluzioni di evaporazione dell'acqua a terra o galleggianti consentono alle industrie di gestire in modo efficiente l'acqua in diverse applicazioni, che si tratti di disidratare fosse, gestire dighe di sterili o gestire lo smaltimento di salamoia e acqua salina.<\/span><\/p>\n<p><span style=\"font-weight: 400;\">I sistemi di evaporazione possono anche integrare gli impianti di trattamento.<\/span><\/p>\n<p><span style=\"font-weight: 400;\">Per chi \u00e8 alla ricerca di un'altra opzione rispetto a un impianto tradizionale di trattamento delle acque e delle acque reflue, il sistema Minetek <\/span><a href=\"https:\/\/minetek.com\/it\/evaporation-systems\/\"><span style=\"font-weight: 400;\">sistemi di evaporazione<\/span><\/a><span style=\"font-weight: 400;\"> possono lavorare in tandem con gli impianti di trattamento delle acque, soprattutto con acque non inquinate o non contaminate.<\/span><\/p>\n<p><span style=\"font-weight: 400;\">A volte gli impianti di trattamento delle acque industriali sono sovraccarichi, soprattutto in caso di forti piogge o temporali, perch\u00e9 trattano acque che non hanno necessariamente bisogno di un trattamento completo. Il dirottamento dell'acqua non inquinata attraverso i sistemi di evaporazione consente agli impianti di concentrarsi sull'acqua che richiede realmente le loro risorse, con conseguente allocazione pi\u00f9 efficiente della capacit\u00e0 di trattamento.<\/span><\/p>\n<p><span style=\"font-weight: 400;\">I sistemi di evaporazione possono anche ridurre i volumi di acque reflue senza generare ulteriori rifiuti. Ci\u00f2 li rende un ottimo complemento o addirittura un sostituto delle migliori soluzioni di trattamento dell'acqua, riducendo o eliminando l'acqua che deve essere trattata.<\/span><\/p>\n<p><span style=\"font-weight: 400;\">Questa attenzione pu\u00f2 estendersi alla gestione di fonti come le acque meteoriche e di dilavamento superficiale, ottimizzando la capacit\u00e0 e contribuendo a un significativo risparmio economico.<\/span><\/p>\n<p><span style=\"font-weight: 400;\">In che modo l'evaporazione favorisce lo smaltimento?<\/span><\/p>\n<p><span style=\"font-weight: 400;\">Le industrie utilizzano l'evaporazione per rispettare i limiti di scarico.<\/span><\/p>\n<p><span style=\"font-weight: 400;\">Il trasporto delle acque reflue a un impianto di trattamento delle acque e delle acque reflue fuori sede pu\u00f2 essere costoso a causa del carburante e della manodopera. L'evaporazione, invece, riduce le acque reflue a residui solidi e minimizza i volumi totali di smaltimento. Si tratta di un aspetto cruciale per le industrie che devono rispettare severi limiti di scarico.<\/span><\/p>\n<p><span style=\"font-weight: 400;\">Con il sistema Minetek <\/span><a href=\"https:\/\/minetek.com\/it\/evaporator-systems\/\"><span style=\"font-weight: 400;\">sistemi di evaporazione<\/span><\/a><span style=\"font-weight: 400;\">Gli operatori possono gestire e ridurre in modo significativo o addirittura eliminare del tutto grandi volumi di acque reflue, evitando costosi costi di smaltimento legati all'elevato contenuto di contaminanti.<\/span><\/p>\n<p><span style=\"font-weight: 400;\">L'applicazione al suolo e le iniezioni in pozzi profondi sono limitate da restrizioni e preoccupazioni ambientali.<\/span><\/p>\n<p><span style=\"font-weight: 400;\">I metodi di un impianto di trattamento delle acque e delle acque reflue per disperdere l'acqua o per sottoporla al processo di trattamento delle acque reflue minerarie sono regolati da normative che limitano rigorosamente dove e come possono essere applicate. Un'applicazione eccessiva pu\u00f2 portare alla contaminazione del suolo e allo squilibrio dei nutrienti, oltre a rischi potenzialmente pericolosi per l'inquinamento delle acque sotterranee e per l'attivit\u00e0 sismica.<\/span><\/p>\n<p><span style=\"font-weight: 400;\">L'evaporazione aggira questi problemi ambientali riducendo la dipendenza dai metodi di smaltimento a terra. Questa soluzione \u00e8 adatta alle aziende che vogliono dare priorit\u00e0 alla tutela dell'ambiente, pur rimanendo efficienti dal punto di vista operativo.<\/span><\/p>\n<p><span style=\"font-weight: 400;\">Consultare Minetek per assicurarsi un sistema di evaporazione adeguato.<\/span><\/p>\n<p><span style=\"font-weight: 400;\">Le soluzioni personalizzate sono adattate alle vostre esigenze.<\/span><\/p>\n<p><span style=\"font-weight: 400;\">I diversi settori industriali producono vari tipi di acque reflue, che richiedono un approccio di evaporazione personalizzato. Ogni settore presenta sfide uniche, dalla salinit\u00e0 variabile ai diversi livelli di contaminanti e tassi di evaporazione, che influenzano pesantemente la progettazione di un impianto di depurazione. <\/span><a href=\"https:\/\/minetek.com\/it\/water-management-plant\/\"><span style=\"font-weight: 400;\">impianto di gestione delle acque<\/span><\/a><span style=\"font-weight: 400;\">.<\/span><\/p>\n<p><span style=\"font-weight: 400;\">Riconoscendo queste esigenze specifiche, il team tecnico di Minetek offre un'alternativa al tradizionale impianto di trattamento delle acque e delle acque reflue, costruendo soluzioni su misura per i requisiti, le condizioni e gli standard di conformit\u00e0 del sito.<\/span><\/p>\n<p><span style=\"font-weight: 400;\">Minetek collabora strettamente con voi per sviluppare una proposta che includa tutte le specifiche del sistema, compresi aspetti quali i requisiti di tensione, le piattaforme di sicurezza e gli angoli di scarico, sia verticali che orizzontali.<\/span><\/p>\n<p><span style=\"font-weight: 400;\">Minetek offre sistemi terrestri e galleggianti.<\/span><\/p>\n<p><span style=\"font-weight: 400;\">Minetek offre sia un sistema di evaporazione a terra che uno galleggiante per le acque reflue. Il nostro evaporatore a terra, alimentato da un motore elettrico e da una tecnologia brevettata, elabora in modo efficiente volumi d'acqua significativi, anche con alti livelli di solidi totali disciolti (TDS) e di solidi totali sospesi (TSS).<\/span><\/p>\n<p><span style=\"font-weight: 400;\">Queste unit\u00e0 sono personalizzabili e disponibili in una gamma di dimensioni per soddisfare diversi requisiti operativi e adattarsi alle vostre specifiche esigenze di evaporazione.<\/span><\/p>\n<p><span style=\"font-weight: 400;\">Quando i sistemi a terra non sono fattibili, i nostri evaporatori galleggianti offrono un'alternativa robusta. Costruiti su una resistente struttura a pontone con tubature integrate e alimentati da un motore elettrico e da una pompa sommersa, gestiscono quantit\u00e0 d'acqua notevoli.<\/span><\/p>\n<p><span style=\"font-weight: 400;\">Per migliorare entrambi i sistemi, il nostro sistema di gestione ambientale (EMS) \u00e8 in grado di monitorare in tempo reale variabili quali umidit\u00e0, precipitazioni e vento. Ci\u00f2 consente regolazioni dinamiche adattate alle condizioni ambientali, con funzioni quali l'avvio e lo spegnimento automatici.<\/span><\/p>\n<p>&nbsp;<\/p>\n<h2><span style=\"font-weight: 400;\">Domande frequenti (FAQ)<\/span><\/h2>\n<h2><span style=\"font-weight: 400;\">Come si pu\u00f2 ottimizzare lo smaltimento delle acque reflue per ottenere un buon rapporto costi-benefici?<\/span><\/h2>\n<p><span style=\"font-weight: 400;\">Uno smaltimento delle acque reflue efficiente dal punto di vista dei costi \u00e8 possibile grazie a tecniche strategiche di evaporazione come opzione alternativa a un sistema di smaltimento tradizionale. <\/span><a href=\"https:\/\/minetek.com\/it\/water-treatment-plant\/\"><span style=\"font-weight: 400;\">impianto di trattamento delle acque<\/span><\/a><span style=\"font-weight: 400;\">. Grazie a sistemi di evaporazione avanzati e personalizzati, tutta l'acqua pu\u00f2 essere completamente evaporata.<\/span><\/p>\n<p><span style=\"font-weight: 400;\">Se l'evaporazione totale non \u00e8 fattibile, il processo riduce significativamente il volume dei rifiuti, che a sua volta riduce i costi di smaltimento. L'implementazione di questi sistemi pu\u00f2 quindi fornire una soluzione che ha un impatto diretto sui profitti, liberando risorse di bilancio per altre aree operative.<\/span><\/p>\n<p><span style=\"font-weight: 400;\">Come si colloca l'evaporazione rispetto ai metodi tradizionali di trattamento dell'acqua?<\/span><\/p>\n<p><span style=\"font-weight: 400;\">L'evaporazione offre un approccio diverso rispetto ai tradizionali impianti di trattamento delle acque e delle acque reflue. A differenza dei metodi che si basano su filtrazione, processi biologici o chimici, l'evaporazione riduce le acque reflue trasformandole da liquide a gassose.<\/span><\/p>\n<p><span style=\"font-weight: 400;\">Le unit\u00e0 di evaporazione di Minetek sono progettate per gestire composizioni dell'acqua diverse e difficili, trattando in modo efficiente solidi fino a 4,0 mm e gestendo acque reflue con livelli di pH compresi tra 1,8 e 14+.<\/span><\/p>\n<p><span style=\"font-weight: 400;\">Il trattamento tradizionale delle acque d\u00e0 spesso origine a sottoprodotti come i fanghi. L'evaporazione si concentra sulla riduzione del volume senza generare ulteriori rifiuti, il che \u00e8 vantaggioso per i vari profili di acque reflue.<\/span><\/p>\n<p><span style=\"font-weight: 400;\">Quale manutenzione \u00e8 necessaria per i sistemi di evaporazione delle acque reflue?<\/span><\/p>\n<p><span style=\"font-weight: 400;\">Nei sistemi di salamoia ad alto contenuto di TDS, il lavaggio periodico con acqua dolce previene le ostruzioni e mantiene la funzionalit\u00e0 del sistema. Un sistema di filtraggio completo in acciaio inox pu\u00f2 essere installato all'ingresso del tubo di aspirazione per catturare i solidi prima che entrino nell'evaporatore.<\/span><\/p>\n<p><span style=\"font-weight: 400;\">I sistemi di evaporazione delle acque reflue di Minetek sono progettati per una manutenzione ridotta, con materiali adatti agli ambienti industriali pi\u00f9 difficili. Ispezioni regolari e strategie di manutenzione preventiva possono migliorare ulteriormente la longevit\u00e0 e l'efficienza operativa.\u00a0<\/span><\/p>\n<h3><span style=\"font-weight: 400;\">Aumentare l'efficienza con soluzioni idriche mirate<\/span><\/h3>\n<p><span style=\"font-weight: 400;\">Cercate un'alternativa al tradizionale <\/span><a href=\"https:\/\/minetek.com\/it\/wastewater-treatment-facility\/\"><span style=\"font-weight: 400;\">impianto di trattamento delle acque reflue<\/span><\/a><span style=\"font-weight: 400;\">? Ottimizzate le vostre operazioni industriali attraverso una gestione efficace dell'acqua.<\/span><\/p>\n<p><span style=\"font-weight: 400;\">Minetek fornisce soluzioni innovative ed economicamente vantaggiose per i settori minerario, petrolifero e del gas e industriale. Il nostro approccio completo integra una tecnologia innovativa di evaporazione dell'acqua, gestendo efficacemente l'acqua in eccesso e migliorando la conformit\u00e0.<\/span><\/p>\n<p><span style=\"font-weight: 400;\">Con il nostro team di esperti dislocato in tutto il mondo, abbiamo realizzato oltre 600 progetti in pi\u00f9 di 30 Paesi, ottenendo costantemente risultati ottimali grazie a soluzioni progettate con precisione. Ci spingiamo oltre i limiti e non ci accontentiamo dello status quo, promuovendo continuamente l'innovazione per soddisfare le richieste del settore e superare le aspettative dei clienti.<\/span><\/p>\n<p><span style=\"font-weight: 400;\">Scegliete Minetek per ottimizzare i vostri processi e ridurre efficacemente i rischi operativi.<\/span><\/p>\n<\/div>","protected":false},"excerpt":{"rendered":"<p>What\u2019s an excellent water and wastewater treatment plant alternative? When discussing solutions in waste water treatment, a water and wastewater treatment plant is often the widely-chosen option. However, industry operators deciding on how to manage mine water\u2014or water from oil and gas, power generation and other industries\u2014may want to manage water volumes without chemical-heavy processes or the complexities of relying solely on treatment methods. This is where Minetek\u2019s mechanical evaporators for industrial wastewater can make a difference, as they reduce operational costs and manage excess water effectively without slow deployment times or high-infrastructure requirements.\u00a0 With tailored system designs, Minetek\u2019s floating [&hellip;]<\/p>\n","protected":false},"author":10,"featured_media":0,"parent":0,"menu_order":0,"comment_status":"closed","ping_status":"closed","template":"template-headshoulder.php","meta":{"_acf_changed":false,"footnotes":""},"class_list":["post-4767","page","type-page","status-publish","hentry"],"acf":[],"yoast_head":"<!-- This site is optimized with the Yoast SEO plugin v27.3 - https:\/\/yoast.com\/product\/yoast-seo-wordpress\/ -->\n<title>Water and Wastewater Treatment Plant | Minetek<\/title>\n<meta name=\"description\" content=\"Minetek\u2019s evaporation systems offer an efficient alternative to traditional water and wastewater treatment plant options, reducing chemical usage and costs.\" \/>\n<meta name=\"robots\" content=\"index, follow, max-snippet:-1, max-image-preview:large, max-video-preview:-1\" \/>\n<link rel=\"canonical\" href=\"https:\/\/minetek.com\/it\/water-and-wastewater-treatment-plant\/\" \/>\n<meta property=\"og:locale\" content=\"it_IT\" \/>\n<meta property=\"og:type\" content=\"article\" \/>\n<meta property=\"og:title\" content=\"Water and Wastewater Treatment Plant | Minetek\" \/>\n<meta property=\"og:description\" content=\"Minetek\u2019s evaporation systems offer an efficient alternative to traditional water and wastewater treatment plant options, reducing chemical usage and costs.\" \/>\n<meta property=\"og:url\" content=\"https:\/\/minetek.com\/it\/water-and-wastewater-treatment-plant\/\" \/>\n<meta property=\"og:site_name\" content=\"Minetek\" \/>\n<meta property=\"article:publisher\" content=\"https:\/\/www.facebook.com\/mineteksolutions\/\" \/>\n<meta property=\"article:modified_time\" content=\"2025-03-21T08:00:06+00:00\" \/>\n<meta name=\"twitter:card\" content=\"summary_large_image\" \/>\n<meta name=\"twitter:label1\" content=\"Tempo di lettura stimato\" \/>\n\t<meta name=\"twitter:data1\" content=\"6 minuti\" \/>\n<script type=\"application\/ld+json\" class=\"yoast-schema-graph\">{\"@context\":\"https:\\\/\\\/schema.org\",\"@graph\":[{\"@type\":\"WebPage\",\"@id\":\"https:\\\/\\\/minetek.com\\\/water-and-wastewater-treatment-plant\\\/\",\"url\":\"https:\\\/\\\/minetek.com\\\/water-and-wastewater-treatment-plant\\\/\",\"name\":\"Water and Wastewater Treatment Plant | Minetek\",\"isPartOf\":{\"@id\":\"https:\\\/\\\/minetek.com\\\/#website\"},\"datePublished\":\"2025-03-21T03:54:00+00:00\",\"dateModified\":\"2025-03-21T08:00:06+00:00\",\"description\":\"Minetek\u2019s evaporation systems offer an efficient alternative to traditional water and wastewater treatment plant options, reducing chemical usage and costs.\",\"breadcrumb\":{\"@id\":\"https:\\\/\\\/minetek.com\\\/water-and-wastewater-treatment-plant\\\/#breadcrumb\"},\"inLanguage\":\"it-IT\",\"potentialAction\":[{\"@type\":\"ReadAction\",\"target\":[\"https:\\\/\\\/minetek.com\\\/water-and-wastewater-treatment-plant\\\/\"]}]},{\"@type\":\"BreadcrumbList\",\"@id\":\"https:\\\/\\\/minetek.com\\\/water-and-wastewater-treatment-plant\\\/#breadcrumb\",\"itemListElement\":[{\"@type\":\"ListItem\",\"position\":1,\"name\":\"Home\",\"item\":\"https:\\\/\\\/minetek.com\\\/\"},{\"@type\":\"ListItem\",\"position\":2,\"name\":\"Water And Wastewater Treatment Plant\"}]},{\"@type\":\"WebSite\",\"@id\":\"https:\\\/\\\/minetek.com\\\/#website\",\"url\":\"https:\\\/\\\/minetek.com\\\/\",\"name\":\"Minetek\",\"description\":\"World-class water evaporation, underground ventilation, sound reduction solutions for mining and industry.\",\"publisher\":{\"@id\":\"https:\\\/\\\/minetek.com\\\/#organization\"},\"potentialAction\":[{\"@type\":\"SearchAction\",\"target\":{\"@type\":\"EntryPoint\",\"urlTemplate\":\"https:\\\/\\\/minetek.com\\\/?s={search_term_string}\"},\"query-input\":{\"@type\":\"PropertyValueSpecification\",\"valueRequired\":true,\"valueName\":\"search_term_string\"}}],\"inLanguage\":\"it-IT\"},{\"@type\":\"Organization\",\"@id\":\"https:\\\/\\\/minetek.com\\\/#organization\",\"name\":\"Minetek\",\"url\":\"https:\\\/\\\/minetek.com\\\/\",\"logo\":{\"@type\":\"ImageObject\",\"inLanguage\":\"it-IT\",\"@id\":\"https:\\\/\\\/minetek.com\\\/#\\\/schema\\\/logo\\\/image\\\/\",\"url\":\"https:\\\/\\\/minetek.com\\\/wp-content\\\/uploads\\\/2025\\\/02\\\/13.png\",\"contentUrl\":\"https:\\\/\\\/minetek.com\\\/wp-content\\\/uploads\\\/2025\\\/02\\\/13.png\",\"width\":600,\"height\":600,\"caption\":\"Minetek\"},\"image\":{\"@id\":\"https:\\\/\\\/minetek.com\\\/#\\\/schema\\\/logo\\\/image\\\/\"},\"sameAs\":[\"https:\\\/\\\/www.facebook.com\\\/mineteksolutions\\\/\",\"https:\\\/\\\/www.linkedin.com\\\/company\\\/minetek\\\/\"]}]}<\/script>\n<!-- \/ Yoast SEO plugin. -->","yoast_head_json":{"title":"Impianto di trattamento delle acque e delle acque reflue | Minetek","description":"I sistemi di evaporazione di Minetek offrono un'alternativa efficiente alle opzioni tradizionali degli impianti di trattamento delle acque e delle acque reflue, riducendo l'uso e i costi dei prodotti chimici.","robots":{"index":"index","follow":"follow","max-snippet":"max-snippet:-1","max-image-preview":"max-image-preview:large","max-video-preview":"max-video-preview:-1"},"canonical":"https:\/\/minetek.com\/it\/water-and-wastewater-treatment-plant\/","og_locale":"it_IT","og_type":"article","og_title":"Water and Wastewater Treatment Plant | Minetek","og_description":"Minetek\u2019s evaporation systems offer an efficient alternative to traditional water and wastewater treatment plant options, reducing chemical usage and costs.","og_url":"https:\/\/minetek.com\/it\/water-and-wastewater-treatment-plant\/","og_site_name":"Minetek","article_publisher":"https:\/\/www.facebook.com\/mineteksolutions\/","article_modified_time":"2025-03-21T08:00:06+00:00","twitter_card":"summary_large_image","twitter_misc":{"Tempo di lettura stimato":"6 minuti"},"schema":{"@context":"https:\/\/schema.org","@graph":[{"@type":"WebPage","@id":"https:\/\/minetek.com\/water-and-wastewater-treatment-plant\/","url":"https:\/\/minetek.com\/water-and-wastewater-treatment-plant\/","name":"Impianto di trattamento delle acque e delle acque reflue | Minetek","isPartOf":{"@id":"https:\/\/minetek.com\/#website"},"datePublished":"2025-03-21T03:54:00+00:00","dateModified":"2025-03-21T08:00:06+00:00","description":"I sistemi di evaporazione di Minetek offrono un'alternativa efficiente alle opzioni tradizionali degli impianti di trattamento delle acque e delle acque reflue, riducendo l'uso e i costi dei prodotti chimici.","breadcrumb":{"@id":"https:\/\/minetek.com\/water-and-wastewater-treatment-plant\/#breadcrumb"},"inLanguage":"it-IT","potentialAction":[{"@type":"ReadAction","target":["https:\/\/minetek.com\/water-and-wastewater-treatment-plant\/"]}]},{"@type":"BreadcrumbList","@id":"https:\/\/minetek.com\/water-and-wastewater-treatment-plant\/#breadcrumb","itemListElement":[{"@type":"ListItem","position":1,"name":"Home","item":"https:\/\/minetek.com\/"},{"@type":"ListItem","position":2,"name":"Water And Wastewater Treatment Plant"}]},{"@type":"WebSite","@id":"https:\/\/minetek.com\/#website","url":"https:\/\/minetek.com\/","name":"Minetek","description":"Soluzioni di classe mondiale per l'evaporazione dell'acqua, la ventilazione sotterranea e la riduzione del rumore per il settore minerario e industriale.","publisher":{"@id":"https:\/\/minetek.com\/#organization"},"potentialAction":[{"@type":"SearchAction","target":{"@type":"EntryPoint","urlTemplate":"https:\/\/minetek.com\/?s={search_term_string}"},"query-input":{"@type":"PropertyValueSpecification","valueRequired":true,"valueName":"search_term_string"}}],"inLanguage":"it-IT"},{"@type":"Organization","@id":"https:\/\/minetek.com\/#organization","name":"Minetek","url":"https:\/\/minetek.com\/","logo":{"@type":"ImageObject","inLanguage":"it-IT","@id":"https:\/\/minetek.com\/#\/schema\/logo\/image\/","url":"https:\/\/minetek.com\/wp-content\/uploads\/2025\/02\/13.png","contentUrl":"https:\/\/minetek.com\/wp-content\/uploads\/2025\/02\/13.png","width":600,"height":600,"caption":"Minetek"},"image":{"@id":"https:\/\/minetek.com\/#\/schema\/logo\/image\/"},"sameAs":["https:\/\/www.facebook.com\/mineteksolutions\/","https:\/\/www.linkedin.com\/company\/minetek\/"]}]}},"_links":{"self":[{"href":"https:\/\/minetek.com\/it\/wp-json\/wp\/v2\/pages\/4767","targetHints":{"allow":["GET"]}}],"collection":[{"href":"https:\/\/minetek.com\/it\/wp-json\/wp\/v2\/pages"}],"about":[{"href":"https:\/\/minetek.com\/it\/wp-json\/wp\/v2\/types\/page"}],"author":[{"embeddable":true,"href":"https:\/\/minetek.com\/it\/wp-json\/wp\/v2\/users\/10"}],"replies":[{"embeddable":true,"href":"https:\/\/minetek.com\/it\/wp-json\/wp\/v2\/comments?post=4767"}],"version-history":[{"count":0,"href":"https:\/\/minetek.com\/it\/wp-json\/wp\/v2\/pages\/4767\/revisions"}],"wp:attachment":[{"href":"https:\/\/minetek.com\/it\/wp-json\/wp\/v2\/media?parent=4767"}],"curies":[{"name":"wp","href":"https:\/\/api.w.org\/{rel}","templated":true}]}}