{"id":4766,"date":"2025-03-21T14:49:36","date_gmt":"2025-03-21T03:49:36","guid":{"rendered":"https:\/\/minetek.com\/?page_id=4766"},"modified":"2025-03-21T19:01:06","modified_gmt":"2025-03-21T08:01:06","slug":"department-of-water-management","status":"publish","type":"page","link":"https:\/\/minetek.com\/it\/department-of-water-management\/","title":{"rendered":"Department Of Water Management"},"content":{"rendered":"<div class=\"c-cms-content\"><h1>Il vostro sito sopravviver\u00e0 a un Dipartimento di <strong>Ispezione della gestione dell'acqua<\/strong>? Scopritelo ora<\/h1>\n<p><span style=\"font-weight: 400;\">A <\/span><span style=\"font-weight: 400;\">Dipartimento di gestione delle acque<\/span><span style=\"font-weight: 400;\"> L'ispezione pu\u00f2 determinare se il vostro sito rispetta le severe normative in materia di acque o se rischia di incorrere in costose sanzioni. Dalla verifica dei permessi all'analisi dello scarico delle acque reflue, gli ispettori controllano la conformit\u00e0 a ogni livello.\u00a0<\/span><\/p>\n<p><span style=\"font-weight: 400;\">Minetek fornisce soluzioni avanzate per l'evaporazione delle acque reflue per aiutare le aziende a rispettare le norme. Le nostre soluzioni ad alta efficienza <\/span><a href=\"https:\/\/minetek.com\/it\/evaporation-systems\/\"><span style=\"font-weight: 400;\">sistemi di evaporazione<\/span><\/a><span style=\"font-weight: 400;\"> possono ridurre o eliminare i volumi di acque reflue che necessitano di trattamento per contribuire a garantire che le acque di scarico soddisfino gli standard ambientali.\u00a0<\/span><\/p>\n<p><span style=\"font-weight: 400;\">Per essere all'avanguardia con le normative \u00e8 necessario un approccio corretto: ecco come prepararsi a un'ispezione ed evitare i rischi di conformit\u00e0.<\/span><\/p>\n<p>&nbsp;<\/p>\n<h2><span style=\"font-weight: 400;\">Cosa fare per superare un'ispezione sulla gestione delle acque?<\/span><\/h2>\n<h3><span style=\"font-weight: 400;\">Tenere aggiornati tutti i permessi e i registri.<\/span><\/h3>\n<p><span style=\"font-weight: 400;\">Non importa come il <\/span><span style=\"font-weight: 400;\">Dipartimento di gestione delle acque<\/span><span style=\"font-weight: 400;\"> \u00e8 nominato nella vostra zona, gli standard di ispezione rimangono in qualche modo simili. Una delle prime cose che gli ispettori controllano \u00e8 che tutti i permessi necessari, come quelli di prelievo, di scarico e del Sistema Nazionale di Eliminazione degli Scarichi di Inquinanti (NPDES), siano aggiornati e disponibili.<\/span><\/p>\n<h3><span style=\"font-weight: 400;\">Controllare la qualit\u00e0 dell'acqua prima dello scarico.<\/span><\/h3>\n<p><span style=\"font-weight: 400;\">L'analisi regolare delle fonti idriche, comprese le acque delle dighe di contenimento degli sterili e le acque di dilavamento, garantisce la conformit\u00e0 ai limiti di scarico previsti dalla normativa. L'implementazione di soluzioni per il trattamento delle acque reflue, come la filtrazione e il trattamento chimico, a livello di <\/span><a href=\"https:\/\/minetek.com\/it\/water-treatment-plant\/\"><span style=\"font-weight: 400;\">impianto di trattamento delle acque<\/span><\/a><span style=\"font-weight: 400;\"> possono aiutare a gestire la qualit\u00e0 dell'acqua e a tenere sotto controllo i livelli di contaminanti.<\/span><\/p>\n<p><span style=\"font-weight: 400;\">Tuttavia, \u00e8 anche possibile ricorrere ai sistemi di evaporazione, che possono ridurre le acque reflue, diminuendo cos\u00ec la quantit\u00e0 di acqua che deve essere trattata prima dello scarico. In alcuni casi, possono addirittura eliminare del tutto le acque reflue e la necessit\u00e0 di trattamento.<\/span><\/p>\n<h3><span style=\"font-weight: 400;\">Formate il vostro team sulle procedure di gestione dell'acqua e sulla risposta alle fuoriuscite.<\/span><\/h3>\n<p><span style=\"font-weight: 400;\">Le ispezioni interne di routine e la formazione del personale mantengono le operazioni in linea con le aspettative normative. A <\/span><span style=\"font-weight: 400;\">Dipartimento di gestione delle acque<\/span><span style=\"font-weight: 400;\"> L'ispettore si aspetta che i team comprendano i requisiti di monitoraggio, reporting e conformit\u00e0.\u00a0<\/span><\/p>\n<p>&nbsp;<\/p>\n<h2><span style=\"font-weight: 400;\">Quali sono le responsabilit\u00e0 del <\/span><span style=\"font-weight: 400;\">Dipartimento di gestione delle acque<\/span><span style=\"font-weight: 400;\">?<\/span><\/h2>\n<h3><span style=\"font-weight: 400;\">Il dipartimento regolamenta l'uso dell'acqua e lo scarico delle acque reflue.<\/span><\/h3>\n<p><span style=\"font-weight: 400;\">Il <\/span><span style=\"font-weight: 400;\">Dipartimento di gestione delle acque<\/span><span style=\"font-weight: 400;\"> \u00e8 responsabile della regolamentazione delle risorse e delle infrastrutture idriche. Sebbene sia conosciuta con questo nome a Chicago, agenzie simili operano in tutti gli Stati Uniti con titoli diversi. Uno dei suoi ruoli principali \u00e8 quello di supervisionare l'uso dell'acqua industriale e di gestire lo smaltimento dell'acqua in conformit\u00e0 con le normative federali, statali e locali.\u00a0<\/span><\/p>\n<p><span style=\"font-weight: 400;\">Le industrie devono ottenere permessi adeguati per garantire la conformit\u00e0 delle acque e il dipartimento fa rispettare le condizioni legate a questi permessi. Il monitoraggio del rispetto di leggi come il Clean Water Act aiuta a prevenire l'esaurimento e la contaminazione delle risorse.<\/span><\/p>\n<p><span style=\"font-weight: 400;\">Proprio come un <\/span><a href=\"https:\/\/minetek.com\/it\/water-management-plant\/\"><span style=\"font-weight: 400;\">impianto di gestione delle acque<\/span><\/a><span style=\"font-weight: 400;\"> La supervisione normativa assicura che le aziende si assumano la responsabilit\u00e0 del loro impatto sulle fonti idriche locali.<\/span><\/p>\n<h3><span style=\"font-weight: 400;\">Aiuta le aziende a comprendere le regole di conformit\u00e0.<\/span><\/h3>\n<p><span style=\"font-weight: 400;\">Per aiutare le aziende a rispettare le normative, il <\/span><span style=\"font-weight: 400;\">Dipartimento di gestione delle acque<\/span><span style=\"font-weight: 400;\"> offre risorse di formazione su come gestire le acque in eccesso e implementare soluzioni di conformit\u00e0 ambientale, nonch\u00e9 aggiornamenti normativi.<\/span><\/p>\n<p>&nbsp;<\/p>\n<h2><span style=\"font-weight: 400;\">Cosa controllano gli ispettori durante una visita al sito?<\/span><\/h2>\n<h3><span style=\"font-weight: 400;\">Esaminano i permessi e i registri di gestione delle acque.<\/span><\/h3>\n<p><span style=\"font-weight: 400;\">Gli ispettori spesso iniziano con le pratiche burocratiche. Verificano che tutti i permessi richiesti siano validi, aggiornati e correttamente esposti.\u00a0<\/span><\/p>\n<p><span style=\"font-weight: 400;\">Oltre ai permessi, controllano se le strutture dispongono di un Piano di gestione delle acque o di un Piano di prevenzione dell'inquinamento da acque meteoriche (SWPPP) documentato e in linea con i requisiti normativi.\u00a0<\/span><\/p>\n<h3><span style=\"font-weight: 400;\">Ispezionano le attrezzature e le aree di stoccaggio.<\/span><\/h3>\n<p><span style=\"font-weight: 400;\">Le ispezioni del sito comprendono un'attenta analisi dei sistemi di trattamento delle acque reflue, dei serbatoi di stoccaggio e delle misure di contenimento. Gli ispettori verificano la presenza di perdite, di una gestione impropria dei rifiuti o di qualsiasi condizione che possa portare alla contaminazione.\u00a0<\/span><\/p>\n<p><span style=\"font-weight: 400;\">Le strutture che si affidano a un <\/span><a href=\"https:\/\/minetek.com\/it\/water-and-wastewater-treatment-plant\/\"><span style=\"font-weight: 400;\">impianto di trattamento delle acque e delle acque reflue<\/span><\/a><span style=\"font-weight: 400;\"> devono anche garantire il corretto funzionamento per soddisfare gli standard ambientali e prevenire i problemi di conformit\u00e0. Inoltre, gli ispettori valutano le pratiche generali di gestione della casa, assicurando che i materiali pericolosi siano immagazzinati correttamente per evitare rischi ambientali.<\/span><\/p>\n<h3><span style=\"font-weight: 400;\">Gli ispettori valutano eventuali aree sensibili nelle vicinanze.<\/span><\/h3>\n<p><span style=\"font-weight: 400;\">Se una struttura gestisce un sistema di evaporazione delle acque reflue o utilizza soluzioni per il trattamento delle acque di discarica, gli ispettori controllano i potenziali rischi per i fiumi, le falde acquifere o gli ecosistemi protetti nelle vicinanze. Segni visibili di inquinamento, come acqua scolorita o vegetazione danneggiata, portano a un'indagine immediata e a misure correttive.<\/span><\/p>\n<p>&nbsp;<\/p>\n<h2><span style=\"font-weight: 400;\">In che modo Minetek aiuta le aziende a rispettare le normative sull'acqua?<\/span><\/h2>\n<h3><span style=\"font-weight: 400;\">Aiutiamo a gestire le acque reflue con l'evaporazione avanzata.<\/span><\/h3>\n<p><span style=\"font-weight: 400;\">Il controllo dei volumi delle acque reflue \u00e8 una sfida importante per le industrie. Gli evaporatori ad alta efficienza di Minetek utilizzano una tecnologia di evaporazione che facilita la conformit\u00e0 alle normative ambientali.<\/span><\/p>\n<p><span style=\"font-weight: 400;\">A differenza di un <\/span><a href=\"https:\/\/minetek.com\/it\/wastewater-treatment-facility\/\"><span style=\"font-weight: 400;\">impianto di trattamento delle acque reflue<\/span><\/a><span style=\"font-weight: 400;\">I sistemi di evaporazione Minetek offrono un'alternativa mobile e a bassa infrastruttura, riducendo i volumi delle acque reflue alla fonte. In alcuni casi, l'evaporazione pu\u00f2 persino eliminare del tutto la necessit\u00e0 di trattamento quando tutte le acque reflue vengono fatte evaporare.<\/span><\/p>\n<h3><span style=\"font-weight: 400;\">Forniamo anche servizi di analisi della qualit\u00e0 dell'acqua.<\/span><\/h3>\n<p><span style=\"font-weight: 400;\">Una gestione efficace dell'acqua inizia con la comprensione della composizione delle acque reflue. Minetek fornisce valutazioni dettagliate della qualit\u00e0 dell'acqua, aiutando le industrie a identificare i contaminanti e a sviluppare la giusta strategia di evaporazione delle acque reflue.\u00a0<\/span><\/p>\n<p><span style=\"font-weight: 400;\">A differenza di un <\/span><a href=\"https:\/\/minetek.com\/it\/wastewater-management-plant\/\"><span style=\"font-weight: 400;\">impianto di gestione delle acque reflue<\/span><\/a><span style=\"font-weight: 400;\">che si basa su un'ampia infrastruttura per il trattamento e la lavorazione delle acque reflue, i sistemi di evaporazione di Minetek forniscono una soluzione scalabile che riduce in modo efficiente i volumi d'acqua senza interventi chimici.\u00a0<\/span><\/p>\n<h3><span style=\"font-weight: 400;\">Forniamo soluzioni intelligenti per garantire la conformit\u00e0.<\/span><\/h3>\n<p><span style=\"font-weight: 400;\">Il sistema di gestione ambientale (EMS) di Minetek consente di monitorare in tempo reale le condizioni meteorologiche e del sito. Ottimizza le prestazioni dell'evaporatore in base ai dati e garantisce che le aziende possano gestire in modo efficiente le acque reflue e soddisfare i requisiti normativi stabiliti dalla Commissione Europea. <\/span><span style=\"font-weight: 400;\">Dipartimento di gestione delle acque<\/span><span style=\"font-weight: 400;\"> e altre agenzie.<\/span><\/p>\n<p>&nbsp;<\/p>\n<h2><span style=\"font-weight: 400;\">Domande frequenti (FAQ)<\/span><\/h2>\n<h2><span style=\"font-weight: 400;\">Come funziona un evaporatore ad acqua galleggiante?<\/span><\/h2>\n<p><span style=\"font-weight: 400;\">Un evaporatore galleggiante accelera la perdita d'acqua spruzzando una nebbia fine nell'aria. \u00c8 costituito da una piattaforma galleggiante con un meccanismo di pompaggio che preleva l'acqua da un serbatoio e la disperde attraverso ugelli specializzati.\u00a0<\/span><\/p>\n<p><span style=\"font-weight: 400;\">A differenza di un'unit\u00e0 a terra, un evaporatore galleggiante \u00e8 montato su una robusta struttura a pontoni completa di galleggianti e tubature.<\/span><\/p>\n<p><span style=\"font-weight: 400;\">Il processo migliora l'evaporazione, sia che venga utilizzato come evaporatore galleggiante per l'estrazione mineraria o in altre applicazioni, lasciando dietro di s\u00e9 solidi concentrati o contaminanti nella fonte d'acqua.<\/span><\/p>\n<p>&nbsp;<\/p>\n<h2><span style=\"font-weight: 400;\">Come possono le aziende garantire la conformit\u00e0 alle normative sull'acqua?<\/span><\/h2>\n<p><span style=\"font-weight: 400;\">Le aziende assicurano la conformit\u00e0 alle normative sulle acque monitorando la qualit\u00e0 delle acque reflue, rispettando i requisiti delle autorizzazioni e mantenendo registri accurati.\u00a0<\/span><\/p>\n<p><span style=\"font-weight: 400;\">Mentre un <\/span><a href=\"https:\/\/minetek.com\/it\/waste-water-treatment-plant\/\"><span style=\"font-weight: 400;\">impianto di trattamento delle acque reflue<\/span><\/a><span style=\"font-weight: 400;\"> Le aziende che si affidano alla filtrazione e ai processi chimici per gestire gli scarichi, possono anche utilizzare sistemi di evaporazione meccanica per ridurre o eliminare i volumi delle acque reflue in modo efficiente. Ci\u00f2 significa un minor volume di acqua da trattare prima dello scarico.<\/span><\/p>\n<p><span style=\"font-weight: 400;\">L'evaporazione \u00e8 anche pi\u00f9 economica delle soluzioni di trattamento e non utilizza sostanze chimiche nel processo, il che pu\u00f2 ridurre l'impatto ambientale complessivo della gestione delle acque reflue.<\/span><\/p>\n<p>&nbsp;<\/p>\n<h2><span style=\"font-weight: 400;\">Quali sono i rischi di una gestione scorretta delle acque reflue?<\/span><\/h2>\n<p><span style=\"font-weight: 400;\">Una gestione scorretta delle acque reflue comporta il rischio di inquinamento ambientale, sanzioni legali e perdite finanziarie. L'acqua contaminata pu\u00f2 danneggiare la vita acquatica e le forniture di acqua pubblica. Le violazioni delle normative possono comportare multe, azioni legali o interruzioni dell'attivit\u00e0. Se le acque reflue non vengono trattate e smaltite in modo corretto, le aziende possono anche subire danni alla reputazione e costosi interventi di bonifica.<\/span><\/p>\n<h3><span style=\"font-weight: 400;\">Minetek: progettare soluzioni pi\u00f9 intelligenti per l'industria pesante<\/span><\/h3>\n<p><span style=\"font-weight: 400;\">Per le industrie che richiedono efficienza, affidabilit\u00e0 e conformit\u00e0, Minetek offre soluzioni collaudate. Con oltre 600 progetti di successo in pi\u00f9 di 30 Paesi, progettiamo e implementiamo sistemi avanzati per l'aria, l'acqua e il suono, su misura per i settori minerario, petrolifero e del gas e industriale.\u00a0<\/span><\/p>\n<p><span style=\"font-weight: 400;\">La nostra esperienza si estende per oltre 150 anni, combinando innovazione e ingegneria pratica ed economica. In Minetek, non ci accontentiamo di risposte scontate. Il nostro team ridefinisce gli standard del settore, affrontando sfide complesse con una progettazione lungimirante e un'esecuzione precisa.\u00a0<\/span><\/p>\n<p><span style=\"font-weight: 400;\">Se siete pronti a trovare un partner che dia risultati, informatevi oggi stesso e scoprite come possiamo aiutare la vostra attivit\u00e0 a dare il meglio di s\u00e9.<\/span><\/p>\n<\/div>","protected":false},"excerpt":{"rendered":"<p>Will your site survive a Department of Water Management inspection? Find out now A Department of Water Management inspection can determine whether your site meets strict water regulations or faces costly penalties. From verifying permits to testing wastewater discharge, inspectors check for compliance at every level.\u00a0 Minetek provides advanced wastewater evaporation solutions to help businesses stay compliant. Our high-efficiency evaporation systems can reduce or eliminate wastewater volumes that need treatment to help ensure that discharge water meets environmental standards.\u00a0 Staying ahead of regulations starts with the right approach\u2014here\u2019s how to prepare for an inspection and avoid compliance risks. &nbsp; What [&hellip;]<\/p>\n","protected":false},"author":10,"featured_media":0,"parent":0,"menu_order":0,"comment_status":"closed","ping_status":"closed","template":"template-headshoulder.php","meta":{"_acf_changed":false,"footnotes":""},"class_list":["post-4766","page","type-page","status-publish","hentry"],"acf":[],"yoast_head":"<!-- This site is optimized with the Yoast SEO plugin v27.3 - https:\/\/yoast.com\/product\/yoast-seo-wordpress\/ -->\n<title>Department Of Water Management | Minetek<\/title>\n<meta name=\"description\" content=\"Stay ahead of Department of Water Management regulations. Minetek\u2019s evaporation systems help industries manage wastewater and meet compliance requirements.\" \/>\n<meta name=\"robots\" content=\"index, follow, max-snippet:-1, max-image-preview:large, max-video-preview:-1\" \/>\n<link rel=\"canonical\" href=\"https:\/\/minetek.com\/it\/department-of-water-management\/\" \/>\n<meta property=\"og:locale\" content=\"it_IT\" \/>\n<meta property=\"og:type\" content=\"article\" \/>\n<meta property=\"og:title\" content=\"Department Of Water Management | Minetek\" \/>\n<meta property=\"og:description\" content=\"Stay ahead of Department of Water Management regulations. Minetek\u2019s evaporation systems help industries manage wastewater and meet compliance requirements.\" \/>\n<meta property=\"og:url\" content=\"https:\/\/minetek.com\/it\/department-of-water-management\/\" \/>\n<meta property=\"og:site_name\" content=\"Minetek\" \/>\n<meta property=\"article:publisher\" content=\"https:\/\/www.facebook.com\/mineteksolutions\/\" \/>\n<meta property=\"article:modified_time\" content=\"2025-03-21T08:01:06+00:00\" \/>\n<meta name=\"twitter:card\" content=\"summary_large_image\" \/>\n<meta name=\"twitter:label1\" content=\"Tempo di lettura stimato\" \/>\n\t<meta name=\"twitter:data1\" content=\"6 minuti\" \/>\n<script type=\"application\/ld+json\" class=\"yoast-schema-graph\">{\"@context\":\"https:\\\/\\\/schema.org\",\"@graph\":[{\"@type\":\"WebPage\",\"@id\":\"https:\\\/\\\/minetek.com\\\/department-of-water-management\\\/\",\"url\":\"https:\\\/\\\/minetek.com\\\/department-of-water-management\\\/\",\"name\":\"Department Of Water Management | Minetek\",\"isPartOf\":{\"@id\":\"https:\\\/\\\/minetek.com\\\/#website\"},\"datePublished\":\"2025-03-21T03:49:36+00:00\",\"dateModified\":\"2025-03-21T08:01:06+00:00\",\"description\":\"Stay ahead of Department of Water Management regulations. Minetek\u2019s evaporation systems help industries manage wastewater and meet compliance requirements.\",\"breadcrumb\":{\"@id\":\"https:\\\/\\\/minetek.com\\\/department-of-water-management\\\/#breadcrumb\"},\"inLanguage\":\"it-IT\",\"potentialAction\":[{\"@type\":\"ReadAction\",\"target\":[\"https:\\\/\\\/minetek.com\\\/department-of-water-management\\\/\"]}]},{\"@type\":\"BreadcrumbList\",\"@id\":\"https:\\\/\\\/minetek.com\\\/department-of-water-management\\\/#breadcrumb\",\"itemListElement\":[{\"@type\":\"ListItem\",\"position\":1,\"name\":\"Home\",\"item\":\"https:\\\/\\\/minetek.com\\\/\"},{\"@type\":\"ListItem\",\"position\":2,\"name\":\"Department Of Water Management\"}]},{\"@type\":\"WebSite\",\"@id\":\"https:\\\/\\\/minetek.com\\\/#website\",\"url\":\"https:\\\/\\\/minetek.com\\\/\",\"name\":\"Minetek\",\"description\":\"World-class water evaporation, underground ventilation, sound reduction solutions for mining and industry.\",\"publisher\":{\"@id\":\"https:\\\/\\\/minetek.com\\\/#organization\"},\"potentialAction\":[{\"@type\":\"SearchAction\",\"target\":{\"@type\":\"EntryPoint\",\"urlTemplate\":\"https:\\\/\\\/minetek.com\\\/?s={search_term_string}\"},\"query-input\":{\"@type\":\"PropertyValueSpecification\",\"valueRequired\":true,\"valueName\":\"search_term_string\"}}],\"inLanguage\":\"it-IT\"},{\"@type\":\"Organization\",\"@id\":\"https:\\\/\\\/minetek.com\\\/#organization\",\"name\":\"Minetek\",\"url\":\"https:\\\/\\\/minetek.com\\\/\",\"logo\":{\"@type\":\"ImageObject\",\"inLanguage\":\"it-IT\",\"@id\":\"https:\\\/\\\/minetek.com\\\/#\\\/schema\\\/logo\\\/image\\\/\",\"url\":\"https:\\\/\\\/minetek.com\\\/wp-content\\\/uploads\\\/2025\\\/02\\\/13.png\",\"contentUrl\":\"https:\\\/\\\/minetek.com\\\/wp-content\\\/uploads\\\/2025\\\/02\\\/13.png\",\"width\":600,\"height\":600,\"caption\":\"Minetek\"},\"image\":{\"@id\":\"https:\\\/\\\/minetek.com\\\/#\\\/schema\\\/logo\\\/image\\\/\"},\"sameAs\":[\"https:\\\/\\\/www.facebook.com\\\/mineteksolutions\\\/\",\"https:\\\/\\\/www.linkedin.com\\\/company\\\/minetek\\\/\"]}]}<\/script>\n<!-- \/ Yoast SEO plugin. -->","yoast_head_json":{"title":"Dipartimento di Gestione delle Acque | Minetek","description":"Rimanete al passo con le normative del Dipartimento per la Gestione delle Acque. I sistemi di evaporazione Minetek aiutano le industrie a gestire le acque reflue e a soddisfare i requisiti di conformit\u00e0.","robots":{"index":"index","follow":"follow","max-snippet":"max-snippet:-1","max-image-preview":"max-image-preview:large","max-video-preview":"max-video-preview:-1"},"canonical":"https:\/\/minetek.com\/it\/department-of-water-management\/","og_locale":"it_IT","og_type":"article","og_title":"Department Of Water Management | Minetek","og_description":"Stay ahead of Department of Water Management regulations. Minetek\u2019s evaporation systems help industries manage wastewater and meet compliance requirements.","og_url":"https:\/\/minetek.com\/it\/department-of-water-management\/","og_site_name":"Minetek","article_publisher":"https:\/\/www.facebook.com\/mineteksolutions\/","article_modified_time":"2025-03-21T08:01:06+00:00","twitter_card":"summary_large_image","twitter_misc":{"Tempo di lettura stimato":"6 minuti"},"schema":{"@context":"https:\/\/schema.org","@graph":[{"@type":"WebPage","@id":"https:\/\/minetek.com\/department-of-water-management\/","url":"https:\/\/minetek.com\/department-of-water-management\/","name":"Dipartimento di Gestione delle Acque | Minetek","isPartOf":{"@id":"https:\/\/minetek.com\/#website"},"datePublished":"2025-03-21T03:49:36+00:00","dateModified":"2025-03-21T08:01:06+00:00","description":"Rimanete al passo con le normative del Dipartimento per la Gestione delle Acque. I sistemi di evaporazione Minetek aiutano le industrie a gestire le acque reflue e a soddisfare i requisiti di conformit\u00e0.","breadcrumb":{"@id":"https:\/\/minetek.com\/department-of-water-management\/#breadcrumb"},"inLanguage":"it-IT","potentialAction":[{"@type":"ReadAction","target":["https:\/\/minetek.com\/department-of-water-management\/"]}]},{"@type":"BreadcrumbList","@id":"https:\/\/minetek.com\/department-of-water-management\/#breadcrumb","itemListElement":[{"@type":"ListItem","position":1,"name":"Home","item":"https:\/\/minetek.com\/"},{"@type":"ListItem","position":2,"name":"Department Of Water Management"}]},{"@type":"WebSite","@id":"https:\/\/minetek.com\/#website","url":"https:\/\/minetek.com\/","name":"Minetek","description":"Soluzioni di classe mondiale per l'evaporazione dell'acqua, la ventilazione sotterranea e la riduzione del rumore per il settore minerario e industriale.","publisher":{"@id":"https:\/\/minetek.com\/#organization"},"potentialAction":[{"@type":"SearchAction","target":{"@type":"EntryPoint","urlTemplate":"https:\/\/minetek.com\/?s={search_term_string}"},"query-input":{"@type":"PropertyValueSpecification","valueRequired":true,"valueName":"search_term_string"}}],"inLanguage":"it-IT"},{"@type":"Organization","@id":"https:\/\/minetek.com\/#organization","name":"Minetek","url":"https:\/\/minetek.com\/","logo":{"@type":"ImageObject","inLanguage":"it-IT","@id":"https:\/\/minetek.com\/#\/schema\/logo\/image\/","url":"https:\/\/minetek.com\/wp-content\/uploads\/2025\/02\/13.png","contentUrl":"https:\/\/minetek.com\/wp-content\/uploads\/2025\/02\/13.png","width":600,"height":600,"caption":"Minetek"},"image":{"@id":"https:\/\/minetek.com\/#\/schema\/logo\/image\/"},"sameAs":["https:\/\/www.facebook.com\/mineteksolutions\/","https:\/\/www.linkedin.com\/company\/minetek\/"]}]}},"_links":{"self":[{"href":"https:\/\/minetek.com\/it\/wp-json\/wp\/v2\/pages\/4766","targetHints":{"allow":["GET"]}}],"collection":[{"href":"https:\/\/minetek.com\/it\/wp-json\/wp\/v2\/pages"}],"about":[{"href":"https:\/\/minetek.com\/it\/wp-json\/wp\/v2\/types\/page"}],"author":[{"embeddable":true,"href":"https:\/\/minetek.com\/it\/wp-json\/wp\/v2\/users\/10"}],"replies":[{"embeddable":true,"href":"https:\/\/minetek.com\/it\/wp-json\/wp\/v2\/comments?post=4766"}],"version-history":[{"count":0,"href":"https:\/\/minetek.com\/it\/wp-json\/wp\/v2\/pages\/4766\/revisions"}],"wp:attachment":[{"href":"https:\/\/minetek.com\/it\/wp-json\/wp\/v2\/media?parent=4766"}],"curies":[{"name":"wp","href":"https:\/\/api.w.org\/{rel}","templated":true}]}}