{"id":3,"date":"2024-04-08T00:32:40","date_gmt":"2024-04-08T00:32:40","guid":{"rendered":"http:\/\/minetek.test\/?page_id=3"},"modified":"2025-06-03T15:41:33","modified_gmt":"2025-06-03T05:41:33","slug":"privacy-policy","status":"publish","type":"page","link":"https:\/\/minetek.com\/it\/privacy-policy\/","title":{"rendered":"Informativa sulla privacy"},"content":{"rendered":"<div class=\"c-cms-content\"><p>Presso Minetek, accessibile da\u00a0<strong>https:\/\/minetek.com\/<\/strong>Una delle nostre principali priorit\u00e0 \u00e8 la privacy dei nostri visitatori. Questo documento sulla privacy contiene i tipi di informazioni che vengono raccolte e registrate da Minetek e il modo in cui vengono utilizzate.<\/p>\n<p>Se avete ulteriori domande o desiderate maggiori informazioni sulla nostra Informativa sulla privacy, non esitate a contattarci.<\/p>\n<p>Questa politica sulla privacy si applica solo alle nostre attivit\u00e0 online ed \u00e8 valida per i visitatori del nostro sito web per quanto riguarda le informazioni che hanno condiviso e\/o raccolto in Minetek. Questa politica non \u00e8 applicabile a qualsiasi informazione raccolta offline o tramite canali diversi da questo sito web.<\/p>\n<h6 id=\"h-consent\" class=\"wp-block-heading\">CONSENSO<\/h6>\n<p>Utilizzando il nostro sito web, l'utente acconsente alla nostra Informativa sulla privacy e ne accetta i termini. Per i nostri Termini e condizioni, visitare il sito\u00a0<a contenteditable=\"false\" href=\"https:\/\/minetek.com\/it\/terms-and-conditions\/\">Pagina Termini e condizioni<\/a>.<\/p>\n<h6 id=\"h-information-we-collect\" class=\"wp-block-heading\">INFORMAZIONI RACCOLTE<\/h6>\n<p>I dati personali che vi vengono richiesti e i motivi per cui vi vengono richiesti vi saranno chiariti nel momento in cui vi chiediamo di fornire i vostri dati personali.<\/p>\n<p>Se ci contattate direttamente, potremmo ricevere ulteriori informazioni su di voi, come il vostro nome, l'indirizzo e-mail, il numero di telefono, il contenuto del messaggio e\/o degli allegati che ci inviate e qualsiasi altra informazione che decidiate di fornirci.<\/p>\n<p>Quando l'utente si registra per un Account, potremmo richiedere le sue informazioni di contatto, tra cui nome, ragione sociale, indirizzo, indirizzo e-mail e numero di telefono.<\/p>\n<h6 id=\"h-how-we-use-your-information\" class=\"wp-block-heading\">COME UTILIZZIAMO LE VOSTRE INFORMAZIONI<\/h6>\n<p>Utilizziamo le informazioni raccolte in vari modi, tra cui:<\/p>\n<ul>\n<li>Fornire, gestire e mantenere il nostro sito web,<\/li>\n<li>Migliorare, personalizzare ed espandere il nostro sito web,<\/li>\n<li>Capire e analizzare il modo in cui gli utenti utilizzano il nostro sito web,<\/li>\n<li>Sviluppare nuovi prodotti, servizi, caratteristiche e funzionalit\u00e0,<\/li>\n<li>Comunicare con voi, direttamente o tramite uno dei nostri partner, anche per il servizio clienti, per fornirvi aggiornamenti e altre informazioni relative al sito web e per scopi promozionali e di marketing,<\/li>\n<li>inviarvi e-mail e<\/li>\n<li>Rilevare e prevenire le frodi.<\/li>\n<\/ul>\n<h6 id=\"h-log-files\" class=\"wp-block-heading\">FILE DI LOG<\/h6>\n<p>Minetek segue una procedura standard di utilizzo dei file di log. Questi file registrano i visitatori quando visitano i siti web. Tutte le societ\u00e0 di hosting lo fanno e fanno parte dell'analisi dei servizi di hosting. Le informazioni raccolte dai file di registro comprendono gli indirizzi di protocollo Internet (IP), il tipo di browser, l'Internet Service Provider (ISP), la data e l'ora, le pagine di riferimento\/uscita ed eventualmente il numero di clic. Questi dati non sono collegati ad alcuna informazione di identificazione personale. Lo scopo di queste informazioni \u00e8 l'analisi delle tendenze, l'amministrazione del sito, il monitoraggio dei movimenti degli utenti sul sito e la raccolta di informazioni demografiche.<\/p>\n<h6 id=\"h-cookies-and-web-beacons\" class=\"wp-block-heading\">COOKIE E WEB BEACON<\/h6>\n<p>Come qualsiasi altro sito web, Minetek utilizza i \"cookie\". Questi cookie vengono utilizzati per memorizzare informazioni, tra cui le preferenze dei visitatori e le pagine del sito web a cui il visitatore ha avuto accesso o che ha visitato. Le informazioni vengono utilizzate per ottimizzare l'esperienza degli utenti, personalizzando il contenuto delle nostre pagine web in base al tipo di browser dei visitatori e\/o ad altre informazioni.<\/p>\n<p>Per ulteriori informazioni generali sui cookie, leggere\u00a0<a contenteditable=\"false\" href=\"https:\/\/www.cookieconsent.com\/what-are-cookies\/\" target=\"_blank\" rel=\"noreferrer noopener\">\"Cosa sono i cookie\" da Cookie Consent<\/a>.<\/p>\n<h6 id=\"h-advertising-partners-privacy-policies\" class=\"wp-block-heading\">PARTNER PUBBLICITARI POLITICHE SULLA PRIVACY<\/h6>\n<p>L'utente pu\u00f2 consultare questo elenco per trovare l'informativa sulla privacy di ciascuno dei partner pubblicitari di Minetek.<\/p>\n<p>I server pubblicitari di terze parti o le reti pubblicitarie utilizzano tecnologie come cookie, JavaScript o Web Beacon che vengono utilizzati nei rispettivi annunci e link che appaiono su Minetek e che vengono inviati direttamente al browser dell'utente. Quando ci\u00f2 avviene, ricevono automaticamente il vostro indirizzo IP. Queste tecnologie vengono utilizzate per misurare l'efficacia delle loro campagne pubblicitarie e\/o per personalizzare il contenuto pubblicitario visualizzato sui siti web visitati.<\/p>\n<p>Si noti che Minetek non ha accesso o controllo su questi cookie utilizzati da inserzionisti terzi.<\/p>\n<h6 id=\"h-third-party-privacy-policies\" class=\"wp-block-heading\">POLITICHE SULLA PRIVACY DI TERZI<\/h6>\n<p>La politica sulla privacy di Minetek non si applica ad altri inserzionisti o siti web. Pertanto, vi consigliamo di consultare le rispettive politiche sulla privacy di questi server pubblicitari di terze parti per informazioni pi\u00f9 dettagliate. Queste possono includere le loro pratiche e le istruzioni su come rinunciare a determinate opzioni.<\/p>\n<p>\u00c8 possibile scegliere di disabilitare i cookie attraverso le opzioni del proprio browser. Per informazioni pi\u00f9 dettagliate sulla gestione dei cookie con specifici browser web, \u00e8 possibile consultare i rispettivi siti web.<\/p>\n<h6 id=\"h-ccpa-privacy-rights-do-not-sell-my-personal-information\" class=\"wp-block-heading\">DIRITTI DI PRIVACY CCPA (NON VENDERE I MIEI DATI PERSONALI)<\/h6>\n<p>Ai sensi del CCPA, tra gli altri diritti, i consumatori californiani hanno il diritto di:<\/p>\n<ul>\n<li>Richiedere che un'azienda che raccoglie i dati personali di un consumatore divulghi le categorie e i dati personali specifici che l'azienda ha raccolto sui consumatori.<\/li>\n<li>Richiedere che un'azienda cancelli tutti i dati personali del consumatore che ha raccolto.<\/li>\n<li>Richiedere che un'azienda che vende i dati personali di un consumatore non venda i dati personali del consumatore.<\/li>\n<\/ul>\n<p>Se fate una richiesta, vi risponderemo entro un mese, salvo casi di \"forza maggiore\".<\/p>\n<h6 id=\"h-gdpr-data-protection-rights\" class=\"wp-block-heading\">DIRITTI DI PROTEZIONE DEI DATI PERSONALI (GDPR)<\/h6>\n<p>Desideriamo assicurarci che l'utente sia pienamente consapevole di tutti i suoi diritti in materia di protezione dei dati. Ogni utente ha diritto a quanto segue:<\/p>\n<ul>\n<li>Diritto di accesso - Avete il diritto di richiedere copie dei vostri dati personali. Per questo servizio potremmo addebitarvi un piccolo costo.<\/li>\n<li>Diritto di rettifica - L'utente ha il diritto di richiedere la correzione delle informazioni che ritiene inesatte. Ha inoltre il diritto di richiedere che vengano completate le informazioni che ritiene incomplete.<\/li>\n<li>Diritto alla cancellazione - Avete il diritto di richiedere la cancellazione dei vostri dati personali, a determinate condizioni.<\/li>\n<li>Diritto di limitare l'elaborazione - Avete il diritto di richiedere la limitazione dell'elaborazione dei vostri dati personali, a determinate condizioni.<\/li>\n<li>Diritto di opposizione al trattamento - Avete il diritto di opporvi al trattamento dei vostri dati personali da parte nostra, a determinate condizioni.<\/li>\n<li>Diritto alla portabilit\u00e0 dei dati - L'utente ha il diritto di richiedere il trasferimento dei dati da noi raccolti a un'altra organizzazione o direttamente a lui, a determinate condizioni.<\/li>\n<\/ul>\n<p>Se fate una richiesta, vi risponderemo entro un mese, salvo casi di \"forza maggiore\". Se desiderate esercitare uno di questi diritti, contattateci.<\/p>\n<h6 id=\"h-children-s-information\" class=\"wp-block-heading\">INFORMAZIONI SUI BAMBINI<\/h6>\n<p>Un'altra parte della nostra priorit\u00e0 \u00e8 l'aggiunta di una protezione per i bambini durante l'utilizzo di Internet. Incoraggiamo genitori e tutori a osservare, partecipare e\/o monitorare e guidare la loro attivit\u00e0 online.<\/p>\n<p>Minetek non raccoglie consapevolmente alcuna informazione di identificazione personale da bambini di et\u00e0 inferiore ai 13 anni. Se pensate che vostro figlio abbia fornito questo tipo di informazioni sul nostro sito web, vi invitiamo a contattarci immediatamente e faremo del nostro meglio per rimuovere prontamente tali informazioni dai nostri archivi.<\/p>\n<\/div>","protected":false},"excerpt":{"rendered":"<p>At Minetek, accessible from\u00a0https:\/\/minetek.com\/, one of our main priorities is the privacy of our visitors. This Privacy Policy document contains types of information that are collected and recorded by Minetek and how we use it. If you have additional questions or require more information about our Privacy Policy, do not hesitate to contact us. This Privacy Policy applies only to our online activities and is valid for visitors to our website with regards to the information that they shared and\/or collected in Minetek. This policy is not applicable to any information collected offline or via channels other than this website. [&hellip;]<\/p>\n","protected":false},"author":1,"featured_media":0,"parent":0,"menu_order":0,"comment_status":"closed","ping_status":"open","template":"","meta":{"_acf_changed":false,"footnotes":""},"class_list":["post-3","page","type-page","status-publish","hentry"],"acf":[],"yoast_head":"<!-- This site is optimized with the Yoast SEO plugin v27.5 - https:\/\/yoast.com\/product\/yoast-seo-wordpress\/ -->\n<title>Minetek Privacy Policy: Safeguarding Your Data<\/title>\n<meta name=\"description\" content=\"Explore Minetek&#039;s Privacy Policy. Learn how we safeguard your data while providing innovative mining solutions globally.\" \/>\n<meta name=\"robots\" content=\"index, follow, max-snippet:-1, max-image-preview:large, max-video-preview:-1\" \/>\n<link rel=\"canonical\" href=\"https:\/\/minetek.com\/it\/privacy-policy\/\" \/>\n<meta property=\"og:locale\" content=\"it_IT\" \/>\n<meta property=\"og:type\" content=\"article\" \/>\n<meta property=\"og:title\" content=\"Minetek Privacy Policy: Safeguarding Your Data\" \/>\n<meta property=\"og:description\" content=\"Explore Minetek&#039;s Privacy Policy. Learn how we safeguard your data while providing innovative mining solutions globally.\" \/>\n<meta property=\"og:url\" content=\"https:\/\/minetek.com\/it\/privacy-policy\/\" \/>\n<meta property=\"og:site_name\" content=\"Minetek\" \/>\n<meta property=\"article:publisher\" content=\"https:\/\/www.facebook.com\/mineteksolutions\/\" \/>\n<meta property=\"article:modified_time\" content=\"2025-06-03T05:41:33+00:00\" \/>\n<meta name=\"twitter:card\" content=\"summary_large_image\" \/>\n<meta name=\"twitter:label1\" content=\"Tempo di lettura stimato\" \/>\n\t<meta name=\"twitter:data1\" content=\"5 minuti\" \/>\n<script type=\"application\/ld+json\" class=\"yoast-schema-graph\">{\"@context\":\"https:\\\/\\\/schema.org\",\"@graph\":[{\"@type\":\"WebPage\",\"@id\":\"https:\\\/\\\/minetek.com\\\/privacy-policy\\\/\",\"url\":\"https:\\\/\\\/minetek.com\\\/privacy-policy\\\/\",\"name\":\"Minetek Privacy Policy: Safeguarding Your Data\",\"isPartOf\":{\"@id\":\"https:\\\/\\\/minetek.com\\\/#website\"},\"datePublished\":\"2024-04-08T00:32:40+00:00\",\"dateModified\":\"2025-06-03T05:41:33+00:00\",\"description\":\"Explore Minetek's Privacy Policy. Learn how we safeguard your data while providing innovative mining solutions globally.\",\"breadcrumb\":{\"@id\":\"https:\\\/\\\/minetek.com\\\/privacy-policy\\\/#breadcrumb\"},\"inLanguage\":\"it-IT\",\"potentialAction\":[{\"@type\":\"ReadAction\",\"target\":[\"https:\\\/\\\/minetek.com\\\/privacy-policy\\\/\"]}]},{\"@type\":\"BreadcrumbList\",\"@id\":\"https:\\\/\\\/minetek.com\\\/privacy-policy\\\/#breadcrumb\",\"itemListElement\":[{\"@type\":\"ListItem\",\"position\":1,\"name\":\"Home\",\"item\":\"https:\\\/\\\/minetek.com\\\/\"},{\"@type\":\"ListItem\",\"position\":2,\"name\":\"Privacy Policy\"}]},{\"@type\":\"WebSite\",\"@id\":\"https:\\\/\\\/minetek.com\\\/#website\",\"url\":\"https:\\\/\\\/minetek.com\\\/\",\"name\":\"Minetek\",\"description\":\"World-class water evaporation, underground ventilation, sound reduction solutions for mining and industry.\",\"publisher\":{\"@id\":\"https:\\\/\\\/minetek.com\\\/#organization\"},\"potentialAction\":[{\"@type\":\"SearchAction\",\"target\":{\"@type\":\"EntryPoint\",\"urlTemplate\":\"https:\\\/\\\/minetek.com\\\/?s={search_term_string}\"},\"query-input\":{\"@type\":\"PropertyValueSpecification\",\"valueRequired\":true,\"valueName\":\"search_term_string\"}}],\"inLanguage\":\"it-IT\"},{\"@type\":\"Organization\",\"@id\":\"https:\\\/\\\/minetek.com\\\/#organization\",\"name\":\"Minetek\",\"url\":\"https:\\\/\\\/minetek.com\\\/\",\"logo\":{\"@type\":\"ImageObject\",\"inLanguage\":\"it-IT\",\"@id\":\"https:\\\/\\\/minetek.com\\\/#\\\/schema\\\/logo\\\/image\\\/\",\"url\":\"https:\\\/\\\/minetek.com\\\/wp-content\\\/uploads\\\/2025\\\/02\\\/13.png\",\"contentUrl\":\"https:\\\/\\\/minetek.com\\\/wp-content\\\/uploads\\\/2025\\\/02\\\/13.png\",\"width\":600,\"height\":600,\"caption\":\"Minetek\"},\"image\":{\"@id\":\"https:\\\/\\\/minetek.com\\\/#\\\/schema\\\/logo\\\/image\\\/\"},\"sameAs\":[\"https:\\\/\\\/www.facebook.com\\\/mineteksolutions\\\/\",\"https:\\\/\\\/www.linkedin.com\\\/company\\\/minetek\\\/\"]}]}<\/script>\n<!-- \/ Yoast SEO plugin. -->","yoast_head_json":{"title":"Informativa sulla privacy di Minetek: Salvaguardia dei vostri dati","description":"Esplorate l'Informativa sulla privacy di Minetek. Scoprite come salvaguardiamo i vostri dati mentre forniamo soluzioni minerarie innovative a livello globale.","robots":{"index":"index","follow":"follow","max-snippet":"max-snippet:-1","max-image-preview":"max-image-preview:large","max-video-preview":"max-video-preview:-1"},"canonical":"https:\/\/minetek.com\/it\/privacy-policy\/","og_locale":"it_IT","og_type":"article","og_title":"Minetek Privacy Policy: Safeguarding Your Data","og_description":"Explore Minetek's Privacy Policy. Learn how we safeguard your data while providing innovative mining solutions globally.","og_url":"https:\/\/minetek.com\/it\/privacy-policy\/","og_site_name":"Minetek","article_publisher":"https:\/\/www.facebook.com\/mineteksolutions\/","article_modified_time":"2025-06-03T05:41:33+00:00","twitter_card":"summary_large_image","twitter_misc":{"Tempo di lettura stimato":"5 minuti"},"schema":{"@context":"https:\/\/schema.org","@graph":[{"@type":"WebPage","@id":"https:\/\/minetek.com\/privacy-policy\/","url":"https:\/\/minetek.com\/privacy-policy\/","name":"Informativa sulla privacy di Minetek: Salvaguardia dei vostri dati","isPartOf":{"@id":"https:\/\/minetek.com\/#website"},"datePublished":"2024-04-08T00:32:40+00:00","dateModified":"2025-06-03T05:41:33+00:00","description":"Esplorate l'Informativa sulla privacy di Minetek. Scoprite come salvaguardiamo i vostri dati mentre forniamo soluzioni minerarie innovative a livello globale.","breadcrumb":{"@id":"https:\/\/minetek.com\/privacy-policy\/#breadcrumb"},"inLanguage":"it-IT","potentialAction":[{"@type":"ReadAction","target":["https:\/\/minetek.com\/privacy-policy\/"]}]},{"@type":"BreadcrumbList","@id":"https:\/\/minetek.com\/privacy-policy\/#breadcrumb","itemListElement":[{"@type":"ListItem","position":1,"name":"Home","item":"https:\/\/minetek.com\/"},{"@type":"ListItem","position":2,"name":"Privacy Policy"}]},{"@type":"WebSite","@id":"https:\/\/minetek.com\/#website","url":"https:\/\/minetek.com\/","name":"Minetek","description":"Soluzioni di classe mondiale per l'evaporazione dell'acqua, la ventilazione sotterranea e la riduzione del rumore per il settore minerario e industriale.","publisher":{"@id":"https:\/\/minetek.com\/#organization"},"potentialAction":[{"@type":"SearchAction","target":{"@type":"EntryPoint","urlTemplate":"https:\/\/minetek.com\/?s={search_term_string}"},"query-input":{"@type":"PropertyValueSpecification","valueRequired":true,"valueName":"search_term_string"}}],"inLanguage":"it-IT"},{"@type":"Organization","@id":"https:\/\/minetek.com\/#organization","name":"Minetek","url":"https:\/\/minetek.com\/","logo":{"@type":"ImageObject","inLanguage":"it-IT","@id":"https:\/\/minetek.com\/#\/schema\/logo\/image\/","url":"https:\/\/minetek.com\/wp-content\/uploads\/2025\/02\/13.png","contentUrl":"https:\/\/minetek.com\/wp-content\/uploads\/2025\/02\/13.png","width":600,"height":600,"caption":"Minetek"},"image":{"@id":"https:\/\/minetek.com\/#\/schema\/logo\/image\/"},"sameAs":["https:\/\/www.facebook.com\/mineteksolutions\/","https:\/\/www.linkedin.com\/company\/minetek\/"]}]}},"_links":{"self":[{"href":"https:\/\/minetek.com\/it\/wp-json\/wp\/v2\/pages\/3","targetHints":{"allow":["GET"]}}],"collection":[{"href":"https:\/\/minetek.com\/it\/wp-json\/wp\/v2\/pages"}],"about":[{"href":"https:\/\/minetek.com\/it\/wp-json\/wp\/v2\/types\/page"}],"author":[{"embeddable":true,"href":"https:\/\/minetek.com\/it\/wp-json\/wp\/v2\/users\/1"}],"replies":[{"embeddable":true,"href":"https:\/\/minetek.com\/it\/wp-json\/wp\/v2\/comments?post=3"}],"version-history":[{"count":0,"href":"https:\/\/minetek.com\/it\/wp-json\/wp\/v2\/pages\/3\/revisions"}],"wp:attachment":[{"href":"https:\/\/minetek.com\/it\/wp-json\/wp\/v2\/media?parent=3"}],"curies":[{"name":"wp","href":"https:\/\/api.w.org\/{rel}","templated":true}]}}