{"id":4780,"date":"2025-03-21T15:36:33","date_gmt":"2025-03-21T04:36:33","guid":{"rendered":"https:\/\/minetek.com\/?page_id=4780"},"modified":"2026-03-03T15:07:55","modified_gmt":"2026-03-03T04:07:55","slug":"water-evaporation","status":"publish","type":"page","link":"https:\/\/minetek.com\/fr\/water-evaporation\/","title":{"rendered":"\u00c9vaporation de l'eau"},"content":{"rendered":"<div class=\"c-cms-content\"><h1>How to maximize efficiency with <strong>water evaporation<\/strong><\/h1>\n<p><span style=\"font-weight: 400;\">Water evaporation is a powerful way to make industrial water management more seamless.\u00a0<\/span><\/p>\n<p><span style=\"font-weight: 400;\">Industries with high water discharge need <\/span><a href=\"https:\/\/minetek.com\/en-us\/acid-mine-drainage\/\"><span style=\"font-weight: 400;\">acid mine drainage<\/span><\/a><span style=\"font-weight: 400;\"> or pit dewatering solutions that don\u2019t solely rely on treatment methods. Efficient mechanical evaporation for power plants, mines and others is one such solution, and it has been integral to helping industries manage excess water with precision while complying with environmental regulations.<\/span><\/p>\n<p><span style=\"font-weight: 400;\">Minetek is one of the leading companies when it comes to water evaporation solutions, providing a cost-effective, reliable alternative to water treatment. Our mechanical evaporation system is designed for harsh environments, guaranteeing optimal performance and substantial savings.\u00a0<\/span><\/p>\n<p><span style=\"font-weight: 400;\">To fully harness the benefits of water evaporation, industries need a strategic approach\u2014one that ensures efficiency, compliance and cost-effectiveness at every stage. Here\u2019s a step-by-step guide to making the most of mechanical evaporation for industrial water management.<\/span><\/p>\n<p data-pm-slice=\"1 1 [&quot;bullet_list&quot;,null,&quot;list_item&quot;,null]\">\n<h2><span style=\"font-weight: 400;\">Step #1: Reduce wastewater volume fast with mechanical evaporation.<\/span><\/h2>\n<p><span style=\"font-weight: 400;\">Industries like mining, power generation, and oil and gas are known for their substantial water discharge. High water discharge can pose serious environmental and regulatory challenges, necessitating efficient and effective <\/span><a href=\"https:\/\/minetek.com\/en-us\/water-supply-treatment\/\"><span style=\"font-weight: 400;\">water supply treatment<\/span><\/a><span style=\"font-weight: 400;\"> solutions to tackle the issue.\u00a0<\/span><\/p>\n<p><span style=\"font-weight: 400;\">Mechanically enhanced water evaporation stands out as a powerful and scalable method that can easily handle large quantities of liquid waste\u2014all while complying with regulations and improving operational efficiency.<\/span><\/p>\n<h3><span style=\"font-weight: 400;\">Minetek\u2019s powerful evaporators can process water at a rapid pace.<\/span><\/h3>\n<p><span style=\"font-weight: 400;\">Minetek has <\/span><a href=\"https:\/\/minetek.com\/en-us\/solutions\/water\/land-based-evaporators\/\"><span style=\"font-weight: 400;\">water evaporator<\/span><\/a><span style=\"font-weight: 400;\"> systems that can process over 135m\u00b3<\/span><span style=\"font-weight: 400;\">\/hour, enhancing evaporation rates by atomizing water into ultra-fine droplets and increasing the water\u2019s exposure to air. The effectiveness of the process also isn\u2019t hindered by challenging conditions such as high humidity or lower ambient temperatures, where conventional methods might struggle.<\/span><\/p>\n<p><span style=\"font-weight: 400;\">We offer land-based evaporators that are fully customizable so that you can be sure that it suits your site. The robust engineering ensures that it withstands harsh conditions found in places like mining and oil and gas fields, where traditional wastewater strategies may fall short.<\/span><\/p>\n<p><span style=\"font-weight: 400;\">But if your site has limited land area, our floating evaporator is the solution you\u2019re looking for. It\u2019s mounted on a heavy-duty pontoon and is complete with an electric motor, a submersible pump, floats, and pipework, enabling it to process vast quantities of water.\u00a0<\/span><\/p>\n<p><span style=\"font-weight: 400;\">So, if you want to reduce or even eliminate the need for acid mine drainage treatment, our solutions can streamline your <\/span><a href=\"https:\/\/minetek.com\/en-us\/watershed-management\/\"><span style=\"font-weight: 400;\">watershed management<\/span><\/a><span style=\"font-weight: 400;\">.\u00a0<\/span><\/p>\n<p>&nbsp;<\/p>\n<h2><span style=\"font-weight: 400;\">Step #2: Make adjustments based on environmental factors.<\/span><\/h2>\n<p><span style=\"font-weight: 400;\">Different environmental factors can affect the evaporation rates of your <\/span><a href=\"https:\/\/minetek.com\/en-us\/wastewater-evaporator\/\"><span style=\"font-weight: 400;\">wastewater evaporator<\/span><\/a><span style=\"font-weight: 400;\">.\u00a0<\/span><\/p>\n<ul>\n<li style=\"font-weight: 400;\" aria-level=\"1\"><b>Temperature: <\/b><span style=\"font-weight: 400;\">Warmer temperatures accelerate evaporation, while colder climates slow it down.<\/span><\/li>\n<li style=\"font-weight: 400;\" aria-level=\"1\"><b>Humidity:<\/b><span style=\"font-weight: 400;\"> High humidity reduces evaporation efficiency as the air becomes saturated with moisture.<\/span><\/li>\n<li style=\"font-weight: 400;\" aria-level=\"1\"><b>Airflow: <\/b><span style=\"font-weight: 400;\">Increased airflow helps disperse water vapor quickly, enhancing evaporation rates.<\/span><\/li>\n<\/ul>\n<p><span style=\"font-weight: 400;\">Regardless of these factors, Minetek\u2019s solutions overcome limitations that may be caused by environmental factors. In fact, we have systems successfully operating in various climates across the globe.<\/span><\/p>\n<h3><span style=\"font-weight: 400;\">Minetek\u2019s Environmental Management System (EMS) offers a solution.<\/span><\/h3>\n<p><span style=\"font-weight: 400;\">Our state-of-the-art EMS monitors weather conditions and adjusts operational parameters in real time. This system continuously tracks local environmental factors such as temperature and humidity, adapting operations for peak water evaporation efficiency.\u00a0<\/span><\/p>\n<p><span style=\"font-weight: 400;\">Through real-time data analysis, the EMS ensures that changes in weather do not disrupt the evaporation process. The system\u2019s design focuses on providing stability and consistency in performance, allowing for effective evaporation regardless of external climate fluctuations.<\/span><\/p>\n<p><span style=\"font-weight: 400;\">What\u2019s more, the advantages of autonomous control go beyond just optimizing processes. This technology minimizes the need for constant manual oversight, thereby reducing labor demands and associated costs.\u00a0<\/span><\/p>\n<p>&nbsp;<\/p>\n<h2><span style=\"font-weight: 400;\">Step #3: Do minimal maintenance for long-term waste management.<\/span><\/h2>\n<p><span style=\"font-weight: 400;\">Reducing reliance on chemical compliance water treatment helps in cutting operational expenses, as it generally requires purchasing and handling chemicals and cleaning and replacing parts.<\/span><\/p>\n<p><span style=\"font-weight: 400;\">Meanwhile, unlike the <\/span><a href=\"https:\/\/minetek.com\/en-us\/wastewater-treatment-process\/\"><span style=\"font-weight: 400;\">wastewater treatment process<\/span><\/a><span style=\"font-weight: 400;\">, there\u2019s no need for a complex infrastructure in mechanical evaporation. There are no moving parts, no waste stream and no operator required, making operations easier and requiring less maintenance.<\/span><\/p>\n<p><span style=\"font-weight: 400;\">At Minetek, our scalable wastewater evaporation solutions are robust and require minimal power. While it can be a slow process if you\u2019re dealing with large volumes of liquids, it\u2019s a great long-term water management solution and needs very little maintenance.<\/span><\/p>\n<p><span style=\"font-weight: 400;\">\u00a0<\/span><\/p>\n<h2><span style=\"font-weight: 400;\">Frequently Asked Questions (FAQ)<\/span><\/h2>\n<h2><span style=\"font-weight: 400;\">What are the common challenges in wastewater evaporation?<\/span><\/h2>\n<p><span style=\"font-weight: 400;\">Common challenges in these wastewater compliance solutions for industry needs include<\/span><\/p>\n<ul>\n<li style=\"font-weight: 400;\" aria-level=\"1\"><b>Weather conditions: <\/b><span style=\"font-weight: 400;\">Heavy rain and cloud cover reduce evaporation rates.<\/span><\/li>\n<li style=\"font-weight: 400;\" aria-level=\"1\"><b>High humidity:<\/b><span style=\"font-weight: 400;\"> Limits air\u2019s ability to absorb moisture.<\/span><\/li>\n<li style=\"font-weight: 400;\" aria-level=\"1\"><b>Water quality variations:<\/b><span style=\"font-weight: 400;\"> Chemicals and particulates affect efficiency.<\/span><\/li>\n<li style=\"font-weight: 400;\" aria-level=\"1\"><b>System optimization: <\/b><span style=\"font-weight: 400;\">Real-time monitoring and robust design are necessary for efficiency.<\/span><\/li>\n<\/ul>\n<p><span style=\"font-weight: 400;\">While environmental conditions can affect evaporation, Minetek has successfully operated in more than 30 countries across the globe, so you can trust that our evaporators can handle various climates.<\/span><\/p>\n<p>&nbsp;<\/p>\n<h2><span style=\"font-weight: 400;\">What safety measures should be in place when using evaporation systems?<\/span><\/h2>\n<p><span style=\"font-weight: 400;\">Ensure safety in landfill wastewater evaporation and other processes by following these key measures:<\/span><\/p>\n<ul>\n<li style=\"font-weight: 400;\" aria-level=\"1\"><span style=\"font-weight: 400;\">Comply with environmental regulations to prevent legal issues and ensure responsible operation.<\/span><\/li>\n<li style=\"font-weight: 400;\" aria-level=\"1\"><span style=\"font-weight: 400;\">Perform regular maintenance to prevent malfunctions and inefficiencies.<\/span><\/li>\n<li style=\"font-weight: 400;\" aria-level=\"1\"><span style=\"font-weight: 400;\">Follow the evaporators\u2019 instructions to avoid issues with the systems.<\/span><\/li>\n<\/ul>\n<p><span style=\"font-weight: 400;\">Minetek\u2019s automated controls allow you to minimize risks while ensuring efficiency.<\/span><\/p>\n<p>&nbsp;<\/p>\n<h2><span style=\"font-weight: 400;\">What are the long-term savings of using evaporation over other methods?<\/span><\/h2>\n<p><span style=\"font-weight: 400;\">Evaporation systems reduce long-term costs by minimizing and maybe even eliminating chemical treatment expenses, lowering storage infrastructure requirements and eliminating wastewater transportation costs. This results in significant savings in operating expenditures. Industries benefit from a cost-effective, environmentally friendly solution for wastewater management.<\/span><\/p>\n<h3><span style=\"font-weight: 400;\">Minetek provides industry-leading solutions that address unique challenges.<\/span><\/h3>\n<p><span style=\"font-weight: 400;\">At Minetek, we excel at developing both conventional and advanced systems through innovation and creativity, ensuring environmental compliance for global mining, oil and gas operations. We offer a wide range of solutions, from land-based water evaporator options to floating water evaporators, ensuring that we always have an answer to your needs.<\/span><\/p>\n<p><span style=\"font-weight: 400;\">Work with Minetek today to transform <\/span><a href=\"https:\/\/minetek.com\/en-us\/water-utilities-management\/\"><span style=\"font-weight: 400;\">water utilities management<\/span><\/a><span style=\"font-weight: 400;\"> challenges into successful, compliant outcomes.<\/span><\/p>\n<\/div>","protected":false},"excerpt":{"rendered":"<p>How to maximize efficiency with water evaporation Water evaporation is a powerful way to make industrial water management more seamless.\u00a0 Industries with high water discharge need acid mine drainage or pit dewatering solutions that don\u2019t solely rely on treatment methods. Efficient mechanical evaporation for power plants, mines and others is one such solution, and it has been integral to helping industries manage excess water with precision while complying with environmental regulations. Minetek is one of the leading companies when it comes to water evaporation solutions, providing a cost-effective, reliable alternative to water treatment. Our mechanical evaporation system is designed for [&hellip;]<\/p>\n","protected":false},"author":10,"featured_media":0,"parent":0,"menu_order":0,"comment_status":"closed","ping_status":"closed","template":"template-headshoulder.php","meta":{"_acf_changed":false,"footnotes":""},"class_list":["post-4780","page","type-page","status-publish","hentry"],"acf":[],"yoast_head":"<!-- This site is optimized with the Yoast SEO plugin v27.4 - https:\/\/yoast.com\/product\/yoast-seo-wordpress\/ -->\n<title>Water Evaporation | Minetek<\/title>\n<meta name=\"description\" content=\"Minetek helps maximize operational efficiency with innovative water evaporation technology. Learn about our cost-effective solutions for wastewater management.\" \/>\n<meta name=\"robots\" content=\"index, follow, max-snippet:-1, max-image-preview:large, max-video-preview:-1\" \/>\n<link rel=\"canonical\" href=\"https:\/\/minetek.com\/fr\/water-evaporation\/\" \/>\n<meta property=\"og:locale\" content=\"fr_FR\" \/>\n<meta property=\"og:type\" content=\"article\" \/>\n<meta property=\"og:title\" content=\"Water Evaporation | Minetek\" \/>\n<meta property=\"og:description\" content=\"Minetek helps maximize operational efficiency with innovative water evaporation technology. Learn about our cost-effective solutions for wastewater management.\" \/>\n<meta property=\"og:url\" content=\"https:\/\/minetek.com\/fr\/water-evaporation\/\" \/>\n<meta property=\"og:site_name\" content=\"Minetek\" \/>\n<meta property=\"article:publisher\" content=\"https:\/\/www.facebook.com\/mineteksolutions\/\" \/>\n<meta property=\"article:modified_time\" content=\"2026-03-03T04:07:55+00:00\" \/>\n<meta name=\"twitter:card\" content=\"summary_large_image\" \/>\n<meta name=\"twitter:label1\" content=\"Dur\u00e9e de lecture estim\u00e9e\" \/>\n\t<meta name=\"twitter:data1\" content=\"5 minutes\" \/>\n<script type=\"application\/ld+json\" class=\"yoast-schema-graph\">{\"@context\":\"https:\\\/\\\/schema.org\",\"@graph\":[{\"@type\":\"WebPage\",\"@id\":\"https:\\\/\\\/minetek.com\\\/water-evaporation\\\/\",\"url\":\"https:\\\/\\\/minetek.com\\\/water-evaporation\\\/\",\"name\":\"Water Evaporation | Minetek\",\"isPartOf\":{\"@id\":\"https:\\\/\\\/minetek.com\\\/#website\"},\"datePublished\":\"2025-03-21T04:36:33+00:00\",\"dateModified\":\"2026-03-03T04:07:55+00:00\",\"description\":\"Minetek helps maximize operational efficiency with innovative water evaporation technology. Learn about our cost-effective solutions for wastewater management.\",\"breadcrumb\":{\"@id\":\"https:\\\/\\\/minetek.com\\\/water-evaporation\\\/#breadcrumb\"},\"inLanguage\":\"fr-FR\",\"potentialAction\":[{\"@type\":\"ReadAction\",\"target\":[\"https:\\\/\\\/minetek.com\\\/water-evaporation\\\/\"]}]},{\"@type\":\"BreadcrumbList\",\"@id\":\"https:\\\/\\\/minetek.com\\\/water-evaporation\\\/#breadcrumb\",\"itemListElement\":[{\"@type\":\"ListItem\",\"position\":1,\"name\":\"Home\",\"item\":\"https:\\\/\\\/minetek.com\\\/\"},{\"@type\":\"ListItem\",\"position\":2,\"name\":\"Water Evaporation\"}]},{\"@type\":\"WebSite\",\"@id\":\"https:\\\/\\\/minetek.com\\\/#website\",\"url\":\"https:\\\/\\\/minetek.com\\\/\",\"name\":\"Minetek\",\"description\":\"World-class water evaporation, underground ventilation, sound reduction solutions for mining and industry.\",\"publisher\":{\"@id\":\"https:\\\/\\\/minetek.com\\\/#organization\"},\"potentialAction\":[{\"@type\":\"SearchAction\",\"target\":{\"@type\":\"EntryPoint\",\"urlTemplate\":\"https:\\\/\\\/minetek.com\\\/?s={search_term_string}\"},\"query-input\":{\"@type\":\"PropertyValueSpecification\",\"valueRequired\":true,\"valueName\":\"search_term_string\"}}],\"inLanguage\":\"fr-FR\"},{\"@type\":\"Organization\",\"@id\":\"https:\\\/\\\/minetek.com\\\/#organization\",\"name\":\"Minetek\",\"url\":\"https:\\\/\\\/minetek.com\\\/\",\"logo\":{\"@type\":\"ImageObject\",\"inLanguage\":\"fr-FR\",\"@id\":\"https:\\\/\\\/minetek.com\\\/#\\\/schema\\\/logo\\\/image\\\/\",\"url\":\"https:\\\/\\\/minetek.com\\\/wp-content\\\/uploads\\\/2025\\\/02\\\/13.png\",\"contentUrl\":\"https:\\\/\\\/minetek.com\\\/wp-content\\\/uploads\\\/2025\\\/02\\\/13.png\",\"width\":600,\"height\":600,\"caption\":\"Minetek\"},\"image\":{\"@id\":\"https:\\\/\\\/minetek.com\\\/#\\\/schema\\\/logo\\\/image\\\/\"},\"sameAs\":[\"https:\\\/\\\/www.facebook.com\\\/mineteksolutions\\\/\",\"https:\\\/\\\/www.linkedin.com\\\/company\\\/minetek\\\/\"]}]}<\/script>\n<!-- \/ Yoast SEO plugin. -->","yoast_head_json":{"title":"Evaporation de l'eau - Minetek","description":"Minetek aide \u00e0 maximiser l'efficacit\u00e9 op\u00e9rationnelle gr\u00e2ce \u00e0 une technologie innovante d'\u00e9vaporation de l'eau. D\u00e9couvrez nos solutions rentables pour la gestion des eaux us\u00e9es.","robots":{"index":"index","follow":"follow","max-snippet":"max-snippet:-1","max-image-preview":"max-image-preview:large","max-video-preview":"max-video-preview:-1"},"canonical":"https:\/\/minetek.com\/fr\/water-evaporation\/","og_locale":"fr_FR","og_type":"article","og_title":"Water Evaporation | Minetek","og_description":"Minetek helps maximize operational efficiency with innovative water evaporation technology. Learn about our cost-effective solutions for wastewater management.","og_url":"https:\/\/minetek.com\/fr\/water-evaporation\/","og_site_name":"Minetek","article_publisher":"https:\/\/www.facebook.com\/mineteksolutions\/","article_modified_time":"2026-03-03T04:07:55+00:00","twitter_card":"summary_large_image","twitter_misc":{"Dur\u00e9e de lecture estim\u00e9e":"5 minutes"},"schema":{"@context":"https:\/\/schema.org","@graph":[{"@type":"WebPage","@id":"https:\/\/minetek.com\/water-evaporation\/","url":"https:\/\/minetek.com\/water-evaporation\/","name":"Evaporation de l'eau - Minetek","isPartOf":{"@id":"https:\/\/minetek.com\/#website"},"datePublished":"2025-03-21T04:36:33+00:00","dateModified":"2026-03-03T04:07:55+00:00","description":"Minetek aide \u00e0 maximiser l'efficacit\u00e9 op\u00e9rationnelle gr\u00e2ce \u00e0 une technologie innovante d'\u00e9vaporation de l'eau. D\u00e9couvrez nos solutions rentables pour la gestion des eaux us\u00e9es.","breadcrumb":{"@id":"https:\/\/minetek.com\/water-evaporation\/#breadcrumb"},"inLanguage":"fr-FR","potentialAction":[{"@type":"ReadAction","target":["https:\/\/minetek.com\/water-evaporation\/"]}]},{"@type":"BreadcrumbList","@id":"https:\/\/minetek.com\/water-evaporation\/#breadcrumb","itemListElement":[{"@type":"ListItem","position":1,"name":"Home","item":"https:\/\/minetek.com\/"},{"@type":"ListItem","position":2,"name":"Water Evaporation"}]},{"@type":"WebSite","@id":"https:\/\/minetek.com\/#website","url":"https:\/\/minetek.com\/","name":"Minetek","description":"Solutions de classe mondiale pour l'\u00e9vaporation de l'eau, la ventilation souterraine et la r\u00e9duction du bruit dans l'industrie mini\u00e8re et l'industrie.","publisher":{"@id":"https:\/\/minetek.com\/#organization"},"potentialAction":[{"@type":"SearchAction","target":{"@type":"EntryPoint","urlTemplate":"https:\/\/minetek.com\/?s={search_term_string}"},"query-input":{"@type":"PropertyValueSpecification","valueRequired":true,"valueName":"search_term_string"}}],"inLanguage":"fr-FR"},{"@type":"Organization","@id":"https:\/\/minetek.com\/#organization","name":"Minetek","url":"https:\/\/minetek.com\/","logo":{"@type":"ImageObject","inLanguage":"fr-FR","@id":"https:\/\/minetek.com\/#\/schema\/logo\/image\/","url":"https:\/\/minetek.com\/wp-content\/uploads\/2025\/02\/13.png","contentUrl":"https:\/\/minetek.com\/wp-content\/uploads\/2025\/02\/13.png","width":600,"height":600,"caption":"Minetek"},"image":{"@id":"https:\/\/minetek.com\/#\/schema\/logo\/image\/"},"sameAs":["https:\/\/www.facebook.com\/mineteksolutions\/","https:\/\/www.linkedin.com\/company\/minetek\/"]}]}},"_links":{"self":[{"href":"https:\/\/minetek.com\/fr\/wp-json\/wp\/v2\/pages\/4780","targetHints":{"allow":["GET"]}}],"collection":[{"href":"https:\/\/minetek.com\/fr\/wp-json\/wp\/v2\/pages"}],"about":[{"href":"https:\/\/minetek.com\/fr\/wp-json\/wp\/v2\/types\/page"}],"author":[{"embeddable":true,"href":"https:\/\/minetek.com\/fr\/wp-json\/wp\/v2\/users\/10"}],"replies":[{"embeddable":true,"href":"https:\/\/minetek.com\/fr\/wp-json\/wp\/v2\/comments?post=4780"}],"version-history":[{"count":0,"href":"https:\/\/minetek.com\/fr\/wp-json\/wp\/v2\/pages\/4780\/revisions"}],"wp:attachment":[{"href":"https:\/\/minetek.com\/fr\/wp-json\/wp\/v2\/media?parent=4780"}],"curies":[{"name":"wp","href":"https:\/\/api.w.org\/{rel}","templated":true}]}}