{"id":4776,"date":"2025-03-21T15:27:40","date_gmt":"2025-03-21T04:27:40","guid":{"rendered":"https:\/\/minetek.com\/?page_id=4776"},"modified":"2025-03-21T18:48:57","modified_gmt":"2025-03-21T07:48:57","slug":"water-evaporator","status":"publish","type":"page","link":"https:\/\/minetek.com\/fr\/water-evaporator\/","title":{"rendered":"\u00c9vaporateur d'eau"},"content":{"rendered":"<div class=\"c-cms-content\"><h1>Devriez-vous investir dans un <strong>\u00e9vaporateur d'eau<\/strong>? Comment faire le bon choix ?<\/h1>\n<p><span style=\"font-weight: 400;\">A <\/span><span style=\"font-weight: 400;\">\u00e9vaporateur d'eau<\/span><span style=\"font-weight: 400;\"> offre un moyen pratique de r\u00e9duire les volumes d'eaux us\u00e9es sans avoir recours \u00e0 des m\u00e9thodes d'\u00e9limination ou de traitement co\u00fbteuses. L'accumulation incontr\u00f4l\u00e9e d'eaux us\u00e9es peut entra\u00eener des violations de la conformit\u00e9, des risques environnementaux et une augmentation des d\u00e9penses d'exploitation.\u00a0<\/span><\/p>\n<p><span style=\"font-weight: 400;\">Les syst\u00e8mes d'\u00e9vaporation Minetek aident les industries \u00e0 g\u00e9rer efficacement l'exc\u00e8s d'eau, m\u00eame dans des conditions difficiles. Mais est-ce le meilleur choix pour votre site ? Avec de multiples <\/span><a href=\"https:\/\/minetek.com\/fr\/water-management\/\"><span style=\"font-weight: 400;\">gestion de l'eau<\/span><\/a><span style=\"font-weight: 400;\"> Le choix de la bonne solution n\u00e9cessite une compr\u00e9hension claire des co\u00fbts, des r\u00e9glementations et de l'impact \u00e0 long terme.\u00a0<\/span><\/p>\n<p><span style=\"font-weight: 400;\">Voici comment \u00e9valuer vos besoins et d\u00e9cider si l'investissement dans un \u00e9vaporateur est la bonne solution pour votre entreprise.<\/span><\/p>\n<p>&nbsp;<\/p>\n<h2><span style=\"font-weight: 400;\">\u00c9tape #1 : Commencez par d\u00e9terminer si le stockage des eaux us\u00e9es pr\u00e9sente un risque pour votre exploitation.<\/span><\/h2>\n<h3><span style=\"font-weight: 400;\">La surcapacit\u00e9 peut entra\u00eener des probl\u00e8mes de conformit\u00e9.<\/span><\/h3>\n<p><span style=\"font-weight: 400;\">Le d\u00e9passement des limites de stockage des eaux us\u00e9es augmente le risque de fuites et de d\u00e9bordements. Cela peut entra\u00eener des violations de la conformit\u00e9 environnementale, car l'eau contamin\u00e9e peut p\u00e9n\u00e9trer dans les \u00e9cosyst\u00e8mes environnants. Ignorer les limites de stockage peut entra\u00eener des amendes, des poursuites judiciaires et des efforts d'assainissement co\u00fbteux.\u00a0<\/span><\/p>\n<h3><span style=\"font-weight: 400;\">L'absence de solutions d'\u00e9limination des eaux us\u00e9es peut entra\u00eener la pollution des cours d'eau.\u00a0<\/span><\/h3>\n<p><span style=\"font-weight: 400;\">Les eaux us\u00e9es industrielles peuvent contenir des polluants qui perturbent les \u00e9cosyst\u00e8mes et affectent l'approvisionnement en eau. Les contaminants r\u00e9duisent les niveaux d'oxyg\u00e8ne, nuisent \u00e0 la vie aquatique et rendent l'eau impropre \u00e0 l'irrigation ou \u00e0 la consommation. Le danger s'\u00e9tend \u00e9galement \u00e0 l'homme, en affectant l'eau potable et en provoquant potentiellement des probl\u00e8mes de sant\u00e9 publique.<\/span><\/p>\n<h3><span style=\"font-weight: 400;\">Les fuites entra\u00eenent une contamination du sol et des eaux souterraines.<\/span><\/h3>\n<p><span style=\"font-weight: 400;\">Les eaux us\u00e9es qui s'infiltrent dans le sol peuvent r\u00e9duire la fertilit\u00e9 et polluer les eaux souterraines. Une fois que les contaminants atteignent les sources d'eau souterraines, ils se propagent au-del\u00e0 de l'installation, ce qui rend le nettoyage difficile et co\u00fbteux. En proc\u00e9dant \u00e0 une \u00e9vaporation durable de l'eau \u00e0 l'aide d'un syst\u00e8me m\u00e9canique <\/span><a href=\"https:\/\/minetek.com\/fr\/wastewater-evaporator\/\"><span style=\"font-weight: 400;\">\u00e9vaporateur d'eaux us\u00e9es<\/span><\/a><span style=\"font-weight: 400;\"> vous pouvez r\u00e9duire les eaux us\u00e9es stock\u00e9es, ce qui diminue le risque de contamination \u00e0 long terme.<\/span><\/p>\n<p>&nbsp;<\/p>\n<h2><span style=\"font-weight: 400;\">\u00c9tape #2 : Comparer les syst\u00e8mes d'\u00e9vaporation de l'eau \u00e0 d'autres solutions de gestion des eaux us\u00e9es.<\/span><\/h2>\n<h3><span style=\"font-weight: 400;\">Les bassins de stockage traditionnels peuvent devenir des \u00e9l\u00e9ments de passif dans les zones \u00e0 forte pluviom\u00e9trie.<\/span><\/h3>\n<p><span style=\"font-weight: 400;\">Les bassins de stockage traditionnels n\u00e9cessitent de grandes surfaces de terrain, ce qui est co\u00fbteux et peu pratique dans les zones urbaines ou industrielles.\u00a0<\/span><\/p>\n<p><span style=\"font-weight: 400;\">En outre, le fait qu'elles d\u00e9pendent de l'\u00e9vaporation naturelle les rend inefficaces pour g\u00e9rer de grands volumes d'eaux us\u00e9es, en particulier dans les r\u00e9gions o\u00f9 le temps est impr\u00e9visible. Les fortes pr\u00e9cipitations peuvent provoquer des d\u00e9bordements, augmentant ainsi le risque d'infractions environnementales.\u00a0<\/span><\/p>\n<p><span style=\"font-weight: 400;\">En revanche, les solutions personnalis\u00e9es d'\u00e9vaporation de l'eau offrent une approche contr\u00f4l\u00e9e, r\u00e9duisant efficacement les eaux us\u00e9es stock\u00e9es dans diverses conditions m\u00e9t\u00e9orologiques. Si vous cherchez une alternative aux bassins d'\u00e9vaporation, vous \u00eates au bon endroit.<\/span><\/p>\n<h3><span style=\"font-weight: 400;\">Les m\u00e9thodes de traitement m\u00e9canique et chimique ont un co\u00fbt \u00e9lev\u00e9.<\/span><\/h3>\n<p><span style=\"font-weight: 400;\">M\u00e9canique et chimique <\/span><a href=\"https:\/\/minetek.com\/fr\/water-treatment-systems\/\"><span style=\"font-weight: 400;\">syst\u00e8mes de traitement des eaux<\/span><\/a><span style=\"font-weight: 400;\"> n\u00e9cessitent des investissements importants et des d\u00e9penses permanentes. Les syst\u00e8mes m\u00e9caniques consomment de grandes quantit\u00e9s d'\u00e9nergie et n\u00e9cessitent une maintenance fr\u00e9quente, tandis que les traitements chimiques reposent sur des r\u00e9actifs co\u00fbteux. La fluctuation des prix des produits chimiques et des co\u00fbts de maintenance rend ces m\u00e9thodes financi\u00e8rement impr\u00e9visibles.<\/span><\/p>\n<p><span style=\"font-weight: 400;\">En comparaison, une entreprise industrielle <\/span><span style=\"font-weight: 400;\">\u00e9vaporateur d'eau<\/span><span style=\"font-weight: 400;\"> offre une alternative rentable en r\u00e9duisant les volumes d'eaux us\u00e9es \u00e0 moindre co\u00fbt et avec une infrastructure minimale.<\/span><\/p>\n<h3><span style=\"font-weight: 400;\">Le transport par camion des eaux us\u00e9es hors du site n'est peut-\u00eatre pas une solution durable \u00e0 long terme.<\/span><\/h3>\n<p><span style=\"font-weight: 400;\">Le transport des eaux us\u00e9es n\u00e9cessite en permanence du carburant, de la main-d'\u0153uvre et le respect de la r\u00e9glementation, ce qui ajoute des contraintes financi\u00e8res et logistiques. Les co\u00fbts fluctuent en fonction des prix du carburant et de la main-d'\u0153uvre, ce qui en fait une option instable \u00e0 long terme. En outre, le transport des eaux us\u00e9es ne r\u00e9duit pas le volume global \u00e0 la source.\u00a0<\/span><\/p>\n<p><span style=\"font-weight: 400;\">Heureusement, la mobilit\u00e9 et le d\u00e9ploiement rapide de nos syst\u00e8mes d'\u00e9vaporation de l'eau offrent une alternative efficace sur site, vous \u00e9vitant ainsi les obstacles logistiques li\u00e9s \u00e0 l'utilisation de l'\u00e9vaporateur de l'eau. <\/span><a href=\"https:\/\/minetek.com\/fr\/wastewater-treatment\/\"><span style=\"font-weight: 400;\">traitement des eaux us\u00e9es<\/span><\/a><span style=\"font-weight: 400;\"> processus.\u00a0<\/span><\/p>\n<p>&nbsp;<\/p>\n<h2><span style=\"font-weight: 400;\">\u00c9tape #3 : Tenir compte des r\u00e9glementations environnementales et des facteurs de conformit\u00e9.<\/span><\/h2>\n<h3><span style=\"font-weight: 400;\">Des r\u00e9glementations sp\u00e9cifiques \u00e0 l'industrie d\u00e9terminent les limites de rejet des eaux us\u00e9es.<\/span><\/h3>\n<p><span style=\"font-weight: 400;\">Les r\u00e9glementations strictes en mati\u00e8re de rejets d'eaux us\u00e9es \u00e9tablies par des agences telles que l'Agence am\u00e9ricaine de protection de l'environnement (EPA) contr\u00f4lent les niveaux de polluants afin de prot\u00e9ger la qualit\u00e9 de l'eau et la sant\u00e9 publique. Les installations doivent respecter des limites sp\u00e9cifiques \u00e0 l'industrie, qui peuvent varier en fonction du lieu et du type de polluant.\u00a0<\/span><\/p>\n<p><span style=\"font-weight: 400;\">Certaines op\u00e9rations, en particulier celles li\u00e9es \u00e0 l'\u00e9vaporation du drainage minier acide, sont confront\u00e9es \u00e0 des d\u00e9fis suppl\u00e9mentaires en raison des concentrations \u00e9lev\u00e9es de contaminants.\u00a0<\/span><\/p>\n<h3><span style=\"font-weight: 400;\">L'\u00e9vaporation peut \u00eatre un outil efficace pour g\u00e9rer les risques de non-conformit\u00e9.<\/span><\/h3>\n<p><span style=\"font-weight: 400;\">L'utilisation d'un <\/span><span style=\"font-weight: 400;\">\u00e9vaporateur d'eau<\/span><span style=\"font-weight: 400;\"> contribue \u00e0 r\u00e9duire le volume des eaux us\u00e9es, ce qui permet de respecter plus facilement les limites de rejet. Moins de d\u00e9chets liquides signifie moins de risques de d\u00e9bordement ou de contamination, en particulier dans les industries n\u00e9cessitant l'\u00e9vaporation de l'eau de mine. Contrairement au traitement chimique, les syst\u00e8mes d'\u00e9vaporation m\u00e9canique \u00e9liminent efficacement l'eau sans g\u00e9n\u00e9rer davantage de d\u00e9chets.<\/span><\/p>\n<p>&nbsp;<\/p>\n<h2><span style=\"font-weight: 400;\">Minetek's <\/span><span style=\"font-weight: 400;\">\u00e9vaporateur d'eau<\/span><span style=\"font-weight: 400;\"> sont efficaces dans n'importe quel environnement.<\/span><\/h2>\n<h3><span style=\"font-weight: 400;\">Nous sommes fiers d'avoir prouv\u00e9 nos performances dans des environnements industriels extr\u00eames dans le monde entier.<\/span><\/h3>\n<p><span style=\"font-weight: 400;\">Minetek's <\/span><span style=\"font-weight: 400;\">\u00e9vaporateur d'eau<\/span><span style=\"font-weight: 400;\"> sont con\u00e7us pour offrir des performances \u00e9lev\u00e9es quelles que soient les conditions. Qu'il s'agisse de traiter une salinit\u00e9 \u00e9lev\u00e9e, des temp\u00e9ratures variables ou de grands volumes d'eaux us\u00e9es, ces syst\u00e8mes fonctionnent efficacement tout en respectant les r\u00e9glementations environnementales.\u00a0<\/span><\/p>\n<p><span style=\"font-weight: 400;\">Contrairement aux <\/span><a href=\"https:\/\/minetek.com\/fr\/wastewater-management-treatment\/\"><span style=\"font-weight: 400;\">gestion des eaux us\u00e9es traitement<\/span><\/a><span style=\"font-weight: 400;\"> Les \u00e9vaporateurs Minetek offrent une alternative durable en r\u00e9duisant le volume d'eau par \u00e9vaporation. Un syst\u00e8me d'\u00e9vaporateur flottant offre une flexibilit\u00e9 pour les plans d'eau, tandis que les \u00e9vaporateurs d'eau terrestres offrent une stabilit\u00e9 dans des lieux fixes.<\/span><\/p>\n<h3><span style=\"font-weight: 400;\">La mod\u00e9lisation sp\u00e9cifique au site permet de pr\u00e9dire l'efficacit\u00e9.<\/span><\/h3>\n<p><span style=\"font-weight: 400;\">La gestion des eaux us\u00e9es n'est pas une solution unique. Minetek utilise une mod\u00e9lisation d\u00e9taill\u00e9e pour pr\u00e9voir <\/span><span style=\"font-weight: 400;\">\u00e9vaporateur d'eau<\/span><span style=\"font-weight: 400;\"> L'efficacit\u00e9 de l'eau de pluie d\u00e9pend de diff\u00e9rents facteurs, tels que l'humidit\u00e9, les pr\u00e9cipitations, l'altitude, l'\u00e9vaporation, le total des solides dissous (TDS) et la temp\u00e9rature.<\/span><\/p>\n<p><span style=\"font-weight: 400;\">Cette analyse permet de pr\u00e9dire avec pr\u00e9cision les taux d'\u00e9vaporation sur une p\u00e9riode de 12 mois, ce qui garantit des performances constantes sous diff\u00e9rents climats.\u00a0<\/span><\/p>\n<p>&nbsp;<\/p>\n<h2><span style=\"font-weight: 400;\">Foire aux questions (FAQ)<\/span><\/h2>\n<h2><span style=\"font-weight: 400;\">Comment la technologie Minetek g\u00e8re-t-elle les eaux \u00e0 forte teneur en TDS et TSS ?<\/span><\/h2>\n<p><span style=\"font-weight: 400;\">Les \u00e9vaporateurs Minetek traitent efficacement l'eau contenant des solides dissous totaux (TDS) et des solides en suspension totaux (TSS) \u00e9lev\u00e9s. Leurs buses \u00e0 faible encrassement traitent les solides jusqu'\u00e0 4,0 mm, ce qui garantit des performances ininterrompues. Con\u00e7ues pour fonctionner sur une large plage de pH allant de 1,8 \u00e0 14+, elles constituent une solution fiable pour les eaux us\u00e9es acides et contamin\u00e9es dans les environnements industriels.<\/span><\/p>\n<p>&nbsp;<\/p>\n<h2><span style=\"font-weight: 400;\">Quels sont les co\u00fbts op\u00e9rationnels li\u00e9s \u00e0 l'utilisation d'un syst\u00e8me d'\u00e9vaporation m\u00e9canique ?<\/span><\/h2>\n<p><span style=\"font-weight: 400;\">Les co\u00fbts d'exploitation d\u00e9pendent de la taille et de l'utilisation du syst\u00e8me, mais les syst\u00e8mes d'\u00e9vaporation m\u00e9canique offrent une alternative rentable aux syst\u00e8mes traditionnels d'\u00e9vaporation. <\/span><a href=\"https:\/\/minetek.com\/fr\/wastewater-treatment-process\/\"><span style=\"font-weight: 400;\">processus de traitement des eaux us\u00e9es<\/span><\/a><span style=\"font-weight: 400;\">. En r\u00e9duisant la d\u00e9pendance \u00e0 l'\u00e9gard des traitements chimiques et des co\u00fbts de transport et en rendant inutile la construction de stations d'\u00e9puration, nos syst\u00e8mes aident les installations \u00e0 r\u00e9duire leurs d\u00e9penses tout en maintenant la conformit\u00e9 et l'efficacit\u00e9 op\u00e9rationnelle.<\/span><\/p>\n<p>&nbsp;<\/p>\n<h2><span style=\"font-weight: 400;\">Les \u00e9vaporateurs Minetek peuvent-ils \u00eatre adapt\u00e9s aux conditions sp\u00e9cifiques du site ?<\/span><\/h2>\n<p><span style=\"font-weight: 400;\">Oui, Minetek con\u00e7oit des syst\u00e8mes d'\u00e9vaporation personnalisables qui tiennent compte des conditions sp\u00e9cifiques au site, telles que l'humidit\u00e9, les pr\u00e9cipitations, l'altitude et la temp\u00e9rature. Cette approche garantit des taux d'\u00e9vaporation optimaux et des performances fiables dans divers environnements, ce qui permet aux industries de g\u00e9rer efficacement les eaux us\u00e9es tout en s'adaptant aux conditions climatiques locales.<\/span><\/p>\n<h3><span style=\"font-weight: 400;\">Une ing\u00e9nierie innovante pour des r\u00e9sultats exceptionnels en mati\u00e8re de gestion de l'eau<\/span><\/h3>\n<p><span style=\"font-weight: 400;\">Les \u00e9vaporateurs d'eau de pointe de Minetek sont con\u00e7us pour l'exploitation mini\u00e8re et d'autres applications industrielles. Ils g\u00e8rent efficacement les eaux us\u00e9es tout en respectant les r\u00e9glementations environnementales strictes.\u00a0<\/span><\/p>\n<p><span style=\"font-weight: 400;\">Les \u00e9vaporateurs Minetek r\u00e9duisent le volume d'eau exc\u00e9dentaire, aidant ainsi une vari\u00e9t\u00e9 d'industries \u00e0 maintenir la conformit\u00e9 et l'efficacit\u00e9 op\u00e9rationnelle. Avec une pr\u00e9sence mondiale dans plus de 30 pays, nous fournissons des solutions fiables auxquelles les industries font confiance. Donc, si vous cherchez une alternative \u00e0 l'\u00e9vaporation de l'eau, nous vous invitons \u00e0 nous contacter. <\/span><a href=\"https:\/\/minetek.com\/fr\/water-supply-treatment\/\"><span style=\"font-weight: 400;\">traitement de l'approvisionnement en eau<\/span><\/a><span style=\"font-weight: 400;\"> Minetek vous couvre.<\/span><\/p>\n<p><span style=\"font-weight: 400;\">S'appuyant sur plus de 150 ans d'expertise combin\u00e9e en ing\u00e9nierie, notre technologie ne se contente pas de r\u00e9pondre aux normes de l'industrie, elle place la barre plus haut. R\u00e9solvons ensemble vos d\u00e9fis les plus difficiles. Prenez rendez-vous d\u00e8s aujourd'hui.<\/span><\/p>\n<\/div>","protected":false},"excerpt":{"rendered":"<p>Should you invest in a water evaporator? How to make the right call A water evaporator offers a practical way to reduce wastewater volumes without relying on costly disposal or treatment methods. Uncontrolled wastewater buildup can lead to compliance violations, environmental risks and increased operational expenses.\u00a0 Minetek\u2019s evaporation systems help industries manage excess water efficiently, even in demanding conditions. But is it the best fit for your site? With multiple water management options available, choosing the right solution requires a clear understanding of costs, regulations and long-term impact.\u00a0 Here\u2019s how to evaluate your needs and decide if investing in an [&hellip;]<\/p>\n","protected":false},"author":10,"featured_media":0,"parent":0,"menu_order":0,"comment_status":"closed","ping_status":"closed","template":"template-headshoulder.php","meta":{"_acf_changed":false,"footnotes":""},"class_list":["post-4776","page","type-page","status-publish","hentry"],"acf":[],"yoast_head":"<!-- This site is optimized with the Yoast SEO plugin v27.3 - https:\/\/yoast.com\/product\/yoast-seo-wordpress\/ -->\n<title>Water Evaporator | Minetek<\/title>\n<meta name=\"description\" content=\"Managing excess wastewater is critical for compliance and cost control. Minetek\u2019s water evaporator systems offer a sustainable solution for industrial needs.\" \/>\n<meta name=\"robots\" content=\"index, follow, max-snippet:-1, max-image-preview:large, max-video-preview:-1\" \/>\n<link rel=\"canonical\" href=\"https:\/\/minetek.com\/fr\/water-evaporator\/\" \/>\n<meta property=\"og:locale\" content=\"fr_FR\" \/>\n<meta property=\"og:type\" content=\"article\" \/>\n<meta property=\"og:title\" content=\"Water Evaporator | Minetek\" \/>\n<meta property=\"og:description\" content=\"Managing excess wastewater is critical for compliance and cost control. Minetek\u2019s water evaporator systems offer a sustainable solution for industrial needs.\" \/>\n<meta property=\"og:url\" content=\"https:\/\/minetek.com\/fr\/water-evaporator\/\" \/>\n<meta property=\"og:site_name\" content=\"Minetek\" \/>\n<meta property=\"article:publisher\" content=\"https:\/\/www.facebook.com\/mineteksolutions\/\" \/>\n<meta property=\"article:modified_time\" content=\"2025-03-21T07:48:57+00:00\" \/>\n<meta name=\"twitter:card\" content=\"summary_large_image\" \/>\n<meta name=\"twitter:label1\" content=\"Dur\u00e9e de lecture estim\u00e9e\" \/>\n\t<meta name=\"twitter:data1\" content=\"5 minutes\" \/>\n<script type=\"application\/ld+json\" class=\"yoast-schema-graph\">{\"@context\":\"https:\\\/\\\/schema.org\",\"@graph\":[{\"@type\":\"WebPage\",\"@id\":\"https:\\\/\\\/minetek.com\\\/water-evaporator\\\/\",\"url\":\"https:\\\/\\\/minetek.com\\\/water-evaporator\\\/\",\"name\":\"Water Evaporator | Minetek\",\"isPartOf\":{\"@id\":\"https:\\\/\\\/minetek.com\\\/#website\"},\"datePublished\":\"2025-03-21T04:27:40+00:00\",\"dateModified\":\"2025-03-21T07:48:57+00:00\",\"description\":\"Managing excess wastewater is critical for compliance and cost control. Minetek\u2019s water evaporator systems offer a sustainable solution for industrial needs.\",\"breadcrumb\":{\"@id\":\"https:\\\/\\\/minetek.com\\\/water-evaporator\\\/#breadcrumb\"},\"inLanguage\":\"fr-FR\",\"potentialAction\":[{\"@type\":\"ReadAction\",\"target\":[\"https:\\\/\\\/minetek.com\\\/water-evaporator\\\/\"]}]},{\"@type\":\"BreadcrumbList\",\"@id\":\"https:\\\/\\\/minetek.com\\\/water-evaporator\\\/#breadcrumb\",\"itemListElement\":[{\"@type\":\"ListItem\",\"position\":1,\"name\":\"Home\",\"item\":\"https:\\\/\\\/minetek.com\\\/\"},{\"@type\":\"ListItem\",\"position\":2,\"name\":\"Water Evaporator\"}]},{\"@type\":\"WebSite\",\"@id\":\"https:\\\/\\\/minetek.com\\\/#website\",\"url\":\"https:\\\/\\\/minetek.com\\\/\",\"name\":\"Minetek\",\"description\":\"World-class water evaporation, underground ventilation, sound reduction solutions for mining and industry.\",\"publisher\":{\"@id\":\"https:\\\/\\\/minetek.com\\\/#organization\"},\"potentialAction\":[{\"@type\":\"SearchAction\",\"target\":{\"@type\":\"EntryPoint\",\"urlTemplate\":\"https:\\\/\\\/minetek.com\\\/?s={search_term_string}\"},\"query-input\":{\"@type\":\"PropertyValueSpecification\",\"valueRequired\":true,\"valueName\":\"search_term_string\"}}],\"inLanguage\":\"fr-FR\"},{\"@type\":\"Organization\",\"@id\":\"https:\\\/\\\/minetek.com\\\/#organization\",\"name\":\"Minetek\",\"url\":\"https:\\\/\\\/minetek.com\\\/\",\"logo\":{\"@type\":\"ImageObject\",\"inLanguage\":\"fr-FR\",\"@id\":\"https:\\\/\\\/minetek.com\\\/#\\\/schema\\\/logo\\\/image\\\/\",\"url\":\"https:\\\/\\\/minetek.com\\\/wp-content\\\/uploads\\\/2025\\\/02\\\/13.png\",\"contentUrl\":\"https:\\\/\\\/minetek.com\\\/wp-content\\\/uploads\\\/2025\\\/02\\\/13.png\",\"width\":600,\"height\":600,\"caption\":\"Minetek\"},\"image\":{\"@id\":\"https:\\\/\\\/minetek.com\\\/#\\\/schema\\\/logo\\\/image\\\/\"},\"sameAs\":[\"https:\\\/\\\/www.facebook.com\\\/mineteksolutions\\\/\",\"https:\\\/\\\/www.linkedin.com\\\/company\\\/minetek\\\/\"]}]}<\/script>\n<!-- \/ Yoast SEO plugin. -->","yoast_head_json":{"title":"Water Evaporator | Minetek","description":"Managing excess wastewater is critical for compliance and cost control. Minetek\u2019s water evaporator systems offer a sustainable solution for industrial needs.","robots":{"index":"index","follow":"follow","max-snippet":"max-snippet:-1","max-image-preview":"max-image-preview:large","max-video-preview":"max-video-preview:-1"},"canonical":"https:\/\/minetek.com\/fr\/water-evaporator\/","og_locale":"fr_FR","og_type":"article","og_title":"Water Evaporator | Minetek","og_description":"Managing excess wastewater is critical for compliance and cost control. Minetek\u2019s water evaporator systems offer a sustainable solution for industrial needs.","og_url":"https:\/\/minetek.com\/fr\/water-evaporator\/","og_site_name":"Minetek","article_publisher":"https:\/\/www.facebook.com\/mineteksolutions\/","article_modified_time":"2025-03-21T07:48:57+00:00","twitter_card":"summary_large_image","twitter_misc":{"Dur\u00e9e de lecture estim\u00e9e":"5 minutes"},"schema":{"@context":"https:\/\/schema.org","@graph":[{"@type":"WebPage","@id":"https:\/\/minetek.com\/water-evaporator\/","url":"https:\/\/minetek.com\/water-evaporator\/","name":"Water Evaporator | Minetek","isPartOf":{"@id":"https:\/\/minetek.com\/#website"},"datePublished":"2025-03-21T04:27:40+00:00","dateModified":"2025-03-21T07:48:57+00:00","description":"Managing excess wastewater is critical for compliance and cost control. Minetek\u2019s water evaporator systems offer a sustainable solution for industrial needs.","breadcrumb":{"@id":"https:\/\/minetek.com\/water-evaporator\/#breadcrumb"},"inLanguage":"fr-FR","potentialAction":[{"@type":"ReadAction","target":["https:\/\/minetek.com\/water-evaporator\/"]}]},{"@type":"BreadcrumbList","@id":"https:\/\/minetek.com\/water-evaporator\/#breadcrumb","itemListElement":[{"@type":"ListItem","position":1,"name":"Home","item":"https:\/\/minetek.com\/"},{"@type":"ListItem","position":2,"name":"Water Evaporator"}]},{"@type":"WebSite","@id":"https:\/\/minetek.com\/#website","url":"https:\/\/minetek.com\/","name":"Minetek","description":"Solutions de classe mondiale pour l'\u00e9vaporation de l'eau, la ventilation souterraine et la r\u00e9duction du bruit dans l'industrie mini\u00e8re et l'industrie.","publisher":{"@id":"https:\/\/minetek.com\/#organization"},"potentialAction":[{"@type":"SearchAction","target":{"@type":"EntryPoint","urlTemplate":"https:\/\/minetek.com\/?s={search_term_string}"},"query-input":{"@type":"PropertyValueSpecification","valueRequired":true,"valueName":"search_term_string"}}],"inLanguage":"fr-FR"},{"@type":"Organization","@id":"https:\/\/minetek.com\/#organization","name":"Minetek","url":"https:\/\/minetek.com\/","logo":{"@type":"ImageObject","inLanguage":"fr-FR","@id":"https:\/\/minetek.com\/#\/schema\/logo\/image\/","url":"https:\/\/minetek.com\/wp-content\/uploads\/2025\/02\/13.png","contentUrl":"https:\/\/minetek.com\/wp-content\/uploads\/2025\/02\/13.png","width":600,"height":600,"caption":"Minetek"},"image":{"@id":"https:\/\/minetek.com\/#\/schema\/logo\/image\/"},"sameAs":["https:\/\/www.facebook.com\/mineteksolutions\/","https:\/\/www.linkedin.com\/company\/minetek\/"]}]}},"_links":{"self":[{"href":"https:\/\/minetek.com\/fr\/wp-json\/wp\/v2\/pages\/4776","targetHints":{"allow":["GET"]}}],"collection":[{"href":"https:\/\/minetek.com\/fr\/wp-json\/wp\/v2\/pages"}],"about":[{"href":"https:\/\/minetek.com\/fr\/wp-json\/wp\/v2\/types\/page"}],"author":[{"embeddable":true,"href":"https:\/\/minetek.com\/fr\/wp-json\/wp\/v2\/users\/10"}],"replies":[{"embeddable":true,"href":"https:\/\/minetek.com\/fr\/wp-json\/wp\/v2\/comments?post=4776"}],"version-history":[{"count":0,"href":"https:\/\/minetek.com\/fr\/wp-json\/wp\/v2\/pages\/4776\/revisions"}],"wp:attachment":[{"href":"https:\/\/minetek.com\/fr\/wp-json\/wp\/v2\/media?parent=4776"}],"curies":[{"name":"wp","href":"https:\/\/api.w.org\/{rel}","templated":true}]}}