{"id":4774,"date":"2025-03-21T15:21:19","date_gmt":"2025-03-21T04:21:19","guid":{"rendered":"https:\/\/minetek.com\/?page_id=4774"},"modified":"2025-03-25T19:03:30","modified_gmt":"2025-03-25T08:03:30","slug":"wastewater-treatment","status":"publish","type":"page","link":"https:\/\/minetek.com\/fr\/wastewater-treatment\/","title":{"rendered":"Traitement des eaux us\u00e9es"},"content":{"rendered":"<div class=\"c-cms-content\"><h1>Comment les <strong>\u00e9vaporation m\u00e9canique<\/strong> par rapport \u00e0 l'\u00e9puration des eaux us\u00e9es ?<\/h1>\n<p><span style=\"font-weight: 400;\">Le traitement des eaux us\u00e9es est un \u00e9l\u00e9ment essentiel de la gestion de l'eau industrielle, mais de nombreuses industries ont du mal \u00e0 trouver un \u00e9quilibre entre la conformit\u00e9 r\u00e9glementaire et la rentabilit\u00e9.\u00a0<\/span><\/p>\n<p><span style=\"font-weight: 400;\">Imaginez donc que vous puissiez transformer toute votre approche en int\u00e9grant l'\u00e9vaporation m\u00e9canique, une solution qui r\u00e9duit les risques de stockage et les obstacles r\u00e9glementaires sans les co\u00fbts d'infrastructure \u00e9lev\u00e9s g\u00e9n\u00e9ralement associ\u00e9s \u00e0 l'\u00e9vaporation m\u00e9canique traditionnelle. <\/span><a href=\"https:\/\/minetek.com\/fr\/wastewater-treatment-process\/\"><span style=\"font-weight: 400;\">processus de traitement des eaux us\u00e9es<\/span><\/a><span style=\"font-weight: 400;\">.<\/span><\/p>\n<p><span style=\"font-weight: 400;\">Chez Minetek, cela peut \u00eatre une r\u00e9alit\u00e9. En tant que leader de l'industrie en mati\u00e8re de solutions innovantes pour l'eau, nous fournissons des syst\u00e8mes d'\u00e9vaporation m\u00e9canique de pointe con\u00e7us pour relever ces d\u00e9fis. Avec plus de 600 projets r\u00e9alis\u00e9s dans le monde entier, notre expertise offre une meilleure voie aux industries qui cherchent \u00e0 optimiser leurs strat\u00e9gies de gestion de l'eau.\u00a0<\/span><\/p>\n<p><span style=\"font-weight: 400;\">Mais comment l'\u00e9vaporation m\u00e9canique se situe-t-elle par rapport au traitement traditionnel des eaux us\u00e9es ? Entrons dans les d\u00e9tails.<\/span><\/p>\n<p>&nbsp;<\/p>\n<h2><span style=\"font-weight: 400;\">L'\u00e9vaporation m\u00e9canique et le traitement des eaux us\u00e9es ont des objectifs diff\u00e9rents.<\/span><\/h2>\n<p><span style=\"font-weight: 400;\">Le traitement des eaux us\u00e9es industrielles et l'\u00e9vaporation m\u00e9canique r\u00e9pondent \u00e0 des besoins diff\u00e9rents en mati\u00e8re de gestion de l'eau. Voici les principes de base :<\/span><\/p>\n<ul>\n<li style=\"font-weight: 400;\" aria-level=\"1\"><b>Traitement des eaux us\u00e9es : <\/b><span style=\"font-weight: 400;\">Le traitement des eaux us\u00e9es consiste \u00e0 rendre l'eau contamin\u00e9e plus s\u00fbre ou plus apte \u00e0 \u00eatre r\u00e9utilis\u00e9e en \u00e9liminant les polluants.<\/span><\/li>\n<li style=\"font-weight: 400;\" aria-level=\"1\"><b>\u00c9vaporation m\u00e9canique :<\/b><span style=\"font-weight: 400;\"> L'\u00e9vaporation vise \u00e0 r\u00e9duire le volume d'eau. L'eau est transform\u00e9e en vapeur et, en r\u00e9duisant la quantit\u00e9 d'eau us\u00e9e, les entreprises peuvent r\u00e9duire, voire \u00e9liminer compl\u00e8tement, la n\u00e9cessit\u00e9 de recourir \u00e0 des syst\u00e8mes d'\u00e9puration \u00e0 grande \u00e9chelle. <\/span><a href=\"https:\/\/minetek.com\/fr\/wastewater-management-treatment\/\"><span style=\"font-weight: 400;\">gestion des eaux us\u00e9es traitement<\/span><\/a><span style=\"font-weight: 400;\">.<\/span><\/li>\n<\/ul>\n<h3><span style=\"font-weight: 400;\">Qu'en est-il des applications industrielles et des r\u00e9glementations ?<\/span><\/h3>\n<p><span style=\"font-weight: 400;\">Certaines industries sont soumises \u00e0 des r\u00e9glementations strictes en mati\u00e8re de rejets qui rendent in\u00e9vitable le traitement des eaux us\u00e9es du p\u00e9trole et du gaz. Pour ces secteurs, le respect des normes juridiques et environnementales n\u00e9cessite un syst\u00e8me fiable pour \u00e9liminer les substances nocives de l'eau.\u00a0<\/span><\/p>\n<p><span style=\"font-weight: 400;\">Mais l'\u00e9vaporation m\u00e9canique offre une autre approche en traitant le volume d'eau \u00e0 la source, en contournant les traitements chimiques et biologiques associ\u00e9s aux stations d'\u00e9puration traditionnelles. Cela peut \u00eatre avantageux dans les secteurs o\u00f9 le respect des normes est essentiel, en offrant un moyen rationalis\u00e9 de g\u00e9rer l'exc\u00e8s d'eau sans exigences complexes en mati\u00e8re de traitement.<\/span><\/p>\n<h3><span style=\"font-weight: 400;\">L'\u00e9vaporation m\u00e9canique peut fonctionner de mani\u00e8re ind\u00e9pendante ou s'int\u00e9grer aux syst\u00e8mes de traitement des eaux us\u00e9es.<\/span><\/h3>\n<p><span style=\"font-weight: 400;\">Dans certains contextes, l'\u00e9vaporation m\u00e9canique est la principale m\u00e9thode de gestion des d\u00e9chets d'eau, principalement en raison de sa capacit\u00e9 \u00e0 r\u00e9duire les volumes d'eau sans n\u00e9cessiter d'infrastructures lourdes. Cependant, elle peut \u00e9galement compl\u00e9ter les syst\u00e8mes de traitement de l'eau existants. <\/span><a href=\"https:\/\/minetek.com\/fr\/water-treatment-systems\/\"><span style=\"font-weight: 400;\">syst\u00e8mes de traitement des eaux<\/span><\/a><span style=\"font-weight: 400;\"> que vous poss\u00e9dez d\u00e9j\u00e0, ce qui am\u00e9liore l'efficacit\u00e9 globale.<\/span><\/p>\n<p>&nbsp;<\/p>\n<h2><span style=\"font-weight: 400;\">La technologie d'\u00e9vaporation r\u00e9duit les risques de stockage et les d\u00e9fis r\u00e9glementaires.<\/span><\/h2>\n<p><span style=\"font-weight: 400;\">Les digues \u00e0 st\u00e9riles, les bassins d'\u00e9vaporation et les installations de stockage des eaux us\u00e9es pr\u00e9sentent des risques importants pour l'environnement et la s\u00e9curit\u00e9.\u00a0<\/span><\/p>\n<p><span style=\"font-weight: 400;\">Ils contiennent d'importants volumes d'eaux us\u00e9es industrielles qui, s'ils ne sont pas g\u00e9r\u00e9s correctement, peuvent entra\u00eener des d\u00e9faillances structurelles et des risques pour l'environnement. L'\u00e9vaporation m\u00e9canique peut servir de mesure proactive pour att\u00e9nuer les risques li\u00e9s au stockage. Ces syst\u00e8mes fonctionnent efficacement en r\u00e9duisant le volume d'eau, ce qui all\u00e8ge la charge pesant sur ces installations et minimise les d\u00e9versements potentiels et autres risques.<\/span><\/p>\n<p><span style=\"font-weight: 400;\">Les inondations et les infiltrations provenant des digues \u00e0 st\u00e9riles, par exemple, peuvent \u00eatre consid\u00e9rablement att\u00e9nu\u00e9es lorsque le volume d'eau stock\u00e9 est r\u00e9duit par \u00e9vaporation.<\/span><\/p>\n<h3><span style=\"font-weight: 400;\">La gestion du volume d'eau s'av\u00e8re souvent sup\u00e9rieure aux proc\u00e9d\u00e9s de traitement.<\/span><\/h3>\n<p><span style=\"font-weight: 400;\">L'\u00e9vaporation m\u00e9canique diff\u00e8re du traitement traditionnel des eaux us\u00e9es en minimisant le volume des eaux us\u00e9es. Contrairement aux proc\u00e9d\u00e9s de traitement qui pr\u00e9parent l'eau \u00e0 \u00eatre r\u00e9utilis\u00e9e ou rejet\u00e9e, l'\u00e9vaporation m\u00e9canique se distingue par la r\u00e9duction du volume des eaux us\u00e9es. <\/span><a href=\"https:\/\/minetek.com\/fr\/water-evaporation\/\"><span style=\"font-weight: 400;\">\u00e9vaporation de l'eau<\/span><\/a><span style=\"font-weight: 400;\"> r\u00e9duit le volume global des eaux us\u00e9es que les entreprises doivent traiter.\u00a0<\/span><\/p>\n<p><span style=\"font-weight: 400;\">Cette diminution du volume r\u00e9duit directement la n\u00e9cessit\u00e9 d'un stockage, d'un transport ou d'un traitement ult\u00e9rieur importants, qui sont tous des processus \u00e0 forte intensit\u00e9 de ressources. Pour les industries confront\u00e9es \u00e0 une surveillance r\u00e9glementaire des m\u00e9thodes d'\u00e9limination des eaux d'extraction et d'autres pratiques similaires, la r\u00e9duction du volume des eaux us\u00e9es est une \u00e9tape pratique vers des op\u00e9rations plus durables et plus efficaces.<\/span><\/p>\n<h3><span style=\"font-weight: 400;\">L'\u00e9vaporation contribue \u00e0 la conformit\u00e9 r\u00e9glementaire en aidant les industries \u00e0 g\u00e9rer l'eau de mani\u00e8re responsable.<\/span><\/h3>\n<p><span style=\"font-weight: 400;\">Les industries telles que l'exploitation mini\u00e8re, le p\u00e9trole et le gaz, ainsi que d'autres secteurs industriels lourds, sont souvent soumises \u00e0 des r\u00e9glementations strictes en mati\u00e8re de gestion des eaux us\u00e9es. Ces r\u00e9glementations imposent des m\u00e9thodes efficaces d'\u00e9limination des eaux d'exhaure, en particulier lorsqu'il s'agit de volumes importants d'eau potentiellement dangereuse.\u00a0<\/span><\/p>\n<p><span style=\"font-weight: 400;\">Un syst\u00e8me d'\u00e9vaporation m\u00e9canique permet de r\u00e9duire l'exc\u00e8s d'eau \u00e0 manipuler, d'aligner les op\u00e9rations sur les normes environnementales et d'all\u00e9ger le fardeau de la conformit\u00e9.\u00a0<\/span><\/p>\n<p>&nbsp;<\/p>\n<h2><span style=\"font-weight: 400;\">L'\u00e9vaporation m\u00e9canique est \u00e9galement une alternative rentable.<\/span><\/h2>\n<p><span style=\"font-weight: 400;\">L'\u00e9vaporation m\u00e9canique fonctionne \u00e0 des co\u00fbts op\u00e9rationnels inf\u00e9rieurs \u00e0 ceux de m\u00e9thodes telles que le traitement de l'eau par l'acide. Apr\u00e8s tout, les industries qui g\u00e8rent de grandes quantit\u00e9s d'eaux us\u00e9es sont souvent confront\u00e9es \u00e0 la lourde charge financi\u00e8re que repr\u00e9sentent l'\u00e9tablissement et l'entretien d'une station d'\u00e9puration traditionnelle.\u00a0<\/span><\/p>\n<p><span style=\"font-weight: 400;\">Ces d\u00e9penses peuvent s'accumuler rapidement et cr\u00e9er des tensions financi\u00e8res, en particulier pour les industries qui traitent des volumes importants dans leur secteur d'activit\u00e9. <\/span><a href=\"https:\/\/minetek.com\/fr\/water-management\/\"><span style=\"font-weight: 400;\">gestion de l'eau<\/span><\/a><span style=\"font-weight: 400;\"> processus.<\/span><\/p>\n<p><span style=\"font-weight: 400;\">L'\u00e9vaporation m\u00e9canique, cependant, simplifie ce processus en r\u00e9duisant la n\u00e9cessit\u00e9 d'une infrastructure et de consommables importants. C'est donc une solution plus rentable pour les industries qui cherchent \u00e0 g\u00e9rer leurs eaux us\u00e9es en tenant compte de leur budget.<\/span><\/p>\n<p>&nbsp;<\/p>\n<h2><span style=\"font-weight: 400;\">Foire aux questions (FAQ)<\/span><\/h2>\n<h2><span style=\"font-weight: 400;\">Comment les centrales \u00e9lectriques peuvent-elles r\u00e9duire durablement les volumes d'eaux us\u00e9es ?<\/span><\/h2>\n<p><span style=\"font-weight: 400;\">Vous pouvez r\u00e9duire les volumes d'eaux us\u00e9es des centrales \u00e9lectriques en utilisant des syst\u00e8mes d'\u00e9vaporation m\u00e9canique. Ces syst\u00e8mes convertissent l'exc\u00e8s d'eau en vapeur, minimisant ainsi les besoins de stockage et de traitement chimique. L'\u00e9vaporation \u00e0 haut rendement \u00e9nerg\u00e9tique r\u00e9duit les co\u00fbts d'exploitation tout en garantissant la conformit\u00e9 aux r\u00e9glementations environnementales, am\u00e9liorant ainsi la durabilit\u00e9 et la rentabilit\u00e9 de la gestion des eaux us\u00e9es.<\/span><\/p>\n<p>&nbsp;<\/p>\n<h2><span style=\"font-weight: 400;\">Comment l'\u00e9vaporation des eaux us\u00e9es se compare-t-elle aux m\u00e9thodes de traitement traditionnelles ?<\/span><\/h2>\n<p><span style=\"font-weight: 400;\">L'\u00e9vaporation des eaux us\u00e9es \u00e9limine enti\u00e8rement l'eau, tandis que les m\u00e9thodes de traitement traditionnelles traitent les contaminants en vue de leur r\u00e9utilisation ou de leur rejet en toute s\u00e9curit\u00e9.\u00a0<\/span><\/p>\n<p><span style=\"font-weight: 400;\">Si vous souhaitez une solution moins co\u00fbteuse et que vous ne voulez pas vous occuper du processus compliqu\u00e9 de transport de l'eau vers une station d'\u00e9puration ou de la mise en place de votre propre station d'\u00e9puration, nos <\/span><a href=\"https:\/\/minetek.com\/fr\/wastewater-evaporator\/\"><span style=\"font-weight: 400;\">\u00e9vaporateur d'eaux us\u00e9es<\/span><\/a><span style=\"font-weight: 400;\"> l'emportent.\u00a0<\/span><\/p>\n<p><span style=\"font-weight: 400;\">L'utilisation de nos \u00e9vaporateurs mobiles est rentable, n\u00e9cessite un entretien minimal par rapport aux installations de traitement et fonctionne avec une infrastructure plus simple, offrant ainsi une alternative rationalis\u00e9e aux m\u00e9thodes de traitement conventionnelles.<\/span><\/p>\n<p>&nbsp;<\/p>\n<h2><span style=\"font-weight: 400;\">Quelles sont les principales consid\u00e9rations relatives au traitement des eaux us\u00e9es dans l'industrie mini\u00e8re ?<\/span><\/h2>\n<p><span style=\"font-weight: 400;\">Les consid\u00e9rations cl\u00e9s pour le traitement des eaux us\u00e9es dans l'industrie mini\u00e8re comprennent le traitement de solides dissous totaux (TDS) et de solides en suspension totaux (TSS) \u00e9lev\u00e9s. Les syst\u00e8mes d'\u00e9vaporation m\u00e9canique de Minetek peuvent g\u00e9rer des contaminations extr\u00eames, en traitant des solides d'un diam\u00e8tre allant jusqu'\u00e0 4,0 mm et des niveaux de pH allant de 1,8 \u00e0 14+.\u00a0<\/span><\/p>\n<h3><span style=\"font-weight: 400;\">Nos solutions innovantes favorisent la conformit\u00e9 et l'efficacit\u00e9.<\/span><\/h3>\n<p><span style=\"font-weight: 400;\">Minetek apporte aux industries des solutions innovantes en mati\u00e8re de gestion de l'air, de l'eau et du son. Avec une port\u00e9e mondiale, nous avons ex\u00e9cut\u00e9 plus de 600 projets dans 30 pays qui r\u00e9pondent aux normes r\u00e9glementaires. Notre expertise fait le lien entre l'ing\u00e9nierie pratique et la conception inventive, offrant des solutions rentables pour relever les d\u00e9fis environnementaux contemporains.<\/span><\/p>\n<p><span style=\"font-weight: 400;\">Que vous soyez \u00e0 la recherche d'une installation terrestre ou flottante <\/span><a href=\"https:\/\/minetek.com\/fr\/solutions\/water\/land-based-evaporators\/\"><span style=\"font-weight: 400;\">\u00e9vaporateur d'eau<\/span><\/a><span style=\"font-weight: 400;\">Avec Minetek, vous pouvez faire confiance \u00e0 Minetek pour fournir des solutions durables et efficaces en mati\u00e8re de conformit\u00e9 de l'eau, qui pr\u00e9servent l'int\u00e9grit\u00e9 de l'environnement et optimisent les ressources. Appelez-nous d\u00e8s maintenant.<\/span><\/p>\n<\/div>","protected":false},"excerpt":{"rendered":"<p>How does mechanical evaporation compare to wastewater treatment? Wastewater treatment is a critical component of industrial water management, yet many industries struggle to balance regulatory compliance and cost-effectiveness.\u00a0 So, imagine transforming your entire approach by integrating mechanical evaporation, a solution that cuts down on storage risks and regulatory hurdles without the hefty infrastructure costs typically associated with the traditional wastewater treatment process. At Minetek, that can be a reality. As an industry leader in innovative water solutions, we provide cutting-edge mechanical evaporation systems designed to tackle these challenges. With more than 600 projects delivered across the globe, our expertise offers [&hellip;]<\/p>\n","protected":false},"author":10,"featured_media":0,"parent":0,"menu_order":0,"comment_status":"closed","ping_status":"closed","template":"template-headshoulder.php","meta":{"_acf_changed":false,"footnotes":""},"class_list":["post-4774","page","type-page","status-publish","hentry"],"acf":[],"yoast_head":"<!-- This site is optimized with the Yoast SEO plugin v27.5 - https:\/\/yoast.com\/product\/yoast-seo-wordpress\/ -->\n<title>Wastewater Treatment | Minetek<\/title>\n<meta name=\"description\" content=\"Minetek\u2019s mechanical evaporation systems offer a cost-effective, high-efficiency alternative to industrial wastewater treatment solutions. Learn more here.\" \/>\n<meta name=\"robots\" content=\"index, follow, max-snippet:-1, max-image-preview:large, max-video-preview:-1\" \/>\n<link rel=\"canonical\" href=\"https:\/\/minetek.com\/fr\/wastewater-treatment\/\" \/>\n<meta property=\"og:locale\" content=\"fr_FR\" \/>\n<meta property=\"og:type\" content=\"article\" \/>\n<meta property=\"og:title\" content=\"Wastewater Treatment | Minetek\" \/>\n<meta property=\"og:description\" content=\"Minetek\u2019s mechanical evaporation systems offer a cost-effective, high-efficiency alternative to industrial wastewater treatment solutions. Learn more here.\" \/>\n<meta property=\"og:url\" content=\"https:\/\/minetek.com\/fr\/wastewater-treatment\/\" \/>\n<meta property=\"og:site_name\" content=\"Minetek\" \/>\n<meta property=\"article:publisher\" content=\"https:\/\/www.facebook.com\/mineteksolutions\/\" \/>\n<meta property=\"article:modified_time\" content=\"2025-03-25T08:03:30+00:00\" \/>\n<meta name=\"twitter:card\" content=\"summary_large_image\" \/>\n<meta name=\"twitter:label1\" content=\"Dur\u00e9e de lecture estim\u00e9e\" \/>\n\t<meta name=\"twitter:data1\" content=\"5 minutes\" \/>\n<script type=\"application\/ld+json\" class=\"yoast-schema-graph\">{\"@context\":\"https:\\\/\\\/schema.org\",\"@graph\":[{\"@type\":\"WebPage\",\"@id\":\"https:\\\/\\\/minetek.com\\\/wastewater-treatment\\\/\",\"url\":\"https:\\\/\\\/minetek.com\\\/wastewater-treatment\\\/\",\"name\":\"Wastewater Treatment | Minetek\",\"isPartOf\":{\"@id\":\"https:\\\/\\\/minetek.com\\\/#website\"},\"datePublished\":\"2025-03-21T04:21:19+00:00\",\"dateModified\":\"2025-03-25T08:03:30+00:00\",\"description\":\"Minetek\u2019s mechanical evaporation systems offer a cost-effective, high-efficiency alternative to industrial wastewater treatment solutions. Learn more here.\",\"breadcrumb\":{\"@id\":\"https:\\\/\\\/minetek.com\\\/wastewater-treatment\\\/#breadcrumb\"},\"inLanguage\":\"fr-FR\",\"potentialAction\":[{\"@type\":\"ReadAction\",\"target\":[\"https:\\\/\\\/minetek.com\\\/wastewater-treatment\\\/\"]}]},{\"@type\":\"BreadcrumbList\",\"@id\":\"https:\\\/\\\/minetek.com\\\/wastewater-treatment\\\/#breadcrumb\",\"itemListElement\":[{\"@type\":\"ListItem\",\"position\":1,\"name\":\"Home\",\"item\":\"https:\\\/\\\/minetek.com\\\/\"},{\"@type\":\"ListItem\",\"position\":2,\"name\":\"Wastewater Treatment\"}]},{\"@type\":\"WebSite\",\"@id\":\"https:\\\/\\\/minetek.com\\\/#website\",\"url\":\"https:\\\/\\\/minetek.com\\\/\",\"name\":\"Minetek\",\"description\":\"World-class water evaporation, underground ventilation, sound reduction solutions for mining and industry.\",\"publisher\":{\"@id\":\"https:\\\/\\\/minetek.com\\\/#organization\"},\"potentialAction\":[{\"@type\":\"SearchAction\",\"target\":{\"@type\":\"EntryPoint\",\"urlTemplate\":\"https:\\\/\\\/minetek.com\\\/?s={search_term_string}\"},\"query-input\":{\"@type\":\"PropertyValueSpecification\",\"valueRequired\":true,\"valueName\":\"search_term_string\"}}],\"inLanguage\":\"fr-FR\"},{\"@type\":\"Organization\",\"@id\":\"https:\\\/\\\/minetek.com\\\/#organization\",\"name\":\"Minetek\",\"url\":\"https:\\\/\\\/minetek.com\\\/\",\"logo\":{\"@type\":\"ImageObject\",\"inLanguage\":\"fr-FR\",\"@id\":\"https:\\\/\\\/minetek.com\\\/#\\\/schema\\\/logo\\\/image\\\/\",\"url\":\"https:\\\/\\\/minetek.com\\\/wp-content\\\/uploads\\\/2025\\\/02\\\/13.png\",\"contentUrl\":\"https:\\\/\\\/minetek.com\\\/wp-content\\\/uploads\\\/2025\\\/02\\\/13.png\",\"width\":600,\"height\":600,\"caption\":\"Minetek\"},\"image\":{\"@id\":\"https:\\\/\\\/minetek.com\\\/#\\\/schema\\\/logo\\\/image\\\/\"},\"sameAs\":[\"https:\\\/\\\/www.facebook.com\\\/mineteksolutions\\\/\",\"https:\\\/\\\/www.linkedin.com\\\/company\\\/minetek\\\/\"]}]}<\/script>\n<!-- \/ Yoast SEO plugin. -->","yoast_head_json":{"title":"Traitement des eaux us\u00e9es | Minetek","description":"Les syst\u00e8mes d'\u00e9vaporation m\u00e9canique de Minetek offrent une alternative rentable et \u00e0 haut rendement aux solutions de traitement des eaux us\u00e9es industrielles. Pour en savoir plus, cliquez ici.","robots":{"index":"index","follow":"follow","max-snippet":"max-snippet:-1","max-image-preview":"max-image-preview:large","max-video-preview":"max-video-preview:-1"},"canonical":"https:\/\/minetek.com\/fr\/wastewater-treatment\/","og_locale":"fr_FR","og_type":"article","og_title":"Wastewater Treatment | Minetek","og_description":"Minetek\u2019s mechanical evaporation systems offer a cost-effective, high-efficiency alternative to industrial wastewater treatment solutions. Learn more here.","og_url":"https:\/\/minetek.com\/fr\/wastewater-treatment\/","og_site_name":"Minetek","article_publisher":"https:\/\/www.facebook.com\/mineteksolutions\/","article_modified_time":"2025-03-25T08:03:30+00:00","twitter_card":"summary_large_image","twitter_misc":{"Dur\u00e9e de lecture estim\u00e9e":"5 minutes"},"schema":{"@context":"https:\/\/schema.org","@graph":[{"@type":"WebPage","@id":"https:\/\/minetek.com\/wastewater-treatment\/","url":"https:\/\/minetek.com\/wastewater-treatment\/","name":"Traitement des eaux us\u00e9es | Minetek","isPartOf":{"@id":"https:\/\/minetek.com\/#website"},"datePublished":"2025-03-21T04:21:19+00:00","dateModified":"2025-03-25T08:03:30+00:00","description":"Les syst\u00e8mes d'\u00e9vaporation m\u00e9canique de Minetek offrent une alternative rentable et \u00e0 haut rendement aux solutions de traitement des eaux us\u00e9es industrielles. Pour en savoir plus, cliquez ici.","breadcrumb":{"@id":"https:\/\/minetek.com\/wastewater-treatment\/#breadcrumb"},"inLanguage":"fr-FR","potentialAction":[{"@type":"ReadAction","target":["https:\/\/minetek.com\/wastewater-treatment\/"]}]},{"@type":"BreadcrumbList","@id":"https:\/\/minetek.com\/wastewater-treatment\/#breadcrumb","itemListElement":[{"@type":"ListItem","position":1,"name":"Home","item":"https:\/\/minetek.com\/"},{"@type":"ListItem","position":2,"name":"Wastewater Treatment"}]},{"@type":"WebSite","@id":"https:\/\/minetek.com\/#website","url":"https:\/\/minetek.com\/","name":"Minetek","description":"Solutions de classe mondiale pour l'\u00e9vaporation de l'eau, la ventilation souterraine et la r\u00e9duction du bruit dans l'industrie mini\u00e8re et l'industrie.","publisher":{"@id":"https:\/\/minetek.com\/#organization"},"potentialAction":[{"@type":"SearchAction","target":{"@type":"EntryPoint","urlTemplate":"https:\/\/minetek.com\/?s={search_term_string}"},"query-input":{"@type":"PropertyValueSpecification","valueRequired":true,"valueName":"search_term_string"}}],"inLanguage":"fr-FR"},{"@type":"Organization","@id":"https:\/\/minetek.com\/#organization","name":"Minetek","url":"https:\/\/minetek.com\/","logo":{"@type":"ImageObject","inLanguage":"fr-FR","@id":"https:\/\/minetek.com\/#\/schema\/logo\/image\/","url":"https:\/\/minetek.com\/wp-content\/uploads\/2025\/02\/13.png","contentUrl":"https:\/\/minetek.com\/wp-content\/uploads\/2025\/02\/13.png","width":600,"height":600,"caption":"Minetek"},"image":{"@id":"https:\/\/minetek.com\/#\/schema\/logo\/image\/"},"sameAs":["https:\/\/www.facebook.com\/mineteksolutions\/","https:\/\/www.linkedin.com\/company\/minetek\/"]}]}},"_links":{"self":[{"href":"https:\/\/minetek.com\/fr\/wp-json\/wp\/v2\/pages\/4774","targetHints":{"allow":["GET"]}}],"collection":[{"href":"https:\/\/minetek.com\/fr\/wp-json\/wp\/v2\/pages"}],"about":[{"href":"https:\/\/minetek.com\/fr\/wp-json\/wp\/v2\/types\/page"}],"author":[{"embeddable":true,"href":"https:\/\/minetek.com\/fr\/wp-json\/wp\/v2\/users\/10"}],"replies":[{"embeddable":true,"href":"https:\/\/minetek.com\/fr\/wp-json\/wp\/v2\/comments?post=4774"}],"version-history":[{"count":0,"href":"https:\/\/minetek.com\/fr\/wp-json\/wp\/v2\/pages\/4774\/revisions"}],"wp:attachment":[{"href":"https:\/\/minetek.com\/fr\/wp-json\/wp\/v2\/media?parent=4774"}],"curies":[{"name":"wp","href":"https:\/\/api.w.org\/{rel}","templated":true}]}}