{"id":3393,"date":"2024-06-12T11:49:18","date_gmt":"2024-06-12T01:49:18","guid":{"rendered":"https:\/\/minetek.com\/?page_id=3393"},"modified":"2025-08-05T09:19:17","modified_gmt":"2025-08-04T23:19:17","slug":"drill-sound-packages","status":"publish","type":"page","link":"https:\/\/minetek.com\/fr\/solutions\/sound\/drill-sound-packages\/","title":{"rendered":"Packages sonores de forage"},"content":{"rendered":"","protected":false},"excerpt":{"rendered":"","protected":false},"author":1,"featured_media":2991,"parent":1474,"menu_order":0,"comment_status":"closed","ping_status":"closed","template":"","meta":{"_acf_changed":false,"footnotes":""},"class_list":["post-3393","page","type-page","status-publish","has-post-thumbnail","hentry"],"acf":[],"yoast_head":"<!-- This site is optimized with the Yoast SEO plugin v27.3 - https:\/\/yoast.com\/product\/yoast-seo-wordpress\/ -->\n<title>Blasthole Drill Sound Packages | Minetek<\/title>\n<meta name=\"description\" content=\"Minetek&#039;s Blasthole Drill Sound Packages offer superior noise attenuation, reducing noise levels to meet regulatory requirements.\" \/>\n<meta name=\"robots\" content=\"index, follow, max-snippet:-1, max-image-preview:large, max-video-preview:-1\" \/>\n<link rel=\"canonical\" href=\"https:\/\/minetek.com\/fr\/solutions\/sound\/drill-sound-packages\/\" \/>\n<meta property=\"og:locale\" content=\"fr_FR\" \/>\n<meta property=\"og:type\" content=\"article\" \/>\n<meta property=\"og:title\" content=\"Blasthole Drill Sound Packages | Minetek\" \/>\n<meta property=\"og:description\" content=\"Minetek&#039;s Blasthole Drill Sound Packages offer superior noise attenuation, reducing noise levels to meet regulatory requirements.\" \/>\n<meta property=\"og:url\" content=\"https:\/\/minetek.com\/fr\/solutions\/sound\/drill-sound-packages\/\" \/>\n<meta property=\"og:site_name\" content=\"Minetek\" \/>\n<meta property=\"article:publisher\" content=\"https:\/\/www.facebook.com\/mineteksolutions\/\" \/>\n<meta property=\"article:modified_time\" content=\"2025-08-04T23:19:17+00:00\" \/>\n<meta property=\"og:image\" content=\"https:\/\/minetek.com\/wp-content\/uploads\/2024\/05\/Sound_Caterpillar_6250_Blasthole_Drill_2.webp\" \/>\n\t<meta property=\"og:image:width\" content=\"1648\" \/>\n\t<meta property=\"og:image:height\" content=\"927\" \/>\n\t<meta property=\"og:image:type\" content=\"image\/webp\" \/>\n<meta name=\"twitter:card\" content=\"summary_large_image\" \/>\n<meta name=\"twitter:label1\" content=\"Dur\u00e9e de lecture estim\u00e9e\" \/>\n\t<meta name=\"twitter:data1\" content=\"1 minute\" \/>\n<script type=\"application\/ld+json\" class=\"yoast-schema-graph\">{\"@context\":\"https:\\\/\\\/schema.org\",\"@graph\":[{\"@type\":\"WebPage\",\"@id\":\"https:\\\/\\\/minetek.com\\\/solutions\\\/sound\\\/drill-sound-packages\\\/\",\"url\":\"https:\\\/\\\/minetek.com\\\/solutions\\\/sound\\\/drill-sound-packages\\\/\",\"name\":\"Blasthole Drill Sound Packages | Minetek\",\"isPartOf\":{\"@id\":\"https:\\\/\\\/minetek.com\\\/#website\"},\"primaryImageOfPage\":{\"@id\":\"https:\\\/\\\/minetek.com\\\/solutions\\\/sound\\\/drill-sound-packages\\\/#primaryimage\"},\"image\":{\"@id\":\"https:\\\/\\\/minetek.com\\\/solutions\\\/sound\\\/drill-sound-packages\\\/#primaryimage\"},\"thumbnailUrl\":\"https:\\\/\\\/minetek.com\\\/wp-content\\\/uploads\\\/2024\\\/05\\\/Sound_Caterpillar_6250_Blasthole_Drill_2.webp\",\"datePublished\":\"2024-06-12T01:49:18+00:00\",\"dateModified\":\"2025-08-04T23:19:17+00:00\",\"description\":\"Minetek's Blasthole Drill Sound Packages offer superior noise attenuation, reducing noise levels to meet regulatory requirements.\",\"breadcrumb\":{\"@id\":\"https:\\\/\\\/minetek.com\\\/solutions\\\/sound\\\/drill-sound-packages\\\/#breadcrumb\"},\"inLanguage\":\"fr-FR\",\"potentialAction\":[{\"@type\":\"ReadAction\",\"target\":[\"https:\\\/\\\/minetek.com\\\/solutions\\\/sound\\\/drill-sound-packages\\\/\"]}]},{\"@type\":\"ImageObject\",\"inLanguage\":\"fr-FR\",\"@id\":\"https:\\\/\\\/minetek.com\\\/solutions\\\/sound\\\/drill-sound-packages\\\/#primaryimage\",\"url\":\"https:\\\/\\\/minetek.com\\\/wp-content\\\/uploads\\\/2024\\\/05\\\/Sound_Caterpillar_6250_Blasthole_Drill_2.webp\",\"contentUrl\":\"https:\\\/\\\/minetek.com\\\/wp-content\\\/uploads\\\/2024\\\/05\\\/Sound_Caterpillar_6250_Blasthole_Drill_2.webp\",\"width\":1648,\"height\":927,\"caption\":\"Blast hole Drill sound package\"},{\"@type\":\"BreadcrumbList\",\"@id\":\"https:\\\/\\\/minetek.com\\\/solutions\\\/sound\\\/drill-sound-packages\\\/#breadcrumb\",\"itemListElement\":[{\"@type\":\"ListItem\",\"position\":1,\"name\":\"Home\",\"item\":\"https:\\\/\\\/minetek.com\\\/\"},{\"@type\":\"ListItem\",\"position\":2,\"name\":\"Solutions\",\"item\":\"https:\\\/\\\/minetek.com\\\/solutions\\\/\"},{\"@type\":\"ListItem\",\"position\":3,\"name\":\"Sound\",\"item\":\"https:\\\/\\\/minetek.com\\\/solutions\\\/sound\\\/\"},{\"@type\":\"ListItem\",\"position\":4,\"name\":\"Drill Sound Packages\"}]},{\"@type\":\"WebSite\",\"@id\":\"https:\\\/\\\/minetek.com\\\/#website\",\"url\":\"https:\\\/\\\/minetek.com\\\/\",\"name\":\"Minetek\",\"description\":\"World-class water evaporation, underground ventilation, sound reduction solutions for mining and industry.\",\"publisher\":{\"@id\":\"https:\\\/\\\/minetek.com\\\/#organization\"},\"potentialAction\":[{\"@type\":\"SearchAction\",\"target\":{\"@type\":\"EntryPoint\",\"urlTemplate\":\"https:\\\/\\\/minetek.com\\\/?s={search_term_string}\"},\"query-input\":{\"@type\":\"PropertyValueSpecification\",\"valueRequired\":true,\"valueName\":\"search_term_string\"}}],\"inLanguage\":\"fr-FR\"},{\"@type\":\"Organization\",\"@id\":\"https:\\\/\\\/minetek.com\\\/#organization\",\"name\":\"Minetek\",\"url\":\"https:\\\/\\\/minetek.com\\\/\",\"logo\":{\"@type\":\"ImageObject\",\"inLanguage\":\"fr-FR\",\"@id\":\"https:\\\/\\\/minetek.com\\\/#\\\/schema\\\/logo\\\/image\\\/\",\"url\":\"https:\\\/\\\/minetek.com\\\/wp-content\\\/uploads\\\/2025\\\/02\\\/13.png\",\"contentUrl\":\"https:\\\/\\\/minetek.com\\\/wp-content\\\/uploads\\\/2025\\\/02\\\/13.png\",\"width\":600,\"height\":600,\"caption\":\"Minetek\"},\"image\":{\"@id\":\"https:\\\/\\\/minetek.com\\\/#\\\/schema\\\/logo\\\/image\\\/\"},\"sameAs\":[\"https:\\\/\\\/www.facebook.com\\\/mineteksolutions\\\/\",\"https:\\\/\\\/www.linkedin.com\\\/company\\\/minetek\\\/\"]}]}<\/script>\n<!-- \/ Yoast SEO plugin. -->","yoast_head_json":{"title":"Forage \u00e0 l'explosif - Packages sonores - Minetek","description":"Les ensembles sonores de Minetek pour les foreuses de trous de mine offrent une att\u00e9nuation sonore sup\u00e9rieure, r\u00e9duisant les niveaux de bruit pour r\u00e9pondre aux exigences r\u00e9glementaires.","robots":{"index":"index","follow":"follow","max-snippet":"max-snippet:-1","max-image-preview":"max-image-preview:large","max-video-preview":"max-video-preview:-1"},"canonical":"https:\/\/minetek.com\/fr\/solutions\/sound\/drill-sound-packages\/","og_locale":"fr_FR","og_type":"article","og_title":"Blasthole Drill Sound Packages | Minetek","og_description":"Minetek's Blasthole Drill Sound Packages offer superior noise attenuation, reducing noise levels to meet regulatory requirements.","og_url":"https:\/\/minetek.com\/fr\/solutions\/sound\/drill-sound-packages\/","og_site_name":"Minetek","article_publisher":"https:\/\/www.facebook.com\/mineteksolutions\/","article_modified_time":"2025-08-04T23:19:17+00:00","og_image":[{"width":1648,"height":927,"url":"https:\/\/minetek.com\/wp-content\/uploads\/2024\/05\/Sound_Caterpillar_6250_Blasthole_Drill_2.webp","type":"image\/webp"}],"twitter_card":"summary_large_image","twitter_misc":{"Dur\u00e9e de lecture estim\u00e9e":"1 minute"},"schema":{"@context":"https:\/\/schema.org","@graph":[{"@type":"WebPage","@id":"https:\/\/minetek.com\/solutions\/sound\/drill-sound-packages\/","url":"https:\/\/minetek.com\/solutions\/sound\/drill-sound-packages\/","name":"Forage \u00e0 l'explosif - Packages sonores - Minetek","isPartOf":{"@id":"https:\/\/minetek.com\/#website"},"primaryImageOfPage":{"@id":"https:\/\/minetek.com\/solutions\/sound\/drill-sound-packages\/#primaryimage"},"image":{"@id":"https:\/\/minetek.com\/solutions\/sound\/drill-sound-packages\/#primaryimage"},"thumbnailUrl":"https:\/\/minetek.com\/wp-content\/uploads\/2024\/05\/Sound_Caterpillar_6250_Blasthole_Drill_2.webp","datePublished":"2024-06-12T01:49:18+00:00","dateModified":"2025-08-04T23:19:17+00:00","description":"Les ensembles sonores de Minetek pour les foreuses de trous de mine offrent une att\u00e9nuation sonore sup\u00e9rieure, r\u00e9duisant les niveaux de bruit pour r\u00e9pondre aux exigences r\u00e9glementaires.","breadcrumb":{"@id":"https:\/\/minetek.com\/solutions\/sound\/drill-sound-packages\/#breadcrumb"},"inLanguage":"fr-FR","potentialAction":[{"@type":"ReadAction","target":["https:\/\/minetek.com\/solutions\/sound\/drill-sound-packages\/"]}]},{"@type":"ImageObject","inLanguage":"fr-FR","@id":"https:\/\/minetek.com\/solutions\/sound\/drill-sound-packages\/#primaryimage","url":"https:\/\/minetek.com\/wp-content\/uploads\/2024\/05\/Sound_Caterpillar_6250_Blasthole_Drill_2.webp","contentUrl":"https:\/\/minetek.com\/wp-content\/uploads\/2024\/05\/Sound_Caterpillar_6250_Blasthole_Drill_2.webp","width":1648,"height":927,"caption":"Blast hole Drill sound package"},{"@type":"BreadcrumbList","@id":"https:\/\/minetek.com\/solutions\/sound\/drill-sound-packages\/#breadcrumb","itemListElement":[{"@type":"ListItem","position":1,"name":"Home","item":"https:\/\/minetek.com\/"},{"@type":"ListItem","position":2,"name":"Solutions","item":"https:\/\/minetek.com\/solutions\/"},{"@type":"ListItem","position":3,"name":"Sound","item":"https:\/\/minetek.com\/solutions\/sound\/"},{"@type":"ListItem","position":4,"name":"Drill Sound Packages"}]},{"@type":"WebSite","@id":"https:\/\/minetek.com\/#website","url":"https:\/\/minetek.com\/","name":"Minetek","description":"Solutions de classe mondiale pour l'\u00e9vaporation de l'eau, la ventilation souterraine et la r\u00e9duction du bruit dans l'industrie mini\u00e8re et l'industrie.","publisher":{"@id":"https:\/\/minetek.com\/#organization"},"potentialAction":[{"@type":"SearchAction","target":{"@type":"EntryPoint","urlTemplate":"https:\/\/minetek.com\/?s={search_term_string}"},"query-input":{"@type":"PropertyValueSpecification","valueRequired":true,"valueName":"search_term_string"}}],"inLanguage":"fr-FR"},{"@type":"Organization","@id":"https:\/\/minetek.com\/#organization","name":"Minetek","url":"https:\/\/minetek.com\/","logo":{"@type":"ImageObject","inLanguage":"fr-FR","@id":"https:\/\/minetek.com\/#\/schema\/logo\/image\/","url":"https:\/\/minetek.com\/wp-content\/uploads\/2025\/02\/13.png","contentUrl":"https:\/\/minetek.com\/wp-content\/uploads\/2025\/02\/13.png","width":600,"height":600,"caption":"Minetek"},"image":{"@id":"https:\/\/minetek.com\/#\/schema\/logo\/image\/"},"sameAs":["https:\/\/www.facebook.com\/mineteksolutions\/","https:\/\/www.linkedin.com\/company\/minetek\/"]}]}},"_links":{"self":[{"href":"https:\/\/minetek.com\/fr\/wp-json\/wp\/v2\/pages\/3393","targetHints":{"allow":["GET"]}}],"collection":[{"href":"https:\/\/minetek.com\/fr\/wp-json\/wp\/v2\/pages"}],"about":[{"href":"https:\/\/minetek.com\/fr\/wp-json\/wp\/v2\/types\/page"}],"author":[{"embeddable":true,"href":"https:\/\/minetek.com\/fr\/wp-json\/wp\/v2\/users\/1"}],"replies":[{"embeddable":true,"href":"https:\/\/minetek.com\/fr\/wp-json\/wp\/v2\/comments?post=3393"}],"version-history":[{"count":0,"href":"https:\/\/minetek.com\/fr\/wp-json\/wp\/v2\/pages\/3393\/revisions"}],"up":[{"embeddable":true,"href":"https:\/\/minetek.com\/fr\/wp-json\/wp\/v2\/pages\/1474"}],"wp:featuredmedia":[{"embeddable":true,"href":"https:\/\/minetek.com\/fr\/wp-json\/wp\/v2\/media\/2991"}],"wp:attachment":[{"href":"https:\/\/minetek.com\/fr\/wp-json\/wp\/v2\/media?parent=3393"}],"curies":[{"name":"wp","href":"https:\/\/api.w.org\/{rel}","templated":true}]}}