{"id":2695,"date":"2024-05-30T14:01:45","date_gmt":"2024-05-30T04:01:45","guid":{"rendered":"https:\/\/minetek.com\/?page_id=2695"},"modified":"2025-11-19T13:12:25","modified_gmt":"2025-11-19T02:12:25","slug":"floating-evaporators","status":"publish","type":"page","link":"https:\/\/minetek.com\/fr\/solutions\/water\/floating-evaporators\/","title":{"rendered":"\u00c9vaporateurs flottants"},"content":{"rendered":"","protected":false},"excerpt":{"rendered":"","protected":false},"author":1,"featured_media":1938,"parent":389,"menu_order":0,"comment_status":"closed","ping_status":"closed","template":"","meta":{"_acf_changed":false,"footnotes":""},"class_list":["post-2695","page","type-page","status-publish","has-post-thumbnail","hentry"],"acf":[],"yoast_head":"<!-- This site is optimized with the Yoast SEO plugin v27.3 - https:\/\/yoast.com\/product\/yoast-seo-wordpress\/ -->\n<title>Advanced Floating Evaporator for Wastewater | Minetek<\/title>\n<meta name=\"description\" content=\"Minetek&#039;s floating evaporator efficiently processes diverse water qualities and quantities. Ideal for comprehensive wastewater management.\" \/>\n<meta name=\"robots\" content=\"index, follow, max-snippet:-1, max-image-preview:large, max-video-preview:-1\" \/>\n<link rel=\"canonical\" href=\"https:\/\/minetek.com\/fr\/solutions\/water\/floating-evaporators\/\" \/>\n<meta property=\"og:locale\" content=\"fr_FR\" \/>\n<meta property=\"og:type\" content=\"article\" \/>\n<meta property=\"og:title\" content=\"Advanced Floating Evaporator for Wastewater | Minetek\" \/>\n<meta property=\"og:description\" content=\"Minetek&#039;s floating evaporator efficiently processes diverse water qualities and quantities. Ideal for comprehensive wastewater management.\" \/>\n<meta property=\"og:url\" content=\"https:\/\/minetek.com\/fr\/solutions\/water\/floating-evaporators\/\" \/>\n<meta property=\"og:site_name\" content=\"Minetek\" \/>\n<meta property=\"article:publisher\" content=\"https:\/\/www.facebook.com\/mineteksolutions\/\" \/>\n<meta property=\"article:modified_time\" content=\"2025-11-19T02:12:25+00:00\" \/>\n<meta property=\"og:image\" content=\"https:\/\/minetek.com\/wp-content\/uploads\/2024\/05\/Water-200E-Floating-Evaporator.webp\" \/>\n\t<meta property=\"og:image:width\" content=\"1313\" \/>\n\t<meta property=\"og:image:height\" content=\"1051\" \/>\n\t<meta property=\"og:image:type\" content=\"image\/webp\" \/>\n<meta name=\"twitter:card\" content=\"summary_large_image\" \/>\n<meta name=\"twitter:label1\" content=\"Dur\u00e9e de lecture estim\u00e9e\" \/>\n\t<meta name=\"twitter:data1\" content=\"1 minute\" \/>\n<script type=\"application\/ld+json\" class=\"yoast-schema-graph\">{\"@context\":\"https:\\\/\\\/schema.org\",\"@graph\":[{\"@type\":\"WebPage\",\"@id\":\"https:\\\/\\\/minetek.com\\\/solutions\\\/water\\\/floating-evaporators\\\/\",\"url\":\"https:\\\/\\\/minetek.com\\\/solutions\\\/water\\\/floating-evaporators\\\/\",\"name\":\"Advanced Floating Evaporator for Wastewater | Minetek\",\"isPartOf\":{\"@id\":\"https:\\\/\\\/minetek.com\\\/#website\"},\"primaryImageOfPage\":{\"@id\":\"https:\\\/\\\/minetek.com\\\/solutions\\\/water\\\/floating-evaporators\\\/#primaryimage\"},\"image\":{\"@id\":\"https:\\\/\\\/minetek.com\\\/solutions\\\/water\\\/floating-evaporators\\\/#primaryimage\"},\"thumbnailUrl\":\"https:\\\/\\\/minetek.com\\\/wp-content\\\/uploads\\\/2024\\\/05\\\/Water-200E-Floating-Evaporator.webp\",\"datePublished\":\"2024-05-30T04:01:45+00:00\",\"dateModified\":\"2025-11-19T02:12:25+00:00\",\"description\":\"Minetek's floating evaporator efficiently processes diverse water qualities and quantities. Ideal for comprehensive wastewater management.\",\"breadcrumb\":{\"@id\":\"https:\\\/\\\/minetek.com\\\/solutions\\\/water\\\/floating-evaporators\\\/#breadcrumb\"},\"inLanguage\":\"fr-FR\",\"potentialAction\":[{\"@type\":\"ReadAction\",\"target\":[\"https:\\\/\\\/minetek.com\\\/solutions\\\/water\\\/floating-evaporators\\\/\"]}]},{\"@type\":\"ImageObject\",\"inLanguage\":\"fr-FR\",\"@id\":\"https:\\\/\\\/minetek.com\\\/solutions\\\/water\\\/floating-evaporators\\\/#primaryimage\",\"url\":\"https:\\\/\\\/minetek.com\\\/wp-content\\\/uploads\\\/2024\\\/05\\\/Water-200E-Floating-Evaporator.webp\",\"contentUrl\":\"https:\\\/\\\/minetek.com\\\/wp-content\\\/uploads\\\/2024\\\/05\\\/Water-200E-Floating-Evaporator.webp\",\"width\":1313,\"height\":1051,\"caption\":\"Floating Water Evaporator\"},{\"@type\":\"BreadcrumbList\",\"@id\":\"https:\\\/\\\/minetek.com\\\/solutions\\\/water\\\/floating-evaporators\\\/#breadcrumb\",\"itemListElement\":[{\"@type\":\"ListItem\",\"position\":1,\"name\":\"Home\",\"item\":\"https:\\\/\\\/minetek.com\\\/\"},{\"@type\":\"ListItem\",\"position\":2,\"name\":\"Solutions\",\"item\":\"https:\\\/\\\/minetek.com\\\/solutions\\\/\"},{\"@type\":\"ListItem\",\"position\":3,\"name\":\"Water\",\"item\":\"https:\\\/\\\/minetek.com\\\/solutions\\\/water\\\/\"},{\"@type\":\"ListItem\",\"position\":4,\"name\":\"Floating Evaporators\"}]},{\"@type\":\"WebSite\",\"@id\":\"https:\\\/\\\/minetek.com\\\/#website\",\"url\":\"https:\\\/\\\/minetek.com\\\/\",\"name\":\"Minetek\",\"description\":\"World-class water evaporation, underground ventilation, sound reduction solutions for mining and industry.\",\"publisher\":{\"@id\":\"https:\\\/\\\/minetek.com\\\/#organization\"},\"potentialAction\":[{\"@type\":\"SearchAction\",\"target\":{\"@type\":\"EntryPoint\",\"urlTemplate\":\"https:\\\/\\\/minetek.com\\\/?s={search_term_string}\"},\"query-input\":{\"@type\":\"PropertyValueSpecification\",\"valueRequired\":true,\"valueName\":\"search_term_string\"}}],\"inLanguage\":\"fr-FR\"},{\"@type\":\"Organization\",\"@id\":\"https:\\\/\\\/minetek.com\\\/#organization\",\"name\":\"Minetek\",\"url\":\"https:\\\/\\\/minetek.com\\\/\",\"logo\":{\"@type\":\"ImageObject\",\"inLanguage\":\"fr-FR\",\"@id\":\"https:\\\/\\\/minetek.com\\\/#\\\/schema\\\/logo\\\/image\\\/\",\"url\":\"https:\\\/\\\/minetek.com\\\/wp-content\\\/uploads\\\/2025\\\/02\\\/13.png\",\"contentUrl\":\"https:\\\/\\\/minetek.com\\\/wp-content\\\/uploads\\\/2025\\\/02\\\/13.png\",\"width\":600,\"height\":600,\"caption\":\"Minetek\"},\"image\":{\"@id\":\"https:\\\/\\\/minetek.com\\\/#\\\/schema\\\/logo\\\/image\\\/\"},\"sameAs\":[\"https:\\\/\\\/www.facebook.com\\\/mineteksolutions\\\/\",\"https:\\\/\\\/www.linkedin.com\\\/company\\\/minetek\\\/\"]}]}<\/script>\n<!-- \/ Yoast SEO plugin. -->","yoast_head_json":{"title":"Advanced Floating Evaporator for Wastewater | Minetek","description":"Minetek's floating evaporator efficiently processes diverse water qualities and quantities. Ideal for comprehensive wastewater management.","robots":{"index":"index","follow":"follow","max-snippet":"max-snippet:-1","max-image-preview":"max-image-preview:large","max-video-preview":"max-video-preview:-1"},"canonical":"https:\/\/minetek.com\/fr\/solutions\/water\/floating-evaporators\/","og_locale":"fr_FR","og_type":"article","og_title":"Advanced Floating Evaporator for Wastewater | Minetek","og_description":"Minetek's floating evaporator efficiently processes diverse water qualities and quantities. Ideal for comprehensive wastewater management.","og_url":"https:\/\/minetek.com\/fr\/solutions\/water\/floating-evaporators\/","og_site_name":"Minetek","article_publisher":"https:\/\/www.facebook.com\/mineteksolutions\/","article_modified_time":"2025-11-19T02:12:25+00:00","og_image":[{"width":1313,"height":1051,"url":"https:\/\/minetek.com\/wp-content\/uploads\/2024\/05\/Water-200E-Floating-Evaporator.webp","type":"image\/webp"}],"twitter_card":"summary_large_image","twitter_misc":{"Dur\u00e9e de lecture estim\u00e9e":"1 minute"},"schema":{"@context":"https:\/\/schema.org","@graph":[{"@type":"WebPage","@id":"https:\/\/minetek.com\/solutions\/water\/floating-evaporators\/","url":"https:\/\/minetek.com\/solutions\/water\/floating-evaporators\/","name":"Advanced Floating Evaporator for Wastewater | Minetek","isPartOf":{"@id":"https:\/\/minetek.com\/#website"},"primaryImageOfPage":{"@id":"https:\/\/minetek.com\/solutions\/water\/floating-evaporators\/#primaryimage"},"image":{"@id":"https:\/\/minetek.com\/solutions\/water\/floating-evaporators\/#primaryimage"},"thumbnailUrl":"https:\/\/minetek.com\/wp-content\/uploads\/2024\/05\/Water-200E-Floating-Evaporator.webp","datePublished":"2024-05-30T04:01:45+00:00","dateModified":"2025-11-19T02:12:25+00:00","description":"Minetek's floating evaporator efficiently processes diverse water qualities and quantities. Ideal for comprehensive wastewater management.","breadcrumb":{"@id":"https:\/\/minetek.com\/solutions\/water\/floating-evaporators\/#breadcrumb"},"inLanguage":"fr-FR","potentialAction":[{"@type":"ReadAction","target":["https:\/\/minetek.com\/solutions\/water\/floating-evaporators\/"]}]},{"@type":"ImageObject","inLanguage":"fr-FR","@id":"https:\/\/minetek.com\/solutions\/water\/floating-evaporators\/#primaryimage","url":"https:\/\/minetek.com\/wp-content\/uploads\/2024\/05\/Water-200E-Floating-Evaporator.webp","contentUrl":"https:\/\/minetek.com\/wp-content\/uploads\/2024\/05\/Water-200E-Floating-Evaporator.webp","width":1313,"height":1051,"caption":"Floating Water Evaporator"},{"@type":"BreadcrumbList","@id":"https:\/\/minetek.com\/solutions\/water\/floating-evaporators\/#breadcrumb","itemListElement":[{"@type":"ListItem","position":1,"name":"Home","item":"https:\/\/minetek.com\/"},{"@type":"ListItem","position":2,"name":"Solutions","item":"https:\/\/minetek.com\/solutions\/"},{"@type":"ListItem","position":3,"name":"Water","item":"https:\/\/minetek.com\/solutions\/water\/"},{"@type":"ListItem","position":4,"name":"Floating Evaporators"}]},{"@type":"WebSite","@id":"https:\/\/minetek.com\/#website","url":"https:\/\/minetek.com\/","name":"Minetek","description":"Solutions de classe mondiale pour l'\u00e9vaporation de l'eau, la ventilation souterraine et la r\u00e9duction du bruit dans l'industrie mini\u00e8re et l'industrie.","publisher":{"@id":"https:\/\/minetek.com\/#organization"},"potentialAction":[{"@type":"SearchAction","target":{"@type":"EntryPoint","urlTemplate":"https:\/\/minetek.com\/?s={search_term_string}"},"query-input":{"@type":"PropertyValueSpecification","valueRequired":true,"valueName":"search_term_string"}}],"inLanguage":"fr-FR"},{"@type":"Organization","@id":"https:\/\/minetek.com\/#organization","name":"Minetek","url":"https:\/\/minetek.com\/","logo":{"@type":"ImageObject","inLanguage":"fr-FR","@id":"https:\/\/minetek.com\/#\/schema\/logo\/image\/","url":"https:\/\/minetek.com\/wp-content\/uploads\/2025\/02\/13.png","contentUrl":"https:\/\/minetek.com\/wp-content\/uploads\/2025\/02\/13.png","width":600,"height":600,"caption":"Minetek"},"image":{"@id":"https:\/\/minetek.com\/#\/schema\/logo\/image\/"},"sameAs":["https:\/\/www.facebook.com\/mineteksolutions\/","https:\/\/www.linkedin.com\/company\/minetek\/"]}]}},"_links":{"self":[{"href":"https:\/\/minetek.com\/fr\/wp-json\/wp\/v2\/pages\/2695","targetHints":{"allow":["GET"]}}],"collection":[{"href":"https:\/\/minetek.com\/fr\/wp-json\/wp\/v2\/pages"}],"about":[{"href":"https:\/\/minetek.com\/fr\/wp-json\/wp\/v2\/types\/page"}],"author":[{"embeddable":true,"href":"https:\/\/minetek.com\/fr\/wp-json\/wp\/v2\/users\/1"}],"replies":[{"embeddable":true,"href":"https:\/\/minetek.com\/fr\/wp-json\/wp\/v2\/comments?post=2695"}],"version-history":[{"count":0,"href":"https:\/\/minetek.com\/fr\/wp-json\/wp\/v2\/pages\/2695\/revisions"}],"up":[{"embeddable":true,"href":"https:\/\/minetek.com\/fr\/wp-json\/wp\/v2\/pages\/389"}],"wp:featuredmedia":[{"embeddable":true,"href":"https:\/\/minetek.com\/fr\/wp-json\/wp\/v2\/media\/1938"}],"wp:attachment":[{"href":"https:\/\/minetek.com\/fr\/wp-json\/wp\/v2\/media?parent=2695"}],"curies":[{"name":"wp","href":"https:\/\/api.w.org\/{rel}","templated":true}]}}