{"id":2329,"date":"2024-05-28T11:07:59","date_gmt":"2024-05-28T01:07:59","guid":{"rendered":"https:\/\/minetek.com\/?page_id=2329"},"modified":"2025-08-05T09:57:54","modified_gmt":"2025-08-04T23:57:54","slug":"sound-visualisation","status":"publish","type":"page","link":"https:\/\/minetek.com\/fr\/capabilities\/engineering\/sound-visualisation\/","title":{"rendered":"Technologie de visualisation sonore"},"content":{"rendered":"","protected":false},"excerpt":{"rendered":"","protected":false},"author":1,"featured_media":2123,"parent":928,"menu_order":0,"comment_status":"closed","ping_status":"closed","template":"","meta":{"_acf_changed":false,"footnotes":""},"class_list":["post-2329","page","type-page","status-publish","has-post-thumbnail","hentry"],"acf":[],"yoast_head":"<!-- This site is optimized with the Yoast SEO plugin v27.3 - https:\/\/yoast.com\/product\/yoast-seo-wordpress\/ -->\n<title>Sound Visualisation Technology | Minetek<\/title>\n<meta name=\"description\" content=\"Minetek&#039;s portable sound visualisation technology creates thermal sound maps to quickly pinpoint and address industrial noise issues onsite.\" \/>\n<meta name=\"robots\" content=\"index, follow, max-snippet:-1, max-image-preview:large, max-video-preview:-1\" \/>\n<link rel=\"canonical\" href=\"https:\/\/minetek.com\/fr\/capabilities\/engineering\/sound-visualisation\/\" \/>\n<meta property=\"og:locale\" content=\"fr_FR\" \/>\n<meta property=\"og:type\" content=\"article\" \/>\n<meta property=\"og:title\" content=\"Sound Visualisation Technology | Minetek\" \/>\n<meta property=\"og:description\" content=\"Minetek&#039;s portable sound visualisation technology creates thermal sound maps to quickly pinpoint and address industrial noise issues onsite.\" \/>\n<meta property=\"og:url\" content=\"https:\/\/minetek.com\/fr\/capabilities\/engineering\/sound-visualisation\/\" \/>\n<meta property=\"og:site_name\" content=\"Minetek\" \/>\n<meta property=\"article:publisher\" content=\"https:\/\/www.facebook.com\/mineteksolutions\/\" \/>\n<meta property=\"article:modified_time\" content=\"2025-08-04T23:57:54+00:00\" \/>\n<meta property=\"og:image\" content=\"https:\/\/minetek.com\/wp-content\/uploads\/2024\/05\/sound-camera.png\" \/>\n\t<meta property=\"og:image:width\" content=\"600\" \/>\n\t<meta property=\"og:image:height\" content=\"346\" \/>\n\t<meta property=\"og:image:type\" content=\"image\/png\" \/>\n<meta name=\"twitter:card\" content=\"summary_large_image\" \/>\n<meta name=\"twitter:label1\" content=\"Dur\u00e9e de lecture estim\u00e9e\" \/>\n\t<meta name=\"twitter:data1\" content=\"1 minute\" \/>\n<script type=\"application\/ld+json\" class=\"yoast-schema-graph\">{\"@context\":\"https:\\\/\\\/schema.org\",\"@graph\":[{\"@type\":\"WebPage\",\"@id\":\"https:\\\/\\\/minetek.com\\\/capabilities\\\/engineering\\\/sound-visualisation\\\/\",\"url\":\"https:\\\/\\\/minetek.com\\\/capabilities\\\/engineering\\\/sound-visualisation\\\/\",\"name\":\"Sound Visualisation Technology | Minetek\",\"isPartOf\":{\"@id\":\"https:\\\/\\\/minetek.com\\\/#website\"},\"primaryImageOfPage\":{\"@id\":\"https:\\\/\\\/minetek.com\\\/capabilities\\\/engineering\\\/sound-visualisation\\\/#primaryimage\"},\"image\":{\"@id\":\"https:\\\/\\\/minetek.com\\\/capabilities\\\/engineering\\\/sound-visualisation\\\/#primaryimage\"},\"thumbnailUrl\":\"https:\\\/\\\/minetek.com\\\/wp-content\\\/uploads\\\/2024\\\/05\\\/sound-camera.png\",\"datePublished\":\"2024-05-28T01:07:59+00:00\",\"dateModified\":\"2025-08-04T23:57:54+00:00\",\"description\":\"Minetek's portable sound visualisation technology creates thermal sound maps to quickly pinpoint and address industrial noise issues onsite.\",\"breadcrumb\":{\"@id\":\"https:\\\/\\\/minetek.com\\\/capabilities\\\/engineering\\\/sound-visualisation\\\/#breadcrumb\"},\"inLanguage\":\"fr-FR\",\"potentialAction\":[{\"@type\":\"ReadAction\",\"target\":[\"https:\\\/\\\/minetek.com\\\/capabilities\\\/engineering\\\/sound-visualisation\\\/\"]}]},{\"@type\":\"ImageObject\",\"inLanguage\":\"fr-FR\",\"@id\":\"https:\\\/\\\/minetek.com\\\/capabilities\\\/engineering\\\/sound-visualisation\\\/#primaryimage\",\"url\":\"https:\\\/\\\/minetek.com\\\/wp-content\\\/uploads\\\/2024\\\/05\\\/sound-camera.png\",\"contentUrl\":\"https:\\\/\\\/minetek.com\\\/wp-content\\\/uploads\\\/2024\\\/05\\\/sound-camera.png\",\"width\":600,\"height\":346,\"caption\":\"Sound testing, visualisation and problem investigation\"},{\"@type\":\"BreadcrumbList\",\"@id\":\"https:\\\/\\\/minetek.com\\\/capabilities\\\/engineering\\\/sound-visualisation\\\/#breadcrumb\",\"itemListElement\":[{\"@type\":\"ListItem\",\"position\":1,\"name\":\"Home\",\"item\":\"https:\\\/\\\/minetek.com\\\/\"},{\"@type\":\"ListItem\",\"position\":2,\"name\":\"Capabilities\",\"item\":\"https:\\\/\\\/minetek.com\\\/capabilities\\\/\"},{\"@type\":\"ListItem\",\"position\":3,\"name\":\"Engineering\",\"item\":\"https:\\\/\\\/minetek.com\\\/capabilities\\\/engineering\\\/\"},{\"@type\":\"ListItem\",\"position\":4,\"name\":\"Sound Visualisation Technology\"}]},{\"@type\":\"WebSite\",\"@id\":\"https:\\\/\\\/minetek.com\\\/#website\",\"url\":\"https:\\\/\\\/minetek.com\\\/\",\"name\":\"Minetek\",\"description\":\"World-class water evaporation, underground ventilation, sound reduction solutions for mining and industry.\",\"publisher\":{\"@id\":\"https:\\\/\\\/minetek.com\\\/#organization\"},\"potentialAction\":[{\"@type\":\"SearchAction\",\"target\":{\"@type\":\"EntryPoint\",\"urlTemplate\":\"https:\\\/\\\/minetek.com\\\/?s={search_term_string}\"},\"query-input\":{\"@type\":\"PropertyValueSpecification\",\"valueRequired\":true,\"valueName\":\"search_term_string\"}}],\"inLanguage\":\"fr-FR\"},{\"@type\":\"Organization\",\"@id\":\"https:\\\/\\\/minetek.com\\\/#organization\",\"name\":\"Minetek\",\"url\":\"https:\\\/\\\/minetek.com\\\/\",\"logo\":{\"@type\":\"ImageObject\",\"inLanguage\":\"fr-FR\",\"@id\":\"https:\\\/\\\/minetek.com\\\/#\\\/schema\\\/logo\\\/image\\\/\",\"url\":\"https:\\\/\\\/minetek.com\\\/wp-content\\\/uploads\\\/2025\\\/02\\\/13.png\",\"contentUrl\":\"https:\\\/\\\/minetek.com\\\/wp-content\\\/uploads\\\/2025\\\/02\\\/13.png\",\"width\":600,\"height\":600,\"caption\":\"Minetek\"},\"image\":{\"@id\":\"https:\\\/\\\/minetek.com\\\/#\\\/schema\\\/logo\\\/image\\\/\"},\"sameAs\":[\"https:\\\/\\\/www.facebook.com\\\/mineteksolutions\\\/\",\"https:\\\/\\\/www.linkedin.com\\\/company\\\/minetek\\\/\"]}]}<\/script>\n<!-- \/ Yoast SEO plugin. -->","yoast_head_json":{"title":"Technologie de visualisation sonore | Minetek","description":"La technologie portable de visualisation du son de Minetek permet de cr\u00e9er des cartes du son thermique afin de localiser et de r\u00e9soudre rapidement les probl\u00e8mes de bruit industriel sur le site.","robots":{"index":"index","follow":"follow","max-snippet":"max-snippet:-1","max-image-preview":"max-image-preview:large","max-video-preview":"max-video-preview:-1"},"canonical":"https:\/\/minetek.com\/fr\/capabilities\/engineering\/sound-visualisation\/","og_locale":"fr_FR","og_type":"article","og_title":"Sound Visualisation Technology | Minetek","og_description":"Minetek's portable sound visualisation technology creates thermal sound maps to quickly pinpoint and address industrial noise issues onsite.","og_url":"https:\/\/minetek.com\/fr\/capabilities\/engineering\/sound-visualisation\/","og_site_name":"Minetek","article_publisher":"https:\/\/www.facebook.com\/mineteksolutions\/","article_modified_time":"2025-08-04T23:57:54+00:00","og_image":[{"width":600,"height":346,"url":"https:\/\/minetek.com\/wp-content\/uploads\/2024\/05\/sound-camera.png","type":"image\/png"}],"twitter_card":"summary_large_image","twitter_misc":{"Dur\u00e9e de lecture estim\u00e9e":"1 minute"},"schema":{"@context":"https:\/\/schema.org","@graph":[{"@type":"WebPage","@id":"https:\/\/minetek.com\/capabilities\/engineering\/sound-visualisation\/","url":"https:\/\/minetek.com\/capabilities\/engineering\/sound-visualisation\/","name":"Technologie de visualisation sonore | Minetek","isPartOf":{"@id":"https:\/\/minetek.com\/#website"},"primaryImageOfPage":{"@id":"https:\/\/minetek.com\/capabilities\/engineering\/sound-visualisation\/#primaryimage"},"image":{"@id":"https:\/\/minetek.com\/capabilities\/engineering\/sound-visualisation\/#primaryimage"},"thumbnailUrl":"https:\/\/minetek.com\/wp-content\/uploads\/2024\/05\/sound-camera.png","datePublished":"2024-05-28T01:07:59+00:00","dateModified":"2025-08-04T23:57:54+00:00","description":"La technologie portable de visualisation du son de Minetek permet de cr\u00e9er des cartes du son thermique afin de localiser et de r\u00e9soudre rapidement les probl\u00e8mes de bruit industriel sur le site.","breadcrumb":{"@id":"https:\/\/minetek.com\/capabilities\/engineering\/sound-visualisation\/#breadcrumb"},"inLanguage":"fr-FR","potentialAction":[{"@type":"ReadAction","target":["https:\/\/minetek.com\/capabilities\/engineering\/sound-visualisation\/"]}]},{"@type":"ImageObject","inLanguage":"fr-FR","@id":"https:\/\/minetek.com\/capabilities\/engineering\/sound-visualisation\/#primaryimage","url":"https:\/\/minetek.com\/wp-content\/uploads\/2024\/05\/sound-camera.png","contentUrl":"https:\/\/minetek.com\/wp-content\/uploads\/2024\/05\/sound-camera.png","width":600,"height":346,"caption":"Sound testing, visualisation and problem investigation"},{"@type":"BreadcrumbList","@id":"https:\/\/minetek.com\/capabilities\/engineering\/sound-visualisation\/#breadcrumb","itemListElement":[{"@type":"ListItem","position":1,"name":"Home","item":"https:\/\/minetek.com\/"},{"@type":"ListItem","position":2,"name":"Capabilities","item":"https:\/\/minetek.com\/capabilities\/"},{"@type":"ListItem","position":3,"name":"Engineering","item":"https:\/\/minetek.com\/capabilities\/engineering\/"},{"@type":"ListItem","position":4,"name":"Sound Visualisation Technology"}]},{"@type":"WebSite","@id":"https:\/\/minetek.com\/#website","url":"https:\/\/minetek.com\/","name":"Minetek","description":"Solutions de classe mondiale pour l'\u00e9vaporation de l'eau, la ventilation souterraine et la r\u00e9duction du bruit dans l'industrie mini\u00e8re et l'industrie.","publisher":{"@id":"https:\/\/minetek.com\/#organization"},"potentialAction":[{"@type":"SearchAction","target":{"@type":"EntryPoint","urlTemplate":"https:\/\/minetek.com\/?s={search_term_string}"},"query-input":{"@type":"PropertyValueSpecification","valueRequired":true,"valueName":"search_term_string"}}],"inLanguage":"fr-FR"},{"@type":"Organization","@id":"https:\/\/minetek.com\/#organization","name":"Minetek","url":"https:\/\/minetek.com\/","logo":{"@type":"ImageObject","inLanguage":"fr-FR","@id":"https:\/\/minetek.com\/#\/schema\/logo\/image\/","url":"https:\/\/minetek.com\/wp-content\/uploads\/2025\/02\/13.png","contentUrl":"https:\/\/minetek.com\/wp-content\/uploads\/2025\/02\/13.png","width":600,"height":600,"caption":"Minetek"},"image":{"@id":"https:\/\/minetek.com\/#\/schema\/logo\/image\/"},"sameAs":["https:\/\/www.facebook.com\/mineteksolutions\/","https:\/\/www.linkedin.com\/company\/minetek\/"]}]}},"_links":{"self":[{"href":"https:\/\/minetek.com\/fr\/wp-json\/wp\/v2\/pages\/2329","targetHints":{"allow":["GET"]}}],"collection":[{"href":"https:\/\/minetek.com\/fr\/wp-json\/wp\/v2\/pages"}],"about":[{"href":"https:\/\/minetek.com\/fr\/wp-json\/wp\/v2\/types\/page"}],"author":[{"embeddable":true,"href":"https:\/\/minetek.com\/fr\/wp-json\/wp\/v2\/users\/1"}],"replies":[{"embeddable":true,"href":"https:\/\/minetek.com\/fr\/wp-json\/wp\/v2\/comments?post=2329"}],"version-history":[{"count":0,"href":"https:\/\/minetek.com\/fr\/wp-json\/wp\/v2\/pages\/2329\/revisions"}],"up":[{"embeddable":true,"href":"https:\/\/minetek.com\/fr\/wp-json\/wp\/v2\/pages\/928"}],"wp:featuredmedia":[{"embeddable":true,"href":"https:\/\/minetek.com\/fr\/wp-json\/wp\/v2\/media\/2123"}],"wp:attachment":[{"href":"https:\/\/minetek.com\/fr\/wp-json\/wp\/v2\/media?parent=2329"}],"curies":[{"name":"wp","href":"https:\/\/api.w.org\/{rel}","templated":true}]}}