{"id":4787,"date":"2025-03-21T15:57:38","date_gmt":"2025-03-21T04:57:38","guid":{"rendered":"https:\/\/minetek.com\/?page_id=4787"},"modified":"2025-03-25T19:21:52","modified_gmt":"2025-03-25T08:21:52","slug":"water-supply-treatment","status":"publish","type":"page","link":"https:\/\/minetek.com\/es-es\/water-supply-treatment\/","title":{"rendered":"Water Supply Treatment"},"content":{"rendered":"<div class=\"c-cms-content\"><h1>Why you need more than traditional <strong>tratamiento del agua<\/strong><\/h1>\n<p><span style=\"font-weight: 400;\">Traditional <\/span><span style=\"font-weight: 400;\">tratamiento del agua<\/span><span style=\"font-weight: 400;\"> alone isn\u2019t always enough to handle the demands of industrial operations. Infrastructure-heavy treatment solutions come with high costs, ongoing maintenance and strict compliance requirements. Without the right approach, businesses risk inefficiencies, rising expenses and regulatory setbacks.<\/span><\/p>\n<p><span style=\"font-weight: 400;\">At Minetek, we provide advanced <\/span><a href=\"https:\/\/minetek.com\/es-es\/water-management\/\"><span style=\"font-weight: 400;\">gesti\u00f3n del agua<\/span><\/a><span style=\"font-weight: 400;\"> solutions that are great complements or even alternatives to treatment. Instead of relying solely on filtration and chemical treatments, businesses can optimize water evaporation to employ a smarter, more adaptable approach.<\/span><\/p>\n<p><span style=\"font-weight: 400;\">Here\u2019s how turning to water evaporation solutions can improve efficiency, lower costs and help comply with the law.<\/span><\/p>\n<p>&nbsp;<\/p>\n<h2><span style=\"font-weight: 400;\">#1: Alternatives like water evaporation can help reduce operational costs.<\/span><\/h2>\n<h3><span style=\"font-weight: 400;\">Traditional <\/span><span style=\"font-weight: 400;\">tratamiento del agua<\/span><span style=\"font-weight: 400;\"> methods are expensive and resource-intensive.<\/span><\/h3>\n<p><span style=\"font-weight: 400;\">Conventional <\/span><span style=\"font-weight: 400;\">tratamiento del agua<\/span><span style=\"font-weight: 400;\"> methods require significant infrastructure, labor and maintenance. Facilities relying on water filtration systems and chemical treatments face ongoing expenses that add up over time. From purchasing chemicals to maintaining filtration equipment, these costs can put a strain on operational budgets, making it difficult to manage water efficiently.<\/span><\/p>\n<h3><span style=\"font-weight: 400;\">Evaporation simplifies the water treatment process.<\/span><\/h3>\n<p><span style=\"font-weight: 400;\">Evaporation can prevent <\/span><a href=\"https:\/\/minetek.com\/es-es\/water-mismanagement\/\"><span style=\"font-weight: 400;\">mala gesti\u00f3n del agua<\/span><\/a><span style=\"font-weight: 400;\"> by reducing or even eliminating the need to undergo complex treatment steps.\u00a0<\/span><\/p>\n<p><span style=\"font-weight: 400;\">After converting water into vapor, fewer volumes of water will need to undergo extensive filtration, chemical additives or long-term storage. This means that companies using water evaporation solutions\u2014whether as a complement or alternative to treatment and storage\u2014can manage water more effectively while cutting down on unnecessary infrastructure and maintenance costs.<\/span><\/p>\n<h3><span style=\"font-weight: 400;\">Lower water volumes mean lower disposal and hauling costs.<\/span><\/h3>\n<p><span style=\"font-weight: 400;\">Reducing wastewater volume translates to lower hauling and disposal fees. Facilities that evaporate excess water at the source require fewer resources for off-site transport, minimizing both financial and logistical burdens. This efficiency frees up budgets for other priorities while improving wastewater management across industrial operations.<\/span><\/p>\n<h3><span style=\"font-weight: 400;\">It reduces the need for chemical treatments.<\/span><\/h3>\n<p><span style=\"font-weight: 400;\">Unlike water supply treatment processes that can require continuous chemical dosing, evaporation uses a natural approach that lowers chemical expenses and reduces handling risks. Plus, through our evaporation systems, companies can significantly reduce the amount of wastewater that needs to be treated. In fact, it can even completely eliminate the need to undergo treatment altogether.<\/span><\/p>\n<p><span style=\"font-weight: 400;\">This method provides a safer, more cost-effective way to manage wastewater without compromising water treatment compliance.<\/span><\/p>\n<p>&nbsp;<\/p>\n<h2><span style=\"font-weight: 400;\">#2: Water evaporation solutions can improve productivity.<\/span><\/h2>\n<h3><span style=\"font-weight: 400;\">Meeting strict regulations prevents shutdowns.<\/span><\/h3>\n<p><span style=\"font-weight: 400;\">Industries that rely solely on <\/span><span style=\"font-weight: 400;\">tratamiento del agua<\/span><span style=\"font-weight: 400;\"> don\u2019t just face <\/span><a href=\"https:\/\/minetek.com\/es-es\/water-utilities-management\/\"><span style=\"font-weight: 400;\">gesti\u00f3n de los servicios de agua<\/span><\/a><span style=\"font-weight: 400;\"> costs and infrastructure demands, they must also meet strict environmental standards to maintain operations. These regulations dictate how water is used, stored and discharged.\u00a0<\/span><\/p>\n<p><span style=\"font-weight: 400;\">Since mechanical evaporation solutions only speed up natural processes and don\u2019t make use of chemicals that treatment often requires, we make it easier to stay compliant with regulations.\u00a0<\/span><\/p>\n<p><span style=\"font-weight: 400;\">This is crucial as failing to follow guidelines disrupts production, increases costs and can even damage relationships with regulators and stakeholders. Using water compliance solutions helps facilities stay within legal limits while ensuring business continuity.<\/span><\/p>\n<h3><span style=\"font-weight: 400;\">Controlling excess water keeps operations on schedule.<\/span><\/h3>\n<p><span style=\"font-weight: 400;\">Uncontrolled water buildup can slow production and create costly delays. Heavy rainfall and overflowing tailings dams put pressure on storage capacity, forcing industries to find quick solutions. Constructing additional storage is expensive and time-intensive, while discharging untreated water is not an option.\u00a0<\/span><\/p>\n<p><span style=\"font-weight: 400;\">Water management systems that incorporate <\/span><a href=\"https:\/\/minetek.com\/es-es\/water-evaporation\/\"><span style=\"font-weight: 400;\">evaporaci\u00f3n del agua<\/span><\/a><span style=\"font-weight: 400;\"> provide a structured approach to handling excess water efficiently, reducing the risk of downtime.<\/span><\/p>\n<p>&nbsp;<\/p>\n<h2><span style=\"font-weight: 400;\">#3: Advanced water management methods optimize industrial performance.<\/span><\/h2>\n<h3><span style=\"font-weight: 400;\">Scalable water solutions adapt to changing industrial needs.<\/span><\/h3>\n<p><span style=\"font-weight: 400;\">Industries need flexible solutions to keep up with regulatory changes and shifting production levels. Our customizable and mobile evaporation systems offer the ability to scale as needed, helping facilities maintain control over excess water.\u00a0<\/span><\/p>\n<p><span style=\"font-weight: 400;\">For instance, relocating an evaporator to a full pond can prevent overflow and improve efficiency without having to wait months or even years for a water supply treatment plant to be constructed on the site.\u00a0<\/span><\/p>\n<p><span style=\"font-weight: 400;\">These adaptable approaches align with water management requirements while reducing reliance on infrastructure-heavy alternatives that are typically required for water treatment solutions. So, if you\u2019re seeking <\/span><a href=\"https:\/\/minetek.com\/es-es\/watershed-management\/\"><span style=\"font-weight: 400;\">watershed management<\/span><\/a><span style=\"font-weight: 400;\"> solutions that can be tailored to your project\u2019s specifications, water evaporators may be the answer.<\/span><\/p>\n<p>&nbsp;<\/p>\n<h2><span style=\"font-weight: 400;\">How do Minetek\u2019s water solutions help industries stay efficient?<\/span><\/h2>\n<h3><span style=\"font-weight: 400;\">Advanced evaporation systems reduce water waste.<\/span><\/h3>\n<p><span style=\"font-weight: 400;\">Minetek\u2019s water evaporation systems help industries manage excess water more efficiently by accelerating natural evaporation. Unlike infrastructure-heavy processes that rely on chemicals or large-scale filtration, mechanical water evaporation reduces stored water volume without the need for extensive treatment.\u00a0<\/span><\/p>\n<p><span style=\"font-weight: 400;\">As wastewater levels drop, disposal costs decrease and storage capacity increases, preventing operational delays caused by water overflow. These systems also serve as a cost-effective water supply treatment alternative, minimizing infrastructure demands while optimizing water management.<\/span><\/p>\n<h3><span style=\"font-weight: 400;\">Faster water removal helps meet regulations.<\/span><\/h3>\n<p><span style=\"font-weight: 400;\">Maintaining proper water levels is critical for meeting environmental regulations. Minetek\u2019s high-capacity evaporators operate continuously, preventing storage facilities from exceeding capacity.\u00a0<\/span><\/p>\n<p><span style=\"font-weight: 400;\">This eliminates the need for costly emergency expansions and reduces the risk of non-compliance. Industries that use evaporation technology to complement or even completely replace <\/span><span style=\"font-weight: 400;\">tratamiento del agua<\/span><span style=\"font-weight: 400;\"> strategies can efficiently manage wastewater without disrupting operations.\u00a0<\/span><\/p>\n<p>&nbsp;<\/p>\n<h2><span style=\"font-weight: 400;\">Preguntas m\u00e1s frecuentes (FAQ)<\/span><\/h2>\n<h2><span style=\"font-weight: 400;\">How does a land-based water evaporator differ from a floating evaporator?<\/span><\/h2>\n<p><span style=\"font-weight: 400;\">Our land-based water evaporators sit on mobile skids, making them easy to reposition and use for varying operational needs. In contrast, our floating <\/span><a href=\"https:\/\/minetek.com\/es-es\/soluciones\/water\/land-based-evaporators\/\"><span style=\"font-weight: 400;\">evaporador de agua<\/span><\/a><span style=\"font-weight: 400;\"> units are mounted on heavy-duty pontoon structures and come with floats and pipework.<\/span><\/p>\n<p>&nbsp;<\/p>\n<h2><span style=\"font-weight: 400;\">How does water management help with environmental compliance?<\/span><\/h2>\n<p><span style=\"font-weight: 400;\">Systems like Minetek\u2019s evaporation technology help maintain steady water storage levels, minimizing overflow risks that could threaten operational safety and environmental integrity. These solutions aid industries in meeting regulatory standards efficiently.<\/span><\/p>\n<p>&nbsp;<\/p>\n<h2><span style=\"font-weight: 400;\">What are the advantages of Minetek\u2019s mobile water evaporation systems?<\/span><\/h2>\n<p><span style=\"font-weight: 400;\">Minetek\u2019s mobile water evaporation systems provide flexibility, rapid deployment and cost-effective water management. They require minimal infrastructure, adapt to seasonal changes and handle high volumes efficiently.\u00a0<\/span><\/p>\n<p><span style=\"font-weight: 400;\">Unlike permanent facilities that are costly and take a long time to construct, they offer rapid deployment and mobility while maintaining robust evaporation performance. This makes them ideal for industries that need quick solutions or are facing fluctuating water management needs.<\/span><\/p>\n<h3><span style=\"font-weight: 400;\">Smarter water management made easy<\/span><\/h3>\n<p><span style=\"font-weight: 400;\">At Minetek, we design efficient, customizable and high-performance <\/span><a href=\"https:\/\/minetek.com\/es-es\/wastewater-evaporator\/\"><span style=\"font-weight: 400;\">evaporador de aguas residuales<\/span><\/a><span style=\"font-weight: 400;\"> systems that help industries manage water challenges without hassle. Our experience spans decades, and we\u2019ve completed over 600 projects across more than 30 countries; that means you can count on us to deliver reliable and cost-effective solutions that meet strict industry standards.\u00a0<\/span><\/p>\n<p><span style=\"font-weight: 400;\">Whether you need better control over water levels during heavy rain or a system that keeps you compliant with evolving regulations, we\u2019ve got you covered.\u00a0<\/span><\/p>\n<p><span style=\"font-weight: 400;\">Ready to improve your site\u2019s water management? Contact us today.<\/span><\/p>\n<\/div>","protected":false},"excerpt":{"rendered":"<p>Why you need more than traditional water supply treatment Traditional water supply treatment alone isn\u2019t always enough to handle the demands of industrial operations. Infrastructure-heavy treatment solutions come with high costs, ongoing maintenance and strict compliance requirements. Without the right approach, businesses risk inefficiencies, rising expenses and regulatory setbacks. At Minetek, we provide advanced water management solutions that are great complements or even alternatives to treatment. Instead of relying solely on filtration and chemical treatments, businesses can optimize water evaporation to employ a smarter, more adaptable approach. Here\u2019s how turning to water evaporation solutions can improve efficiency, lower costs and [&hellip;]<\/p>\n","protected":false},"author":10,"featured_media":0,"parent":0,"menu_order":0,"comment_status":"closed","ping_status":"closed","template":"template-headshoulder.php","meta":{"_acf_changed":false,"footnotes":""},"class_list":["post-4787","page","type-page","status-publish","hentry"],"acf":[],"yoast_head":"<!-- This site is optimized with the Yoast SEO plugin v27.3 - https:\/\/yoast.com\/product\/yoast-seo-wordpress\/ -->\n<title>Water Supply Treatment | Minetek<\/title>\n<meta name=\"description\" content=\"Improve efficiency and lower costs with Minetek\u2019s alternative approach to water supply treatment. Cut costs, reduce risks and optimize your water management.\" \/>\n<meta name=\"robots\" content=\"index, follow, max-snippet:-1, max-image-preview:large, max-video-preview:-1\" \/>\n<link rel=\"canonical\" href=\"https:\/\/minetek.com\/es-es\/water-supply-treatment\/\" \/>\n<meta property=\"og:locale\" content=\"es_ES\" \/>\n<meta property=\"og:type\" content=\"article\" \/>\n<meta property=\"og:title\" content=\"Water Supply Treatment | Minetek\" \/>\n<meta property=\"og:description\" content=\"Improve efficiency and lower costs with Minetek\u2019s alternative approach to water supply treatment. Cut costs, reduce risks and optimize your water management.\" \/>\n<meta property=\"og:url\" content=\"https:\/\/minetek.com\/es-es\/water-supply-treatment\/\" \/>\n<meta property=\"og:site_name\" content=\"Minetek\" \/>\n<meta property=\"article:publisher\" content=\"https:\/\/www.facebook.com\/mineteksolutions\/\" \/>\n<meta property=\"article:modified_time\" content=\"2025-03-25T08:21:52+00:00\" \/>\n<meta name=\"twitter:card\" content=\"summary_large_image\" \/>\n<meta name=\"twitter:label1\" content=\"Tiempo de lectura\" \/>\n\t<meta name=\"twitter:data1\" content=\"5 minutos\" \/>\n<script type=\"application\/ld+json\" class=\"yoast-schema-graph\">{\"@context\":\"https:\\\/\\\/schema.org\",\"@graph\":[{\"@type\":\"WebPage\",\"@id\":\"https:\\\/\\\/minetek.com\\\/water-supply-treatment\\\/\",\"url\":\"https:\\\/\\\/minetek.com\\\/water-supply-treatment\\\/\",\"name\":\"Water Supply Treatment | Minetek\",\"isPartOf\":{\"@id\":\"https:\\\/\\\/minetek.com\\\/#website\"},\"datePublished\":\"2025-03-21T04:57:38+00:00\",\"dateModified\":\"2025-03-25T08:21:52+00:00\",\"description\":\"Improve efficiency and lower costs with Minetek\u2019s alternative approach to water supply treatment. Cut costs, reduce risks and optimize your water management.\",\"breadcrumb\":{\"@id\":\"https:\\\/\\\/minetek.com\\\/water-supply-treatment\\\/#breadcrumb\"},\"inLanguage\":\"es\",\"potentialAction\":[{\"@type\":\"ReadAction\",\"target\":[\"https:\\\/\\\/minetek.com\\\/water-supply-treatment\\\/\"]}]},{\"@type\":\"BreadcrumbList\",\"@id\":\"https:\\\/\\\/minetek.com\\\/water-supply-treatment\\\/#breadcrumb\",\"itemListElement\":[{\"@type\":\"ListItem\",\"position\":1,\"name\":\"Home\",\"item\":\"https:\\\/\\\/minetek.com\\\/\"},{\"@type\":\"ListItem\",\"position\":2,\"name\":\"Water Supply Treatment\"}]},{\"@type\":\"WebSite\",\"@id\":\"https:\\\/\\\/minetek.com\\\/#website\",\"url\":\"https:\\\/\\\/minetek.com\\\/\",\"name\":\"Minetek\",\"description\":\"World-class water evaporation, underground ventilation, sound reduction solutions for mining and industry.\",\"publisher\":{\"@id\":\"https:\\\/\\\/minetek.com\\\/#organization\"},\"potentialAction\":[{\"@type\":\"SearchAction\",\"target\":{\"@type\":\"EntryPoint\",\"urlTemplate\":\"https:\\\/\\\/minetek.com\\\/?s={search_term_string}\"},\"query-input\":{\"@type\":\"PropertyValueSpecification\",\"valueRequired\":true,\"valueName\":\"search_term_string\"}}],\"inLanguage\":\"es\"},{\"@type\":\"Organization\",\"@id\":\"https:\\\/\\\/minetek.com\\\/#organization\",\"name\":\"Minetek\",\"url\":\"https:\\\/\\\/minetek.com\\\/\",\"logo\":{\"@type\":\"ImageObject\",\"inLanguage\":\"es\",\"@id\":\"https:\\\/\\\/minetek.com\\\/#\\\/schema\\\/logo\\\/image\\\/\",\"url\":\"https:\\\/\\\/minetek.com\\\/wp-content\\\/uploads\\\/2025\\\/02\\\/13.png\",\"contentUrl\":\"https:\\\/\\\/minetek.com\\\/wp-content\\\/uploads\\\/2025\\\/02\\\/13.png\",\"width\":600,\"height\":600,\"caption\":\"Minetek\"},\"image\":{\"@id\":\"https:\\\/\\\/minetek.com\\\/#\\\/schema\\\/logo\\\/image\\\/\"},\"sameAs\":[\"https:\\\/\\\/www.facebook.com\\\/mineteksolutions\\\/\",\"https:\\\/\\\/www.linkedin.com\\\/company\\\/minetek\\\/\"]}]}<\/script>\n<!-- \/ Yoast SEO plugin. -->","yoast_head_json":{"title":"Water Supply Treatment | Minetek","description":"Improve efficiency and lower costs with Minetek\u2019s alternative approach to water supply treatment. Cut costs, reduce risks and optimize your water management.","robots":{"index":"index","follow":"follow","max-snippet":"max-snippet:-1","max-image-preview":"max-image-preview:large","max-video-preview":"max-video-preview:-1"},"canonical":"https:\/\/minetek.com\/es-es\/water-supply-treatment\/","og_locale":"es_ES","og_type":"article","og_title":"Water Supply Treatment | Minetek","og_description":"Improve efficiency and lower costs with Minetek\u2019s alternative approach to water supply treatment. Cut costs, reduce risks and optimize your water management.","og_url":"https:\/\/minetek.com\/es-es\/water-supply-treatment\/","og_site_name":"Minetek","article_publisher":"https:\/\/www.facebook.com\/mineteksolutions\/","article_modified_time":"2025-03-25T08:21:52+00:00","twitter_card":"summary_large_image","twitter_misc":{"Tiempo de lectura":"5 minutos"},"schema":{"@context":"https:\/\/schema.org","@graph":[{"@type":"WebPage","@id":"https:\/\/minetek.com\/water-supply-treatment\/","url":"https:\/\/minetek.com\/water-supply-treatment\/","name":"Water Supply Treatment | Minetek","isPartOf":{"@id":"https:\/\/minetek.com\/#website"},"datePublished":"2025-03-21T04:57:38+00:00","dateModified":"2025-03-25T08:21:52+00:00","description":"Improve efficiency and lower costs with Minetek\u2019s alternative approach to water supply treatment. Cut costs, reduce risks and optimize your water management.","breadcrumb":{"@id":"https:\/\/minetek.com\/water-supply-treatment\/#breadcrumb"},"inLanguage":"es","potentialAction":[{"@type":"ReadAction","target":["https:\/\/minetek.com\/water-supply-treatment\/"]}]},{"@type":"BreadcrumbList","@id":"https:\/\/minetek.com\/water-supply-treatment\/#breadcrumb","itemListElement":[{"@type":"ListItem","position":1,"name":"Home","item":"https:\/\/minetek.com\/"},{"@type":"ListItem","position":2,"name":"Water Supply Treatment"}]},{"@type":"WebSite","@id":"https:\/\/minetek.com\/#website","url":"https:\/\/minetek.com\/","name":"Minetek","description":"Soluciones de primera clase para evaporaci\u00f3n de agua, ventilaci\u00f3n subterr\u00e1nea y reducci\u00f3n del ruido en la miner\u00eda y la industria.","publisher":{"@id":"https:\/\/minetek.com\/#organization"},"potentialAction":[{"@type":"SearchAction","target":{"@type":"EntryPoint","urlTemplate":"https:\/\/minetek.com\/?s={search_term_string}"},"query-input":{"@type":"PropertyValueSpecification","valueRequired":true,"valueName":"search_term_string"}}],"inLanguage":"es"},{"@type":"Organization","@id":"https:\/\/minetek.com\/#organization","name":"Minetek","url":"https:\/\/minetek.com\/","logo":{"@type":"ImageObject","inLanguage":"es","@id":"https:\/\/minetek.com\/#\/schema\/logo\/image\/","url":"https:\/\/minetek.com\/wp-content\/uploads\/2025\/02\/13.png","contentUrl":"https:\/\/minetek.com\/wp-content\/uploads\/2025\/02\/13.png","width":600,"height":600,"caption":"Minetek"},"image":{"@id":"https:\/\/minetek.com\/#\/schema\/logo\/image\/"},"sameAs":["https:\/\/www.facebook.com\/mineteksolutions\/","https:\/\/www.linkedin.com\/company\/minetek\/"]}]}},"_links":{"self":[{"href":"https:\/\/minetek.com\/es-es\/wp-json\/wp\/v2\/pages\/4787","targetHints":{"allow":["GET"]}}],"collection":[{"href":"https:\/\/minetek.com\/es-es\/wp-json\/wp\/v2\/pages"}],"about":[{"href":"https:\/\/minetek.com\/es-es\/wp-json\/wp\/v2\/types\/page"}],"author":[{"embeddable":true,"href":"https:\/\/minetek.com\/es-es\/wp-json\/wp\/v2\/users\/10"}],"replies":[{"embeddable":true,"href":"https:\/\/minetek.com\/es-es\/wp-json\/wp\/v2\/comments?post=4787"}],"version-history":[{"count":0,"href":"https:\/\/minetek.com\/es-es\/wp-json\/wp\/v2\/pages\/4787\/revisions"}],"wp:attachment":[{"href":"https:\/\/minetek.com\/es-es\/wp-json\/wp\/v2\/media?parent=4787"}],"curies":[{"name":"wp","href":"https:\/\/api.w.org\/{rel}","templated":true}]}}