{"id":4779,"date":"2025-03-21T15:34:14","date_gmt":"2025-03-21T04:34:14","guid":{"rendered":"https:\/\/minetek.com\/?page_id=4779"},"modified":"2026-03-03T15:08:51","modified_gmt":"2026-03-03T04:08:51","slug":"water-utilities-management","status":"publish","type":"page","link":"https:\/\/minetek.com\/es-es\/water-utilities-management\/","title":{"rendered":"Water Utilities Management"},"content":{"rendered":"<div class=\"c-cms-content\"><h1>C\u00f3mo mejorar la gesti\u00f3n de los servicios de agua con <strong>soluciones de evaporaci\u00f3n<\/strong><\/h1>\n<p><span style=\"font-weight: 400;\">Las empresas de servicios p\u00fablicos, como las centrales el\u00e9ctricas, desechan con frecuencia las cenizas de carb\u00f3n en estanques y vertederos sin revestimiento, donde contaminantes nocivos como el mercurio, el plomo y el ars\u00e9nico pueden filtrarse a las aguas subterr\u00e1neas, lo que subraya la importancia de una gesti\u00f3n adecuada de los servicios p\u00fablicos de aguas. Sin embargo <\/span><a href=\"https:\/\/minetek.com\/es-es\/water-management\/\"><span style=\"font-weight: 400;\">gesti\u00f3n del agua<\/span><\/a><span style=\"font-weight: 400;\"> a menudo no alcanzan los objetivos de eficiencia y costes en los entornos industriales.<\/span><\/p>\n<p><span style=\"font-weight: 400;\">Los sistemas de evaporaci\u00f3n industrial de Minetek consiguen precisamente eso, ofreciendo soluciones m\u00e1s rentables que los m\u00e9todos tradicionales. Siga leyendo para descubrir c\u00f3mo nuestros evaporadores pueden contribuir a la eficiencia de sus operaciones y al cumplimiento de las normas medioambientales sobre el agua.<\/span><\/p>\n<p>&nbsp;<\/p>\n<h2><span style=\"font-weight: 400;\">Paso #1: Compruebe si la tecnolog\u00eda de evaporaci\u00f3n de Minetek es adecuada para su emplazamiento.<\/span><\/h2>\n<h3><span style=\"font-weight: 400;\">Su empresa puede verse afectada por nuevas normas y reglamentos gubernamentales<\/span><\/h3>\n<p><span style=\"font-weight: 400;\">La Agencia de Protecci\u00f3n del Medio Ambiente (EPA) ha ampliado las normas federales para incluir los vertederos activos y retirados, as\u00ed como las balsas heredadas. Con esta ampliaci\u00f3n se pretende gestionar las considerables cantidades de cenizas de carb\u00f3n t\u00f3xicas que se encuentran en las centrales el\u00e9ctricas desmanteladas. Adem\u00e1s, tambi\u00e9n han reforzado los requisitos de tratamiento de aguas residuales para las instalaciones de carb\u00f3n.<\/span><\/p>\n<h3><span style=\"font-weight: 400;\">Las soluciones de Minetek potencian la evaporaci\u00f3n natural para reducir eficazmente el volumen de aguas residuales.<\/span><\/h3>\n<p><span style=\"font-weight: 400;\">Afortunadamente, la deshidrataci\u00f3n de balsas de cenizas de carb\u00f3n es uno de los muchos usos de nuestras soluciones de gesti\u00f3n de servicios de agua. Para ello, utilizamos tecnolog\u00eda de evaporaci\u00f3n mec\u00e1nica del agua, que atomiza el agua en diminutas gotas que se lanzan a la atm\u00f3sfera. Nuestros evaporadores no se ven afectados en gran medida por la calidad del agua, por lo que pueden separar eficazmente el agua de los s\u00f3lidos, facilitando la manipulaci\u00f3n y eliminaci\u00f3n seguras del material de cenizas.<\/span><\/p>\n<p><span style=\"font-weight: 400;\">Adem\u00e1s, independientemente del lugar donde se lleven a cabo sus operaciones, nuestras soluciones de evacuaci\u00f3n de aguas residuales ofrecen resultados constantes. Construidos para adaptarse a diversos climas, incluso en condiciones extremas -desde desiertos \u00e1ridos hasta regiones h\u00famedas-, nuestros sistemas son 10 veces m\u00e1s rentables que las soluciones tradicionales de gesti\u00f3n de servicios de agua.<\/span><\/p>\n<p><span style=\"font-weight: 400;\">Nuestros sistemas permiten ahorrar tanto en la instalaci\u00f3n inicial como en las operaciones y el mantenimiento continuos. La reducci\u00f3n de los costes de CAPEX y OPEX significa que pueden ofrecer un mayor alivio financiero en comparaci\u00f3n con depender \u00fanicamente de... <\/span><a href=\"https:\/\/minetek.com\/es-es\/wastewater-management-treatment\/\"><span style=\"font-weight: 400;\">gesti\u00f3n de aguas residuales tratamiento<\/span><\/a><span style=\"font-weight: 400;\">riego por aspersi\u00f3n y construcci\u00f3n de nuevas presas.<\/span><\/p>\n<p>&nbsp;<\/p>\n<h2><span style=\"font-weight: 400;\">Paso #2: Implemente las soluciones avanzadas de evaporaci\u00f3n de Minetek para obtener la m\u00e1xima eficacia.<\/span><\/h2>\n<p><span style=\"font-weight: 400;\">En Minetek ofrecemos dos tipos de evaporadores de agua. Nuestro evaporador de agua terrestre tiene un dise\u00f1o totalmente personalizable y a medida, y est\u00e1 disponible en varios tama\u00f1os para adaptarse a las necesidades. Por otro lado, nuestro evaporador de agua flotante est\u00e1 hecho para procesar agua en lugares con terreno limitado, ya que est\u00e1 equipado con un motor el\u00e9ctrico, una bomba sumergible, flotadores y tuber\u00edas sobre una estructura de pontones de alta resistencia.<\/span><\/p>\n<p><span style=\"font-weight: 400;\">These are designed to tackle one of the biggest challenges in water utilities management: processing water of various qualities efficiently. Capable of processing a wide range of water qualities, including those with acidic or saline characteristics, it ensures that whether the pH level of the water is as low as 1.8 or exceeds 14, it\u2019s effectively managed. It\u2019s also fast\u2014able to process more than 135m\u00b3<\/span><span style=\"font-weight: 400;\">\/h.<\/span><\/p>\n<p><span style=\"font-weight: 400;\">Adem\u00e1s de nuestros evaporadores, tambi\u00e9n contamos con el innovador Sistema de Gesti\u00f3n Medioambiental (SGMA), que mejora la eficacia de la <\/span><a href=\"https:\/\/minetek.com\/es-es\/water-evaporation\/\"><span style=\"font-weight: 400;\">evaporaci\u00f3n del agua<\/span><\/a><span style=\"font-weight: 400;\"> proceso. Supervisa las variables medioambientales y ajusta las operaciones en consecuencia para garantizar el cumplimiento de las normas reglamentarias. Esta capacidad de respuesta en tiempo real maximiza el rendimiento operativo al tiempo que minimiza el desperdicio de recursos.<\/span><\/p>\n<p>&nbsp;<\/p>\n<h2><span style=\"font-weight: 400;\">Paso #3: Mejore la eficiencia operativa con nuestros sistemas de evaporaci\u00f3n personalizables.<\/span><\/h2>\n<p><span style=\"font-weight: 400;\">Las funciones avanzadas ayudan a reducir la intervenci\u00f3n manual y los gastos operativos.<\/span><\/p>\n<p><span style=\"font-weight: 400;\">Minetek integra funciones automatizadas y por control remoto para reducir significativamente la necesidad de intervenci\u00f3n y supervisi\u00f3n manual, lo que en \u00faltima instancia se traduce en una reducci\u00f3n de los costes operativos. Esto facilita la precisi\u00f3n, minimiza <\/span><a href=\"https:\/\/minetek.com\/es-es\/water-mismanagement\/\"><span style=\"font-weight: 400;\">mala gesti\u00f3n del agua<\/span><\/a><span style=\"font-weight: 400;\"> debido a errores humanos y garantizar un funcionamiento sin problemas incluso en las zonas menos accesibles.<\/span><\/p>\n<p><span style=\"font-weight: 400;\">Los dise\u00f1os innovadores minimizan los tiempos de inactividad y los gastos de mantenimiento.<\/span><\/p>\n<p><span style=\"font-weight: 400;\">Nuestra gesti\u00f3n de los servicios de agua<\/span> <span style=\"font-weight: 400;\">incorporan caracter\u00edsticas como boquillas de bajo ensuciamiento y huellas compactas. De este modo, el sistema est\u00e1 construido para resistir aver\u00edas frecuentes e iniciar un mantenimiento r\u00e1pido cuando sea necesario. Esto mantiene el buen funcionamiento de las operaciones y libera recursos para otras tareas cr\u00edticas. La reducci\u00f3n del tiempo de inactividad y mantenimiento se traduce en un funcionamiento m\u00e1s eficaz y fiable.<\/span><\/p>\n<p>&nbsp;<\/p>\n<h2><span style=\"font-weight: 400;\">Preguntas m\u00e1s frecuentes (FAQ)<\/span><\/h2>\n<h2><span style=\"font-weight: 400;\">\u00bfCu\u00e1les son los principales retos de la gesti\u00f3n de los servicios industriales del agua?<\/span><\/h2>\n<p><span style=\"font-weight: 400;\">La gesti\u00f3n eficaz de los servicios de abastecimiento de agua implica hacer frente al envejecimiento de las infraestructuras y planificar c\u00f3mo garantizar el cumplimiento de la normativa sobre el agua en medio de obst\u00e1culos reglamentarios. A medida que las infraestructuras envejecen, las fugas y el deterioro de los componentes pueden comprometer la calidad del agua y provocar p\u00e9rdidas, lo que repercute directamente en los ingresos de las empresas de servicios p\u00fablicos, ya que el agua no facturada (ANR) aumenta los costes operativos sin los ingresos correspondientes.\u00a0<\/span><\/p>\n<p><span style=\"font-weight: 400;\">Adem\u00e1s, los estrictos entornos normativos hacen que el cumplimiento sea innegociable, lo que exige una adaptaci\u00f3n continua e inversiones financieras. Para hacer frente a estos requisitos cambiantes sin dejar de ser rentables, los operadores necesitan una combinaci\u00f3n estrat\u00e9gica de mejoras en tecnolog\u00eda, pr\u00e1cticas de mantenimiento y gesti\u00f3n financiera.<\/span><\/p>\n<p><span style=\"font-weight: 400;\">Por \u00faltimo, la escasez presupuestaria dificulta la financiaci\u00f3n de las actualizaciones necesarias de las infraestructuras y el mantenimiento rutinario. Esto agrava los problemas operativos, lo que se traduce en mayores costes e ineficiencias. Invertir en soluciones innovadoras y rentables como las de Minetek <\/span><a href=\"https:\/\/minetek.com\/es-es\/soluciones\/water\/land-based-evaporators\/\"><span style=\"font-weight: 400;\">evaporador de agua<\/span><\/a><span style=\"font-weight: 400;\"> pueden aliviar la presi\u00f3n financiera reduciendo los gastos generales y mejorando la eficiencia.<\/span><\/p>\n<p><span style=\"font-weight: 400;\">\u00bfCu\u00e1les son las mejores pr\u00e1cticas para mantener la conformidad con las empresas de suministro de agua?<\/span><\/p>\n<p><span style=\"font-weight: 400;\">La supervisi\u00f3n en tiempo real y el an\u00e1lisis de datos son cruciales para mantener la conformidad.<\/span><\/p>\n<p><span style=\"font-weight: 400;\">Los sistemas avanzados de control de la calidad del agua y las condiciones ambientales permiten reaccionar con rapidez ante posibles problemas antes de que se agraven. El an\u00e1lisis de datos tambi\u00e9n puede ayudar a identificar patrones y se\u00f1ales de alerta temprana, promoviendo una gesti\u00f3n proactiva de los servicios de agua en lugar de reactiva.<\/span><\/p>\n<p><span style=\"font-weight: 400;\">Adem\u00e1s, la formaci\u00f3n y capacitaci\u00f3n continuas del personal garantizan que todos los miembros del equipo se mantengan al d\u00eda de la evoluci\u00f3n de la normativa y las mejores pr\u00e1cticas, especialmente en operaciones sensibles desde el punto de vista medioambiental que implican <\/span><a href=\"https:\/\/minetek.com\/es-es\/acid-mine-drainage\/\"><span style=\"font-weight: 400;\">drenaje \u00e1cido de minas<\/span><\/a><span style=\"font-weight: 400;\">presas de residuos, etc.<\/span><\/p>\n<p><span style=\"font-weight: 400;\">\u00bfQu\u00e9 diferencia a los evaporadores de agua de Minetek de otras soluciones?<\/span><\/p>\n<p><span style=\"font-weight: 400;\">Los evaporadores de Mintek destacan por su capacidad para tratar aguas con alto contenido en SDT y SST, gestionando variedades complejas de aguas residuales con un impacto medioambiental m\u00ednimo. Esta capacidad de procesar eficientemente diversas calidades de agua supone un importante ahorro de costes con respecto a los m\u00e9todos tradicionales.<\/span><\/p>\n<p><span style=\"font-weight: 400;\">Adem\u00e1s, el sistema personalizable permite adaptarlo f\u00e1cilmente a las necesidades operativas espec\u00edficas de todo el mundo, mejorando la eficiencia y la gesti\u00f3n ecol\u00f3gica.<\/span><\/p>\n<h3><span style=\"font-weight: 400;\">Racionalice el cumplimiento de la normativa y optimice la gesti\u00f3n del agua industrial<\/span><\/h3>\n<p><span style=\"font-weight: 400;\">La gesti\u00f3n eficaz del agua en el sector industrial es m\u00e1s crucial que nunca. Minetek ofrece soluciones avanzadas a medida para ayudar a las centrales el\u00e9ctricas y otras empresas en la gesti\u00f3n de sus servicios de agua, agilizando -y a veces incluso eliminando- la necesidad de... <\/span><a href=\"https:\/\/minetek.com\/es-es\/water-wastewater-treatment\/\"><span style=\"font-weight: 400;\">tratamiento de aguas residuales<\/span><\/a><span style=\"font-weight: 400;\">.<\/span><\/p>\n<p><span style=\"font-weight: 400;\">Con m\u00e1s de 600 proyectos realizados con \u00e9xito en todo el mundo, estamos a la vanguardia de la oferta de soluciones innovadoras para retos como la gesti\u00f3n del agua de lluvia y el control de la evaporaci\u00f3n. Nuestro compromiso con la tecnolog\u00eda pionera significa que puede confiar en que nuestras soluciones son rentables y fiables.<\/span><\/p>\n<p><span style=\"font-weight: 400;\">Elija Minetek para mantener el cumplimiento de la normativa e impulsar la eficiencia en sus pr\u00e1cticas de gesti\u00f3n del agua.<\/span><\/p>\n<\/div>","protected":false},"excerpt":{"rendered":"<p>How to improve water utilities management with evaporation solutions Utilities like power plants frequently discard coal ash in unlined ponds and landfills, where harmful pollutants such as mercury, lead and arsenic can leach into groundwater, emphasizing the importance of proper water utilities management. Yet, typical water management solutions often fall short of meeting efficiency and cost targets in industrial settings. Minetek\u2019s industrial evaporation systems accomplish just that, offering more cost-effective solutions than traditional methods. Read on to find out how our evaporators can help your operation\u2019s efficiency and environmental water compliance. &nbsp; Step #1: Check if Minetek\u2019s evaporation technology is [&hellip;]<\/p>\n","protected":false},"author":10,"featured_media":0,"parent":0,"menu_order":0,"comment_status":"closed","ping_status":"closed","template":"template-headshoulder.php","meta":{"_acf_changed":false,"footnotes":""},"class_list":["post-4779","page","type-page","status-publish","hentry"],"acf":[],"yoast_head":"<!-- This site is optimized with the Yoast SEO plugin v27.5 - https:\/\/yoast.com\/product\/yoast-seo-wordpress\/ -->\n<title>Water Utilities Management | Minetek<\/title>\n<meta name=\"description\" content=\"Minetek offers innovative solutions with advanced evaporation technology for water utilities management. Contact us today to learn more about our evaporators.\" \/>\n<meta name=\"robots\" content=\"index, follow, max-snippet:-1, max-image-preview:large, max-video-preview:-1\" \/>\n<link rel=\"canonical\" href=\"https:\/\/minetek.com\/es-es\/water-utilities-management\/\" \/>\n<meta property=\"og:locale\" content=\"es_ES\" \/>\n<meta property=\"og:type\" content=\"article\" \/>\n<meta property=\"og:title\" content=\"Water Utilities Management | Minetek\" \/>\n<meta property=\"og:description\" content=\"Minetek offers innovative solutions with advanced evaporation technology for water utilities management. Contact us today to learn more about our evaporators.\" \/>\n<meta property=\"og:url\" content=\"https:\/\/minetek.com\/es-es\/water-utilities-management\/\" \/>\n<meta property=\"og:site_name\" content=\"Minetek\" \/>\n<meta property=\"article:publisher\" content=\"https:\/\/www.facebook.com\/mineteksolutions\/\" \/>\n<meta property=\"article:modified_time\" content=\"2026-03-03T04:08:51+00:00\" \/>\n<meta name=\"twitter:card\" content=\"summary_large_image\" \/>\n<meta name=\"twitter:label1\" content=\"Tiempo de lectura\" \/>\n\t<meta name=\"twitter:data1\" content=\"5 minutos\" \/>\n<script type=\"application\/ld+json\" class=\"yoast-schema-graph\">{\"@context\":\"https:\\\/\\\/schema.org\",\"@graph\":[{\"@type\":\"WebPage\",\"@id\":\"https:\\\/\\\/minetek.com\\\/water-utilities-management\\\/\",\"url\":\"https:\\\/\\\/minetek.com\\\/water-utilities-management\\\/\",\"name\":\"Water Utilities Management | Minetek\",\"isPartOf\":{\"@id\":\"https:\\\/\\\/minetek.com\\\/#website\"},\"datePublished\":\"2025-03-21T04:34:14+00:00\",\"dateModified\":\"2026-03-03T04:08:51+00:00\",\"description\":\"Minetek offers innovative solutions with advanced evaporation technology for water utilities management. Contact us today to learn more about our evaporators.\",\"breadcrumb\":{\"@id\":\"https:\\\/\\\/minetek.com\\\/water-utilities-management\\\/#breadcrumb\"},\"inLanguage\":\"es\",\"potentialAction\":[{\"@type\":\"ReadAction\",\"target\":[\"https:\\\/\\\/minetek.com\\\/water-utilities-management\\\/\"]}]},{\"@type\":\"BreadcrumbList\",\"@id\":\"https:\\\/\\\/minetek.com\\\/water-utilities-management\\\/#breadcrumb\",\"itemListElement\":[{\"@type\":\"ListItem\",\"position\":1,\"name\":\"Home\",\"item\":\"https:\\\/\\\/minetek.com\\\/\"},{\"@type\":\"ListItem\",\"position\":2,\"name\":\"Water Utilities Management\"}]},{\"@type\":\"WebSite\",\"@id\":\"https:\\\/\\\/minetek.com\\\/#website\",\"url\":\"https:\\\/\\\/minetek.com\\\/\",\"name\":\"Minetek\",\"description\":\"World-class water evaporation, underground ventilation, sound reduction solutions for mining and industry.\",\"publisher\":{\"@id\":\"https:\\\/\\\/minetek.com\\\/#organization\"},\"potentialAction\":[{\"@type\":\"SearchAction\",\"target\":{\"@type\":\"EntryPoint\",\"urlTemplate\":\"https:\\\/\\\/minetek.com\\\/?s={search_term_string}\"},\"query-input\":{\"@type\":\"PropertyValueSpecification\",\"valueRequired\":true,\"valueName\":\"search_term_string\"}}],\"inLanguage\":\"es\"},{\"@type\":\"Organization\",\"@id\":\"https:\\\/\\\/minetek.com\\\/#organization\",\"name\":\"Minetek\",\"url\":\"https:\\\/\\\/minetek.com\\\/\",\"logo\":{\"@type\":\"ImageObject\",\"inLanguage\":\"es\",\"@id\":\"https:\\\/\\\/minetek.com\\\/#\\\/schema\\\/logo\\\/image\\\/\",\"url\":\"https:\\\/\\\/minetek.com\\\/wp-content\\\/uploads\\\/2025\\\/02\\\/13.png\",\"contentUrl\":\"https:\\\/\\\/minetek.com\\\/wp-content\\\/uploads\\\/2025\\\/02\\\/13.png\",\"width\":600,\"height\":600,\"caption\":\"Minetek\"},\"image\":{\"@id\":\"https:\\\/\\\/minetek.com\\\/#\\\/schema\\\/logo\\\/image\\\/\"},\"sameAs\":[\"https:\\\/\\\/www.facebook.com\\\/mineteksolutions\\\/\",\"https:\\\/\\\/www.linkedin.com\\\/company\\\/minetek\\\/\"]}]}<\/script>\n<!-- \/ Yoast SEO plugin. -->","yoast_head_json":{"title":"Gesti\u00f3n de servicios de agua | Minetek","description":"Mintek ofrece soluciones innovadoras con tecnolog\u00eda de evaporaci\u00f3n avanzada para la gesti\u00f3n de servicios de agua. P\u00f3ngase en contacto con nosotros hoy mismo para obtener m\u00e1s informaci\u00f3n sobre nuestros evaporadores.","robots":{"index":"index","follow":"follow","max-snippet":"max-snippet:-1","max-image-preview":"max-image-preview:large","max-video-preview":"max-video-preview:-1"},"canonical":"https:\/\/minetek.com\/es-es\/water-utilities-management\/","og_locale":"es_ES","og_type":"article","og_title":"Water Utilities Management | Minetek","og_description":"Minetek offers innovative solutions with advanced evaporation technology for water utilities management. Contact us today to learn more about our evaporators.","og_url":"https:\/\/minetek.com\/es-es\/water-utilities-management\/","og_site_name":"Minetek","article_publisher":"https:\/\/www.facebook.com\/mineteksolutions\/","article_modified_time":"2026-03-03T04:08:51+00:00","twitter_card":"summary_large_image","twitter_misc":{"Tiempo de lectura":"5 minutos"},"schema":{"@context":"https:\/\/schema.org","@graph":[{"@type":"WebPage","@id":"https:\/\/minetek.com\/water-utilities-management\/","url":"https:\/\/minetek.com\/water-utilities-management\/","name":"Gesti\u00f3n de servicios de agua | Minetek","isPartOf":{"@id":"https:\/\/minetek.com\/#website"},"datePublished":"2025-03-21T04:34:14+00:00","dateModified":"2026-03-03T04:08:51+00:00","description":"Mintek ofrece soluciones innovadoras con tecnolog\u00eda de evaporaci\u00f3n avanzada para la gesti\u00f3n de servicios de agua. P\u00f3ngase en contacto con nosotros hoy mismo para obtener m\u00e1s informaci\u00f3n sobre nuestros evaporadores.","breadcrumb":{"@id":"https:\/\/minetek.com\/water-utilities-management\/#breadcrumb"},"inLanguage":"es","potentialAction":[{"@type":"ReadAction","target":["https:\/\/minetek.com\/water-utilities-management\/"]}]},{"@type":"BreadcrumbList","@id":"https:\/\/minetek.com\/water-utilities-management\/#breadcrumb","itemListElement":[{"@type":"ListItem","position":1,"name":"Home","item":"https:\/\/minetek.com\/"},{"@type":"ListItem","position":2,"name":"Water Utilities Management"}]},{"@type":"WebSite","@id":"https:\/\/minetek.com\/#website","url":"https:\/\/minetek.com\/","name":"Minetek","description":"Soluciones de primera clase para evaporaci\u00f3n de agua, ventilaci\u00f3n subterr\u00e1nea y reducci\u00f3n del ruido en la miner\u00eda y la industria.","publisher":{"@id":"https:\/\/minetek.com\/#organization"},"potentialAction":[{"@type":"SearchAction","target":{"@type":"EntryPoint","urlTemplate":"https:\/\/minetek.com\/?s={search_term_string}"},"query-input":{"@type":"PropertyValueSpecification","valueRequired":true,"valueName":"search_term_string"}}],"inLanguage":"es"},{"@type":"Organization","@id":"https:\/\/minetek.com\/#organization","name":"Minetek","url":"https:\/\/minetek.com\/","logo":{"@type":"ImageObject","inLanguage":"es","@id":"https:\/\/minetek.com\/#\/schema\/logo\/image\/","url":"https:\/\/minetek.com\/wp-content\/uploads\/2025\/02\/13.png","contentUrl":"https:\/\/minetek.com\/wp-content\/uploads\/2025\/02\/13.png","width":600,"height":600,"caption":"Minetek"},"image":{"@id":"https:\/\/minetek.com\/#\/schema\/logo\/image\/"},"sameAs":["https:\/\/www.facebook.com\/mineteksolutions\/","https:\/\/www.linkedin.com\/company\/minetek\/"]}]}},"_links":{"self":[{"href":"https:\/\/minetek.com\/es-es\/wp-json\/wp\/v2\/pages\/4779","targetHints":{"allow":["GET"]}}],"collection":[{"href":"https:\/\/minetek.com\/es-es\/wp-json\/wp\/v2\/pages"}],"about":[{"href":"https:\/\/minetek.com\/es-es\/wp-json\/wp\/v2\/types\/page"}],"author":[{"embeddable":true,"href":"https:\/\/minetek.com\/es-es\/wp-json\/wp\/v2\/users\/10"}],"replies":[{"embeddable":true,"href":"https:\/\/minetek.com\/es-es\/wp-json\/wp\/v2\/comments?post=4779"}],"version-history":[{"count":0,"href":"https:\/\/minetek.com\/es-es\/wp-json\/wp\/v2\/pages\/4779\/revisions"}],"wp:attachment":[{"href":"https:\/\/minetek.com\/es-es\/wp-json\/wp\/v2\/media?parent=4779"}],"curies":[{"name":"wp","href":"https:\/\/api.w.org\/{rel}","templated":true}]}}