{"id":4776,"date":"2025-03-21T15:27:40","date_gmt":"2025-03-21T04:27:40","guid":{"rendered":"https:\/\/minetek.com\/?page_id=4776"},"modified":"2025-03-21T18:48:57","modified_gmt":"2025-03-21T07:48:57","slug":"water-evaporator","status":"publish","type":"page","link":"https:\/\/minetek.com\/es-es\/water-evaporator\/","title":{"rendered":"Evaporador de agua"},"content":{"rendered":"<div class=\"c-cms-content\"><h1>\u00bfDebe invertir en un <strong>evaporador de agua<\/strong>? C\u00f3mo hacer la llamada correcta<\/h1>\n<p><span style=\"font-weight: 400;\">A <\/span><span style=\"font-weight: 400;\">evaporador de agua<\/span><span style=\"font-weight: 400;\"> ofrece una forma pr\u00e1ctica de reducir el volumen de aguas residuales sin recurrir a costosos m\u00e9todos de eliminaci\u00f3n o tratamiento. La acumulaci\u00f3n incontrolada de aguas residuales puede dar lugar a infracciones de la normativa, riesgos medioambientales y mayores gastos operativos.\u00a0<\/span><\/p>\n<p><span style=\"font-weight: 400;\">Los sistemas de evaporaci\u00f3n de Mintek ayudan a las industrias a gestionar eficazmente el exceso de agua, incluso en condiciones exigentes. Pero, \u00bfes el m\u00e1s adecuado para su instalaci\u00f3n? Con m\u00faltiples <\/span><a href=\"https:\/\/minetek.com\/es-es\/water-management\/\"><span style=\"font-weight: 400;\">gesti\u00f3n del agua<\/span><\/a><span style=\"font-weight: 400;\"> opciones disponibles, elegir la soluci\u00f3n adecuada requiere una comprensi\u00f3n clara de los costes, la normativa y el impacto a largo plazo.\u00a0<\/span><\/p>\n<p><span style=\"font-weight: 400;\">A continuaci\u00f3n le explicamos c\u00f3mo evaluar sus necesidades y decidir si invertir en un evaporador es lo m\u00e1s adecuado para su empresa.<\/span><\/p>\n<p>&nbsp;<\/p>\n<h2><span style=\"font-weight: 400;\">Paso #1: Empiece por determinar si el almacenamiento de aguas residuales pone en peligro su explotaci\u00f3n.<\/span><\/h2>\n<h3><span style=\"font-weight: 400;\">El exceso de capacidad puede dar lugar a problemas de cumplimiento.<\/span><\/h3>\n<p><span style=\"font-weight: 400;\">Superar los l\u00edmites de almacenamiento de aguas residuales aumenta el riesgo de fugas y desbordamientos. Esto puede dar lugar a infracciones de la normativa medioambiental, ya que el agua contaminada puede entrar en los ecosistemas circundantes. Ignorar los l\u00edmites de almacenamiento puede acarrear multas, demandas judiciales y costosas medidas de reparaci\u00f3n.\u00a0<\/span><\/p>\n<h3><span style=\"font-weight: 400;\">La falta de soluciones para eliminar las aguas residuales puede provocar la contaminaci\u00f3n de los cursos de agua.\u00a0<\/span><\/h3>\n<p><span style=\"font-weight: 400;\">Las aguas residuales industriales pueden transportar contaminantes que alteran los ecosistemas y afectan al abastecimiento de agua. Los contaminantes reducen los niveles de ox\u00edgeno, da\u00f1an la vida acu\u00e1tica y hacen que el agua no sea apta para el riego o el consumo. El peligro tambi\u00e9n se extiende a los seres humanos, ya que afecta al agua potable y puede causar problemas de salud p\u00fablica.<\/span><\/p>\n<h3><span style=\"font-weight: 400;\">Las fugas contaminan el suelo y las aguas subterr\u00e1neas.<\/span><\/h3>\n<p><span style=\"font-weight: 400;\">Las aguas residuales que se filtran en el suelo pueden reducir la fertilidad y contaminar las aguas subterr\u00e1neas. Una vez que los contaminantes llegan a las fuentes de agua subterr\u00e1neas, se extienden m\u00e1s all\u00e1 de las instalaciones, lo que dificulta y encarece su limpieza. Mediante la evaporaci\u00f3n sostenible del agua con <\/span><a href=\"https:\/\/minetek.com\/es-es\/wastewater-evaporator\/\"><span style=\"font-weight: 400;\">evaporador de aguas residuales<\/span><\/a><span style=\"font-weight: 400;\"> puede reducir las aguas residuales almacenadas, disminuyendo el riesgo de contaminaci\u00f3n a largo plazo.<\/span><\/p>\n<p>&nbsp;<\/p>\n<h2><span style=\"font-weight: 400;\">Paso #2: Comparar los sistemas de evaporaci\u00f3n de agua con otras soluciones de gesti\u00f3n de aguas residuales.<\/span><\/h2>\n<h3><span style=\"font-weight: 400;\">Los estanques de almacenamiento tradicionales pueden convertirse en pasivos en zonas de alta pluviosidad.<\/span><\/h3>\n<p><span style=\"font-weight: 400;\">Los estanques de almacenamiento tradicionales requieren grandes extensiones de terreno, lo que resulta costoso y poco pr\u00e1ctico en zonas urbanas o industriales.\u00a0<\/span><\/p>\n<p><span style=\"font-weight: 400;\">Adem\u00e1s, su dependencia de la evaporaci\u00f3n natural las hace ineficaces para gestionar grandes vol\u00famenes de aguas residuales, sobre todo en zonas de clima impredecible. Las lluvias torrenciales pueden provocar desbordamientos, aumentando el riesgo de infracciones medioambientales.\u00a0<\/span><\/p>\n<p><span style=\"font-weight: 400;\">Por el contrario, las soluciones de evaporaci\u00f3n de agua a medida proporcionan un enfoque controlado, reduciendo las aguas residuales almacenadas de forma eficaz en diversas condiciones meteorol\u00f3gicas. As\u00ed que, si ha estado buscando una alternativa de estanque de evaporaci\u00f3n, est\u00e1 en el lugar adecuado.<\/span><\/p>\n<h3><span style=\"font-weight: 400;\">Los m\u00e9todos de tratamiento mec\u00e1nico y qu\u00edmico conllevan costes elevados.<\/span><\/h3>\n<p><span style=\"font-weight: 400;\">Mec\u00e1nica y qu\u00edmica <\/span><a href=\"https:\/\/minetek.com\/es-es\/water-treatment-systems\/\"><span style=\"font-weight: 400;\">sistemas de tratamiento de agua<\/span><\/a><span style=\"font-weight: 400;\"> requieren una elevada inversi\u00f3n de capital y gastos continuos. Los sistemas mec\u00e1nicos consumen grandes cantidades de energ\u00eda y exigen un mantenimiento frecuente, mientras que los tratamientos qu\u00edmicos dependen de reactivos costosos. La fluctuaci\u00f3n de los precios de los productos qu\u00edmicos y los costes de mantenimiento hacen que estos m\u00e9todos sean econ\u00f3micamente impredecibles.<\/span><\/p>\n<p><span style=\"font-weight: 400;\">En comparaci\u00f3n, un <\/span><span style=\"font-weight: 400;\">evaporador de agua<\/span><span style=\"font-weight: 400;\"> ofrece una alternativa rentable al reducir el volumen de aguas residuales con menores costes y una infraestructura m\u00ednima.<\/span><\/p>\n<h3><span style=\"font-weight: 400;\">Transportar las aguas residuales fuera del emplazamiento puede no ser una soluci\u00f3n sostenible a largo plazo.<\/span><\/h3>\n<p><span style=\"font-weight: 400;\">El transporte de aguas residuales requiere continuamente combustible, mano de obra y cumplimiento de la normativa, lo que a\u00f1ade cargas financieras y log\u00edsticas. Los costes fluct\u00faan con los precios del combustible y la mano de obra, lo que lo convierte en una opci\u00f3n inestable a largo plazo. Adem\u00e1s, el transporte de aguas residuales no reduce el volumen total en origen.\u00a0<\/span><\/p>\n<p><span style=\"font-weight: 400;\">Afortunadamente, la movilidad y el r\u00e1pido despliegue de nuestros sistemas de evaporaci\u00f3n de agua proporcionan una alternativa eficaz in situ, por lo que no tendr\u00e1 que enfrentarse a los obst\u00e1culos log\u00edsticos que pueden surgir con el <\/span><a href=\"https:\/\/minetek.com\/es-es\/wastewater-treatment\/\"><span style=\"font-weight: 400;\">tratamiento de aguas residuales<\/span><\/a><span style=\"font-weight: 400;\"> proceso.\u00a0<\/span><\/p>\n<p>&nbsp;<\/p>\n<h2><span style=\"font-weight: 400;\">Paso #3: Considerar la normativa medioambiental y los factores de cumplimiento.<\/span><\/h2>\n<h3><span style=\"font-weight: 400;\">Las normativas espec\u00edficas de cada sector determinan los l\u00edmites de vertido de aguas residuales.<\/span><\/h3>\n<p><span style=\"font-weight: 400;\">La estricta normativa sobre vertidos de aguas residuales establecida por organismos como la Agencia de Protecci\u00f3n del Medio Ambiente de EE.UU. (EPA) controla los niveles de contaminantes para proteger la calidad del agua y la salud p\u00fablica. Las instalaciones deben cumplir los l\u00edmites espec\u00edficos del sector, que pueden variar en funci\u00f3n de la ubicaci\u00f3n y el tipo de contaminante.\u00a0<\/span><\/p>\n<p><span style=\"font-weight: 400;\">Algunas operaciones, especialmente las que se ocupan de la evaporaci\u00f3n del drenaje \u00e1cido de las minas, se enfrentan a retos adicionales debido a las altas concentraciones de contaminantes.\u00a0<\/span><\/p>\n<h3><span style=\"font-weight: 400;\">La evaporaci\u00f3n puede ser una herramienta eficaz para gestionar los riesgos de cumplimiento.<\/span><\/h3>\n<p><span style=\"font-weight: 400;\">Utilizando un <\/span><span style=\"font-weight: 400;\">evaporador de agua<\/span><span style=\"font-weight: 400;\"> ayuda a reducir el volumen de aguas residuales, lo que facilita el cumplimiento de los l\u00edmites de vertido. Menos residuos l\u00edquidos significa un menor riesgo de desbordamiento o contaminaci\u00f3n, especialmente en las industrias que requieren la evaporaci\u00f3n del agua de las minas. A diferencia del tratamiento qu\u00edmico, los sistemas de evaporaci\u00f3n mec\u00e1nica eliminan el agua de forma eficaz sin generar m\u00e1s residuos.<\/span><\/p>\n<p>&nbsp;<\/p>\n<h2><span style=\"font-weight: 400;\">Minetek <\/span><span style=\"font-weight: 400;\">evaporador de agua<\/span><span style=\"font-weight: 400;\"> ofrecen eficiencia en cualquier entorno.<\/span><\/h2>\n<h3><span style=\"font-weight: 400;\">Presumimos de un rendimiento demostrado en entornos industriales extremos de todo el mundo.<\/span><\/h3>\n<p><span style=\"font-weight: 400;\">Minetek <\/span><span style=\"font-weight: 400;\">evaporador de agua<\/span><span style=\"font-weight: 400;\"> est\u00e1n dise\u00f1ados para ofrecer un alto rendimiento independientemente de las condiciones. Tanto si manejan una alta salinidad, temperaturas variables o grandes vol\u00famenes de aguas residuales, estos sistemas funcionan de forma eficiente al tiempo que mantienen el cumplimiento de la normativa medioambiental.\u00a0<\/span><\/p>\n<p><span style=\"font-weight: 400;\">A diferencia de la <\/span><a href=\"https:\/\/minetek.com\/es-es\/wastewater-management-treatment\/\"><span style=\"font-weight: 400;\">gesti\u00f3n de aguas residuales tratamiento<\/span><\/a><span style=\"font-weight: 400;\"> m\u00e9todos que requieren procesos qu\u00edmicos o mec\u00e1nicos, los evaporadores de Minetek proporcionan una alternativa sostenible al reducir el volumen de agua mediante la evaporaci\u00f3n. Un sistema de evaporador flotante ofrece flexibilidad para las masas de agua, mientras que los evaporadores de agua terrestres proporcionan estabilidad en ubicaciones fijas.<\/span><\/p>\n<h3><span style=\"font-weight: 400;\">La modelizaci\u00f3n espec\u00edfica del lugar predice la eficacia.<\/span><\/h3>\n<p><span style=\"font-weight: 400;\">La gesti\u00f3n de las aguas residuales no es universal. Minetek utiliza modelos detallados para prever <\/span><span style=\"font-weight: 400;\">evaporador de agua<\/span><span style=\"font-weight: 400;\"> en funci\u00f3n de distintos factores, como la humedad, las precipitaciones, la altitud, la evaporaci\u00f3n de la bandeja, los s\u00f3lidos disueltos totales (TDS) y la temperatura.<\/span><\/p>\n<p><span style=\"font-weight: 400;\">Este an\u00e1lisis permite predecir con exactitud los \u00edndices de evaporaci\u00f3n a lo largo de un periodo de 12 meses, lo que garantiza un rendimiento uniforme en diferentes climas.\u00a0<\/span><\/p>\n<p>&nbsp;<\/p>\n<h2><span style=\"font-weight: 400;\">Preguntas m\u00e1s frecuentes (FAQ)<\/span><\/h2>\n<h2><span style=\"font-weight: 400;\">\u00bfC\u00f3mo gestiona la tecnolog\u00eda de Minetek el agua con alto contenido en TDS y TSS?<\/span><\/h2>\n<p><span style=\"font-weight: 400;\">Los evaporadores de Mintek procesan eficazmente agua con un alto contenido en s\u00f3lidos disueltos totales (TDS) y s\u00f3lidos en suspensi\u00f3n totales (TSS). Sus boquillas de bajo ensuciamiento procesan s\u00f3lidos de hasta 4,0 mm, garantizando un rendimiento ininterrumpido. Dise\u00f1adas para funcionar en una amplia gama de pH, de 1,8 a 14+, constituyen una soluci\u00f3n fiable para aguas residuales \u00e1cidas y contaminadas en entornos industriales.<\/span><\/p>\n<p>&nbsp;<\/p>\n<h2><span style=\"font-weight: 400;\">\u00bfCu\u00e1les son los costes operativos de utilizar un sistema de evaporaci\u00f3n mec\u00e1nica?<\/span><\/h2>\n<p><span style=\"font-weight: 400;\">Los costes de funcionamiento dependen del tama\u00f1o del sistema y de su uso, pero los sistemas de evaporaci\u00f3n mec\u00e1nica ofrecen una alternativa rentable a los sistemas tradicionales. <\/span><a href=\"https:\/\/minetek.com\/es-es\/wastewater-treatment-process\/\"><span style=\"font-weight: 400;\">proceso de tratamiento de aguas residuales<\/span><\/a><span style=\"font-weight: 400;\">. Al reducir la dependencia de los tratamientos qu\u00edmicos y los costes de transporte y hacer innecesaria la construcci\u00f3n de plantas de tratamiento, nuestros sistemas ayudan a las instalaciones a reducir gastos al tiempo que mantienen la conformidad y la eficacia operativa.<\/span><\/p>\n<p>&nbsp;<\/p>\n<h2><span style=\"font-weight: 400;\">\u00bfPueden adaptarse los evaporadores Minetek a las condiciones espec\u00edficas del emplazamiento?<\/span><\/h2>\n<p><span style=\"font-weight: 400;\">S\u00ed, Minetek dise\u00f1a sistemas de evaporaci\u00f3n personalizables que tienen en cuenta las condiciones espec\u00edficas del lugar, como la humedad, la pluviosidad, la altitud y la temperatura. Este enfoque garantiza \u00edndices de evaporaci\u00f3n \u00f3ptimos y un rendimiento fiable en diversos entornos, lo que permite a las industrias gestionar las aguas residuales de forma eficiente y adaptarse a las condiciones clim\u00e1ticas locales.<\/span><\/p>\n<h3><span style=\"font-weight: 400;\">Ingenier\u00eda innovadora para unos resultados extraordinarios en la gesti\u00f3n del agua<\/span><\/h3>\n<p><span style=\"font-weight: 400;\">Los vanguardistas evaporadores de agua de Minetek est\u00e1n dise\u00f1ados para la miner\u00eda y otras aplicaciones industriales, gestionando eficazmente las aguas residuales y cumpliendo al mismo tiempo las estrictas normativas medioambientales.\u00a0<\/span><\/p>\n<p><span style=\"font-weight: 400;\">Los evaporadores de Minetek reducen el exceso de volumen de agua, ayudando a una gran variedad de industrias a mantener la conformidad y la eficiencia operativa. Con un alcance global que abarca m\u00e1s de 30 pa\u00edses, proporcionamos soluciones fiables en las que conf\u00edan las industrias. As\u00ed que, si est\u00e1 buscando una alternativa a <\/span><a href=\"https:\/\/minetek.com\/es-es\/water-supply-treatment\/\"><span style=\"font-weight: 400;\">tratamiento del agua<\/span><\/a><span style=\"font-weight: 400;\"> y plantas, Minetek lo tiene cubierto.<\/span><\/p>\n<p><span style=\"font-weight: 400;\">Respaldada por m\u00e1s de 150 a\u00f1os de experiencia combinada en ingenier\u00eda, nuestra tecnolog\u00eda va m\u00e1s all\u00e1 del cumplimiento de las normas del sector: sube el list\u00f3n. Resolvamos juntos sus retos m\u00e1s dif\u00edciles. Concierte una llamada hoy mismo.<\/span><\/p>\n<\/div>","protected":false},"excerpt":{"rendered":"<p>Should you invest in a water evaporator? How to make the right call A water evaporator offers a practical way to reduce wastewater volumes without relying on costly disposal or treatment methods. Uncontrolled wastewater buildup can lead to compliance violations, environmental risks and increased operational expenses.\u00a0 Minetek\u2019s evaporation systems help industries manage excess water efficiently, even in demanding conditions. But is it the best fit for your site? With multiple water management options available, choosing the right solution requires a clear understanding of costs, regulations and long-term impact.\u00a0 Here\u2019s how to evaluate your needs and decide if investing in an [&hellip;]<\/p>\n","protected":false},"author":10,"featured_media":0,"parent":0,"menu_order":0,"comment_status":"closed","ping_status":"closed","template":"template-headshoulder.php","meta":{"_acf_changed":false,"footnotes":""},"class_list":["post-4776","page","type-page","status-publish","hentry"],"acf":[],"yoast_head":"<!-- This site is optimized with the Yoast SEO plugin v27.3 - https:\/\/yoast.com\/product\/yoast-seo-wordpress\/ -->\n<title>Water Evaporator | Minetek<\/title>\n<meta name=\"description\" content=\"Managing excess wastewater is critical for compliance and cost control. Minetek\u2019s water evaporator systems offer a sustainable solution for industrial needs.\" \/>\n<meta name=\"robots\" content=\"index, follow, max-snippet:-1, max-image-preview:large, max-video-preview:-1\" \/>\n<link rel=\"canonical\" href=\"https:\/\/minetek.com\/es-es\/water-evaporator\/\" \/>\n<meta property=\"og:locale\" content=\"es_ES\" \/>\n<meta property=\"og:type\" content=\"article\" \/>\n<meta property=\"og:title\" content=\"Water Evaporator | Minetek\" \/>\n<meta property=\"og:description\" content=\"Managing excess wastewater is critical for compliance and cost control. Minetek\u2019s water evaporator systems offer a sustainable solution for industrial needs.\" \/>\n<meta property=\"og:url\" content=\"https:\/\/minetek.com\/es-es\/water-evaporator\/\" \/>\n<meta property=\"og:site_name\" content=\"Minetek\" \/>\n<meta property=\"article:publisher\" content=\"https:\/\/www.facebook.com\/mineteksolutions\/\" \/>\n<meta property=\"article:modified_time\" content=\"2025-03-21T07:48:57+00:00\" \/>\n<meta name=\"twitter:card\" content=\"summary_large_image\" \/>\n<meta name=\"twitter:label1\" content=\"Tiempo de lectura\" \/>\n\t<meta name=\"twitter:data1\" content=\"5 minutos\" \/>\n<script type=\"application\/ld+json\" class=\"yoast-schema-graph\">{\"@context\":\"https:\\\/\\\/schema.org\",\"@graph\":[{\"@type\":\"WebPage\",\"@id\":\"https:\\\/\\\/minetek.com\\\/water-evaporator\\\/\",\"url\":\"https:\\\/\\\/minetek.com\\\/water-evaporator\\\/\",\"name\":\"Water Evaporator | Minetek\",\"isPartOf\":{\"@id\":\"https:\\\/\\\/minetek.com\\\/#website\"},\"datePublished\":\"2025-03-21T04:27:40+00:00\",\"dateModified\":\"2025-03-21T07:48:57+00:00\",\"description\":\"Managing excess wastewater is critical for compliance and cost control. Minetek\u2019s water evaporator systems offer a sustainable solution for industrial needs.\",\"breadcrumb\":{\"@id\":\"https:\\\/\\\/minetek.com\\\/water-evaporator\\\/#breadcrumb\"},\"inLanguage\":\"es\",\"potentialAction\":[{\"@type\":\"ReadAction\",\"target\":[\"https:\\\/\\\/minetek.com\\\/water-evaporator\\\/\"]}]},{\"@type\":\"BreadcrumbList\",\"@id\":\"https:\\\/\\\/minetek.com\\\/water-evaporator\\\/#breadcrumb\",\"itemListElement\":[{\"@type\":\"ListItem\",\"position\":1,\"name\":\"Home\",\"item\":\"https:\\\/\\\/minetek.com\\\/\"},{\"@type\":\"ListItem\",\"position\":2,\"name\":\"Water Evaporator\"}]},{\"@type\":\"WebSite\",\"@id\":\"https:\\\/\\\/minetek.com\\\/#website\",\"url\":\"https:\\\/\\\/minetek.com\\\/\",\"name\":\"Minetek\",\"description\":\"World-class water evaporation, underground ventilation, sound reduction solutions for mining and industry.\",\"publisher\":{\"@id\":\"https:\\\/\\\/minetek.com\\\/#organization\"},\"potentialAction\":[{\"@type\":\"SearchAction\",\"target\":{\"@type\":\"EntryPoint\",\"urlTemplate\":\"https:\\\/\\\/minetek.com\\\/?s={search_term_string}\"},\"query-input\":{\"@type\":\"PropertyValueSpecification\",\"valueRequired\":true,\"valueName\":\"search_term_string\"}}],\"inLanguage\":\"es\"},{\"@type\":\"Organization\",\"@id\":\"https:\\\/\\\/minetek.com\\\/#organization\",\"name\":\"Minetek\",\"url\":\"https:\\\/\\\/minetek.com\\\/\",\"logo\":{\"@type\":\"ImageObject\",\"inLanguage\":\"es\",\"@id\":\"https:\\\/\\\/minetek.com\\\/#\\\/schema\\\/logo\\\/image\\\/\",\"url\":\"https:\\\/\\\/minetek.com\\\/wp-content\\\/uploads\\\/2025\\\/02\\\/13.png\",\"contentUrl\":\"https:\\\/\\\/minetek.com\\\/wp-content\\\/uploads\\\/2025\\\/02\\\/13.png\",\"width\":600,\"height\":600,\"caption\":\"Minetek\"},\"image\":{\"@id\":\"https:\\\/\\\/minetek.com\\\/#\\\/schema\\\/logo\\\/image\\\/\"},\"sameAs\":[\"https:\\\/\\\/www.facebook.com\\\/mineteksolutions\\\/\",\"https:\\\/\\\/www.linkedin.com\\\/company\\\/minetek\\\/\"]}]}<\/script>\n<!-- \/ Yoast SEO plugin. -->","yoast_head_json":{"title":"Water Evaporator | Minetek","description":"Managing excess wastewater is critical for compliance and cost control. Minetek\u2019s water evaporator systems offer a sustainable solution for industrial needs.","robots":{"index":"index","follow":"follow","max-snippet":"max-snippet:-1","max-image-preview":"max-image-preview:large","max-video-preview":"max-video-preview:-1"},"canonical":"https:\/\/minetek.com\/es-es\/water-evaporator\/","og_locale":"es_ES","og_type":"article","og_title":"Water Evaporator | Minetek","og_description":"Managing excess wastewater is critical for compliance and cost control. Minetek\u2019s water evaporator systems offer a sustainable solution for industrial needs.","og_url":"https:\/\/minetek.com\/es-es\/water-evaporator\/","og_site_name":"Minetek","article_publisher":"https:\/\/www.facebook.com\/mineteksolutions\/","article_modified_time":"2025-03-21T07:48:57+00:00","twitter_card":"summary_large_image","twitter_misc":{"Tiempo de lectura":"5 minutos"},"schema":{"@context":"https:\/\/schema.org","@graph":[{"@type":"WebPage","@id":"https:\/\/minetek.com\/water-evaporator\/","url":"https:\/\/minetek.com\/water-evaporator\/","name":"Water Evaporator | Minetek","isPartOf":{"@id":"https:\/\/minetek.com\/#website"},"datePublished":"2025-03-21T04:27:40+00:00","dateModified":"2025-03-21T07:48:57+00:00","description":"Managing excess wastewater is critical for compliance and cost control. Minetek\u2019s water evaporator systems offer a sustainable solution for industrial needs.","breadcrumb":{"@id":"https:\/\/minetek.com\/water-evaporator\/#breadcrumb"},"inLanguage":"es","potentialAction":[{"@type":"ReadAction","target":["https:\/\/minetek.com\/water-evaporator\/"]}]},{"@type":"BreadcrumbList","@id":"https:\/\/minetek.com\/water-evaporator\/#breadcrumb","itemListElement":[{"@type":"ListItem","position":1,"name":"Home","item":"https:\/\/minetek.com\/"},{"@type":"ListItem","position":2,"name":"Water Evaporator"}]},{"@type":"WebSite","@id":"https:\/\/minetek.com\/#website","url":"https:\/\/minetek.com\/","name":"Minetek","description":"Soluciones de primera clase para evaporaci\u00f3n de agua, ventilaci\u00f3n subterr\u00e1nea y reducci\u00f3n del ruido en la miner\u00eda y la industria.","publisher":{"@id":"https:\/\/minetek.com\/#organization"},"potentialAction":[{"@type":"SearchAction","target":{"@type":"EntryPoint","urlTemplate":"https:\/\/minetek.com\/?s={search_term_string}"},"query-input":{"@type":"PropertyValueSpecification","valueRequired":true,"valueName":"search_term_string"}}],"inLanguage":"es"},{"@type":"Organization","@id":"https:\/\/minetek.com\/#organization","name":"Minetek","url":"https:\/\/minetek.com\/","logo":{"@type":"ImageObject","inLanguage":"es","@id":"https:\/\/minetek.com\/#\/schema\/logo\/image\/","url":"https:\/\/minetek.com\/wp-content\/uploads\/2025\/02\/13.png","contentUrl":"https:\/\/minetek.com\/wp-content\/uploads\/2025\/02\/13.png","width":600,"height":600,"caption":"Minetek"},"image":{"@id":"https:\/\/minetek.com\/#\/schema\/logo\/image\/"},"sameAs":["https:\/\/www.facebook.com\/mineteksolutions\/","https:\/\/www.linkedin.com\/company\/minetek\/"]}]}},"_links":{"self":[{"href":"https:\/\/minetek.com\/es-es\/wp-json\/wp\/v2\/pages\/4776","targetHints":{"allow":["GET"]}}],"collection":[{"href":"https:\/\/minetek.com\/es-es\/wp-json\/wp\/v2\/pages"}],"about":[{"href":"https:\/\/minetek.com\/es-es\/wp-json\/wp\/v2\/types\/page"}],"author":[{"embeddable":true,"href":"https:\/\/minetek.com\/es-es\/wp-json\/wp\/v2\/users\/10"}],"replies":[{"embeddable":true,"href":"https:\/\/minetek.com\/es-es\/wp-json\/wp\/v2\/comments?post=4776"}],"version-history":[{"count":0,"href":"https:\/\/minetek.com\/es-es\/wp-json\/wp\/v2\/pages\/4776\/revisions"}],"wp:attachment":[{"href":"https:\/\/minetek.com\/es-es\/wp-json\/wp\/v2\/media?parent=4776"}],"curies":[{"name":"wp","href":"https:\/\/api.w.org\/{rel}","templated":true}]}}