{"id":4745,"date":"2025-03-20T17:20:10","date_gmt":"2025-03-20T06:20:10","guid":{"rendered":"https:\/\/minetek.com\/?page_id=4745"},"modified":"2025-03-21T17:36:37","modified_gmt":"2025-03-21T06:36:37","slug":"wastewater-treatment-facility","status":"publish","type":"page","link":"https:\/\/minetek.com\/es-es\/wastewater-treatment-facility\/","title":{"rendered":"Wastewater Treatment Facility"},"content":{"rendered":"<div class=\"c-cms-content\"><h1>Puede <strong>evaporadores de agua<\/strong> \u00bfsustituir una instalaci\u00f3n de tratamiento de aguas residuales? Lo que hay que saber<\/h1>\n<p><span style=\"font-weight: 400;\">Aunque varias empresas han utilizado soluciones de instalaciones de tratamiento de aguas residuales, existe una opci\u00f3n que puede reducir o eliminar la cantidad de tratamiento necesario, con lo que ahorrar\u00e1 dinero y mejorar\u00e1 su eficacia operativa.\u00a0<\/span><\/p>\n<p><span style=\"font-weight: 400;\">Si su equipo ha estado buscando soluciones alternativas o complementarias a una <\/span><a href=\"https:\/\/minetek.com\/es-es\/wastewater-management-plant\/\"><span style=\"font-weight: 400;\">planta de tratamiento de aguas residuales<\/span><\/a><span style=\"font-weight: 400;\">considere la posibilidad de obtener m\u00e1s informaci\u00f3n sobre los sistemas de evaporaci\u00f3n de agua de Minetek.<\/span><\/p>\n<p>&nbsp;<\/p>\n<h2><span style=\"font-weight: 400;\">Respuesta r\u00e1pida: Los evaporadores de agua pueden sustituir o complementar una instalaci\u00f3n de tratamiento de aguas residuales.<\/span><\/h2>\n<h3><span style=\"font-weight: 400;\">El tratamiento de las aguas residuales elimina los contaminantes, mientras que la evaporaci\u00f3n se centra en la reducci\u00f3n del volumen.<\/span><\/h3>\n<p><span style=\"font-weight: 400;\">Las soluciones convencionales para aguas residuales de las depuradoras est\u00e1n estructuradas para eliminar contaminantes con el fin de cumplir la normativa medioambiental. En cambio, los sistemas de evaporaci\u00f3n mec\u00e1nica del agua est\u00e1n dise\u00f1ados para disminuir las cantidades de aguas residuales.\u00a0<\/span><\/p>\n<p><span style=\"font-weight: 400;\">Esta tecnolog\u00eda puede ser a menudo un gran proceso complementario dependiendo de los objetivos espec\u00edficos del tratamiento. De hecho, cuando se recurre a una soluci\u00f3n de evaporaci\u00f3n de agua fiable como la nuestra en Minetek, esto puede incluso eliminar la necesidad de tratamiento por completo.<\/span><\/p>\n<h3><span style=\"font-weight: 400;\">La evaporaci\u00f3n a gran escala funciona bien para las industrias que necesitan gestionar un elevado vertido de agua.<\/span><\/h3>\n<p><span style=\"font-weight: 400;\">Los sectores de la miner\u00eda, la energ\u00eda y la producci\u00f3n de petr\u00f3leo y gas suelen generar una cantidad considerable de aguas residuales. La integraci\u00f3n de evaporadores a gran escala en estos sectores constituye un medio productivo de gestionar el vertido de un volumen excesivo de agua.\u00a0<\/span><\/p>\n<p><span style=\"font-weight: 400;\">Adem\u00e1s, cuando se utiliza como sistema integral de gesti\u00f3n del agua o como soluci\u00f3n h\u00edbrida a un <\/span><a href=\"https:\/\/minetek.com\/es-es\/water-management-plant\/\"><span style=\"font-weight: 400;\">planta de tratamiento de aguas<\/span><\/a><span style=\"font-weight: 400;\">, los evaporadores pueden ayudar a cumplir la normativa y optimizar las operaciones.<\/span><\/p>\n<p>&nbsp;<\/p>\n<h2><span style=\"font-weight: 400;\">La evaporaci\u00f3n desempe\u00f1a un papel importante en la reducci\u00f3n de las aguas residuales.<\/span><\/h2>\n<h3><span style=\"font-weight: 400;\">La transformaci\u00f3n de l\u00edquido en vapor reduce considerablemente el volumen de agua.<\/span><\/h3>\n<p><span style=\"font-weight: 400;\">Utilizando <\/span><a href=\"https:\/\/minetek.com\/es-es\/evaporation-systems\/\"><span style=\"font-weight: 400;\">sistemas de evaporaci\u00f3n<\/span><\/a><span style=\"font-weight: 400;\">las empresas y los negocios pueden reducir dr\u00e1sticamente las cantidades de aguas residuales para dejar residuos concentrados para su eliminaci\u00f3n final.\u00a0<\/span><\/p>\n<p><span style=\"font-weight: 400;\">Estos sistemas concentran contaminantes como sales y metales pesados para reducir la carga de los procesos de tratamiento de aguas residuales. De este modo, la evaporaci\u00f3n es una soluci\u00f3n eficaz para quienes desean eliminar o suprimir la necesidad de tratamiento del agua en general.\u00a0<\/span><\/p>\n<h3><span style=\"font-weight: 400;\">El calor, el flujo de aire y la humedad afectan a la rapidez con que se evapora el agua.<\/span><\/h3>\n<p><span style=\"font-weight: 400;\">Las condiciones c\u00e1lidas y los niveles elevados de flujo de aire suelen acelerar la evaporaci\u00f3n, mientras que el exceso de humedad puede dificultarla. Por lo tanto, tener en cuenta estos elementos es clave a la hora de buscar soluciones de evaporaci\u00f3n para su proyecto.<\/span><\/p>\n<p><span style=\"font-weight: 400;\">Sin embargo, esto no significa que tenga que descartar esta soluci\u00f3n si las condiciones de su ubicaci\u00f3n no aceleran necesariamente este proceso. En Minetek, tenemos sistemas de evaporaci\u00f3n de agua funcionando en todo el mundo, incluso en pa\u00edses m\u00e1s fr\u00edos como Canad\u00e1. De hecho, nuestra soluci\u00f3n de evaporaci\u00f3n funciona incluso por la noche, cuando la temperatura desciende a\u00fan m\u00e1s.\u00a0<\/span><\/p>\n<p><span style=\"font-weight: 400;\">Por lo tanto, aunque es esencial ser consciente de c\u00f3mo pueden afectar sus condiciones al proceso, con Minetek, el clima en el que opere no ser\u00e1 un impedimento.\u00a0\u00a0<\/span><\/p>\n<h3><span style=\"font-weight: 400;\">La normativa medioambiental apoya la evaporaci\u00f3n cuando se hace correctamente.<\/span><\/h3>\n<p><span style=\"font-weight: 400;\">Organismos federales y estatales como la Agencia de Protecci\u00f3n del Medio Ambiente de Estados Unidos (EPA) establecen directrices de gesti\u00f3n de las aguas residuales que abarcan la normativa de las instalaciones de tratamiento, los m\u00e9todos de evaporaci\u00f3n y otros aspectos.\u00a0<\/span><\/p>\n<p><span style=\"font-weight: 400;\">Varios estados permiten la evaporaci\u00f3n in situ para reducir los residuos l\u00edquidos, siempre que todos los aspectos cumplan las pol\u00edticas de calidad del aire, las restricciones de vertido y las especificaciones sobre materiales peligrosos. As\u00ed pues, si desea utilizar <\/span><a href=\"https:\/\/minetek.com\/es-es\/evaporator-systems\/\"><span style=\"font-weight: 400;\">sistemas de evaporaci\u00f3n<\/span><\/a><span style=\"font-weight: 400;\"> que garanticen el cumplimiento de la normativa medioambiental, puede contar con nosotros en Minetek.<\/span><\/p>\n<p>&nbsp;<\/p>\n<h2><span style=\"font-weight: 400;\">\u00bfC\u00f3mo funcionan los evaporadores como complemento de una instalaci\u00f3n de tratamiento de aguas residuales?<\/span><\/h2>\n<h3><span style=\"font-weight: 400;\">Los ventiladores de gran volumen y los sistemas de pulverizaci\u00f3n aceleran la evaporaci\u00f3n en comparaci\u00f3n con los m\u00e9todos pasivos.<\/span><\/h3>\n<p><span style=\"font-weight: 400;\">Antes de recurrir a soluciones de tratamiento de aguas residuales, puede recurrir a sistemas de evaporaci\u00f3n como el nuestro.<\/span><\/p>\n<p><span style=\"font-weight: 400;\">Los sistemas de evaporaci\u00f3n mec\u00e1nica aprovechan el fuerte flujo de aire o los sistemas de pulverizaci\u00f3n de niebla fina. Al ampliar la superficie de agua expuesta al aire, los sistemas de evaporaci\u00f3n mec\u00e1nica aceleran la vaporizaci\u00f3n, lo que los hace id\u00f3neos para reducir los considerables vol\u00famenes de aguas residuales que deben tratarse. <\/span><span style=\"font-weight: 400;\"><br \/>\n<\/span><span style=\"font-weight: 400;\"><br \/>\n<\/span><span style=\"font-weight: 400;\">La evaporaci\u00f3n no s\u00f3lo acelera el proceso para aplicaciones a gran escala, sino que tambi\u00e9n permite ahorrar dinero, ya que el tratamiento suele ser m\u00e1s caro que la evaporaci\u00f3n. As\u00ed que ya puede dejar de buscar \"<\/span><a href=\"https:\/\/minetek.com\/es-es\/waste-water-treatment-plant-near-me\/\"><span style=\"font-weight: 400;\">depuradora de aguas residuales cerca de m\u00ed<\/span><\/a><span style=\"font-weight: 400;\">\" y recurrir primero a Minetek.<\/span><\/p>\n<h3><span style=\"font-weight: 400;\">Los evaporadores tambi\u00e9n pueden funcionar como una alternativa completa.\u00a0<\/span><\/h3>\n<p><span style=\"font-weight: 400;\">Aunque nuestros sistemas constituyen una gran soluci\u00f3n complementaria a una instalaci\u00f3n de tratamiento de aguas residuales, los evaporadores de Minetek tambi\u00e9n pueden sustituir por completo la necesidad de tratamiento. Tanto nuestros evaporadores terrestres como flotantes son eficientes y capaces de procesar grandes cantidades de agua y son completos. Esto significa que, tras la evaporaci\u00f3n del agua, puede que ya ni siquiera sea necesario el tratamiento.<\/span><\/p>\n<p>&nbsp;<\/p>\n<h2><span style=\"font-weight: 400;\">Minetek ofrece soluciones fiables para la gesti\u00f3n del agua industrial.<\/span><\/h2>\n<p><span style=\"font-weight: 400;\">La tecnolog\u00eda avanzada de evaporaci\u00f3n puede facilitar la gesti\u00f3n medioambiental del agua.\u00a0<\/span><\/p>\n<p><span style=\"font-weight: 400;\">Minetek reduce cuidadosamente los vol\u00famenes de aguas residuales incluso en condiciones y entornos exigentes, lo que puede ayudar a mejorar la capacidad de tratamiento, reducir costes e incluso minimizar o eliminar la necesidad de una instalaci\u00f3n adicional de tratamiento de aguas residuales. Nuestra tecnolog\u00eda se alinea con el cumplimiento estricto para ayudar a las operaciones a mantenerse dentro de los est\u00e1ndares legales y sostenibles.<\/span><\/p>\n<p><span style=\"font-weight: 400;\">Si su empresa ha estado buscando servicios de tratamiento de aguas residuales que cumplan la normativa, est\u00e1 en el lugar adecuado. Minetek puede ayudarle antes del procesamiento de las instalaciones de tratamiento de aguas residuales para reducir costes o ser la soluci\u00f3n alternativa que elimine por completo la necesidad de tratamiento. Nuestras soluciones de evaporaci\u00f3n adaptables y a medida pueden incluso integrarse en su infraestructura actual como procedimiento complementario.\u00a0<\/span><\/p>\n<p>&nbsp;<\/p>\n<h2><span style=\"font-weight: 400;\">Preguntas m\u00e1s frecuentes (FAQ)<\/span><\/h2>\n<h2><span style=\"font-weight: 400;\">\u00bfPor qu\u00e9 es importante la gesti\u00f3n de las aguas residuales para las industrias?<\/span><\/h2>\n<p><span style=\"font-weight: 400;\">En <\/span><a href=\"https:\/\/minetek.com\/es-es\/wastewater-management-process\/\"><span style=\"font-weight: 400;\">proceso de gesti\u00f3n de aguas residuales<\/span><\/a><span style=\"font-weight: 400;\"> es vital para que las industrias eviten la contaminaci\u00f3n, cumplan la legislaci\u00f3n medioambiental y mantengan pr\u00e1cticas sostenibles. Un tratamiento adecuado elimina los contaminantes nocivos antes de su eliminaci\u00f3n para salvaguardar los ecosistemas y las reservas de agua. Por el contrario, descuidar las soluciones de cumplimiento de la normativa en materia de aguas residuales puede acarrear sanciones legales, contratiempos operativos y perjuicios para su reputaci\u00f3n.<\/span><\/p>\n<p>&nbsp;<\/p>\n<h2><span style=\"font-weight: 400;\">\u00bfCu\u00e1les son las ventajas de la evaporaci\u00f3n mec\u00e1nica del agua?<\/span><\/h2>\n<p><span style=\"font-weight: 400;\">La conversi\u00f3n de residuos l\u00edquidos en vapor reduce el volumen de agua que necesita tratamiento o almacenamiento. Este m\u00e9todo es especialmente beneficioso para las industrias que manipulan altos niveles de contaminantes, ya que los evaporadores ayudan a concentrar los materiales peligrosos para una eliminaci\u00f3n m\u00e1s segura. Adem\u00e1s, la evaporaci\u00f3n disminuye la dependencia de productos qu\u00edmicos, reduce la generaci\u00f3n de lodos y, en ciertos casos, facilita la recuperaci\u00f3n de recursos valiosos.<\/span><\/p>\n<p>&nbsp;<\/p>\n<h2><span style=\"font-weight: 400;\">\u00bfC\u00f3mo pueden ayudar las soluciones de evaporaci\u00f3n de agua a cumplir la normativa?<\/span><\/h2>\n<p><span style=\"font-weight: 400;\">Los sistemas de evaporaci\u00f3n ayudan a las industrias a cumplir las normas reduciendo el volumen de aguas residuales y concentrando los contaminantes para simplificar su eliminaci\u00f3n. Los sectores que operan bajo estrictas pol\u00edticas medioambientales pueden utilizar la evaporaci\u00f3n para gestionar los contaminantes y cumplir los l\u00edmites de vertido establecidos por organismos reguladores como la EPA.\u00a0<\/span><\/p>\n<p><span style=\"font-weight: 400;\">Las soluciones de eliminaci\u00f3n de aguas residuales bien dise\u00f1adas ayudan a las empresas a minimizar las multas, mitigar los riesgos medioambientales y apoyar los esfuerzos de sostenibilidad a largo plazo.<\/span><\/p>\n<h3><span style=\"font-weight: 400;\">Elija Minetek para una soluci\u00f3n de evaporaci\u00f3n personalizada.\u00a0<\/span><\/h3>\n<p><span style=\"font-weight: 400;\">Si busca soluciones alternativas o complementarias a un <\/span><a href=\"https:\/\/minetek.com\/es-es\/water-and-wastewater-treatment-plant\/\"><span style=\"font-weight: 400;\">planta de tratamiento de agua y aguas residuales<\/span><\/a><span style=\"font-weight: 400;\">Minetek le ofrece evaporadores de agua terrestres o flotantes a medida. Adem\u00e1s, tambi\u00e9n disponemos de un sistema de gesti\u00f3n medioambiental (EMS) para la supervisi\u00f3n en tiempo real y la respuesta a los cambios medioambientales para obtener el m\u00e1ximo rendimiento.\u00a0<\/span><\/p>\n<p><span style=\"font-weight: 400;\">Independientemente de si se trata de deshidrataci\u00f3n de pozos, presas de relaves u otras aplicaciones diversas, solicite informaci\u00f3n hoy mismo para empezar a trabajar con Minetek.\u00a0<\/span><\/p>\n<\/div>","protected":false},"excerpt":{"rendered":"<p>Can water evaporators replace a wastewater treatment facility? What you need to know While wastewater treatment facility solutions have been utilized by various companies, there\u2019s an option that can reduce or eliminate the amount of treatment needed, thus saving you money and improving your operational efficiency.\u00a0 If your team has been searching for alternative or supplemental solutions to a wastewater management plant, consider learning more about Minetek\u2019s water evaporation systems. &nbsp; Quick answer: Water evaporators can replace or complement a wastewater treatment facility. Wastewater treatment removes contaminants, while evaporation focuses on volume reduction. Conventional wastewater solutions from treatment plants are [&hellip;]<\/p>\n","protected":false},"author":10,"featured_media":0,"parent":0,"menu_order":0,"comment_status":"closed","ping_status":"closed","template":"template-headshoulder.php","meta":{"_acf_changed":false,"footnotes":""},"class_list":["post-4745","page","type-page","status-publish","hentry"],"acf":[],"yoast_head":"<!-- This site is optimized with the Yoast SEO plugin v27.4 - https:\/\/yoast.com\/product\/yoast-seo-wordpress\/ -->\n<title>Wastewater Treatment Facility | Minetek<\/title>\n<meta name=\"description\" content=\"If your company has been considering a wastewater treatment facility, Minetek\u2019s water evaporator options may be the alternative or supplemental solution you\u2019re looking for.\" \/>\n<meta name=\"robots\" content=\"index, follow, max-snippet:-1, max-image-preview:large, max-video-preview:-1\" \/>\n<link rel=\"canonical\" href=\"https:\/\/minetek.com\/es-es\/wastewater-treatment-facility\/\" \/>\n<meta property=\"og:locale\" content=\"es_ES\" \/>\n<meta property=\"og:type\" content=\"article\" \/>\n<meta property=\"og:title\" content=\"Wastewater Treatment Facility | Minetek\" \/>\n<meta property=\"og:description\" content=\"If your company has been considering a wastewater treatment facility, Minetek\u2019s water evaporator options may be the alternative or supplemental solution you\u2019re looking for.\" \/>\n<meta property=\"og:url\" content=\"https:\/\/minetek.com\/es-es\/wastewater-treatment-facility\/\" \/>\n<meta property=\"og:site_name\" content=\"Minetek\" \/>\n<meta property=\"article:publisher\" content=\"https:\/\/www.facebook.com\/mineteksolutions\/\" \/>\n<meta property=\"article:modified_time\" content=\"2025-03-21T06:36:37+00:00\" \/>\n<meta name=\"twitter:card\" content=\"summary_large_image\" \/>\n<meta name=\"twitter:label1\" content=\"Tiempo de lectura\" \/>\n\t<meta name=\"twitter:data1\" content=\"5 minutos\" \/>\n<script type=\"application\/ld+json\" class=\"yoast-schema-graph\">{\"@context\":\"https:\\\/\\\/schema.org\",\"@graph\":[{\"@type\":\"WebPage\",\"@id\":\"https:\\\/\\\/minetek.com\\\/wastewater-treatment-facility\\\/\",\"url\":\"https:\\\/\\\/minetek.com\\\/wastewater-treatment-facility\\\/\",\"name\":\"Wastewater Treatment Facility | Minetek\",\"isPartOf\":{\"@id\":\"https:\\\/\\\/minetek.com\\\/#website\"},\"datePublished\":\"2025-03-20T06:20:10+00:00\",\"dateModified\":\"2025-03-21T06:36:37+00:00\",\"description\":\"If your company has been considering a wastewater treatment facility, Minetek\u2019s water evaporator options may be the alternative or supplemental solution you\u2019re looking for.\",\"breadcrumb\":{\"@id\":\"https:\\\/\\\/minetek.com\\\/wastewater-treatment-facility\\\/#breadcrumb\"},\"inLanguage\":\"es\",\"potentialAction\":[{\"@type\":\"ReadAction\",\"target\":[\"https:\\\/\\\/minetek.com\\\/wastewater-treatment-facility\\\/\"]}]},{\"@type\":\"BreadcrumbList\",\"@id\":\"https:\\\/\\\/minetek.com\\\/wastewater-treatment-facility\\\/#breadcrumb\",\"itemListElement\":[{\"@type\":\"ListItem\",\"position\":1,\"name\":\"Home\",\"item\":\"https:\\\/\\\/minetek.com\\\/\"},{\"@type\":\"ListItem\",\"position\":2,\"name\":\"Wastewater Treatment Facility\"}]},{\"@type\":\"WebSite\",\"@id\":\"https:\\\/\\\/minetek.com\\\/#website\",\"url\":\"https:\\\/\\\/minetek.com\\\/\",\"name\":\"Minetek\",\"description\":\"World-class water evaporation, underground ventilation, sound reduction solutions for mining and industry.\",\"publisher\":{\"@id\":\"https:\\\/\\\/minetek.com\\\/#organization\"},\"potentialAction\":[{\"@type\":\"SearchAction\",\"target\":{\"@type\":\"EntryPoint\",\"urlTemplate\":\"https:\\\/\\\/minetek.com\\\/?s={search_term_string}\"},\"query-input\":{\"@type\":\"PropertyValueSpecification\",\"valueRequired\":true,\"valueName\":\"search_term_string\"}}],\"inLanguage\":\"es\"},{\"@type\":\"Organization\",\"@id\":\"https:\\\/\\\/minetek.com\\\/#organization\",\"name\":\"Minetek\",\"url\":\"https:\\\/\\\/minetek.com\\\/\",\"logo\":{\"@type\":\"ImageObject\",\"inLanguage\":\"es\",\"@id\":\"https:\\\/\\\/minetek.com\\\/#\\\/schema\\\/logo\\\/image\\\/\",\"url\":\"https:\\\/\\\/minetek.com\\\/wp-content\\\/uploads\\\/2025\\\/02\\\/13.png\",\"contentUrl\":\"https:\\\/\\\/minetek.com\\\/wp-content\\\/uploads\\\/2025\\\/02\\\/13.png\",\"width\":600,\"height\":600,\"caption\":\"Minetek\"},\"image\":{\"@id\":\"https:\\\/\\\/minetek.com\\\/#\\\/schema\\\/logo\\\/image\\\/\"},\"sameAs\":[\"https:\\\/\\\/www.facebook.com\\\/mineteksolutions\\\/\",\"https:\\\/\\\/www.linkedin.com\\\/company\\\/minetek\\\/\"]}]}<\/script>\n<!-- \/ Yoast SEO plugin. -->","yoast_head_json":{"title":"Planta de tratamiento de aguas residuales | Minetek","description":"Si su empresa ha estado considerando una instalaci\u00f3n de tratamiento de aguas residuales, las opciones de evaporadores de agua de Minetek pueden ser la soluci\u00f3n alternativa o complementaria que est\u00e1 buscando.","robots":{"index":"index","follow":"follow","max-snippet":"max-snippet:-1","max-image-preview":"max-image-preview:large","max-video-preview":"max-video-preview:-1"},"canonical":"https:\/\/minetek.com\/es-es\/wastewater-treatment-facility\/","og_locale":"es_ES","og_type":"article","og_title":"Wastewater Treatment Facility | Minetek","og_description":"If your company has been considering a wastewater treatment facility, Minetek\u2019s water evaporator options may be the alternative or supplemental solution you\u2019re looking for.","og_url":"https:\/\/minetek.com\/es-es\/wastewater-treatment-facility\/","og_site_name":"Minetek","article_publisher":"https:\/\/www.facebook.com\/mineteksolutions\/","article_modified_time":"2025-03-21T06:36:37+00:00","twitter_card":"summary_large_image","twitter_misc":{"Tiempo de lectura":"5 minutos"},"schema":{"@context":"https:\/\/schema.org","@graph":[{"@type":"WebPage","@id":"https:\/\/minetek.com\/wastewater-treatment-facility\/","url":"https:\/\/minetek.com\/wastewater-treatment-facility\/","name":"Planta de tratamiento de aguas residuales | Minetek","isPartOf":{"@id":"https:\/\/minetek.com\/#website"},"datePublished":"2025-03-20T06:20:10+00:00","dateModified":"2025-03-21T06:36:37+00:00","description":"Si su empresa ha estado considerando una instalaci\u00f3n de tratamiento de aguas residuales, las opciones de evaporadores de agua de Minetek pueden ser la soluci\u00f3n alternativa o complementaria que est\u00e1 buscando.","breadcrumb":{"@id":"https:\/\/minetek.com\/wastewater-treatment-facility\/#breadcrumb"},"inLanguage":"es","potentialAction":[{"@type":"ReadAction","target":["https:\/\/minetek.com\/wastewater-treatment-facility\/"]}]},{"@type":"BreadcrumbList","@id":"https:\/\/minetek.com\/wastewater-treatment-facility\/#breadcrumb","itemListElement":[{"@type":"ListItem","position":1,"name":"Home","item":"https:\/\/minetek.com\/"},{"@type":"ListItem","position":2,"name":"Wastewater Treatment Facility"}]},{"@type":"WebSite","@id":"https:\/\/minetek.com\/#website","url":"https:\/\/minetek.com\/","name":"Minetek","description":"Soluciones de primera clase para evaporaci\u00f3n de agua, ventilaci\u00f3n subterr\u00e1nea y reducci\u00f3n del ruido en la miner\u00eda y la industria.","publisher":{"@id":"https:\/\/minetek.com\/#organization"},"potentialAction":[{"@type":"SearchAction","target":{"@type":"EntryPoint","urlTemplate":"https:\/\/minetek.com\/?s={search_term_string}"},"query-input":{"@type":"PropertyValueSpecification","valueRequired":true,"valueName":"search_term_string"}}],"inLanguage":"es"},{"@type":"Organization","@id":"https:\/\/minetek.com\/#organization","name":"Minetek","url":"https:\/\/minetek.com\/","logo":{"@type":"ImageObject","inLanguage":"es","@id":"https:\/\/minetek.com\/#\/schema\/logo\/image\/","url":"https:\/\/minetek.com\/wp-content\/uploads\/2025\/02\/13.png","contentUrl":"https:\/\/minetek.com\/wp-content\/uploads\/2025\/02\/13.png","width":600,"height":600,"caption":"Minetek"},"image":{"@id":"https:\/\/minetek.com\/#\/schema\/logo\/image\/"},"sameAs":["https:\/\/www.facebook.com\/mineteksolutions\/","https:\/\/www.linkedin.com\/company\/minetek\/"]}]}},"_links":{"self":[{"href":"https:\/\/minetek.com\/es-es\/wp-json\/wp\/v2\/pages\/4745","targetHints":{"allow":["GET"]}}],"collection":[{"href":"https:\/\/minetek.com\/es-es\/wp-json\/wp\/v2\/pages"}],"about":[{"href":"https:\/\/minetek.com\/es-es\/wp-json\/wp\/v2\/types\/page"}],"author":[{"embeddable":true,"href":"https:\/\/minetek.com\/es-es\/wp-json\/wp\/v2\/users\/10"}],"replies":[{"embeddable":true,"href":"https:\/\/minetek.com\/es-es\/wp-json\/wp\/v2\/comments?post=4745"}],"version-history":[{"count":0,"href":"https:\/\/minetek.com\/es-es\/wp-json\/wp\/v2\/pages\/4745\/revisions"}],"wp:attachment":[{"href":"https:\/\/minetek.com\/es-es\/wp-json\/wp\/v2\/media?parent=4745"}],"curies":[{"name":"wp","href":"https:\/\/api.w.org\/{rel}","templated":true}]}}