{"id":3395,"date":"2024-06-12T11:53:17","date_gmt":"2024-06-12T01:53:17","guid":{"rendered":"https:\/\/minetek.com\/?page_id=3395"},"modified":"2025-08-05T09:40:36","modified_gmt":"2025-08-04T23:40:36","slug":"water-truck-sound-packages","status":"publish","type":"page","link":"https:\/\/minetek.com\/es-es\/solutions\/sound\/water-truck-sound-packages\/","title":{"rendered":"Paquetes de sonido para camiones de servicio y de agua"},"content":{"rendered":"","protected":false},"excerpt":{"rendered":"","protected":false},"author":1,"featured_media":2970,"parent":1474,"menu_order":0,"comment_status":"closed","ping_status":"closed","template":"","meta":{"_acf_changed":false,"footnotes":""},"class_list":["post-3395","page","type-page","status-publish","has-post-thumbnail","hentry"],"acf":[],"yoast_head":"<!-- This site is optimized with the Yoast SEO plugin v27.3 - https:\/\/yoast.com\/product\/yoast-seo-wordpress\/ -->\n<title>Water &amp; Service Truck Sound Packages | Minetek<\/title>\n<meta name=\"description\" content=\"Minetek&#039;s Water &amp; Service Truck Sound Packages offer effective noise control, ensuring regulatory compliance and improved working conditions.\" \/>\n<meta name=\"robots\" content=\"index, follow, max-snippet:-1, max-image-preview:large, max-video-preview:-1\" \/>\n<link rel=\"canonical\" href=\"https:\/\/minetek.com\/es-es\/soluciones\/sound\/water-truck-sound-packages\/\" \/>\n<meta property=\"og:locale\" content=\"es_ES\" \/>\n<meta property=\"og:type\" content=\"article\" \/>\n<meta property=\"og:title\" content=\"Water &amp; Service Truck Sound Packages | Minetek\" \/>\n<meta property=\"og:description\" content=\"Minetek&#039;s Water &amp; Service Truck Sound Packages offer effective noise control, ensuring regulatory compliance and improved working conditions.\" \/>\n<meta property=\"og:url\" content=\"https:\/\/minetek.com\/es-es\/soluciones\/sound\/water-truck-sound-packages\/\" \/>\n<meta property=\"og:site_name\" content=\"Minetek\" \/>\n<meta property=\"article:publisher\" content=\"https:\/\/www.facebook.com\/mineteksolutions\/\" \/>\n<meta property=\"article:modified_time\" content=\"2025-08-04T23:40:36+00:00\" \/>\n<meta property=\"og:image\" content=\"https:\/\/minetek.com\/wp-content\/uploads\/2024\/05\/Sound_Caterpillar_785_Water_Truck-e1718165989803.webp\" \/>\n\t<meta property=\"og:image:width\" content=\"1406\" \/>\n\t<meta property=\"og:image:height\" content=\"1125\" \/>\n\t<meta property=\"og:image:type\" content=\"image\/webp\" \/>\n<meta name=\"twitter:card\" content=\"summary_large_image\" \/>\n<meta name=\"twitter:label1\" content=\"Tiempo de lectura\" \/>\n\t<meta name=\"twitter:data1\" content=\"1 minuto\" \/>\n<script type=\"application\/ld+json\" class=\"yoast-schema-graph\">{\"@context\":\"https:\\\/\\\/schema.org\",\"@graph\":[{\"@type\":\"WebPage\",\"@id\":\"https:\\\/\\\/minetek.com\\\/solutions\\\/sound\\\/water-truck-sound-packages\\\/\",\"url\":\"https:\\\/\\\/minetek.com\\\/solutions\\\/sound\\\/water-truck-sound-packages\\\/\",\"name\":\"Water & Service Truck Sound Packages | Minetek\",\"isPartOf\":{\"@id\":\"https:\\\/\\\/minetek.com\\\/#website\"},\"primaryImageOfPage\":{\"@id\":\"https:\\\/\\\/minetek.com\\\/solutions\\\/sound\\\/water-truck-sound-packages\\\/#primaryimage\"},\"image\":{\"@id\":\"https:\\\/\\\/minetek.com\\\/solutions\\\/sound\\\/water-truck-sound-packages\\\/#primaryimage\"},\"thumbnailUrl\":\"https:\\\/\\\/minetek.com\\\/wp-content\\\/uploads\\\/2024\\\/05\\\/Sound_Caterpillar_785_Water_Truck-e1718165989803.webp\",\"datePublished\":\"2024-06-12T01:53:17+00:00\",\"dateModified\":\"2025-08-04T23:40:36+00:00\",\"description\":\"Minetek's Water & Service Truck Sound Packages offer effective noise control, ensuring regulatory compliance and improved working conditions.\",\"breadcrumb\":{\"@id\":\"https:\\\/\\\/minetek.com\\\/solutions\\\/sound\\\/water-truck-sound-packages\\\/#breadcrumb\"},\"inLanguage\":\"es\",\"potentialAction\":[{\"@type\":\"ReadAction\",\"target\":[\"https:\\\/\\\/minetek.com\\\/solutions\\\/sound\\\/water-truck-sound-packages\\\/\"]}]},{\"@type\":\"ImageObject\",\"inLanguage\":\"es\",\"@id\":\"https:\\\/\\\/minetek.com\\\/solutions\\\/sound\\\/water-truck-sound-packages\\\/#primaryimage\",\"url\":\"https:\\\/\\\/minetek.com\\\/wp-content\\\/uploads\\\/2024\\\/05\\\/Sound_Caterpillar_785_Water_Truck-e1718165989803.webp\",\"contentUrl\":\"https:\\\/\\\/minetek.com\\\/wp-content\\\/uploads\\\/2024\\\/05\\\/Sound_Caterpillar_785_Water_Truck-e1718165989803.webp\",\"width\":1406,\"height\":1125,\"caption\":\"Sound Caterpillar Truck Caterpillar 785 Water truck\"},{\"@type\":\"BreadcrumbList\",\"@id\":\"https:\\\/\\\/minetek.com\\\/solutions\\\/sound\\\/water-truck-sound-packages\\\/#breadcrumb\",\"itemListElement\":[{\"@type\":\"ListItem\",\"position\":1,\"name\":\"Home\",\"item\":\"https:\\\/\\\/minetek.com\\\/\"},{\"@type\":\"ListItem\",\"position\":2,\"name\":\"Solutions\",\"item\":\"https:\\\/\\\/minetek.com\\\/solutions\\\/\"},{\"@type\":\"ListItem\",\"position\":3,\"name\":\"Sound\",\"item\":\"https:\\\/\\\/minetek.com\\\/solutions\\\/sound\\\/\"},{\"@type\":\"ListItem\",\"position\":4,\"name\":\"Service &#038; Water Truck Sound Packages\"}]},{\"@type\":\"WebSite\",\"@id\":\"https:\\\/\\\/minetek.com\\\/#website\",\"url\":\"https:\\\/\\\/minetek.com\\\/\",\"name\":\"Minetek\",\"description\":\"World-class water evaporation, underground ventilation, sound reduction solutions for mining and industry.\",\"publisher\":{\"@id\":\"https:\\\/\\\/minetek.com\\\/#organization\"},\"potentialAction\":[{\"@type\":\"SearchAction\",\"target\":{\"@type\":\"EntryPoint\",\"urlTemplate\":\"https:\\\/\\\/minetek.com\\\/?s={search_term_string}\"},\"query-input\":{\"@type\":\"PropertyValueSpecification\",\"valueRequired\":true,\"valueName\":\"search_term_string\"}}],\"inLanguage\":\"es\"},{\"@type\":\"Organization\",\"@id\":\"https:\\\/\\\/minetek.com\\\/#organization\",\"name\":\"Minetek\",\"url\":\"https:\\\/\\\/minetek.com\\\/\",\"logo\":{\"@type\":\"ImageObject\",\"inLanguage\":\"es\",\"@id\":\"https:\\\/\\\/minetek.com\\\/#\\\/schema\\\/logo\\\/image\\\/\",\"url\":\"https:\\\/\\\/minetek.com\\\/wp-content\\\/uploads\\\/2025\\\/02\\\/13.png\",\"contentUrl\":\"https:\\\/\\\/minetek.com\\\/wp-content\\\/uploads\\\/2025\\\/02\\\/13.png\",\"width\":600,\"height\":600,\"caption\":\"Minetek\"},\"image\":{\"@id\":\"https:\\\/\\\/minetek.com\\\/#\\\/schema\\\/logo\\\/image\\\/\"},\"sameAs\":[\"https:\\\/\\\/www.facebook.com\\\/mineteksolutions\\\/\",\"https:\\\/\\\/www.linkedin.com\\\/company\\\/minetek\\\/\"]}]}<\/script>\n<!-- \/ Yoast SEO plugin. -->","yoast_head_json":{"title":"Paquetes de sonido para camiones de agua y de servicio | Minetek","description":"Los paquetes ac\u00fasticos para camiones de agua y servicios de Minetek ofrecen un control eficaz del ruido, garantizando el cumplimiento de la normativa y la mejora de las condiciones de trabajo.","robots":{"index":"index","follow":"follow","max-snippet":"max-snippet:-1","max-image-preview":"max-image-preview:large","max-video-preview":"max-video-preview:-1"},"canonical":"https:\/\/minetek.com\/es-es\/soluciones\/sound\/water-truck-sound-packages\/","og_locale":"es_ES","og_type":"article","og_title":"Water & Service Truck Sound Packages | Minetek","og_description":"Minetek's Water & Service Truck Sound Packages offer effective noise control, ensuring regulatory compliance and improved working conditions.","og_url":"https:\/\/minetek.com\/es-es\/soluciones\/sound\/water-truck-sound-packages\/","og_site_name":"Minetek","article_publisher":"https:\/\/www.facebook.com\/mineteksolutions\/","article_modified_time":"2025-08-04T23:40:36+00:00","og_image":[{"width":1406,"height":1125,"url":"https:\/\/minetek.com\/wp-content\/uploads\/2024\/05\/Sound_Caterpillar_785_Water_Truck-e1718165989803.webp","type":"image\/webp"}],"twitter_card":"summary_large_image","twitter_misc":{"Tiempo de lectura":"1 minuto"},"schema":{"@context":"https:\/\/schema.org","@graph":[{"@type":"WebPage","@id":"https:\/\/minetek.com\/solutions\/sound\/water-truck-sound-packages\/","url":"https:\/\/minetek.com\/solutions\/sound\/water-truck-sound-packages\/","name":"Paquetes de sonido para camiones de agua y de servicio | Minetek","isPartOf":{"@id":"https:\/\/minetek.com\/#website"},"primaryImageOfPage":{"@id":"https:\/\/minetek.com\/solutions\/sound\/water-truck-sound-packages\/#primaryimage"},"image":{"@id":"https:\/\/minetek.com\/solutions\/sound\/water-truck-sound-packages\/#primaryimage"},"thumbnailUrl":"https:\/\/minetek.com\/wp-content\/uploads\/2024\/05\/Sound_Caterpillar_785_Water_Truck-e1718165989803.webp","datePublished":"2024-06-12T01:53:17+00:00","dateModified":"2025-08-04T23:40:36+00:00","description":"Los paquetes ac\u00fasticos para camiones de agua y servicios de Minetek ofrecen un control eficaz del ruido, garantizando el cumplimiento de la normativa y la mejora de las condiciones de trabajo.","breadcrumb":{"@id":"https:\/\/minetek.com\/solutions\/sound\/water-truck-sound-packages\/#breadcrumb"},"inLanguage":"es","potentialAction":[{"@type":"ReadAction","target":["https:\/\/minetek.com\/solutions\/sound\/water-truck-sound-packages\/"]}]},{"@type":"ImageObject","inLanguage":"es","@id":"https:\/\/minetek.com\/solutions\/sound\/water-truck-sound-packages\/#primaryimage","url":"https:\/\/minetek.com\/wp-content\/uploads\/2024\/05\/Sound_Caterpillar_785_Water_Truck-e1718165989803.webp","contentUrl":"https:\/\/minetek.com\/wp-content\/uploads\/2024\/05\/Sound_Caterpillar_785_Water_Truck-e1718165989803.webp","width":1406,"height":1125,"caption":"Sound Caterpillar Truck Caterpillar 785 Water truck"},{"@type":"BreadcrumbList","@id":"https:\/\/minetek.com\/solutions\/sound\/water-truck-sound-packages\/#breadcrumb","itemListElement":[{"@type":"ListItem","position":1,"name":"Home","item":"https:\/\/minetek.com\/"},{"@type":"ListItem","position":2,"name":"Solutions","item":"https:\/\/minetek.com\/solutions\/"},{"@type":"ListItem","position":3,"name":"Sound","item":"https:\/\/minetek.com\/solutions\/sound\/"},{"@type":"ListItem","position":4,"name":"Service &#038; Water Truck Sound Packages"}]},{"@type":"WebSite","@id":"https:\/\/minetek.com\/#website","url":"https:\/\/minetek.com\/","name":"Minetek","description":"Soluciones de primera clase para evaporaci\u00f3n de agua, ventilaci\u00f3n subterr\u00e1nea y reducci\u00f3n del ruido en la miner\u00eda y la industria.","publisher":{"@id":"https:\/\/minetek.com\/#organization"},"potentialAction":[{"@type":"SearchAction","target":{"@type":"EntryPoint","urlTemplate":"https:\/\/minetek.com\/?s={search_term_string}"},"query-input":{"@type":"PropertyValueSpecification","valueRequired":true,"valueName":"search_term_string"}}],"inLanguage":"es"},{"@type":"Organization","@id":"https:\/\/minetek.com\/#organization","name":"Minetek","url":"https:\/\/minetek.com\/","logo":{"@type":"ImageObject","inLanguage":"es","@id":"https:\/\/minetek.com\/#\/schema\/logo\/image\/","url":"https:\/\/minetek.com\/wp-content\/uploads\/2025\/02\/13.png","contentUrl":"https:\/\/minetek.com\/wp-content\/uploads\/2025\/02\/13.png","width":600,"height":600,"caption":"Minetek"},"image":{"@id":"https:\/\/minetek.com\/#\/schema\/logo\/image\/"},"sameAs":["https:\/\/www.facebook.com\/mineteksolutions\/","https:\/\/www.linkedin.com\/company\/minetek\/"]}]}},"_links":{"self":[{"href":"https:\/\/minetek.com\/es-es\/wp-json\/wp\/v2\/pages\/3395","targetHints":{"allow":["GET"]}}],"collection":[{"href":"https:\/\/minetek.com\/es-es\/wp-json\/wp\/v2\/pages"}],"about":[{"href":"https:\/\/minetek.com\/es-es\/wp-json\/wp\/v2\/types\/page"}],"author":[{"embeddable":true,"href":"https:\/\/minetek.com\/es-es\/wp-json\/wp\/v2\/users\/1"}],"replies":[{"embeddable":true,"href":"https:\/\/minetek.com\/es-es\/wp-json\/wp\/v2\/comments?post=3395"}],"version-history":[{"count":0,"href":"https:\/\/minetek.com\/es-es\/wp-json\/wp\/v2\/pages\/3395\/revisions"}],"up":[{"embeddable":true,"href":"https:\/\/minetek.com\/es-es\/wp-json\/wp\/v2\/pages\/1474"}],"wp:featuredmedia":[{"embeddable":true,"href":"https:\/\/minetek.com\/es-es\/wp-json\/wp\/v2\/media\/2970"}],"wp:attachment":[{"href":"https:\/\/minetek.com\/es-es\/wp-json\/wp\/v2\/media?parent=3395"}],"curies":[{"name":"wp","href":"https:\/\/api.w.org\/{rel}","templated":true}]}}