{"id":2765,"date":"2024-05-30T21:36:53","date_gmt":"2024-05-30T11:36:53","guid":{"rendered":"https:\/\/minetek.com\/?page_id=2765"},"modified":"2025-11-11T12:24:46","modified_gmt":"2025-11-11T01:24:46","slug":"crusher-fans","status":"publish","type":"page","link":"https:\/\/minetek.com\/es-es\/solutions\/air\/crusher-fans\/","title":{"rendered":"Ventiladores trituradores"},"content":{"rendered":"","protected":false},"excerpt":{"rendered":"","protected":false},"author":1,"featured_media":1082,"parent":1472,"menu_order":0,"comment_status":"closed","ping_status":"closed","template":"","meta":{"_acf_changed":false,"footnotes":""},"class_list":["post-2765","page","type-page","status-publish","has-post-thumbnail","hentry"],"acf":[],"yoast_head":"<!-- This site is optimized with the Yoast SEO plugin v27.3 - https:\/\/yoast.com\/product\/yoast-seo-wordpress\/ -->\n<title>Fan Mining - Crusher Fans | Minetek<\/title>\n<meta name=\"description\" content=\"Minetek&#039;s Crusher Series Fans efficiently and cost-effectively extract dust from underground dumping and crushing processes.\" \/>\n<meta name=\"robots\" content=\"index, follow, max-snippet:-1, max-image-preview:large, max-video-preview:-1\" \/>\n<link rel=\"canonical\" href=\"https:\/\/minetek.com\/es-es\/soluciones\/air\/crusher-fans\/\" \/>\n<meta property=\"og:locale\" content=\"es_ES\" \/>\n<meta property=\"og:type\" content=\"article\" \/>\n<meta property=\"og:title\" content=\"Fan Mining - Crusher Fans | Minetek\" \/>\n<meta property=\"og:description\" content=\"Minetek&#039;s Crusher Series Fans efficiently and cost-effectively extract dust from underground dumping and crushing processes.\" \/>\n<meta property=\"og:url\" content=\"https:\/\/minetek.com\/es-es\/soluciones\/air\/crusher-fans\/\" \/>\n<meta property=\"og:site_name\" content=\"Minetek\" \/>\n<meta property=\"article:publisher\" content=\"https:\/\/www.facebook.com\/mineteksolutions\/\" \/>\n<meta property=\"article:modified_time\" content=\"2025-11-11T01:24:46+00:00\" \/>\n<meta property=\"og:image\" content=\"https:\/\/minetek.com\/wp-content\/uploads\/2024\/05\/Crusher-Series-Fan-45-Front-Right.webp\" \/>\n\t<meta property=\"og:image:width\" content=\"2000\" \/>\n\t<meta property=\"og:image:height\" content=\"2000\" \/>\n\t<meta property=\"og:image:type\" content=\"image\/webp\" \/>\n<meta name=\"twitter:card\" content=\"summary_large_image\" \/>\n<meta name=\"twitter:label1\" content=\"Tiempo de lectura\" \/>\n\t<meta name=\"twitter:data1\" content=\"1 minuto\" \/>\n<script type=\"application\/ld+json\" class=\"yoast-schema-graph\">{\"@context\":\"https:\\\/\\\/schema.org\",\"@graph\":[{\"@type\":\"WebPage\",\"@id\":\"https:\\\/\\\/minetek.com\\\/solutions\\\/air\\\/crusher-fans\\\/\",\"url\":\"https:\\\/\\\/minetek.com\\\/solutions\\\/air\\\/crusher-fans\\\/\",\"name\":\"Fan Mining - Crusher Fans | Minetek\",\"isPartOf\":{\"@id\":\"https:\\\/\\\/minetek.com\\\/#website\"},\"primaryImageOfPage\":{\"@id\":\"https:\\\/\\\/minetek.com\\\/solutions\\\/air\\\/crusher-fans\\\/#primaryimage\"},\"image\":{\"@id\":\"https:\\\/\\\/minetek.com\\\/solutions\\\/air\\\/crusher-fans\\\/#primaryimage\"},\"thumbnailUrl\":\"https:\\\/\\\/minetek.com\\\/wp-content\\\/uploads\\\/2024\\\/05\\\/Crusher-Series-Fan-45-Front-Right.webp\",\"datePublished\":\"2024-05-30T11:36:53+00:00\",\"dateModified\":\"2025-11-11T01:24:46+00:00\",\"description\":\"Minetek's Crusher Series Fans efficiently and cost-effectively extract dust from underground dumping and crushing processes.\",\"breadcrumb\":{\"@id\":\"https:\\\/\\\/minetek.com\\\/solutions\\\/air\\\/crusher-fans\\\/#breadcrumb\"},\"inLanguage\":\"es\",\"potentialAction\":[{\"@type\":\"ReadAction\",\"target\":[\"https:\\\/\\\/minetek.com\\\/solutions\\\/air\\\/crusher-fans\\\/\"]}]},{\"@type\":\"ImageObject\",\"inLanguage\":\"es\",\"@id\":\"https:\\\/\\\/minetek.com\\\/solutions\\\/air\\\/crusher-fans\\\/#primaryimage\",\"url\":\"https:\\\/\\\/minetek.com\\\/wp-content\\\/uploads\\\/2024\\\/05\\\/Crusher-Series-Fan-45-Front-Right.webp\",\"contentUrl\":\"https:\\\/\\\/minetek.com\\\/wp-content\\\/uploads\\\/2024\\\/05\\\/Crusher-Series-Fan-45-Front-Right.webp\",\"width\":2000,\"height\":2000},{\"@type\":\"BreadcrumbList\",\"@id\":\"https:\\\/\\\/minetek.com\\\/solutions\\\/air\\\/crusher-fans\\\/#breadcrumb\",\"itemListElement\":[{\"@type\":\"ListItem\",\"position\":1,\"name\":\"Home\",\"item\":\"https:\\\/\\\/minetek.com\\\/\"},{\"@type\":\"ListItem\",\"position\":2,\"name\":\"Solutions\",\"item\":\"https:\\\/\\\/minetek.com\\\/solutions\\\/\"},{\"@type\":\"ListItem\",\"position\":3,\"name\":\"Air\",\"item\":\"https:\\\/\\\/minetek.com\\\/solutions\\\/air\\\/\"},{\"@type\":\"ListItem\",\"position\":4,\"name\":\"Crusher Fans\"}]},{\"@type\":\"WebSite\",\"@id\":\"https:\\\/\\\/minetek.com\\\/#website\",\"url\":\"https:\\\/\\\/minetek.com\\\/\",\"name\":\"Minetek\",\"description\":\"World-class water evaporation, underground ventilation, sound reduction solutions for mining and industry.\",\"publisher\":{\"@id\":\"https:\\\/\\\/minetek.com\\\/#organization\"},\"potentialAction\":[{\"@type\":\"SearchAction\",\"target\":{\"@type\":\"EntryPoint\",\"urlTemplate\":\"https:\\\/\\\/minetek.com\\\/?s={search_term_string}\"},\"query-input\":{\"@type\":\"PropertyValueSpecification\",\"valueRequired\":true,\"valueName\":\"search_term_string\"}}],\"inLanguage\":\"es\"},{\"@type\":\"Organization\",\"@id\":\"https:\\\/\\\/minetek.com\\\/#organization\",\"name\":\"Minetek\",\"url\":\"https:\\\/\\\/minetek.com\\\/\",\"logo\":{\"@type\":\"ImageObject\",\"inLanguage\":\"es\",\"@id\":\"https:\\\/\\\/minetek.com\\\/#\\\/schema\\\/logo\\\/image\\\/\",\"url\":\"https:\\\/\\\/minetek.com\\\/wp-content\\\/uploads\\\/2025\\\/02\\\/13.png\",\"contentUrl\":\"https:\\\/\\\/minetek.com\\\/wp-content\\\/uploads\\\/2025\\\/02\\\/13.png\",\"width\":600,\"height\":600,\"caption\":\"Minetek\"},\"image\":{\"@id\":\"https:\\\/\\\/minetek.com\\\/#\\\/schema\\\/logo\\\/image\\\/\"},\"sameAs\":[\"https:\\\/\\\/www.facebook.com\\\/mineteksolutions\\\/\",\"https:\\\/\\\/www.linkedin.com\\\/company\\\/minetek\\\/\"]}]}<\/script>\n<!-- \/ Yoast SEO plugin. -->","yoast_head_json":{"title":"Fan Mining - Crusher Fans | Minetek","description":"Los ventiladores de la serie Crusher de Mintek extraen de forma eficaz y rentable el polvo de los procesos de trituraci\u00f3n y vertido subterr\u00e1neos.","robots":{"index":"index","follow":"follow","max-snippet":"max-snippet:-1","max-image-preview":"max-image-preview:large","max-video-preview":"max-video-preview:-1"},"canonical":"https:\/\/minetek.com\/es-es\/soluciones\/air\/crusher-fans\/","og_locale":"es_ES","og_type":"article","og_title":"Fan Mining - Crusher Fans | Minetek","og_description":"Minetek's Crusher Series Fans efficiently and cost-effectively extract dust from underground dumping and crushing processes.","og_url":"https:\/\/minetek.com\/es-es\/soluciones\/air\/crusher-fans\/","og_site_name":"Minetek","article_publisher":"https:\/\/www.facebook.com\/mineteksolutions\/","article_modified_time":"2025-11-11T01:24:46+00:00","og_image":[{"width":2000,"height":2000,"url":"https:\/\/minetek.com\/wp-content\/uploads\/2024\/05\/Crusher-Series-Fan-45-Front-Right.webp","type":"image\/webp"}],"twitter_card":"summary_large_image","twitter_misc":{"Tiempo de lectura":"1 minuto"},"schema":{"@context":"https:\/\/schema.org","@graph":[{"@type":"WebPage","@id":"https:\/\/minetek.com\/solutions\/air\/crusher-fans\/","url":"https:\/\/minetek.com\/solutions\/air\/crusher-fans\/","name":"Fan Mining - Crusher Fans | Minetek","isPartOf":{"@id":"https:\/\/minetek.com\/#website"},"primaryImageOfPage":{"@id":"https:\/\/minetek.com\/solutions\/air\/crusher-fans\/#primaryimage"},"image":{"@id":"https:\/\/minetek.com\/solutions\/air\/crusher-fans\/#primaryimage"},"thumbnailUrl":"https:\/\/minetek.com\/wp-content\/uploads\/2024\/05\/Crusher-Series-Fan-45-Front-Right.webp","datePublished":"2024-05-30T11:36:53+00:00","dateModified":"2025-11-11T01:24:46+00:00","description":"Los ventiladores de la serie Crusher de Mintek extraen de forma eficaz y rentable el polvo de los procesos de trituraci\u00f3n y vertido subterr\u00e1neos.","breadcrumb":{"@id":"https:\/\/minetek.com\/solutions\/air\/crusher-fans\/#breadcrumb"},"inLanguage":"es","potentialAction":[{"@type":"ReadAction","target":["https:\/\/minetek.com\/solutions\/air\/crusher-fans\/"]}]},{"@type":"ImageObject","inLanguage":"es","@id":"https:\/\/minetek.com\/solutions\/air\/crusher-fans\/#primaryimage","url":"https:\/\/minetek.com\/wp-content\/uploads\/2024\/05\/Crusher-Series-Fan-45-Front-Right.webp","contentUrl":"https:\/\/minetek.com\/wp-content\/uploads\/2024\/05\/Crusher-Series-Fan-45-Front-Right.webp","width":2000,"height":2000},{"@type":"BreadcrumbList","@id":"https:\/\/minetek.com\/solutions\/air\/crusher-fans\/#breadcrumb","itemListElement":[{"@type":"ListItem","position":1,"name":"Home","item":"https:\/\/minetek.com\/"},{"@type":"ListItem","position":2,"name":"Solutions","item":"https:\/\/minetek.com\/solutions\/"},{"@type":"ListItem","position":3,"name":"Air","item":"https:\/\/minetek.com\/solutions\/air\/"},{"@type":"ListItem","position":4,"name":"Crusher Fans"}]},{"@type":"WebSite","@id":"https:\/\/minetek.com\/#website","url":"https:\/\/minetek.com\/","name":"Minetek","description":"Soluciones de primera clase para evaporaci\u00f3n de agua, ventilaci\u00f3n subterr\u00e1nea y reducci\u00f3n del ruido en la miner\u00eda y la industria.","publisher":{"@id":"https:\/\/minetek.com\/#organization"},"potentialAction":[{"@type":"SearchAction","target":{"@type":"EntryPoint","urlTemplate":"https:\/\/minetek.com\/?s={search_term_string}"},"query-input":{"@type":"PropertyValueSpecification","valueRequired":true,"valueName":"search_term_string"}}],"inLanguage":"es"},{"@type":"Organization","@id":"https:\/\/minetek.com\/#organization","name":"Minetek","url":"https:\/\/minetek.com\/","logo":{"@type":"ImageObject","inLanguage":"es","@id":"https:\/\/minetek.com\/#\/schema\/logo\/image\/","url":"https:\/\/minetek.com\/wp-content\/uploads\/2025\/02\/13.png","contentUrl":"https:\/\/minetek.com\/wp-content\/uploads\/2025\/02\/13.png","width":600,"height":600,"caption":"Minetek"},"image":{"@id":"https:\/\/minetek.com\/#\/schema\/logo\/image\/"},"sameAs":["https:\/\/www.facebook.com\/mineteksolutions\/","https:\/\/www.linkedin.com\/company\/minetek\/"]}]}},"_links":{"self":[{"href":"https:\/\/minetek.com\/es-es\/wp-json\/wp\/v2\/pages\/2765","targetHints":{"allow":["GET"]}}],"collection":[{"href":"https:\/\/minetek.com\/es-es\/wp-json\/wp\/v2\/pages"}],"about":[{"href":"https:\/\/minetek.com\/es-es\/wp-json\/wp\/v2\/types\/page"}],"author":[{"embeddable":true,"href":"https:\/\/minetek.com\/es-es\/wp-json\/wp\/v2\/users\/1"}],"replies":[{"embeddable":true,"href":"https:\/\/minetek.com\/es-es\/wp-json\/wp\/v2\/comments?post=2765"}],"version-history":[{"count":0,"href":"https:\/\/minetek.com\/es-es\/wp-json\/wp\/v2\/pages\/2765\/revisions"}],"up":[{"embeddable":true,"href":"https:\/\/minetek.com\/es-es\/wp-json\/wp\/v2\/pages\/1472"}],"wp:featuredmedia":[{"embeddable":true,"href":"https:\/\/minetek.com\/es-es\/wp-json\/wp\/v2\/media\/1082"}],"wp:attachment":[{"href":"https:\/\/minetek.com\/es-es\/wp-json\/wp\/v2\/media?parent=2765"}],"curies":[{"name":"wp","href":"https:\/\/api.w.org\/{rel}","templated":true}]}}