{"id":3,"date":"2024-04-08T00:32:40","date_gmt":"2024-04-08T00:32:40","guid":{"rendered":"http:\/\/minetek.test\/?page_id=3"},"modified":"2025-06-03T15:41:33","modified_gmt":"2025-06-03T05:41:33","slug":"privacy-policy","status":"publish","type":"page","link":"http:\/\/minetek.com\/es-es\/privacy-policy\/","title":{"rendered":"Pol\u00edtica de privacidad"},"content":{"rendered":"<div class=\"c-cms-content\"><p>En Minetek, accesible desde\u00a0<strong>https:\/\/minetek.com\/<\/strong>Una de nuestras principales prioridades es la privacidad de nuestros visitantes. Este documento de Pol\u00edtica de Privacidad contiene los tipos de informaci\u00f3n que son recogidos y registrados por Minetek y c\u00f3mo la utilizamos.<\/p>\n<p>Si tiene m\u00e1s preguntas o necesita m\u00e1s informaci\u00f3n sobre nuestra Pol\u00edtica de Privacidad, no dude en ponerse en contacto con nosotros.<\/p>\n<p>Esta pol\u00edtica de privacidad se aplica \u00fanicamente a nuestras actividades en l\u00ednea y es v\u00e1lida para los visitantes de nuestro sitio web con respecto a la informaci\u00f3n que compartieron y\/o recopilaron en Minetek. Esta pol\u00edtica no es aplicable a ninguna informaci\u00f3n recopilada fuera de l\u00ednea o a trav\u00e9s de canales distintos de este sitio web.<\/p>\n<h6 id=\"h-consent\" class=\"wp-block-heading\">CONSENTIMIENTO<\/h6>\n<p>Al utilizar nuestro sitio web, usted acepta nuestra Pol\u00edtica de privacidad y est\u00e1 de acuerdo con sus t\u00e9rminos. Para consultar nuestras Condiciones Generales, visite la p\u00e1gina\u00a0<a contenteditable=\"false\" href=\"https:\/\/minetek.com\/es-es\/terms-and-conditions\/\">T\u00e9rminos y condiciones<\/a>.<\/p>\n<h6 id=\"h-information-we-collect\" class=\"wp-block-heading\">INFORMACI\u00d3N QUE RECOPILAMOS<\/h6>\n<p>La informaci\u00f3n personal que se le pide y las razones por las que se le pide se le explicar\u00e1n claramente en el momento en que le pidamos que proporcione su informaci\u00f3n personal.<\/p>\n<p>Si se pone en contacto con nosotros directamente, podemos recibir informaci\u00f3n adicional sobre usted, como su nombre, direcci\u00f3n de correo electr\u00f3nico, n\u00famero de tel\u00e9fono, el contenido del mensaje y\/o los archivos adjuntos que nos env\u00ede y cualquier otra informaci\u00f3n que decida facilitarnos.<\/p>\n<p>Cuando se registra para obtener una Cuenta, podemos pedirle su informaci\u00f3n de contacto, incluidos datos como el nombre, el nombre de la empresa, la direcci\u00f3n, la direcci\u00f3n de correo electr\u00f3nico y el n\u00famero de tel\u00e9fono.<\/p>\n<h6 id=\"h-how-we-use-your-information\" class=\"wp-block-heading\">C\u00d3MO UTILIZAMOS SU INFORMACI\u00d3N<\/h6>\n<p>Utilizamos la informaci\u00f3n que recopilamos de varias formas, entre ellas:<\/p>\n<ul>\n<li>Proporcionar, operar y mantener nuestro sitio web,<\/li>\n<li>Mejorar, personalizar y ampliar nuestro sitio web,<\/li>\n<li>Comprender y analizar c\u00f3mo utiliza nuestro sitio web,<\/li>\n<li>Desarrollar nuevos productos, servicios, caracter\u00edsticas y funcionalidades,<\/li>\n<li>Comunicarnos con usted, ya sea directamente o a trav\u00e9s de uno de nuestros socios, por ejemplo para el servicio de atenci\u00f3n al cliente, para proporcionarle actualizaciones y otra informaci\u00f3n relacionada con el sitio web, y con fines promocionales y de marketing,<\/li>\n<li>Enviarle correos electr\u00f3nicos, y<\/li>\n<li>Detectar y prevenir el fraude.<\/li>\n<\/ul>\n<h6 id=\"h-log-files\" class=\"wp-block-heading\">ARCHIVOS DE REGISTRO<\/h6>\n<p>Mintek sigue un procedimiento est\u00e1ndar de utilizaci\u00f3n de archivos de registro. Estos archivos registran a los visitantes cuando visitan los sitios web. Todas las empresas de alojamiento lo hacen y forman parte de los an\u00e1lisis de los servicios de alojamiento. La informaci\u00f3n recogida por los archivos de registro incluye direcciones de protocolo de Internet (IP), tipo de navegador, proveedor de servicios de Internet (ISP), fecha y hora, p\u00e1ginas de referencia\/salida y, posiblemente, el n\u00famero de clics. Estos datos no est\u00e1n vinculados a ninguna informaci\u00f3n que permita la identificaci\u00f3n personal. El prop\u00f3sito de la informaci\u00f3n es analizar tendencias, administrar el sitio, rastrear los movimientos de los usuarios en el sitio web y recopilar informaci\u00f3n demogr\u00e1fica.<\/p>\n<h6 id=\"h-cookies-and-web-beacons\" class=\"wp-block-heading\">COOKIES Y BALIZAS WEB<\/h6>\n<p>Como cualquier otro sitio web, Minetek utiliza \"cookies\". Estas cookies se utilizan para almacenar informaci\u00f3n, incluidas las preferencias de los visitantes y las p\u00e1ginas del sitio web a las que el visitante accedi\u00f3 o visit\u00f3. La informaci\u00f3n se utiliza para optimizar la experiencia de los usuarios personalizando el contenido de nuestra p\u00e1gina web en funci\u00f3n del tipo de navegador de los visitantes y\/u otra informaci\u00f3n.<\/p>\n<p>Para m\u00e1s informaci\u00f3n general sobre las cookies, lea\u00a0<a contenteditable=\"false\" href=\"https:\/\/www.cookieconsent.com\/what-are-cookies\/\" target=\"_blank\" rel=\"noreferrer noopener\">\"Qu\u00e9 son las cookies\" de Cookie Consent<\/a>.<\/p>\n<h6 id=\"h-advertising-partners-privacy-policies\" class=\"wp-block-heading\">SOCIOS PUBLICITARIOS POL\u00cdTICAS DE PRIVACIDAD<\/h6>\n<p>Puede consultar esta lista para encontrar la Pol\u00edtica de Privacidad de cada uno de los socios publicitarios de Minetek.<\/p>\n<p>Los servidores o redes publicitarias de terceros utilizan tecnolog\u00edas como cookies, JavaScript o Web Beacons que se emplean en sus respectivos anuncios y enlaces que aparecen en Minetek y que se env\u00edan directamente al navegador de los usuarios. Cuando esto ocurre, reciben autom\u00e1ticamente su direcci\u00f3n IP. Estas tecnolog\u00edas se utilizan para medir la eficacia de sus campa\u00f1as publicitarias y\/o para personalizar el contenido publicitario que usted ve en los sitios web que visita.<\/p>\n<p>Tenga en cuenta que Minetek no tiene acceso ni control sobre estas cookies que son utilizadas por los anunciantes de terceros.<\/p>\n<h6 id=\"h-third-party-privacy-policies\" class=\"wp-block-heading\">POL\u00cdTICAS DE PRIVACIDAD DE TERCEROS<\/h6>\n<p>La Pol\u00edtica de Privacidad de Mintek no se aplica a otros anunciantes o sitios web. Por lo tanto, le aconsejamos que consulte las respectivas Pol\u00edticas de Privacidad de estos servidores de anuncios de terceros para obtener informaci\u00f3n m\u00e1s detallada. Puede incluir sus pr\u00e1cticas e instrucciones sobre c\u00f3mo optar por no participar en ciertas opciones.<\/p>\n<p>Puede optar por desactivar las cookies a trav\u00e9s de las opciones individuales de su navegador. Para conocer informaci\u00f3n m\u00e1s detallada sobre la gesti\u00f3n de cookies con navegadores web espec\u00edficos, puede encontrarse en los sitios web respectivos de los navegadores.<\/p>\n<h6 id=\"h-ccpa-privacy-rights-do-not-sell-my-personal-information\" class=\"wp-block-heading\">DERECHOS DE PRIVACIDAD DE CCPA (NO VENDAN MIS DATOS PERSONALES)<\/h6>\n<p>En virtud de la CCPA, entre otros derechos, los consumidores de California tienen derecho a:<\/p>\n<ul>\n<li>Solicitar que una empresa que recopila datos personales de un consumidor revele las categor\u00edas y los datos personales espec\u00edficos que ha recopilado sobre los consumidores.<\/li>\n<li>Solicitar que una empresa elimine los datos personales del consumidor que haya recopilado.<\/li>\n<li>Solicitar que una empresa que vende datos personales de un consumidor, no venda los datos personales del consumidor.<\/li>\n<\/ul>\n<p>Si presenta una solicitud, le responderemos en el plazo de un mes salvo \"fuerza mayor\".<\/p>\n<h6 id=\"h-gdpr-data-protection-rights\" class=\"wp-block-heading\">DERECHOS DE PROTECCI\u00d3N DE DATOS GDPR<\/h6>\n<p>Queremos asegurarnos de que conoce todos sus derechos en materia de protecci\u00f3n de datos. Todo usuario tiene derecho a lo siguiente:<\/p>\n<ul>\n<li>Derecho de acceso - Tiene derecho a solicitar copias de sus datos personales. Es posible que le cobremos una peque\u00f1a cantidad por este servicio.<\/li>\n<li>Derecho de rectificaci\u00f3n - Tiene derecho a solicitar que corrijamos cualquier informaci\u00f3n que considere inexacta. Tambi\u00e9n tiene derecho a solicitar que completemos la informaci\u00f3n que considere incompleta.<\/li>\n<li>Derecho de supresi\u00f3n - Tiene derecho a solicitar que borremos sus datos personales, en determinadas condiciones.<\/li>\n<li>Derecho a restringir el tratamiento - Tiene derecho a solicitar que restrinjamos el tratamiento de sus datos personales, en determinadas condiciones.<\/li>\n<li>Derecho a oponerse al tratamiento - Usted tiene derecho a oponerse al tratamiento de sus datos personales por nuestra parte, en determinadas condiciones.<\/li>\n<li>Derecho a la portabilidad de los datos - Tiene derecho a solicitar que transfiramos los datos que hemos recopilado a otra organizaci\u00f3n, o directamente a usted, en determinadas condiciones.<\/li>\n<\/ul>\n<p>Si presenta una solicitud, le responderemos en el plazo de un mes salvo \"fuerza mayor\". Si desea ejercer alguno de estos derechos, p\u00f3ngase en contacto con nosotros.<\/p>\n<h6 id=\"h-children-s-information\" class=\"wp-block-heading\">INFORMACI\u00d3N INFANTIL<\/h6>\n<p>Otra parte de nuestra prioridad es a\u00f1adir protecci\u00f3n para los ni\u00f1os mientras usan internet. Animamos a padres y tutores a que observen, participen y\/o supervisen y gu\u00eden su actividad en l\u00ednea.<\/p>\n<p>Minetek no recopila a sabiendas ninguna Informaci\u00f3n de Identificaci\u00f3n Personal de ni\u00f1os menores de 13 a\u00f1os. Si cree que su hijo proporcion\u00f3 este tipo de informaci\u00f3n en nuestro sitio web, le recomendamos encarecidamente que se ponga en contacto con nosotros inmediatamente y haremos todo lo posible para eliminar r\u00e1pidamente dicha informaci\u00f3n de nuestros registros.<\/p>\n<\/div>","protected":false},"excerpt":{"rendered":"<p>At Minetek, accessible from\u00a0https:\/\/minetek.com\/, one of our main priorities is the privacy of our visitors. This Privacy Policy document contains types of information that are collected and recorded by Minetek and how we use it. If you have additional questions or require more information about our Privacy Policy, do not hesitate to contact us. This Privacy Policy applies only to our online activities and is valid for visitors to our website with regards to the information that they shared and\/or collected in Minetek. This policy is not applicable to any information collected offline or via channels other than this website. [&hellip;]<\/p>\n","protected":false},"author":1,"featured_media":0,"parent":0,"menu_order":0,"comment_status":"closed","ping_status":"open","template":"","meta":{"_acf_changed":false,"footnotes":""},"class_list":["post-3","page","type-page","status-publish","hentry"],"acf":[],"yoast_head":"<!-- This site is optimized with the Yoast SEO plugin v27.4 - https:\/\/yoast.com\/product\/yoast-seo-wordpress\/ -->\n<title>Minetek Privacy Policy: Safeguarding Your Data<\/title>\n<meta name=\"description\" content=\"Explore Minetek&#039;s Privacy Policy. Learn how we safeguard your data while providing innovative mining solutions globally.\" \/>\n<meta name=\"robots\" content=\"index, follow, max-snippet:-1, max-image-preview:large, max-video-preview:-1\" \/>\n<link rel=\"canonical\" href=\"https:\/\/minetek.com\/es-es\/privacy-policy\/\" \/>\n<meta property=\"og:locale\" content=\"es_ES\" \/>\n<meta property=\"og:type\" content=\"article\" \/>\n<meta property=\"og:title\" content=\"Minetek Privacy Policy: Safeguarding Your Data\" \/>\n<meta property=\"og:description\" content=\"Explore Minetek&#039;s Privacy Policy. Learn how we safeguard your data while providing innovative mining solutions globally.\" \/>\n<meta property=\"og:url\" content=\"https:\/\/minetek.com\/es-es\/privacy-policy\/\" \/>\n<meta property=\"og:site_name\" content=\"Minetek\" \/>\n<meta property=\"article:publisher\" content=\"https:\/\/www.facebook.com\/mineteksolutions\/\" \/>\n<meta property=\"article:modified_time\" content=\"2025-06-03T05:41:33+00:00\" \/>\n<meta name=\"twitter:card\" content=\"summary_large_image\" \/>\n<meta name=\"twitter:label1\" content=\"Tiempo de lectura\" \/>\n\t<meta name=\"twitter:data1\" content=\"5 minutos\" \/>\n<script type=\"application\/ld+json\" class=\"yoast-schema-graph\">{\"@context\":\"https:\\\/\\\/schema.org\",\"@graph\":[{\"@type\":\"WebPage\",\"@id\":\"https:\\\/\\\/minetek.com\\\/privacy-policy\\\/\",\"url\":\"https:\\\/\\\/minetek.com\\\/privacy-policy\\\/\",\"name\":\"Minetek Privacy Policy: Safeguarding Your Data\",\"isPartOf\":{\"@id\":\"https:\\\/\\\/minetek.com\\\/#website\"},\"datePublished\":\"2024-04-08T00:32:40+00:00\",\"dateModified\":\"2025-06-03T05:41:33+00:00\",\"description\":\"Explore Minetek's Privacy Policy. Learn how we safeguard your data while providing innovative mining solutions globally.\",\"breadcrumb\":{\"@id\":\"https:\\\/\\\/minetek.com\\\/privacy-policy\\\/#breadcrumb\"},\"inLanguage\":\"es\",\"potentialAction\":[{\"@type\":\"ReadAction\",\"target\":[\"https:\\\/\\\/minetek.com\\\/privacy-policy\\\/\"]}]},{\"@type\":\"BreadcrumbList\",\"@id\":\"https:\\\/\\\/minetek.com\\\/privacy-policy\\\/#breadcrumb\",\"itemListElement\":[{\"@type\":\"ListItem\",\"position\":1,\"name\":\"Home\",\"item\":\"https:\\\/\\\/minetek.com\\\/\"},{\"@type\":\"ListItem\",\"position\":2,\"name\":\"Privacy Policy\"}]},{\"@type\":\"WebSite\",\"@id\":\"https:\\\/\\\/minetek.com\\\/#website\",\"url\":\"https:\\\/\\\/minetek.com\\\/\",\"name\":\"Minetek\",\"description\":\"World-class water evaporation, underground ventilation, sound reduction solutions for mining and industry.\",\"publisher\":{\"@id\":\"https:\\\/\\\/minetek.com\\\/#organization\"},\"potentialAction\":[{\"@type\":\"SearchAction\",\"target\":{\"@type\":\"EntryPoint\",\"urlTemplate\":\"https:\\\/\\\/minetek.com\\\/?s={search_term_string}\"},\"query-input\":{\"@type\":\"PropertyValueSpecification\",\"valueRequired\":true,\"valueName\":\"search_term_string\"}}],\"inLanguage\":\"es\"},{\"@type\":\"Organization\",\"@id\":\"https:\\\/\\\/minetek.com\\\/#organization\",\"name\":\"Minetek\",\"url\":\"https:\\\/\\\/minetek.com\\\/\",\"logo\":{\"@type\":\"ImageObject\",\"inLanguage\":\"es\",\"@id\":\"https:\\\/\\\/minetek.com\\\/#\\\/schema\\\/logo\\\/image\\\/\",\"url\":\"https:\\\/\\\/minetek.com\\\/wp-content\\\/uploads\\\/2025\\\/02\\\/13.png\",\"contentUrl\":\"https:\\\/\\\/minetek.com\\\/wp-content\\\/uploads\\\/2025\\\/02\\\/13.png\",\"width\":600,\"height\":600,\"caption\":\"Minetek\"},\"image\":{\"@id\":\"https:\\\/\\\/minetek.com\\\/#\\\/schema\\\/logo\\\/image\\\/\"},\"sameAs\":[\"https:\\\/\\\/www.facebook.com\\\/mineteksolutions\\\/\",\"https:\\\/\\\/www.linkedin.com\\\/company\\\/minetek\\\/\"]}]}<\/script>\n<!-- \/ Yoast SEO plugin. -->","yoast_head_json":{"title":"Pol\u00edtica de privacidad de Minetek: Protecci\u00f3n de datos","description":"Explore la Pol\u00edtica de privacidad de Mintek. Descubra c\u00f3mo protegemos sus datos a la vez que ofrecemos soluciones mineras innovadoras en todo el mundo.","robots":{"index":"index","follow":"follow","max-snippet":"max-snippet:-1","max-image-preview":"max-image-preview:large","max-video-preview":"max-video-preview:-1"},"canonical":"https:\/\/minetek.com\/es-es\/privacy-policy\/","og_locale":"es_ES","og_type":"article","og_title":"Minetek Privacy Policy: Safeguarding Your Data","og_description":"Explore Minetek's Privacy Policy. Learn how we safeguard your data while providing innovative mining solutions globally.","og_url":"https:\/\/minetek.com\/es-es\/privacy-policy\/","og_site_name":"Minetek","article_publisher":"https:\/\/www.facebook.com\/mineteksolutions\/","article_modified_time":"2025-06-03T05:41:33+00:00","twitter_card":"summary_large_image","twitter_misc":{"Tiempo de lectura":"5 minutos"},"schema":{"@context":"https:\/\/schema.org","@graph":[{"@type":"WebPage","@id":"https:\/\/minetek.com\/privacy-policy\/","url":"https:\/\/minetek.com\/privacy-policy\/","name":"Pol\u00edtica de privacidad de Minetek: Protecci\u00f3n de datos","isPartOf":{"@id":"https:\/\/minetek.com\/#website"},"datePublished":"2024-04-08T00:32:40+00:00","dateModified":"2025-06-03T05:41:33+00:00","description":"Explore la Pol\u00edtica de privacidad de Mintek. Descubra c\u00f3mo protegemos sus datos a la vez que ofrecemos soluciones mineras innovadoras en todo el mundo.","breadcrumb":{"@id":"https:\/\/minetek.com\/privacy-policy\/#breadcrumb"},"inLanguage":"es","potentialAction":[{"@type":"ReadAction","target":["https:\/\/minetek.com\/privacy-policy\/"]}]},{"@type":"BreadcrumbList","@id":"https:\/\/minetek.com\/privacy-policy\/#breadcrumb","itemListElement":[{"@type":"ListItem","position":1,"name":"Home","item":"https:\/\/minetek.com\/"},{"@type":"ListItem","position":2,"name":"Privacy Policy"}]},{"@type":"WebSite","@id":"https:\/\/minetek.com\/#website","url":"https:\/\/minetek.com\/","name":"Minetek","description":"Soluciones de primera clase para evaporaci\u00f3n de agua, ventilaci\u00f3n subterr\u00e1nea y reducci\u00f3n del ruido en la miner\u00eda y la industria.","publisher":{"@id":"https:\/\/minetek.com\/#organization"},"potentialAction":[{"@type":"SearchAction","target":{"@type":"EntryPoint","urlTemplate":"https:\/\/minetek.com\/?s={search_term_string}"},"query-input":{"@type":"PropertyValueSpecification","valueRequired":true,"valueName":"search_term_string"}}],"inLanguage":"es"},{"@type":"Organization","@id":"https:\/\/minetek.com\/#organization","name":"Minetek","url":"https:\/\/minetek.com\/","logo":{"@type":"ImageObject","inLanguage":"es","@id":"https:\/\/minetek.com\/#\/schema\/logo\/image\/","url":"https:\/\/minetek.com\/wp-content\/uploads\/2025\/02\/13.png","contentUrl":"https:\/\/minetek.com\/wp-content\/uploads\/2025\/02\/13.png","width":600,"height":600,"caption":"Minetek"},"image":{"@id":"https:\/\/minetek.com\/#\/schema\/logo\/image\/"},"sameAs":["https:\/\/www.facebook.com\/mineteksolutions\/","https:\/\/www.linkedin.com\/company\/minetek\/"]}]}},"_links":{"self":[{"href":"http:\/\/minetek.com\/es-es\/wp-json\/wp\/v2\/pages\/3","targetHints":{"allow":["GET"]}}],"collection":[{"href":"http:\/\/minetek.com\/es-es\/wp-json\/wp\/v2\/pages"}],"about":[{"href":"http:\/\/minetek.com\/es-es\/wp-json\/wp\/v2\/types\/page"}],"author":[{"embeddable":true,"href":"http:\/\/minetek.com\/es-es\/wp-json\/wp\/v2\/users\/1"}],"replies":[{"embeddable":true,"href":"http:\/\/minetek.com\/es-es\/wp-json\/wp\/v2\/comments?post=3"}],"version-history":[{"count":0,"href":"http:\/\/minetek.com\/es-es\/wp-json\/wp\/v2\/pages\/3\/revisions"}],"wp:attachment":[{"href":"http:\/\/minetek.com\/es-es\/wp-json\/wp\/v2\/media?parent=3"}],"curies":[{"name":"wp","href":"https:\/\/api.w.org\/{rel}","templated":true}]}}